{"id":10237,"date":"2025-12-29T14:16:27","date_gmt":"2025-12-29T11:16:27","guid":{"rendered":"https:\/\/pokerplanets1.com\/promociones\/santa-bank\/"},"modified":"2025-12-29T14:52:33","modified_gmt":"2025-12-29T11:52:33","slug":"santa-bank","status":"publish","type":"page","link":"https:\/\/pokerplanets1.com\/es\/promociones\/santa-bank\/","title":{"rendered":"Santa bank"},"content":{"rendered":"<p style=\"text-align: center;\"><span style=\"font-size: 14pt;\"><strong>\u00bfPodr\u00e1s llegar al tesoro de Santa?<\/strong><\/span><\/p>\r\n<p><span style=\"font-size: 10pt;\">\u00a1Santa ha escondido algo especial para verdaderos cazadores de tesoros! <strong>Desde el 28 de diciembre<\/strong>: juega torneos <strong>Spin&amp;Win<\/strong>, gana puntos y consigue generosas recompensas de las c\u00e1maras secretas de Santa.<\/span><\/p>\r\n<p><span style=\"font-size: 10pt;\"><strong>Es muy f\u00e1cil:<\/strong><\/span><\/p>\r\n<ol>\r\n\t<li><span style=\"font-size: 10pt;\">Juega Spin&amp;Win con buy-ins de $0.5, $3 y $10.<\/span><\/li>\r\n\t<li><span style=\"font-size: 10pt;\">Gana 1 punto por cada torneo que juegues.<\/span><\/li>\r\n\t<li><span style=\"font-size: 10pt;\">Sube en la clasificaci\u00f3n y recibe regalos de Santa.<\/span><\/li>\r\n<\/ol>\r\n<p><span style=\"font-size: 10pt;\"><strong>\u00a1Cada torneo te acerca al tesoro!<\/strong><\/span><\/p>\r\n<p><span style=\"font-size: 10pt;\">Santa ha ocultado c\u00e1maras de premios en cada nivel. Para abrirlas, se necesita trabajo en equipo: todos los jugadores contribuyen a llenar la barra de progreso. <strong>\u00a1Cuanto m\u00e1s avance, m\u00e1s cerca estar\u00e1 el pago!<\/strong> Cuando la barra se llene al 100%, la caja fuerte se abrir\u00e1. El tesoro se reparte entre los <strong>10 jugadores m\u00e1s activos de ese nivel<\/strong>.<\/span><\/p>\r\n<p><span style=\"font-size: 10pt;\"><strong>Premios por c\u00e1mara:<\/strong><\/span><\/p>\r\n<ul>\r\n\t<li><span style=\"font-size: 10pt;\">Spin&amp;Win $0.5 \u2014 entre $25 y $250;<\/span><\/li>\r\n\t<li><span style=\"font-size: 10pt;\">Spin&amp;Win $3 \u2014 entre $50 y $500;<\/span><\/li>\r\n\t<li><span style=\"font-size: 10pt;\">Spin&amp;Win $10 \u2014 entre $100 y $1 000.<\/span><\/li>\r\n<\/ul>\r\n<p><span style=\"font-size: 10pt;\"><strong>Siga su progreso en la tabla de <\/strong><a href=\"http:\/\/santa-bank.com\"><strong>clasificaci\u00f3n<\/strong><\/a><strong>.<\/strong><\/span><\/p>\r\n<p style=\"text-align: center;\"><span style=\"font-size: 10pt;\"><strong>\u00a1Cuanto m\u00e1s juegas, m\u00e1s ganas!<\/strong> La caza ha comenzado \u2014 \u00a1\u00fanete ya!<\/span><\/p>\r\n<div style=\"margin: 0 auto; text-align: center;\"><div id=\"detectButton5\" style=\"margin: 0 auto; text-align: center;\"><button class=\"button  button--red\" type=\"button\"><svg class=\"svg\">\r\n              <use xlink:href=\"\/wp-content\/uploads\/2024\/12\/sprite.svg#lock\"><\/use>\r\n             <\/svg>  DESCARGAR POKERPLANETS <\/button><\/div><\/div>\r\n<p>&nbsp;<\/p>","protected":false},"excerpt":{"rendered":"<p>\u00bfPodr\u00e1s llegar al tesoro de Santa? \u00a1Santa ha escondido algo especial para verdaderos cazadores de tesoros! Desde el 28 de diciembre: juega torneos Spin&amp;Win, gana puntos y consigue generosas recompensas de las c\u00e1maras secretas de Santa. Es muy f\u00e1cil: Juega Spin&amp;Win con buy-ins de $0.5, $3 y $10. Gana 1 punto por cada torneo que [&hellip;]<\/p>\n","protected":false},"author":1,"featured_media":0,"parent":6515,"menu_order":0,"comment_status":"closed","ping_status":"closed","template":"page-faq-nosidebar-promo.php","meta":{"_acf_changed":false,"inline_featured_image":false,"footnotes":""},"class_list":["post-10237","page","type-page","status-publish","hentry"],"acf":[],"yoast_head":"<!-- This site is optimized with the Yoast SEO plugin v24.4 - https:\/\/yoast.com\/wordpress\/plugins\/seo\/ -->\n<title>Santa bank - PokerPlanets<\/title>\n<meta name=\"robots\" content=\"index, follow, max-snippet:-1, max-image-preview:large, max-video-preview:-1\" \/>\n<meta property=\"og:locale\" content=\"es_ES\" \/>\n<meta property=\"og:type\" content=\"article\" \/>\n<meta property=\"og:title\" content=\"Santa bank - PokerPlanets\" \/>\n<meta property=\"og:description\" content=\"\u00bfPodr\u00e1s llegar al tesoro de Santa? \u00a1Santa ha escondido algo especial para verdaderos cazadores de tesoros! Desde el 28 de diciembre: juega torneos Spin&amp;Win, gana puntos y consigue generosas recompensas de las c\u00e1maras secretas de Santa. Es muy f\u00e1cil: Juega Spin&amp;Win con buy-ins de $0.5, $3 y $10. Gana 1 punto por cada torneo que [&hellip;]\" \/>\n<meta property=\"og:url\" content=\"https:\/\/pokerplanets1.com\/es\/promociones\/santa-bank\/\" \/>\n<meta property=\"og:site_name\" content=\"PokerPlanets\" \/>\n<meta property=\"article:modified_time\" content=\"2025-12-29T11:52:33+00:00\" \/>\n<meta name=\"twitter:card\" content=\"summary_large_image\" \/>\n<meta name=\"twitter:label1\" content=\"Tiempo de lectura\" \/>\n\t<meta name=\"twitter:data1\" content=\"1 minuto\" \/>\n<script type=\"application\/ld+json\" class=\"yoast-schema-graph\">{\"@context\":\"https:\/\/schema.org\",\"@graph\":[{\"@type\":\"WebPage\",\"@id\":\"https:\/\/pokerplanets1.com\/es\/promociones\/santa-bank\/\",\"url\":\"https:\/\/pokerplanets1.com\/es\/promociones\/santa-bank\/\",\"name\":\"Santa bank - PokerPlanets\",\"isPartOf\":{\"@id\":\"https:\/\/pokerplanets1.com\/es\/#website\"},\"datePublished\":\"2025-12-29T11:16:27+00:00\",\"dateModified\":\"2025-12-29T11:52:33+00:00\",\"breadcrumb\":{\"@id\":\"https:\/\/pokerplanets1.com\/es\/promociones\/santa-bank\/#breadcrumb\"},\"inLanguage\":\"es\",\"potentialAction\":[{\"@type\":\"ReadAction\",\"target\":[\"https:\/\/pokerplanets1.com\/es\/promociones\/santa-bank\/\"]}]},{\"@type\":\"BreadcrumbList\",\"@id\":\"https:\/\/pokerplanets1.com\/es\/promociones\/santa-bank\/#breadcrumb\",\"itemListElement\":[{\"@type\":\"ListItem\",\"position\":1,\"name\":\"Home\",\"item\":\"https:\/\/pokerplanets1.com\/es\/\"},{\"@type\":\"ListItem\",\"position\":2,\"name\":\"Promociones\",\"item\":\"https:\/\/pokerplanets1.com\/es\/promociones\/\"},{\"@type\":\"ListItem\",\"position\":3,\"name\":\"Santa bank\"}]},{\"@type\":\"WebSite\",\"@id\":\"https:\/\/pokerplanets1.com\/es\/#website\",\"url\":\"https:\/\/pokerplanets1.com\/es\/\",\"name\":\"PokerPlanets\",\"description\":\"\",\"potentialAction\":[{\"@type\":\"SearchAction\",\"target\":{\"@type\":\"EntryPoint\",\"urlTemplate\":\"https:\/\/pokerplanets1.com\/es\/?s={search_term_string}\"},\"query-input\":{\"@type\":\"PropertyValueSpecification\",\"valueRequired\":true,\"valueName\":\"search_term_string\"}}],\"inLanguage\":\"es\"}]}<\/script>\n<!-- \/ Yoast SEO plugin. -->","yoast_head_json":{"title":"Santa bank - PokerPlanets","robots":{"index":"index","follow":"follow","max-snippet":"max-snippet:-1","max-image-preview":"max-image-preview:large","max-video-preview":"max-video-preview:-1"},"og_locale":"es_ES","og_type":"article","og_title":"Santa bank - PokerPlanets","og_description":"\u00bfPodr\u00e1s llegar al tesoro de Santa? \u00a1Santa ha escondido algo especial para verdaderos cazadores de tesoros! Desde el 28 de diciembre: juega torneos Spin&amp;Win, gana puntos y consigue generosas recompensas de las c\u00e1maras secretas de Santa. Es muy f\u00e1cil: Juega Spin&amp;Win con buy-ins de $0.5, $3 y $10. Gana 1 punto por cada torneo que [&hellip;]","og_url":"https:\/\/pokerplanets1.com\/es\/promociones\/santa-bank\/","og_site_name":"PokerPlanets","article_modified_time":"2025-12-29T11:52:33+00:00","twitter_card":"summary_large_image","twitter_misc":{"Tiempo de lectura":"1 minuto"},"schema":{"@context":"https:\/\/schema.org","@graph":[{"@type":"WebPage","@id":"https:\/\/pokerplanets1.com\/es\/promociones\/santa-bank\/","url":"https:\/\/pokerplanets1.com\/es\/promociones\/santa-bank\/","name":"Santa bank - PokerPlanets","isPartOf":{"@id":"https:\/\/pokerplanets1.com\/es\/#website"},"datePublished":"2025-12-29T11:16:27+00:00","dateModified":"2025-12-29T11:52:33+00:00","breadcrumb":{"@id":"https:\/\/pokerplanets1.com\/es\/promociones\/santa-bank\/#breadcrumb"},"inLanguage":"es","potentialAction":[{"@type":"ReadAction","target":["https:\/\/pokerplanets1.com\/es\/promociones\/santa-bank\/"]}]},{"@type":"BreadcrumbList","@id":"https:\/\/pokerplanets1.com\/es\/promociones\/santa-bank\/#breadcrumb","itemListElement":[{"@type":"ListItem","position":1,"name":"Home","item":"https:\/\/pokerplanets1.com\/es\/"},{"@type":"ListItem","position":2,"name":"Promociones","item":"https:\/\/pokerplanets1.com\/es\/promociones\/"},{"@type":"ListItem","position":3,"name":"Santa bank"}]},{"@type":"WebSite","@id":"https:\/\/pokerplanets1.com\/es\/#website","url":"https:\/\/pokerplanets1.com\/es\/","name":"PokerPlanets","description":"","potentialAction":[{"@type":"SearchAction","target":{"@type":"EntryPoint","urlTemplate":"https:\/\/pokerplanets1.com\/es\/?s={search_term_string}"},"query-input":{"@type":"PropertyValueSpecification","valueRequired":true,"valueName":"search_term_string"}}],"inLanguage":"es"}]}},"_links":{"self":[{"href":"https:\/\/pokerplanets1.com\/es\/wp-json\/wp\/v2\/pages\/10237","targetHints":{"allow":["GET"]}}],"collection":[{"href":"https:\/\/pokerplanets1.com\/es\/wp-json\/wp\/v2\/pages"}],"about":[{"href":"https:\/\/pokerplanets1.com\/es\/wp-json\/wp\/v2\/types\/page"}],"author":[{"embeddable":true,"href":"https:\/\/pokerplanets1.com\/es\/wp-json\/wp\/v2\/users\/1"}],"replies":[{"embeddable":true,"href":"https:\/\/pokerplanets1.com\/es\/wp-json\/wp\/v2\/comments?post=10237"}],"version-history":[{"count":1,"href":"https:\/\/pokerplanets1.com\/es\/wp-json\/wp\/v2\/pages\/10237\/revisions"}],"predecessor-version":[{"id":10238,"href":"https:\/\/pokerplanets1.com\/es\/wp-json\/wp\/v2\/pages\/10237\/revisions\/10238"}],"up":[{"embeddable":true,"href":"https:\/\/pokerplanets1.com\/es\/wp-json\/wp\/v2\/pages\/6515"}],"wp:attachment":[{"href":"https:\/\/pokerplanets1.com\/es\/wp-json\/wp\/v2\/media?parent=10237"}],"curies":[{"name":"wp","href":"https:\/\/api.w.org\/{rel}","templated":true}]}}