{"id":10302,"date":"2025-12-30T15:33:46","date_gmt":"2025-12-30T12:33:46","guid":{"rendered":"https:\/\/pokerplanets1.com\/promociones\/comet-cup\/"},"modified":"2025-12-30T15:43:53","modified_gmt":"2025-12-30T12:43:53","slug":"comet-cup","status":"publish","type":"page","link":"https:\/\/pokerplanets1.com\/es\/promociones\/comet-cup\/","title":{"rendered":"Comet Cup"},"content":{"rendered":"<p style=\"text-align: center;\"><span style=\"font-size: 14pt;\"><strong>Comet Cup: varios d\u00edas de juego, una gran victoria<\/strong><\/span><\/p>\r\n<p><span style=\"font-size: 10pt;\"><strong>Del 2 al 11 de enero, el Comet Cup regresa<\/strong>. Un formato ya conocido, una garant\u00eda s\u00f3lida y premios garantizados en la final. Comet Cup es un torneo de varios d\u00edas con vuelos iniciales (Dia 1) y un Dia Final com\u00fan (D\u00eda 2), donde se disputa un pozo garantizado de <strong>$2 500<\/strong>.<\/span><\/p>\r\n<p><span style=\"font-size: 10pt;\"><strong>Detalles del torneo: <\/strong><\/span><\/p>\r\n<ul>\r\n\t<li><span style=\"font-size: 10pt;\"><strong>Buy-in: $11<\/strong><\/span><\/li>\r\n\t<li><span style=\"font-size: 10pt;\"><strong>Garant\u00eda: $2 500<\/strong><\/span><\/li>\r\n\t<li><span style=\"font-size: 10pt;\">Cada vuelo inicial se juega hasta que queda el 15% del field; esos jugadores avanzan al Dia 2.<\/span><\/li>\r\n\t<li><span style=\"font-size: 10pt;\">Todos los jugadores que llegan al Dia 2 entran garantizados en premios.<\/span><\/li>\r\n\t<li><span style=\"font-size: 10pt;\">Puedes jugar varios D\u00edas 1 y pasar a la final con el stack m\u00e1s grande.<\/span><\/li>\r\n<\/ul>\r\n<p><span style=\"font-size: 10pt;\"><strong>Horario<\/strong><\/span><\/p>\r\n<p><span style=\"font-size: 10pt;\"><strong>Vuelos iniciales (Dia 1) \u2014 del 2 al 11 de enero:<\/strong><\/span><\/p>\r\n<ul>\r\n\t<li><span style=\"font-size: 10pt;\"><strong>2\u201310 de enero: 17:30, 21:30 MSK;<\/strong><\/span><\/li>\r\n\t<li><span style=\"font-size: 10pt;\"><strong>3\u201310 de enero: 12:30, 14:30 MSK;<\/strong><\/span><\/li>\r\n\t<li><span style=\"font-size: 10pt;\"><strong>11 de enero: 12:30 MSK.<\/strong><\/span><\/li>\r\n<\/ul>\r\n<p><span style=\"font-size: 10pt;\"><strong>Final (Dia 2):<\/strong><\/span><\/p>\r\n<p><span style=\"font-size: 10pt;\"><strong>Domingo, 11 de enero \u2014 18:30 MSK<\/strong><\/span><\/p>\r\n<p style=\"text-align: center;\"><span style=\"font-size: 10pt;\"><strong>\u00a1El Comet Cup te espera! Juega, construye tu stack y reclama el t\u00edtulo de campe\u00f3n.<\/strong><\/span><\/p>\r\n<div style=\"margin: 0 auto; text-align: center;\"><div id=\"detectButton5\" style=\"margin: 0 auto; text-align: center;\"><button class=\"button  button--red\" type=\"button\"><svg class=\"svg\">\r\n              <use xlink:href=\"\/wp-content\/uploads\/2024\/12\/sprite.svg#lock\"><\/use>\r\n             <\/svg>  DESCARGAR POKERPLANETS <\/button><\/div><\/div>\r\n<p>&nbsp;<\/p>","protected":false},"excerpt":{"rendered":"<p>Comet Cup: varios d\u00edas de juego, una gran victoria Del 2 al 11 de enero, el Comet Cup regresa. Un formato ya conocido, una garant\u00eda s\u00f3lida y premios garantizados en la final. Comet Cup es un torneo de varios d\u00edas con vuelos iniciales (Dia 1) y un Dia Final com\u00fan (D\u00eda 2), donde se disputa [&hellip;]<\/p>\n","protected":false},"author":1,"featured_media":0,"parent":6515,"menu_order":0,"comment_status":"closed","ping_status":"closed","template":"page-faq-nosidebar-promo.php","meta":{"_acf_changed":false,"inline_featured_image":false,"footnotes":""},"class_list":["post-10302","page","type-page","status-publish","hentry"],"acf":[],"yoast_head":"<!-- This site is optimized with the Yoast SEO plugin v24.4 - https:\/\/yoast.com\/wordpress\/plugins\/seo\/ -->\n<title>Comet Cup - PokerPlanets<\/title>\n<meta name=\"robots\" content=\"index, follow, max-snippet:-1, max-image-preview:large, max-video-preview:-1\" \/>\n<meta property=\"og:locale\" content=\"es_ES\" \/>\n<meta property=\"og:type\" content=\"article\" \/>\n<meta property=\"og:title\" content=\"Comet Cup - PokerPlanets\" \/>\n<meta property=\"og:description\" content=\"Comet Cup: varios d\u00edas de juego, una gran victoria Del 2 al 11 de enero, el Comet Cup regresa. Un formato ya conocido, una garant\u00eda s\u00f3lida y premios garantizados en la final. Comet Cup es un torneo de varios d\u00edas con vuelos iniciales (Dia 1) y un Dia Final com\u00fan (D\u00eda 2), donde se disputa [&hellip;]\" \/>\n<meta property=\"og:url\" content=\"https:\/\/pokerplanets1.com\/es\/promociones\/comet-cup\/\" \/>\n<meta property=\"og:site_name\" content=\"PokerPlanets\" \/>\n<meta property=\"article:modified_time\" content=\"2025-12-30T12:43:53+00:00\" \/>\n<meta name=\"twitter:card\" content=\"summary_large_image\" \/>\n<meta name=\"twitter:label1\" content=\"Tiempo de lectura\" \/>\n\t<meta name=\"twitter:data1\" content=\"1 minuto\" \/>\n<script type=\"application\/ld+json\" class=\"yoast-schema-graph\">{\"@context\":\"https:\/\/schema.org\",\"@graph\":[{\"@type\":\"WebPage\",\"@id\":\"https:\/\/pokerplanets1.com\/es\/promociones\/comet-cup\/\",\"url\":\"https:\/\/pokerplanets1.com\/es\/promociones\/comet-cup\/\",\"name\":\"Comet Cup - PokerPlanets\",\"isPartOf\":{\"@id\":\"https:\/\/pokerplanets1.com\/es\/#website\"},\"datePublished\":\"2025-12-30T12:33:46+00:00\",\"dateModified\":\"2025-12-30T12:43:53+00:00\",\"breadcrumb\":{\"@id\":\"https:\/\/pokerplanets1.com\/es\/promociones\/comet-cup\/#breadcrumb\"},\"inLanguage\":\"es\",\"potentialAction\":[{\"@type\":\"ReadAction\",\"target\":[\"https:\/\/pokerplanets1.com\/es\/promociones\/comet-cup\/\"]}]},{\"@type\":\"BreadcrumbList\",\"@id\":\"https:\/\/pokerplanets1.com\/es\/promociones\/comet-cup\/#breadcrumb\",\"itemListElement\":[{\"@type\":\"ListItem\",\"position\":1,\"name\":\"Home\",\"item\":\"https:\/\/pokerplanets1.com\/es\/\"},{\"@type\":\"ListItem\",\"position\":2,\"name\":\"Promociones\",\"item\":\"https:\/\/pokerplanets1.com\/es\/promociones\/\"},{\"@type\":\"ListItem\",\"position\":3,\"name\":\"Comet Cup\"}]},{\"@type\":\"WebSite\",\"@id\":\"https:\/\/pokerplanets1.com\/es\/#website\",\"url\":\"https:\/\/pokerplanets1.com\/es\/\",\"name\":\"PokerPlanets\",\"description\":\"\",\"potentialAction\":[{\"@type\":\"SearchAction\",\"target\":{\"@type\":\"EntryPoint\",\"urlTemplate\":\"https:\/\/pokerplanets1.com\/es\/?s={search_term_string}\"},\"query-input\":{\"@type\":\"PropertyValueSpecification\",\"valueRequired\":true,\"valueName\":\"search_term_string\"}}],\"inLanguage\":\"es\"}]}<\/script>\n<!-- \/ Yoast SEO plugin. -->","yoast_head_json":{"title":"Comet Cup - PokerPlanets","robots":{"index":"index","follow":"follow","max-snippet":"max-snippet:-1","max-image-preview":"max-image-preview:large","max-video-preview":"max-video-preview:-1"},"og_locale":"es_ES","og_type":"article","og_title":"Comet Cup - PokerPlanets","og_description":"Comet Cup: varios d\u00edas de juego, una gran victoria Del 2 al 11 de enero, el Comet Cup regresa. Un formato ya conocido, una garant\u00eda s\u00f3lida y premios garantizados en la final. Comet Cup es un torneo de varios d\u00edas con vuelos iniciales (Dia 1) y un Dia Final com\u00fan (D\u00eda 2), donde se disputa [&hellip;]","og_url":"https:\/\/pokerplanets1.com\/es\/promociones\/comet-cup\/","og_site_name":"PokerPlanets","article_modified_time":"2025-12-30T12:43:53+00:00","twitter_card":"summary_large_image","twitter_misc":{"Tiempo de lectura":"1 minuto"},"schema":{"@context":"https:\/\/schema.org","@graph":[{"@type":"WebPage","@id":"https:\/\/pokerplanets1.com\/es\/promociones\/comet-cup\/","url":"https:\/\/pokerplanets1.com\/es\/promociones\/comet-cup\/","name":"Comet Cup - PokerPlanets","isPartOf":{"@id":"https:\/\/pokerplanets1.com\/es\/#website"},"datePublished":"2025-12-30T12:33:46+00:00","dateModified":"2025-12-30T12:43:53+00:00","breadcrumb":{"@id":"https:\/\/pokerplanets1.com\/es\/promociones\/comet-cup\/#breadcrumb"},"inLanguage":"es","potentialAction":[{"@type":"ReadAction","target":["https:\/\/pokerplanets1.com\/es\/promociones\/comet-cup\/"]}]},{"@type":"BreadcrumbList","@id":"https:\/\/pokerplanets1.com\/es\/promociones\/comet-cup\/#breadcrumb","itemListElement":[{"@type":"ListItem","position":1,"name":"Home","item":"https:\/\/pokerplanets1.com\/es\/"},{"@type":"ListItem","position":2,"name":"Promociones","item":"https:\/\/pokerplanets1.com\/es\/promociones\/"},{"@type":"ListItem","position":3,"name":"Comet Cup"}]},{"@type":"WebSite","@id":"https:\/\/pokerplanets1.com\/es\/#website","url":"https:\/\/pokerplanets1.com\/es\/","name":"PokerPlanets","description":"","potentialAction":[{"@type":"SearchAction","target":{"@type":"EntryPoint","urlTemplate":"https:\/\/pokerplanets1.com\/es\/?s={search_term_string}"},"query-input":{"@type":"PropertyValueSpecification","valueRequired":true,"valueName":"search_term_string"}}],"inLanguage":"es"}]}},"_links":{"self":[{"href":"https:\/\/pokerplanets1.com\/es\/wp-json\/wp\/v2\/pages\/10302","targetHints":{"allow":["GET"]}}],"collection":[{"href":"https:\/\/pokerplanets1.com\/es\/wp-json\/wp\/v2\/pages"}],"about":[{"href":"https:\/\/pokerplanets1.com\/es\/wp-json\/wp\/v2\/types\/page"}],"author":[{"embeddable":true,"href":"https:\/\/pokerplanets1.com\/es\/wp-json\/wp\/v2\/users\/1"}],"replies":[{"embeddable":true,"href":"https:\/\/pokerplanets1.com\/es\/wp-json\/wp\/v2\/comments?post=10302"}],"version-history":[{"count":1,"href":"https:\/\/pokerplanets1.com\/es\/wp-json\/wp\/v2\/pages\/10302\/revisions"}],"predecessor-version":[{"id":10303,"href":"https:\/\/pokerplanets1.com\/es\/wp-json\/wp\/v2\/pages\/10302\/revisions\/10303"}],"up":[{"embeddable":true,"href":"https:\/\/pokerplanets1.com\/es\/wp-json\/wp\/v2\/pages\/6515"}],"wp:attachment":[{"href":"https:\/\/pokerplanets1.com\/es\/wp-json\/wp\/v2\/media?parent=10302"}],"curies":[{"name":"wp","href":"https:\/\/api.w.org\/{rel}","templated":true}]}}