{"id":10784,"date":"2026-01-30T00:22:54","date_gmt":"2026-01-29T21:22:54","guid":{"rendered":"https:\/\/pokerplanets1.com\/promociones\/winter-games-comet\/"},"modified":"2026-01-30T00:24:48","modified_gmt":"2026-01-29T21:24:48","slug":"winter-games-comet","status":"publish","type":"page","link":"https:\/\/pokerplanets1.com\/es\/promociones\/winter-games-comet\/","title":{"rendered":"Winter Games Comet"},"content":{"rendered":"<p style=\"text-align: center;\"><span style=\"font-size: 14pt;\"><strong>Winter Games Comet: la carrera invernal por $5 000<\/strong><\/span><\/p>\r\n<p><span style=\"font-size: 10pt;\">\u00a1Los Juegos de P\u00f3ker de Invierno est\u00e1n oficialmente abiertos! \u00danete al torneo multidiario <strong>Winter Games Comet<\/strong>. Juega el D\u00eda 1 en niveles Bronze, Silver o Gold, acumula fichas y clasifica al D\u00eda Final con $5 000 garantizados.<\/span><\/p>\r\n<p><span style=\"font-size: 10pt;\">Elige tu ritmo \u2014 o juega todos:<\/span><\/p>\r\n<ul>\r\n\t<li><span style=\"font-size: 10pt;\"><strong>Bronze (buy-in $3.3) <\/strong>\u2014 el 5% de los jugadores avanzan al D\u00eda Final.<\/span><\/li>\r\n\t<li><span style=\"font-size: 10pt;\"><strong>Silver<\/strong> <strong>(buy-in $5.5)<\/strong> \u2014 el 8% de los jugadores avanzan al D\u00eda Final.<\/span><\/li>\r\n\t<li><span style=\"font-size: 10pt;\"><strong>Gold<\/strong> <strong>(buy-in $11)<\/strong> \u2014 el 16% de los jugadores avanzan al D\u00eda Final.<\/span><\/li>\r\n<\/ul>\r\n<p><span style=\"font-size: 10pt;\"><strong>Horario del D\u00eda 1 (CET):<\/strong><\/span><\/p>\r\n<ul>\r\n\t<li><span style=\"font-size: 10pt;\"><strong>Bronze:<\/strong> del 30 de enero al 7 de febrero a las 09:30, 13:30 y 20:30 | 8 de febrero a las 09:30.<\/span><\/li>\r\n\t<li><span style=\"font-size: 10pt;\"><strong>Silver:<\/strong> del 30 de enero al 7 de febrero a las 10:30, 14:30 y 17:30 | 8 de febrero a las 10:30.<\/span><\/li>\r\n\t<li><span style=\"font-size: 10pt;\"><strong>Gold:<\/strong> del 30 de enero al 7 de febrero a las 11:30, 16:30 y 19:30 | 8 de febrero a las 11:30.<\/span><\/li>\r\n<\/ul>\r\n<p><span style=\"font-size: 10pt;\">Puedes jugar m\u00faltiples D\u00edas 1 \u2014 tu stack m\u00e1s grande pasar\u00e1 al D\u00eda Final.<\/span><\/p>\r\n<p><span style=\"font-size: 10pt;\"><strong>\u00bfQuieres entrar barato o incluso gratis?<\/strong><\/span><\/p>\r\n<ul>\r\n\t<li><span style=\"font-size: 10pt;\"><strong>Desde el 28 de enero<\/strong>: gana entradas al D\u00eda 1 Silver o Gold a trav\u00e9s de freerolls y torneos freebuy.<\/span><\/li>\r\n\t<li><span style=\"font-size: 10pt;\"><strong>Desde el 29 de enero: <\/strong>clasificarse a trav\u00e9s de sat\u00e9lites con buy-ins desde $0.33 en el D\u00eda 1 de cualquier nivel.<\/span><\/li>\r\n<\/ul>\r\n<p><span style=\"font-size: 10pt;\"><strong>D\u00eda Final:<\/strong><\/span><\/p>\r\n<ul>\r\n\t<li><span style=\"font-size: 10pt;\"><strong>8 de febrero a las 16:30 (CET)<\/strong><\/span><\/li>\r\n\t<li><span style=\"font-size: 10pt;\"><strong>$5 000 garantizada<\/strong><\/span><\/li>\r\n\t<li><span style=\"font-size: 10pt;\"><strong>\u00a1Todos los finalistas est\u00e1n en premios!<\/strong><\/span><\/li>\r\n<\/ul>\r\n<p style=\"text-align: center;\"><span style=\"font-size: 10pt;\">Los Juegos de P\u00f3ker de Invierno han comenzado \u2014 entra ahora! Juega, llega al Final y pelea por tu parte de los $5 000.<\/span><\/p>\r\n<div style=\"margin: 0 auto; text-align: center;\"><div id=\"detectButton5\" style=\"margin: 0 auto; text-align: center;\"><button class=\"button  button--red\" type=\"button\"><svg class=\"svg\">\r\n              <use xlink:href=\"\/wp-content\/uploads\/2024\/12\/sprite.svg#lock\"><\/use>\r\n             <\/svg>  DESCARGAR POKERPLANETS <\/button><\/div><\/div>\r\n<p>&nbsp;<\/p>","protected":false},"excerpt":{"rendered":"<p>Winter Games Comet: la carrera invernal por $5 000 \u00a1Los Juegos de P\u00f3ker de Invierno est\u00e1n oficialmente abiertos! \u00danete al torneo multidiario Winter Games Comet. Juega el D\u00eda 1 en niveles Bronze, Silver o Gold, acumula fichas y clasifica al D\u00eda Final con $5 000 garantizados. Elige tu ritmo \u2014 o juega todos: Bronze (buy-in [&hellip;]<\/p>\n","protected":false},"author":1,"featured_media":0,"parent":6515,"menu_order":0,"comment_status":"closed","ping_status":"closed","template":"page-faq-nosidebar-promo.php","meta":{"_acf_changed":false,"inline_featured_image":false,"footnotes":""},"class_list":["post-10784","page","type-page","status-publish","hentry"],"acf":[],"yoast_head":"<!-- This site is optimized with the Yoast SEO plugin v24.4 - https:\/\/yoast.com\/wordpress\/plugins\/seo\/ -->\n<title>Winter Games Comet - PokerPlanets<\/title>\n<meta name=\"robots\" content=\"index, follow, max-snippet:-1, max-image-preview:large, max-video-preview:-1\" \/>\n<meta property=\"og:locale\" content=\"es_ES\" \/>\n<meta property=\"og:type\" content=\"article\" \/>\n<meta property=\"og:title\" content=\"Winter Games Comet - PokerPlanets\" \/>\n<meta property=\"og:description\" content=\"Winter Games Comet: la carrera invernal por $5 000 \u00a1Los Juegos de P\u00f3ker de Invierno est\u00e1n oficialmente abiertos! \u00danete al torneo multidiario Winter Games Comet. Juega el D\u00eda 1 en niveles Bronze, Silver o Gold, acumula fichas y clasifica al D\u00eda Final con $5 000 garantizados. Elige tu ritmo \u2014 o juega todos: Bronze (buy-in [&hellip;]\" \/>\n<meta property=\"og:url\" content=\"https:\/\/pokerplanets1.com\/es\/promociones\/winter-games-comet\/\" \/>\n<meta property=\"og:site_name\" content=\"PokerPlanets\" \/>\n<meta property=\"article:modified_time\" content=\"2026-01-29T21:24:48+00:00\" \/>\n<meta name=\"twitter:card\" content=\"summary_large_image\" \/>\n<meta name=\"twitter:label1\" content=\"Tiempo de lectura\" \/>\n\t<meta name=\"twitter:data1\" content=\"1 minuto\" \/>\n<script type=\"application\/ld+json\" class=\"yoast-schema-graph\">{\"@context\":\"https:\/\/schema.org\",\"@graph\":[{\"@type\":\"WebPage\",\"@id\":\"https:\/\/pokerplanets1.com\/es\/promociones\/winter-games-comet\/\",\"url\":\"https:\/\/pokerplanets1.com\/es\/promociones\/winter-games-comet\/\",\"name\":\"Winter Games Comet - PokerPlanets\",\"isPartOf\":{\"@id\":\"https:\/\/pokerplanets1.com\/es\/#website\"},\"datePublished\":\"2026-01-29T21:22:54+00:00\",\"dateModified\":\"2026-01-29T21:24:48+00:00\",\"breadcrumb\":{\"@id\":\"https:\/\/pokerplanets1.com\/es\/promociones\/winter-games-comet\/#breadcrumb\"},\"inLanguage\":\"es\",\"potentialAction\":[{\"@type\":\"ReadAction\",\"target\":[\"https:\/\/pokerplanets1.com\/es\/promociones\/winter-games-comet\/\"]}]},{\"@type\":\"BreadcrumbList\",\"@id\":\"https:\/\/pokerplanets1.com\/es\/promociones\/winter-games-comet\/#breadcrumb\",\"itemListElement\":[{\"@type\":\"ListItem\",\"position\":1,\"name\":\"Home\",\"item\":\"https:\/\/pokerplanets1.com\/es\/\"},{\"@type\":\"ListItem\",\"position\":2,\"name\":\"Promociones\",\"item\":\"https:\/\/pokerplanets1.com\/es\/promociones\/\"},{\"@type\":\"ListItem\",\"position\":3,\"name\":\"Winter Games Comet\"}]},{\"@type\":\"WebSite\",\"@id\":\"https:\/\/pokerplanets1.com\/es\/#website\",\"url\":\"https:\/\/pokerplanets1.com\/es\/\",\"name\":\"PokerPlanets\",\"description\":\"\",\"potentialAction\":[{\"@type\":\"SearchAction\",\"target\":{\"@type\":\"EntryPoint\",\"urlTemplate\":\"https:\/\/pokerplanets1.com\/es\/?s={search_term_string}\"},\"query-input\":{\"@type\":\"PropertyValueSpecification\",\"valueRequired\":true,\"valueName\":\"search_term_string\"}}],\"inLanguage\":\"es\"}]}<\/script>\n<!-- \/ Yoast SEO plugin. -->","yoast_head_json":{"title":"Winter Games Comet - PokerPlanets","robots":{"index":"index","follow":"follow","max-snippet":"max-snippet:-1","max-image-preview":"max-image-preview:large","max-video-preview":"max-video-preview:-1"},"og_locale":"es_ES","og_type":"article","og_title":"Winter Games Comet - PokerPlanets","og_description":"Winter Games Comet: la carrera invernal por $5 000 \u00a1Los Juegos de P\u00f3ker de Invierno est\u00e1n oficialmente abiertos! \u00danete al torneo multidiario Winter Games Comet. Juega el D\u00eda 1 en niveles Bronze, Silver o Gold, acumula fichas y clasifica al D\u00eda Final con $5 000 garantizados. Elige tu ritmo \u2014 o juega todos: Bronze (buy-in [&hellip;]","og_url":"https:\/\/pokerplanets1.com\/es\/promociones\/winter-games-comet\/","og_site_name":"PokerPlanets","article_modified_time":"2026-01-29T21:24:48+00:00","twitter_card":"summary_large_image","twitter_misc":{"Tiempo de lectura":"1 minuto"},"schema":{"@context":"https:\/\/schema.org","@graph":[{"@type":"WebPage","@id":"https:\/\/pokerplanets1.com\/es\/promociones\/winter-games-comet\/","url":"https:\/\/pokerplanets1.com\/es\/promociones\/winter-games-comet\/","name":"Winter Games Comet - PokerPlanets","isPartOf":{"@id":"https:\/\/pokerplanets1.com\/es\/#website"},"datePublished":"2026-01-29T21:22:54+00:00","dateModified":"2026-01-29T21:24:48+00:00","breadcrumb":{"@id":"https:\/\/pokerplanets1.com\/es\/promociones\/winter-games-comet\/#breadcrumb"},"inLanguage":"es","potentialAction":[{"@type":"ReadAction","target":["https:\/\/pokerplanets1.com\/es\/promociones\/winter-games-comet\/"]}]},{"@type":"BreadcrumbList","@id":"https:\/\/pokerplanets1.com\/es\/promociones\/winter-games-comet\/#breadcrumb","itemListElement":[{"@type":"ListItem","position":1,"name":"Home","item":"https:\/\/pokerplanets1.com\/es\/"},{"@type":"ListItem","position":2,"name":"Promociones","item":"https:\/\/pokerplanets1.com\/es\/promociones\/"},{"@type":"ListItem","position":3,"name":"Winter Games Comet"}]},{"@type":"WebSite","@id":"https:\/\/pokerplanets1.com\/es\/#website","url":"https:\/\/pokerplanets1.com\/es\/","name":"PokerPlanets","description":"","potentialAction":[{"@type":"SearchAction","target":{"@type":"EntryPoint","urlTemplate":"https:\/\/pokerplanets1.com\/es\/?s={search_term_string}"},"query-input":{"@type":"PropertyValueSpecification","valueRequired":true,"valueName":"search_term_string"}}],"inLanguage":"es"}]}},"_links":{"self":[{"href":"https:\/\/pokerplanets1.com\/es\/wp-json\/wp\/v2\/pages\/10784","targetHints":{"allow":["GET"]}}],"collection":[{"href":"https:\/\/pokerplanets1.com\/es\/wp-json\/wp\/v2\/pages"}],"about":[{"href":"https:\/\/pokerplanets1.com\/es\/wp-json\/wp\/v2\/types\/page"}],"author":[{"embeddable":true,"href":"https:\/\/pokerplanets1.com\/es\/wp-json\/wp\/v2\/users\/1"}],"replies":[{"embeddable":true,"href":"https:\/\/pokerplanets1.com\/es\/wp-json\/wp\/v2\/comments?post=10784"}],"version-history":[{"count":1,"href":"https:\/\/pokerplanets1.com\/es\/wp-json\/wp\/v2\/pages\/10784\/revisions"}],"predecessor-version":[{"id":10785,"href":"https:\/\/pokerplanets1.com\/es\/wp-json\/wp\/v2\/pages\/10784\/revisions\/10785"}],"up":[{"embeddable":true,"href":"https:\/\/pokerplanets1.com\/es\/wp-json\/wp\/v2\/pages\/6515"}],"wp:attachment":[{"href":"https:\/\/pokerplanets1.com\/es\/wp-json\/wp\/v2\/media?parent=10784"}],"curies":[{"name":"wp","href":"https:\/\/api.w.org\/{rel}","templated":true}]}}