{"id":10843,"date":"2026-01-30T15:53:50","date_gmt":"2026-01-30T12:53:50","guid":{"rendered":"https:\/\/pokerplanets1.com\/promociones\/snow-queen\/"},"modified":"2026-01-30T16:01:32","modified_gmt":"2026-01-30T13:01:32","slug":"snow-queen","status":"publish","type":"page","link":"https:\/\/pokerplanets1.com\/es\/promociones\/snow-queen\/","title":{"rendered":"Snow Queen"},"content":{"rendered":"<p style=\"text-align: center;\"><span style=\"font-size: 14pt;\"><strong>\u00a1Regalos de la Reina de las Nieves!<\/strong><\/span><\/p>\r\n<p><span style=\"font-size: 10pt;\">\u00bfNecesita ayuda con la caza del tesoro de Santa? Queda muy poco tiempo \u2014 el <strong>1 de febrero Santa Bank cierra<\/strong>. Pero todav\u00eda tiene la oportunidad de dar el empujon final y llevarse su parte de las cajas fuertes de Santa.<\/span><\/p>\r\n<p><span style=\"font-size: 10pt;\"><strong>Del 30 de enero al 1 de febrero<\/strong>, \u00a1la Reina de las Nieves comparte sus llaves y regala hasta <strong>$68 en tickets para Spin&amp;Win<\/strong>! Eleg\u00ed tu conjunto de llaves \u00a1o ll\u00e9vatelas todas de una vez!<\/span><\/p>\r\n<p><span style=\"font-size: 10pt;\"><strong>Sin pasos adicionales:<\/strong><\/span><\/p>\r\n<ol>\r\n\t<li><span style=\"font-size: 10pt;\">Solo hac\u00e9 un <strong>dep\u00f3sito entre $10 y $200<\/strong>.<\/span><\/li>\r\n\t<li><span style=\"font-size: 10pt;\">Tu recompensa se <strong>acreditar\u00e1<\/strong> <strong>autom\u00e1ticamente<\/strong>.<\/span><\/li>\r\n<\/ol>\r\n<p><span style=\"font-size: 10pt;\"><strong>Llaves de la Reina de las Nieves:<\/strong><\/span><\/p>\r\n<ul>\r\n\t<li><span style=\"font-size: 10pt;\">Dep\u00f3sito de $10 \u2014 3 tickets de $0.5 cada uno.<\/span><\/li>\r\n\t<li><span style=\"font-size: 10pt;\">Dep\u00f3sito de $30 \u2014 2 tickets de $3 + 1 ticket de $0.5.<\/span><\/li>\r\n\t<li><span style=\"font-size: 10pt;\">Dep\u00f3sito de $50 \u2014 3 tickets de $3 + 2 tickets de $0.5.<\/span><\/li>\r\n\t<li><span style=\"font-size: 10pt;\">Dep\u00f3sito de $100 \u2014 2 tickets de $10.<\/span><\/li>\r\n\t<li><span style=\"font-size: 10pt;\">Dep\u00f3sito de $200 \u2014 3 tickets de $10.<\/span><\/li>\r\n<\/ul>\r\n<p><span style=\"font-size: 10pt;\">\u00bfQuer\u00e9s todo? Hac\u00e9 <strong>5 dep\u00f3sitos <\/strong>(uno por cada monto) y consegu\u00ed los <strong>$68 completos para jugar Spin&amp;Win<\/strong>.<\/span><\/p>\r\n<p><span style=\"font-size: 10pt;\"><strong>Un premio especial \u2014 un avatar de la Reina de las Nieves <\/strong>para los tres jugadores mas activos en cada buy-in ($0.5, $3, $10).<strong> Juegue m\u00e1s del 30 de enero al 1 de febrero y obtenga su avatar \u00fanico hasta el final del invierno.<\/strong><\/span><\/p>\r\n<p><span style=\"font-size: 10pt;\"><strong>Importante:<\/strong><\/span><\/p>\r\n<ul>\r\n\t<li><span style=\"font-size: 10pt;\">Los dep\u00f3sitos repetidos en el mismo nivel <strong>no otorgan tickets adicionales<\/strong>.<\/span><\/li>\r\n\t<li><span style=\"font-size: 10pt;\">Los tickets son v\u00e1lidos hasta las 21:59 (CET) del 8 de febrero de 2026.<\/span><\/li>\r\n<\/ul>\r\n<p style=\"text-align: center;\"><span style=\"font-size: 10pt;\"><strong>\u00a1Solo por tres d\u00edas! No pierdas la oportunidad de reclamar todos los regalos de la Reina de las Nieves.<\/strong><\/span><\/p>\r\n<div style=\"margin: 0 auto; text-align: center;\"><div id=\"detectButton5\" style=\"margin: 0 auto; text-align: center;\"><button class=\"button  button--red\" type=\"button\"><svg class=\"svg\">\r\n              <use xlink:href=\"\/wp-content\/uploads\/2024\/12\/sprite.svg#lock\"><\/use>\r\n             <\/svg>  DESCARGAR POKERPLANETS <\/button><\/div><\/div>\r\n<p>&nbsp;<\/p>","protected":false},"excerpt":{"rendered":"<p>\u00a1Regalos de la Reina de las Nieves! \u00bfNecesita ayuda con la caza del tesoro de Santa? Queda muy poco tiempo \u2014 el 1 de febrero Santa Bank cierra. Pero todav\u00eda tiene la oportunidad de dar el empujon final y llevarse su parte de las cajas fuertes de Santa. Del 30 de enero al 1 de [&hellip;]<\/p>\n","protected":false},"author":1,"featured_media":0,"parent":6515,"menu_order":0,"comment_status":"closed","ping_status":"closed","template":"page-faq-nosidebar-promo.php","meta":{"_acf_changed":false,"inline_featured_image":false,"footnotes":""},"class_list":["post-10843","page","type-page","status-publish","hentry"],"acf":[],"yoast_head":"<!-- This site is optimized with the Yoast SEO plugin v24.4 - https:\/\/yoast.com\/wordpress\/plugins\/seo\/ -->\n<title>Snow Queen - PokerPlanets<\/title>\n<meta name=\"robots\" content=\"index, follow, max-snippet:-1, max-image-preview:large, max-video-preview:-1\" \/>\n<meta property=\"og:locale\" content=\"es_ES\" \/>\n<meta property=\"og:type\" content=\"article\" \/>\n<meta property=\"og:title\" content=\"Snow Queen - PokerPlanets\" \/>\n<meta property=\"og:description\" content=\"\u00a1Regalos de la Reina de las Nieves! \u00bfNecesita ayuda con la caza del tesoro de Santa? Queda muy poco tiempo \u2014 el 1 de febrero Santa Bank cierra. Pero todav\u00eda tiene la oportunidad de dar el empujon final y llevarse su parte de las cajas fuertes de Santa. Del 30 de enero al 1 de [&hellip;]\" \/>\n<meta property=\"og:url\" content=\"https:\/\/pokerplanets1.com\/es\/promociones\/snow-queen\/\" \/>\n<meta property=\"og:site_name\" content=\"PokerPlanets\" \/>\n<meta property=\"article:modified_time\" content=\"2026-01-30T13:01:32+00:00\" \/>\n<meta name=\"twitter:card\" content=\"summary_large_image\" \/>\n<meta name=\"twitter:label1\" content=\"Tiempo de lectura\" \/>\n\t<meta name=\"twitter:data1\" content=\"1 minuto\" \/>\n<script type=\"application\/ld+json\" class=\"yoast-schema-graph\">{\"@context\":\"https:\/\/schema.org\",\"@graph\":[{\"@type\":\"WebPage\",\"@id\":\"https:\/\/pokerplanets1.com\/es\/promociones\/snow-queen\/\",\"url\":\"https:\/\/pokerplanets1.com\/es\/promociones\/snow-queen\/\",\"name\":\"Snow Queen - PokerPlanets\",\"isPartOf\":{\"@id\":\"https:\/\/pokerplanets1.com\/es\/#website\"},\"datePublished\":\"2026-01-30T12:53:50+00:00\",\"dateModified\":\"2026-01-30T13:01:32+00:00\",\"breadcrumb\":{\"@id\":\"https:\/\/pokerplanets1.com\/es\/promociones\/snow-queen\/#breadcrumb\"},\"inLanguage\":\"es\",\"potentialAction\":[{\"@type\":\"ReadAction\",\"target\":[\"https:\/\/pokerplanets1.com\/es\/promociones\/snow-queen\/\"]}]},{\"@type\":\"BreadcrumbList\",\"@id\":\"https:\/\/pokerplanets1.com\/es\/promociones\/snow-queen\/#breadcrumb\",\"itemListElement\":[{\"@type\":\"ListItem\",\"position\":1,\"name\":\"Home\",\"item\":\"https:\/\/pokerplanets1.com\/es\/\"},{\"@type\":\"ListItem\",\"position\":2,\"name\":\"Promociones\",\"item\":\"https:\/\/pokerplanets1.com\/es\/promociones\/\"},{\"@type\":\"ListItem\",\"position\":3,\"name\":\"Snow Queen\"}]},{\"@type\":\"WebSite\",\"@id\":\"https:\/\/pokerplanets1.com\/es\/#website\",\"url\":\"https:\/\/pokerplanets1.com\/es\/\",\"name\":\"PokerPlanets\",\"description\":\"\",\"potentialAction\":[{\"@type\":\"SearchAction\",\"target\":{\"@type\":\"EntryPoint\",\"urlTemplate\":\"https:\/\/pokerplanets1.com\/es\/?s={search_term_string}\"},\"query-input\":{\"@type\":\"PropertyValueSpecification\",\"valueRequired\":true,\"valueName\":\"search_term_string\"}}],\"inLanguage\":\"es\"}]}<\/script>\n<!-- \/ Yoast SEO plugin. -->","yoast_head_json":{"title":"Snow Queen - PokerPlanets","robots":{"index":"index","follow":"follow","max-snippet":"max-snippet:-1","max-image-preview":"max-image-preview:large","max-video-preview":"max-video-preview:-1"},"og_locale":"es_ES","og_type":"article","og_title":"Snow Queen - PokerPlanets","og_description":"\u00a1Regalos de la Reina de las Nieves! \u00bfNecesita ayuda con la caza del tesoro de Santa? Queda muy poco tiempo \u2014 el 1 de febrero Santa Bank cierra. Pero todav\u00eda tiene la oportunidad de dar el empujon final y llevarse su parte de las cajas fuertes de Santa. Del 30 de enero al 1 de [&hellip;]","og_url":"https:\/\/pokerplanets1.com\/es\/promociones\/snow-queen\/","og_site_name":"PokerPlanets","article_modified_time":"2026-01-30T13:01:32+00:00","twitter_card":"summary_large_image","twitter_misc":{"Tiempo de lectura":"1 minuto"},"schema":{"@context":"https:\/\/schema.org","@graph":[{"@type":"WebPage","@id":"https:\/\/pokerplanets1.com\/es\/promociones\/snow-queen\/","url":"https:\/\/pokerplanets1.com\/es\/promociones\/snow-queen\/","name":"Snow Queen - PokerPlanets","isPartOf":{"@id":"https:\/\/pokerplanets1.com\/es\/#website"},"datePublished":"2026-01-30T12:53:50+00:00","dateModified":"2026-01-30T13:01:32+00:00","breadcrumb":{"@id":"https:\/\/pokerplanets1.com\/es\/promociones\/snow-queen\/#breadcrumb"},"inLanguage":"es","potentialAction":[{"@type":"ReadAction","target":["https:\/\/pokerplanets1.com\/es\/promociones\/snow-queen\/"]}]},{"@type":"BreadcrumbList","@id":"https:\/\/pokerplanets1.com\/es\/promociones\/snow-queen\/#breadcrumb","itemListElement":[{"@type":"ListItem","position":1,"name":"Home","item":"https:\/\/pokerplanets1.com\/es\/"},{"@type":"ListItem","position":2,"name":"Promociones","item":"https:\/\/pokerplanets1.com\/es\/promociones\/"},{"@type":"ListItem","position":3,"name":"Snow Queen"}]},{"@type":"WebSite","@id":"https:\/\/pokerplanets1.com\/es\/#website","url":"https:\/\/pokerplanets1.com\/es\/","name":"PokerPlanets","description":"","potentialAction":[{"@type":"SearchAction","target":{"@type":"EntryPoint","urlTemplate":"https:\/\/pokerplanets1.com\/es\/?s={search_term_string}"},"query-input":{"@type":"PropertyValueSpecification","valueRequired":true,"valueName":"search_term_string"}}],"inLanguage":"es"}]}},"_links":{"self":[{"href":"https:\/\/pokerplanets1.com\/es\/wp-json\/wp\/v2\/pages\/10843","targetHints":{"allow":["GET"]}}],"collection":[{"href":"https:\/\/pokerplanets1.com\/es\/wp-json\/wp\/v2\/pages"}],"about":[{"href":"https:\/\/pokerplanets1.com\/es\/wp-json\/wp\/v2\/types\/page"}],"author":[{"embeddable":true,"href":"https:\/\/pokerplanets1.com\/es\/wp-json\/wp\/v2\/users\/1"}],"replies":[{"embeddable":true,"href":"https:\/\/pokerplanets1.com\/es\/wp-json\/wp\/v2\/comments?post=10843"}],"version-history":[{"count":1,"href":"https:\/\/pokerplanets1.com\/es\/wp-json\/wp\/v2\/pages\/10843\/revisions"}],"predecessor-version":[{"id":10844,"href":"https:\/\/pokerplanets1.com\/es\/wp-json\/wp\/v2\/pages\/10843\/revisions\/10844"}],"up":[{"embeddable":true,"href":"https:\/\/pokerplanets1.com\/es\/wp-json\/wp\/v2\/pages\/6515"}],"wp:attachment":[{"href":"https:\/\/pokerplanets1.com\/es\/wp-json\/wp\/v2\/media?parent=10843"}],"curies":[{"name":"wp","href":"https:\/\/api.w.org\/{rel}","templated":true}]}}