{"id":10916,"date":"2026-02-03T14:43:47","date_gmt":"2026-02-03T11:43:47","guid":{"rendered":"https:\/\/pokerplanets1.com\/promociones\/sun-lite-cup-super-bounty\/"},"modified":"2026-02-03T16:20:30","modified_gmt":"2026-02-03T13:20:30","slug":"sun-lite-cup-super-bounty","status":"publish","type":"page","link":"https:\/\/pokerplanets1.com\/es\/promociones\/sun-lite-cup-super-bounty\/","title":{"rendered":"Sun Lite Cup Super Bounty"},"content":{"rendered":"<p style=\"text-align: center;\"><span style=\"font-size: 14pt;\"><strong>Sun Lite Cup: \u00a1el m\u00e1ximo valor por solo $5.5!<\/strong><\/span><\/p>\r\n<p><span style=\"font-size: 10pt;\"><strong>Este 14 de febrero<\/strong>, <strong>celebra el D\u00eda de San Valent\u00edn<\/strong> con el <strong>Sun Lite Cup<\/strong> y su garant\u00eda aumentada de <strong>$3 000<\/strong>. Ritmo fren\u00e9tico, grandes recompensas por eliminaci\u00f3n y <strong>rakeback del 100 %<\/strong> \u2014 \u00a1todo para ti y con amor!<\/span><\/p>\r\n<p><span style=\"font-size: 10pt;\"><strong>Detalles del torneo:<\/strong><\/span><\/p>\r\n<ul>\r\n\t<li><span style=\"font-size: 10pt;\"><strong>Inicio: 14 de febrero a las 17:30 CET<\/strong><\/span><\/li>\r\n\t<li><span style=\"font-size: 10pt;\"><strong>Buy-in: $5.5<\/strong><\/span><\/li>\r\n\t<li><span style=\"font-size: 10pt;\"><strong>Garant\u00eda: $3 000<\/strong><\/span><\/li>\r\n\t<li><span style=\"font-size: 10pt;\">Formato: 7-max<\/span><\/li>\r\n\t<li><span style=\"font-size: 10pt;\">Super Bounty: 70 % del pozo en recompensas por eliminaci\u00f3n<\/span><\/li>\r\n\t<li><span style=\"font-size: 10pt;\">Premio adicional para el <strong>Top 3 \u2014 \u00a1100 % de rakeback durante un mes<\/strong>!<\/span><\/li>\r\n<\/ul>\r\n<p><span style=\"font-size: 10pt;\"><strong>Clasificaci\u00f3n v\u00eda:<\/strong><\/span><\/p>\r\n<ul>\r\n\t<li><span style=\"font-size: 10pt;\"><strong>Sat\u00e9lites con buy-in de $0.77<\/strong>: hasta el 13 de febrero a las 14:30 y 18:30 CET. El 14 de febrero \u2014 solo a las 14:30 CET.<\/span><\/li>\r\n<\/ul>\r\n<p><span style=\"font-size: 10pt;\">Tambi\u00e9n puedes ganar un ticket en otros torneos de PokerPlanets.<\/span><\/p>\r\n<p><span style=\"font-size: 10pt;\"><em>Los tickets extra se pueden usar como re-entrada o cambiar por d\u00f3lares de torneo (T$).<\/em><\/span><\/p>\r\n<p style=\"font-size: 10pt; text-align: center;\"><span style=\"font-size: 10pt;\"><strong>Reg\u00e1late una velada realmente agradable \u2014 en la mesa de p\u00f3ker.<\/strong><\/span><\/p>\r\n<p>&nbsp;<\/p>\r\n<div style=\"margin: 0 auto; text-align: center;\"><div id=\"detectButton5\" style=\"margin: 0 auto; text-align: center;\"><button class=\"button  button--red\" type=\"button\"><svg class=\"svg\">\r\n              <use xlink:href=\"\/wp-content\/uploads\/2024\/12\/sprite.svg#lock\"><\/use>\r\n             <\/svg>  DESCARGAR POKERPLANETS <\/button><\/div><\/div>\r\n<p>&nbsp;<\/p>","protected":false},"excerpt":{"rendered":"<p>Sun Lite Cup: \u00a1el m\u00e1ximo valor por solo $5.5! Este 14 de febrero, celebra el D\u00eda de San Valent\u00edn con el Sun Lite Cup y su garant\u00eda aumentada de $3 000. Ritmo fren\u00e9tico, grandes recompensas por eliminaci\u00f3n y rakeback del 100 % \u2014 \u00a1todo para ti y con amor! Detalles del torneo: Inicio: 14 de [&hellip;]<\/p>\n","protected":false},"author":1,"featured_media":0,"parent":6515,"menu_order":0,"comment_status":"closed","ping_status":"closed","template":"page-faq-nosidebar-promo.php","meta":{"_acf_changed":false,"inline_featured_image":false,"footnotes":""},"class_list":["post-10916","page","type-page","status-publish","hentry"],"acf":[],"yoast_head":"<!-- This site is optimized with the Yoast SEO plugin v24.4 - https:\/\/yoast.com\/wordpress\/plugins\/seo\/ -->\n<title>Sun Lite Cup Super Bounty - PokerPlanets<\/title>\n<meta name=\"robots\" content=\"index, follow, max-snippet:-1, max-image-preview:large, max-video-preview:-1\" \/>\n<meta property=\"og:locale\" content=\"es_ES\" \/>\n<meta property=\"og:type\" content=\"article\" \/>\n<meta property=\"og:title\" content=\"Sun Lite Cup Super Bounty - PokerPlanets\" \/>\n<meta property=\"og:description\" content=\"Sun Lite Cup: \u00a1el m\u00e1ximo valor por solo $5.5! Este 14 de febrero, celebra el D\u00eda de San Valent\u00edn con el Sun Lite Cup y su garant\u00eda aumentada de $3 000. Ritmo fren\u00e9tico, grandes recompensas por eliminaci\u00f3n y rakeback del 100 % \u2014 \u00a1todo para ti y con amor! Detalles del torneo: Inicio: 14 de [&hellip;]\" \/>\n<meta property=\"og:url\" content=\"https:\/\/pokerplanets1.com\/es\/promociones\/sun-lite-cup-super-bounty\/\" \/>\n<meta property=\"og:site_name\" content=\"PokerPlanets\" \/>\n<meta property=\"article:modified_time\" content=\"2026-02-03T13:20:30+00:00\" \/>\n<meta name=\"twitter:card\" content=\"summary_large_image\" \/>\n<meta name=\"twitter:label1\" content=\"Tiempo de lectura\" \/>\n\t<meta name=\"twitter:data1\" content=\"1 minuto\" \/>\n<script type=\"application\/ld+json\" class=\"yoast-schema-graph\">{\"@context\":\"https:\/\/schema.org\",\"@graph\":[{\"@type\":\"WebPage\",\"@id\":\"https:\/\/pokerplanets1.com\/es\/promociones\/sun-lite-cup-super-bounty\/\",\"url\":\"https:\/\/pokerplanets1.com\/es\/promociones\/sun-lite-cup-super-bounty\/\",\"name\":\"Sun Lite Cup Super Bounty - PokerPlanets\",\"isPartOf\":{\"@id\":\"https:\/\/pokerplanets1.com\/es\/#website\"},\"datePublished\":\"2026-02-03T11:43:47+00:00\",\"dateModified\":\"2026-02-03T13:20:30+00:00\",\"breadcrumb\":{\"@id\":\"https:\/\/pokerplanets1.com\/es\/promociones\/sun-lite-cup-super-bounty\/#breadcrumb\"},\"inLanguage\":\"es\",\"potentialAction\":[{\"@type\":\"ReadAction\",\"target\":[\"https:\/\/pokerplanets1.com\/es\/promociones\/sun-lite-cup-super-bounty\/\"]}]},{\"@type\":\"BreadcrumbList\",\"@id\":\"https:\/\/pokerplanets1.com\/es\/promociones\/sun-lite-cup-super-bounty\/#breadcrumb\",\"itemListElement\":[{\"@type\":\"ListItem\",\"position\":1,\"name\":\"Home\",\"item\":\"https:\/\/pokerplanets1.com\/es\/\"},{\"@type\":\"ListItem\",\"position\":2,\"name\":\"Promociones\",\"item\":\"https:\/\/pokerplanets1.com\/es\/promociones\/\"},{\"@type\":\"ListItem\",\"position\":3,\"name\":\"Sun Lite Cup Super Bounty\"}]},{\"@type\":\"WebSite\",\"@id\":\"https:\/\/pokerplanets1.com\/es\/#website\",\"url\":\"https:\/\/pokerplanets1.com\/es\/\",\"name\":\"PokerPlanets\",\"description\":\"\",\"potentialAction\":[{\"@type\":\"SearchAction\",\"target\":{\"@type\":\"EntryPoint\",\"urlTemplate\":\"https:\/\/pokerplanets1.com\/es\/?s={search_term_string}\"},\"query-input\":{\"@type\":\"PropertyValueSpecification\",\"valueRequired\":true,\"valueName\":\"search_term_string\"}}],\"inLanguage\":\"es\"}]}<\/script>\n<!-- \/ Yoast SEO plugin. -->","yoast_head_json":{"title":"Sun Lite Cup Super Bounty - PokerPlanets","robots":{"index":"index","follow":"follow","max-snippet":"max-snippet:-1","max-image-preview":"max-image-preview:large","max-video-preview":"max-video-preview:-1"},"og_locale":"es_ES","og_type":"article","og_title":"Sun Lite Cup Super Bounty - PokerPlanets","og_description":"Sun Lite Cup: \u00a1el m\u00e1ximo valor por solo $5.5! Este 14 de febrero, celebra el D\u00eda de San Valent\u00edn con el Sun Lite Cup y su garant\u00eda aumentada de $3 000. Ritmo fren\u00e9tico, grandes recompensas por eliminaci\u00f3n y rakeback del 100 % \u2014 \u00a1todo para ti y con amor! Detalles del torneo: Inicio: 14 de [&hellip;]","og_url":"https:\/\/pokerplanets1.com\/es\/promociones\/sun-lite-cup-super-bounty\/","og_site_name":"PokerPlanets","article_modified_time":"2026-02-03T13:20:30+00:00","twitter_card":"summary_large_image","twitter_misc":{"Tiempo de lectura":"1 minuto"},"schema":{"@context":"https:\/\/schema.org","@graph":[{"@type":"WebPage","@id":"https:\/\/pokerplanets1.com\/es\/promociones\/sun-lite-cup-super-bounty\/","url":"https:\/\/pokerplanets1.com\/es\/promociones\/sun-lite-cup-super-bounty\/","name":"Sun Lite Cup Super Bounty - PokerPlanets","isPartOf":{"@id":"https:\/\/pokerplanets1.com\/es\/#website"},"datePublished":"2026-02-03T11:43:47+00:00","dateModified":"2026-02-03T13:20:30+00:00","breadcrumb":{"@id":"https:\/\/pokerplanets1.com\/es\/promociones\/sun-lite-cup-super-bounty\/#breadcrumb"},"inLanguage":"es","potentialAction":[{"@type":"ReadAction","target":["https:\/\/pokerplanets1.com\/es\/promociones\/sun-lite-cup-super-bounty\/"]}]},{"@type":"BreadcrumbList","@id":"https:\/\/pokerplanets1.com\/es\/promociones\/sun-lite-cup-super-bounty\/#breadcrumb","itemListElement":[{"@type":"ListItem","position":1,"name":"Home","item":"https:\/\/pokerplanets1.com\/es\/"},{"@type":"ListItem","position":2,"name":"Promociones","item":"https:\/\/pokerplanets1.com\/es\/promociones\/"},{"@type":"ListItem","position":3,"name":"Sun Lite Cup Super Bounty"}]},{"@type":"WebSite","@id":"https:\/\/pokerplanets1.com\/es\/#website","url":"https:\/\/pokerplanets1.com\/es\/","name":"PokerPlanets","description":"","potentialAction":[{"@type":"SearchAction","target":{"@type":"EntryPoint","urlTemplate":"https:\/\/pokerplanets1.com\/es\/?s={search_term_string}"},"query-input":{"@type":"PropertyValueSpecification","valueRequired":true,"valueName":"search_term_string"}}],"inLanguage":"es"}]}},"_links":{"self":[{"href":"https:\/\/pokerplanets1.com\/es\/wp-json\/wp\/v2\/pages\/10916","targetHints":{"allow":["GET"]}}],"collection":[{"href":"https:\/\/pokerplanets1.com\/es\/wp-json\/wp\/v2\/pages"}],"about":[{"href":"https:\/\/pokerplanets1.com\/es\/wp-json\/wp\/v2\/types\/page"}],"author":[{"embeddable":true,"href":"https:\/\/pokerplanets1.com\/es\/wp-json\/wp\/v2\/users\/1"}],"replies":[{"embeddable":true,"href":"https:\/\/pokerplanets1.com\/es\/wp-json\/wp\/v2\/comments?post=10916"}],"version-history":[{"count":1,"href":"https:\/\/pokerplanets1.com\/es\/wp-json\/wp\/v2\/pages\/10916\/revisions"}],"predecessor-version":[{"id":10917,"href":"https:\/\/pokerplanets1.com\/es\/wp-json\/wp\/v2\/pages\/10916\/revisions\/10917"}],"up":[{"embeddable":true,"href":"https:\/\/pokerplanets1.com\/es\/wp-json\/wp\/v2\/pages\/6515"}],"wp:attachment":[{"href":"https:\/\/pokerplanets1.com\/es\/wp-json\/wp\/v2\/media?parent=10916"}],"curies":[{"name":"wp","href":"https:\/\/api.w.org\/{rel}","templated":true}]}}