{"id":11045,"date":"2026-02-11T13:04:27","date_gmt":"2026-02-11T10:04:27","guid":{"rendered":"https:\/\/pokerplanets1.com\/promociones\/heartbreaker-freeroll\/"},"modified":"2026-02-11T13:19:15","modified_gmt":"2026-02-11T10:19:15","slug":"heartbreaker-freeroll","status":"publish","type":"page","link":"https:\/\/pokerplanets1.com\/es\/promociones\/heartbreaker-freeroll\/","title":{"rendered":"Heartbreaker Freeroll"},"content":{"rendered":"<p style=\"text-align: center;\"><span style=\"font-size: 14pt;\"><strong>\u00a1$2 500 para verdaderos rompecorazones!<\/strong><\/span><\/p>\r\n<p><span style=\"font-size: 10pt;\">Sabemos que tu agenda del D\u00eda de San Valent\u00edn est\u00e1 repleta \u2014 como debe ser para un aut\u00e9ntico rompecorazones. No pasa nada, te esperamos\u2026 hasta que regreses a las mesas y les recuerdes a todos lo bien que sabes ganar tambi\u00e9n en el p\u00f3ker.<\/span><\/p>\r\n<p><span style=\"font-size: 10pt;\"><strong>El 15 de febrero a las 16:00 CET <\/strong>\u2014 \u00a1<strong>Heartbreaker Freeroll <\/strong>con <strong>$2 500 garantizados<\/strong>! No es un torneo cualquiera: aqu\u00ed puedes jugar con varias pilas de fichas al mismo tiempo. S\u00ed, le\u00edste bien: <strong>pilas distintas en mesas distintas, lo que significa \u00a1cuatro veces m\u00e1s oportunidades de ganar!<\/strong><\/span><\/p>\r\n<p><span style=\"font-size: 10pt;\"><strong>Del 11 al 15 de febrero (16:00 CET)<\/strong>, consigue hasta <strong>4 entradas para el Heartbreaker Freeroll <\/strong>:<\/span><\/p>\r\n<ol>\r\n\t<li><span style=\"font-size: 10pt;\"><strong>1 entrada<\/strong> por generar <strong>$10 de rake en mesas cash.<\/strong><\/span><\/li>\r\n\t<li><span style=\"font-size: 10pt;\"><strong>1 entrada<\/strong> por generar <strong>$10 de rake en torneos.<\/strong><\/span><\/li>\r\n\t<li><span style=\"font-size: 10pt;\"><strong>1 entrada<\/strong> por un<strong> dep\u00f3sito exacto de $20.<\/strong><\/span><\/li>\r\n\t<li><span style=\"font-size: 10pt;\"><strong>1 entrada <\/strong>por un <strong>dep\u00f3sito exacto de $30.<\/strong><\/span><\/li>\r\n<\/ol>\r\n<p><span style=\"font-size: 10pt;\"><strong>Importante:<\/strong><\/span><\/p>\r\n<ul>\r\n\t<li><span style=\"font-size: 10pt;\">Los tickets se otorgan solo por dep\u00f3sitos de $20 y $30. Otros montos no califican.<\/span><\/li>\r\n\t<li><span style=\"font-size: 10pt;\"><strong>La inscripci\u00f3n al torneo se realiza autom\u00e1ticamente<\/strong> despu\u00e9s de completar la tarea.<\/span><\/li>\r\n\t<li><span style=\"font-size: 10pt;\">Puedes comprobar tu inscripci\u00f3n en la pesta\u00f1a <strong>\u201cMis torneos\u201d<\/strong>, ubicada en la esquina inferior derecha del cliente de juego.<\/span><\/li>\r\n<\/ul>\r\n<p style=\"text-align: center;\"><span style=\"font-size: 10pt;\"><strong>Un torneo, cuatro entradas, cuatro pilas \u2014 \u00a1cuatro veces m\u00e1s oportunidades de ser campe\u00f3n! Ll\u00e9vatelas todas y juega para ganar.<\/strong><\/span><\/p>\r\n<div style=\"margin: 0 auto; text-align: center;\"><div id=\"detectButton5\" style=\"margin: 0 auto; text-align: center;\"><button class=\"button  button--red\" type=\"button\"><svg class=\"svg\">\r\n              <use xlink:href=\"\/wp-content\/uploads\/2024\/12\/sprite.svg#lock\"><\/use>\r\n             <\/svg>  DESCARGAR POKERPLANETS <\/button><\/div><\/div>\r\n<p>&nbsp;<\/p>","protected":false},"excerpt":{"rendered":"<p>\u00a1$2 500 para verdaderos rompecorazones! Sabemos que tu agenda del D\u00eda de San Valent\u00edn est\u00e1 repleta \u2014 como debe ser para un aut\u00e9ntico rompecorazones. No pasa nada, te esperamos\u2026 hasta que regreses a las mesas y les recuerdes a todos lo bien que sabes ganar tambi\u00e9n en el p\u00f3ker. El 15 de febrero a las [&hellip;]<\/p>\n","protected":false},"author":1,"featured_media":0,"parent":6515,"menu_order":0,"comment_status":"closed","ping_status":"closed","template":"page-faq-nosidebar-promo.php","meta":{"_acf_changed":false,"inline_featured_image":false,"footnotes":""},"class_list":["post-11045","page","type-page","status-publish","hentry"],"acf":[],"yoast_head":"<!-- This site is optimized with the Yoast SEO plugin v24.4 - https:\/\/yoast.com\/wordpress\/plugins\/seo\/ -->\n<title>Heartbreaker Freeroll - PokerPlanets<\/title>\n<meta name=\"robots\" content=\"index, follow, max-snippet:-1, max-image-preview:large, max-video-preview:-1\" \/>\n<meta property=\"og:locale\" content=\"es_ES\" \/>\n<meta property=\"og:type\" content=\"article\" \/>\n<meta property=\"og:title\" content=\"Heartbreaker Freeroll - PokerPlanets\" \/>\n<meta property=\"og:description\" content=\"\u00a1$2 500 para verdaderos rompecorazones! Sabemos que tu agenda del D\u00eda de San Valent\u00edn est\u00e1 repleta \u2014 como debe ser para un aut\u00e9ntico rompecorazones. No pasa nada, te esperamos\u2026 hasta que regreses a las mesas y les recuerdes a todos lo bien que sabes ganar tambi\u00e9n en el p\u00f3ker. El 15 de febrero a las [&hellip;]\" \/>\n<meta property=\"og:url\" content=\"https:\/\/pokerplanets1.com\/es\/promociones\/heartbreaker-freeroll\/\" \/>\n<meta property=\"og:site_name\" content=\"PokerPlanets\" \/>\n<meta property=\"article:modified_time\" content=\"2026-02-11T10:19:15+00:00\" \/>\n<meta name=\"twitter:card\" content=\"summary_large_image\" \/>\n<meta name=\"twitter:label1\" content=\"Tiempo de lectura\" \/>\n\t<meta name=\"twitter:data1\" content=\"1 minuto\" \/>\n<script type=\"application\/ld+json\" class=\"yoast-schema-graph\">{\"@context\":\"https:\/\/schema.org\",\"@graph\":[{\"@type\":\"WebPage\",\"@id\":\"https:\/\/pokerplanets1.com\/es\/promociones\/heartbreaker-freeroll\/\",\"url\":\"https:\/\/pokerplanets1.com\/es\/promociones\/heartbreaker-freeroll\/\",\"name\":\"Heartbreaker Freeroll - PokerPlanets\",\"isPartOf\":{\"@id\":\"https:\/\/pokerplanets1.com\/es\/#website\"},\"datePublished\":\"2026-02-11T10:04:27+00:00\",\"dateModified\":\"2026-02-11T10:19:15+00:00\",\"breadcrumb\":{\"@id\":\"https:\/\/pokerplanets1.com\/es\/promociones\/heartbreaker-freeroll\/#breadcrumb\"},\"inLanguage\":\"es\",\"potentialAction\":[{\"@type\":\"ReadAction\",\"target\":[\"https:\/\/pokerplanets1.com\/es\/promociones\/heartbreaker-freeroll\/\"]}]},{\"@type\":\"BreadcrumbList\",\"@id\":\"https:\/\/pokerplanets1.com\/es\/promociones\/heartbreaker-freeroll\/#breadcrumb\",\"itemListElement\":[{\"@type\":\"ListItem\",\"position\":1,\"name\":\"Home\",\"item\":\"https:\/\/pokerplanets1.com\/es\/\"},{\"@type\":\"ListItem\",\"position\":2,\"name\":\"Promociones\",\"item\":\"https:\/\/pokerplanets1.com\/es\/promociones\/\"},{\"@type\":\"ListItem\",\"position\":3,\"name\":\"Heartbreaker Freeroll\"}]},{\"@type\":\"WebSite\",\"@id\":\"https:\/\/pokerplanets1.com\/es\/#website\",\"url\":\"https:\/\/pokerplanets1.com\/es\/\",\"name\":\"PokerPlanets\",\"description\":\"\",\"potentialAction\":[{\"@type\":\"SearchAction\",\"target\":{\"@type\":\"EntryPoint\",\"urlTemplate\":\"https:\/\/pokerplanets1.com\/es\/?s={search_term_string}\"},\"query-input\":{\"@type\":\"PropertyValueSpecification\",\"valueRequired\":true,\"valueName\":\"search_term_string\"}}],\"inLanguage\":\"es\"}]}<\/script>\n<!-- \/ Yoast SEO plugin. -->","yoast_head_json":{"title":"Heartbreaker Freeroll - PokerPlanets","robots":{"index":"index","follow":"follow","max-snippet":"max-snippet:-1","max-image-preview":"max-image-preview:large","max-video-preview":"max-video-preview:-1"},"og_locale":"es_ES","og_type":"article","og_title":"Heartbreaker Freeroll - PokerPlanets","og_description":"\u00a1$2 500 para verdaderos rompecorazones! Sabemos que tu agenda del D\u00eda de San Valent\u00edn est\u00e1 repleta \u2014 como debe ser para un aut\u00e9ntico rompecorazones. No pasa nada, te esperamos\u2026 hasta que regreses a las mesas y les recuerdes a todos lo bien que sabes ganar tambi\u00e9n en el p\u00f3ker. El 15 de febrero a las [&hellip;]","og_url":"https:\/\/pokerplanets1.com\/es\/promociones\/heartbreaker-freeroll\/","og_site_name":"PokerPlanets","article_modified_time":"2026-02-11T10:19:15+00:00","twitter_card":"summary_large_image","twitter_misc":{"Tiempo de lectura":"1 minuto"},"schema":{"@context":"https:\/\/schema.org","@graph":[{"@type":"WebPage","@id":"https:\/\/pokerplanets1.com\/es\/promociones\/heartbreaker-freeroll\/","url":"https:\/\/pokerplanets1.com\/es\/promociones\/heartbreaker-freeroll\/","name":"Heartbreaker Freeroll - PokerPlanets","isPartOf":{"@id":"https:\/\/pokerplanets1.com\/es\/#website"},"datePublished":"2026-02-11T10:04:27+00:00","dateModified":"2026-02-11T10:19:15+00:00","breadcrumb":{"@id":"https:\/\/pokerplanets1.com\/es\/promociones\/heartbreaker-freeroll\/#breadcrumb"},"inLanguage":"es","potentialAction":[{"@type":"ReadAction","target":["https:\/\/pokerplanets1.com\/es\/promociones\/heartbreaker-freeroll\/"]}]},{"@type":"BreadcrumbList","@id":"https:\/\/pokerplanets1.com\/es\/promociones\/heartbreaker-freeroll\/#breadcrumb","itemListElement":[{"@type":"ListItem","position":1,"name":"Home","item":"https:\/\/pokerplanets1.com\/es\/"},{"@type":"ListItem","position":2,"name":"Promociones","item":"https:\/\/pokerplanets1.com\/es\/promociones\/"},{"@type":"ListItem","position":3,"name":"Heartbreaker Freeroll"}]},{"@type":"WebSite","@id":"https:\/\/pokerplanets1.com\/es\/#website","url":"https:\/\/pokerplanets1.com\/es\/","name":"PokerPlanets","description":"","potentialAction":[{"@type":"SearchAction","target":{"@type":"EntryPoint","urlTemplate":"https:\/\/pokerplanets1.com\/es\/?s={search_term_string}"},"query-input":{"@type":"PropertyValueSpecification","valueRequired":true,"valueName":"search_term_string"}}],"inLanguage":"es"}]}},"_links":{"self":[{"href":"https:\/\/pokerplanets1.com\/es\/wp-json\/wp\/v2\/pages\/11045","targetHints":{"allow":["GET"]}}],"collection":[{"href":"https:\/\/pokerplanets1.com\/es\/wp-json\/wp\/v2\/pages"}],"about":[{"href":"https:\/\/pokerplanets1.com\/es\/wp-json\/wp\/v2\/types\/page"}],"author":[{"embeddable":true,"href":"https:\/\/pokerplanets1.com\/es\/wp-json\/wp\/v2\/users\/1"}],"replies":[{"embeddable":true,"href":"https:\/\/pokerplanets1.com\/es\/wp-json\/wp\/v2\/comments?post=11045"}],"version-history":[{"count":1,"href":"https:\/\/pokerplanets1.com\/es\/wp-json\/wp\/v2\/pages\/11045\/revisions"}],"predecessor-version":[{"id":11046,"href":"https:\/\/pokerplanets1.com\/es\/wp-json\/wp\/v2\/pages\/11045\/revisions\/11046"}],"up":[{"embeddable":true,"href":"https:\/\/pokerplanets1.com\/es\/wp-json\/wp\/v2\/pages\/6515"}],"wp:attachment":[{"href":"https:\/\/pokerplanets1.com\/es\/wp-json\/wp\/v2\/media?parent=11045"}],"curies":[{"name":"wp","href":"https:\/\/api.w.org\/{rel}","templated":true}]}}