{"id":11106,"date":"2026-02-12T16:33:32","date_gmt":"2026-02-12T13:33:32","guid":{"rendered":"https:\/\/pokerplanets1.com\/promociones\/triple-comet-cup-new-format\/"},"modified":"2026-02-12T16:43:02","modified_gmt":"2026-02-12T13:43:02","slug":"triple-comet-cup-new-format","status":"publish","type":"page","link":"https:\/\/pokerplanets1.com\/es\/promociones\/triple-comet-cup-new-format\/","title":{"rendered":"Triple Comet Cup"},"content":{"rendered":"<p style=\"text-align: center;\"><span style=\"font-size: 14pt;\"><strong>Triple Comet Cup<\/strong><\/span><\/p>\r\n<p><span style=\"font-size: 10pt;\"><strong>Triple Comet Cup: un torneo, tres velocidades y un solo objetivo. <\/strong>Juega los <strong>D\u00edas 1 por $3.3, $5.5 o $11<\/strong>, avanza a la Final y compite por un pozo de premios <strong>desde $5 000<\/strong>.<\/span><\/p>\r\n<p><span style=\"font-size: 10pt;\"><strong>Elige tu velocidad en el D\u00eda 1:<\/strong><\/span><\/p>\r\n<ul>\r\n\t<li><span style=\"font-size: 10pt;\"><strong>Lite ($3.30)<\/strong> \u2014<strong> el 5\u202f% <\/strong>superior avanza <strong>a la Final<\/strong><\/span><\/li>\r\n\t<li><span style=\"font-size: 10pt;\"><strong>Medium ($5.50) <\/strong>\u2014<strong> el 8\u202f%<\/strong> superior avanza<\/span><\/li>\r\n\t<li><span style=\"font-size: 10pt;\"><strong>Classic ($11) <\/strong>\u2014 <strong>el 16\u202f%<\/strong> superior avanza<\/span><\/li>\r\n<\/ul>\r\n<p><span style=\"font-size: 10pt;\"><strong>Horario del Dia 1 (CET): <\/strong><\/span><\/p>\r\n<ul>\r\n\t<li><span style=\"font-size: 10pt;\"><strong>Lite: <\/strong>13\u201321 de febrero a las 09:30, 13:30 y 20:30 CET | 22 de febrero a las 09:30 CET<\/span><\/li>\r\n\t<li><span style=\"font-size: 10pt;\"><strong>Medium:<\/strong> 13\u201321 de febrero a las 10:30, 14:30 y 17:30 CET | 22 de febrero a las 10:30 CET<\/span><\/li>\r\n\t<li><span style=\"font-size: 10pt;\"><strong>Classic: <\/strong>13\u201321 de febrero a las 11:30, 16:30 y 19:30 CET | 22 de febrero a las 11:30 CET<\/span><\/li>\r\n<\/ul>\r\n<p><span style=\"font-size: 10pt;\">Puedes entrar en los D\u00edas 1 a trav\u00e9s de sat\u00e9lites cl\u00e1sicos o All-In Flips con entradas desde $0.33.<\/span><\/p>\r\n<p><span style=\"font-size: 10pt;\"><strong>Dia Final:<\/strong><\/span><\/p>\r\n<ul>\r\n\t<li><span style=\"font-size: 10pt;\"><strong>22 de febrero a las 16:30 CET<\/strong><\/span><\/li>\r\n\t<li><span style=\"font-size: 10pt;\"><strong>$5.000 garantizada<\/strong><\/span><\/li>\r\n\t<li><span style=\"font-size: 10pt;\"><strong>\u00a1Todos los jugadores ya est\u00e1n en premios!<\/strong><\/span><\/li>\r\n<\/ul>\r\n<p><span style=\"font-size: 10pt;\">Puedes jugar varios D\u00edas 1 \u2014 solo tu stack m\u00e1s grande pasar\u00e1 a la Final.<\/span><\/p>\r\n<p style=\"text-align: center;\"><span style=\"font-size: 10pt;\"><strong>Elige tu ritmo, classificate y juega por tu parte del pozo de $5 000.<\/strong><\/span><\/p>\r\n<div style=\"margin: 0 auto; text-align: center;\"><div id=\"detectButton5\" style=\"margin: 0 auto; text-align: center;\"><button class=\"button  button--red\" type=\"button\"><svg class=\"svg\">\r\n              <use xlink:href=\"\/wp-content\/uploads\/2024\/12\/sprite.svg#lock\"><\/use>\r\n             <\/svg>  DESCARGAR POKERPLANETS <\/button><\/div><\/div>\r\n<p>&nbsp;<\/p>","protected":false},"excerpt":{"rendered":"<p>Triple Comet Cup Triple Comet Cup: un torneo, tres velocidades y un solo objetivo. Juega los D\u00edas 1 por $3.3, $5.5 o $11, avanza a la Final y compite por un pozo de premios desde $5 000. Elige tu velocidad en el D\u00eda 1: Lite ($3.30) \u2014 el 5\u202f% superior avanza a la Final Medium [&hellip;]<\/p>\n","protected":false},"author":1,"featured_media":0,"parent":6515,"menu_order":0,"comment_status":"closed","ping_status":"closed","template":"page-faq-nosidebar-promo.php","meta":{"_acf_changed":false,"inline_featured_image":false,"footnotes":""},"class_list":["post-11106","page","type-page","status-publish","hentry"],"acf":[],"yoast_head":"<!-- This site is optimized with the Yoast SEO plugin v24.4 - https:\/\/yoast.com\/wordpress\/plugins\/seo\/ -->\n<title>Triple Comet Cup - PokerPlanets<\/title>\n<meta name=\"robots\" content=\"index, follow, max-snippet:-1, max-image-preview:large, max-video-preview:-1\" \/>\n<meta property=\"og:locale\" content=\"es_ES\" \/>\n<meta property=\"og:type\" content=\"article\" \/>\n<meta property=\"og:title\" content=\"Triple Comet Cup - PokerPlanets\" \/>\n<meta property=\"og:description\" content=\"Triple Comet Cup Triple Comet Cup: un torneo, tres velocidades y un solo objetivo. Juega los D\u00edas 1 por $3.3, $5.5 o $11, avanza a la Final y compite por un pozo de premios desde $5 000. Elige tu velocidad en el D\u00eda 1: Lite ($3.30) \u2014 el 5\u202f% superior avanza a la Final Medium [&hellip;]\" \/>\n<meta property=\"og:url\" content=\"https:\/\/pokerplanets1.com\/es\/promociones\/triple-comet-cup-new-format\/\" \/>\n<meta property=\"og:site_name\" content=\"PokerPlanets\" \/>\n<meta property=\"article:modified_time\" content=\"2026-02-12T13:43:02+00:00\" \/>\n<meta name=\"twitter:card\" content=\"summary_large_image\" \/>\n<meta name=\"twitter:label1\" content=\"Tiempo de lectura\" \/>\n\t<meta name=\"twitter:data1\" content=\"1 minuto\" \/>\n<script type=\"application\/ld+json\" class=\"yoast-schema-graph\">{\"@context\":\"https:\/\/schema.org\",\"@graph\":[{\"@type\":\"WebPage\",\"@id\":\"https:\/\/pokerplanets1.com\/es\/promociones\/triple-comet-cup-new-format\/\",\"url\":\"https:\/\/pokerplanets1.com\/es\/promociones\/triple-comet-cup-new-format\/\",\"name\":\"Triple Comet Cup - PokerPlanets\",\"isPartOf\":{\"@id\":\"https:\/\/pokerplanets1.com\/es\/#website\"},\"datePublished\":\"2026-02-12T13:33:32+00:00\",\"dateModified\":\"2026-02-12T13:43:02+00:00\",\"breadcrumb\":{\"@id\":\"https:\/\/pokerplanets1.com\/es\/promociones\/triple-comet-cup-new-format\/#breadcrumb\"},\"inLanguage\":\"es\",\"potentialAction\":[{\"@type\":\"ReadAction\",\"target\":[\"https:\/\/pokerplanets1.com\/es\/promociones\/triple-comet-cup-new-format\/\"]}]},{\"@type\":\"BreadcrumbList\",\"@id\":\"https:\/\/pokerplanets1.com\/es\/promociones\/triple-comet-cup-new-format\/#breadcrumb\",\"itemListElement\":[{\"@type\":\"ListItem\",\"position\":1,\"name\":\"Home\",\"item\":\"https:\/\/pokerplanets1.com\/es\/\"},{\"@type\":\"ListItem\",\"position\":2,\"name\":\"Promociones\",\"item\":\"https:\/\/pokerplanets1.com\/es\/promociones\/\"},{\"@type\":\"ListItem\",\"position\":3,\"name\":\"Triple Comet Cup\"}]},{\"@type\":\"WebSite\",\"@id\":\"https:\/\/pokerplanets1.com\/es\/#website\",\"url\":\"https:\/\/pokerplanets1.com\/es\/\",\"name\":\"PokerPlanets\",\"description\":\"\",\"potentialAction\":[{\"@type\":\"SearchAction\",\"target\":{\"@type\":\"EntryPoint\",\"urlTemplate\":\"https:\/\/pokerplanets1.com\/es\/?s={search_term_string}\"},\"query-input\":{\"@type\":\"PropertyValueSpecification\",\"valueRequired\":true,\"valueName\":\"search_term_string\"}}],\"inLanguage\":\"es\"}]}<\/script>\n<!-- \/ Yoast SEO plugin. -->","yoast_head_json":{"title":"Triple Comet Cup - PokerPlanets","robots":{"index":"index","follow":"follow","max-snippet":"max-snippet:-1","max-image-preview":"max-image-preview:large","max-video-preview":"max-video-preview:-1"},"og_locale":"es_ES","og_type":"article","og_title":"Triple Comet Cup - PokerPlanets","og_description":"Triple Comet Cup Triple Comet Cup: un torneo, tres velocidades y un solo objetivo. Juega los D\u00edas 1 por $3.3, $5.5 o $11, avanza a la Final y compite por un pozo de premios desde $5 000. Elige tu velocidad en el D\u00eda 1: Lite ($3.30) \u2014 el 5\u202f% superior avanza a la Final Medium [&hellip;]","og_url":"https:\/\/pokerplanets1.com\/es\/promociones\/triple-comet-cup-new-format\/","og_site_name":"PokerPlanets","article_modified_time":"2026-02-12T13:43:02+00:00","twitter_card":"summary_large_image","twitter_misc":{"Tiempo de lectura":"1 minuto"},"schema":{"@context":"https:\/\/schema.org","@graph":[{"@type":"WebPage","@id":"https:\/\/pokerplanets1.com\/es\/promociones\/triple-comet-cup-new-format\/","url":"https:\/\/pokerplanets1.com\/es\/promociones\/triple-comet-cup-new-format\/","name":"Triple Comet Cup - PokerPlanets","isPartOf":{"@id":"https:\/\/pokerplanets1.com\/es\/#website"},"datePublished":"2026-02-12T13:33:32+00:00","dateModified":"2026-02-12T13:43:02+00:00","breadcrumb":{"@id":"https:\/\/pokerplanets1.com\/es\/promociones\/triple-comet-cup-new-format\/#breadcrumb"},"inLanguage":"es","potentialAction":[{"@type":"ReadAction","target":["https:\/\/pokerplanets1.com\/es\/promociones\/triple-comet-cup-new-format\/"]}]},{"@type":"BreadcrumbList","@id":"https:\/\/pokerplanets1.com\/es\/promociones\/triple-comet-cup-new-format\/#breadcrumb","itemListElement":[{"@type":"ListItem","position":1,"name":"Home","item":"https:\/\/pokerplanets1.com\/es\/"},{"@type":"ListItem","position":2,"name":"Promociones","item":"https:\/\/pokerplanets1.com\/es\/promociones\/"},{"@type":"ListItem","position":3,"name":"Triple Comet Cup"}]},{"@type":"WebSite","@id":"https:\/\/pokerplanets1.com\/es\/#website","url":"https:\/\/pokerplanets1.com\/es\/","name":"PokerPlanets","description":"","potentialAction":[{"@type":"SearchAction","target":{"@type":"EntryPoint","urlTemplate":"https:\/\/pokerplanets1.com\/es\/?s={search_term_string}"},"query-input":{"@type":"PropertyValueSpecification","valueRequired":true,"valueName":"search_term_string"}}],"inLanguage":"es"}]}},"_links":{"self":[{"href":"https:\/\/pokerplanets1.com\/es\/wp-json\/wp\/v2\/pages\/11106","targetHints":{"allow":["GET"]}}],"collection":[{"href":"https:\/\/pokerplanets1.com\/es\/wp-json\/wp\/v2\/pages"}],"about":[{"href":"https:\/\/pokerplanets1.com\/es\/wp-json\/wp\/v2\/types\/page"}],"author":[{"embeddable":true,"href":"https:\/\/pokerplanets1.com\/es\/wp-json\/wp\/v2\/users\/1"}],"replies":[{"embeddable":true,"href":"https:\/\/pokerplanets1.com\/es\/wp-json\/wp\/v2\/comments?post=11106"}],"version-history":[{"count":1,"href":"https:\/\/pokerplanets1.com\/es\/wp-json\/wp\/v2\/pages\/11106\/revisions"}],"predecessor-version":[{"id":11107,"href":"https:\/\/pokerplanets1.com\/es\/wp-json\/wp\/v2\/pages\/11106\/revisions\/11107"}],"up":[{"embeddable":true,"href":"https:\/\/pokerplanets1.com\/es\/wp-json\/wp\/v2\/pages\/6515"}],"wp:attachment":[{"href":"https:\/\/pokerplanets1.com\/es\/wp-json\/wp\/v2\/media?parent=11106"}],"curies":[{"name":"wp","href":"https:\/\/api.w.org\/{rel}","templated":true}]}}