{"id":11375,"date":"2026-03-02T05:19:53","date_gmt":"2026-03-02T02:19:53","guid":{"rendered":"https:\/\/pokerplanets1.com\/promociones\/diamond-freeroll\/"},"modified":"2026-03-02T05:26:22","modified_gmt":"2026-03-02T02:26:22","slug":"diamond-freeroll","status":"publish","type":"page","link":"https:\/\/pokerplanets1.com\/es\/promociones\/diamond-freeroll\/","title":{"rendered":"Diamond Freeroll"},"content":{"rendered":"<p style=\"text-align: center;\"><span style=\"font-size: 14pt;\"><strong>Diamond Freeroll: un torneo para todos, pero aqui las protagonistas son las damas<\/strong><\/span><\/p>\r\n<p><span style=\"font-size: 10pt;\"><strong>El 8 de marzo a las 18:00 CET<\/strong>: un torneo especial de fiesta con garant\u00eda de <strong>$2 500<\/strong> y <a href=\"https:\/\/pokerplanets.com\/es\/poker\/torneos\/\"><strong>[multi-entries]<\/strong><\/a>. Juegue con diferentes stacks en distintas mesas al mismo tiempo y aumente sus posibilidades de ganar.<\/span><\/p>\r\n<p><span style=\"font-size: 10pt;\"><strong>Del 2 al 8 de marzo<\/strong>, consiga<strong> hasta<\/strong> <strong>4<\/strong> entradas para el Diamond Freeroll.<\/span><\/p>\r\n<p><span style=\"font-size: 10pt;\"><strong>Las damas reciben 1 ticket de regalo.<\/strong> Basta con iniciar sesi\u00f3n en su cuenta durante el periodo de la promoci\u00f3n. Luego, usted elige. Ya tiene un stack: puede conseguir hasta tres m\u00e1s completando las tareas que prefiera:<\/span><\/p>\r\n<ul>\r\n\t<li><span style=\"font-size: 10pt;\"><strong>1 ticket<\/strong> por <strong>$10 de rake en juegos de cash.<\/strong><\/span><\/li>\r\n\t<li><span style=\"font-size: 10pt;\"><strong>1 ticket<\/strong> por <strong>$10 de rake en torneos<\/strong>.<\/span><\/li>\r\n\t<li><span style=\"font-size: 10pt;\"><strong>1 ticket<\/strong> por un <strong>dep\u00f3sito de $20<\/strong>.<\/span><\/li>\r\n\t<li><span style=\"font-size: 10pt;\"><strong>1 ticket<\/strong> por un d<strong>ep\u00f3sito de $50<\/strong>.<\/span><\/li>\r\n<\/ul>\r\n<p><span style=\"font-size: 10pt;\"><strong>Women\u2019s Last Longer por un styler Dyson<\/strong><\/span><\/p>\r\n<p><span style=\"font-size: 10pt;\">Las tres mujeres que permanezcan m\u00e1s tiempo en el torneo recibir\u00e1n premios especiales:<\/span><\/p>\r\n<ul>\r\n\t<li><span style=\"font-size: 10pt;\">1 lugar: <strong>styler Dyson<\/strong> + avatar unico<\/span><\/li>\r\n\t<li><span style=\"font-size: 10pt;\">2\u20133 lugar: <strong>ticket de $165 para el Ladies Event RPC Sochi <\/strong>(transmisi\u00f3n por TV el 25 de marzo) + avatar unico<\/span><\/li>\r\n<\/ul>\r\n<p><span style=\"font-size: 10pt;\">Cuantos m\u00e1s tickets, mejores probabilidades. Consiga el m\u00e1ximo y juegue por la victoria.<\/span><\/p>\r\n<p><span style=\"font-size: 10pt;\"><strong>Importante:<\/strong><\/span><\/p>\r\n<ul>\r\n\t<li><span style=\"font-size: 10pt;\"><strong>Cada jugador puede recibir un m\u00e1ximo de 4 tickets.<\/strong><\/span><\/li>\r\n\t<li><span style=\"font-size: 10pt;\">El ticket extra para mujeres se otorga s\u00f3lo si la cuenta est\u00e1 verificada. <strong>Puede completar la verificaci\u00f3n durante la promoci\u00f3n y a\u00fan as\u00ed recibir la entrada de regalo.<\/strong><\/span><\/li>\r\n\t<li><span style=\"font-size: 10pt;\">Los tickets se otorgan solo por dep\u00f3sitos de $20 y $50. Otros importes no cuentan. <strong>Los dep\u00f3sitos repetidos no otorgan tickets adicionales.<\/strong><\/span><\/li>\r\n\t<li><span style=\"font-size: 10pt;\"><strong>La inscripci\u00f3n al torneo es autom\u00e1tica<\/strong> una vez completada la tarea.<\/span><\/li>\r\n\t<li><span style=\"font-size: 10pt;\">Puede comprobar su inscripci\u00f3n en la pesta\u00f1a <strong>\u201cMy Tournaments\u201d<\/strong>, en la esquina inferior derecha del cliente de juego.<\/span><\/li>\r\n<\/ul>\r\n<div style=\"margin: 0 auto; text-align: center;\"><div id=\"detectButton5\" style=\"margin: 0 auto; text-align: center;\"><button class=\"button  button--red\" type=\"button\"><svg class=\"svg\">\r\n              <use xlink:href=\"\/wp-content\/uploads\/2024\/12\/sprite.svg#lock\"><\/use>\r\n             <\/svg>  DESCARGAR POKERPLANETS <\/button><\/div><\/div>\r\n<p>&nbsp;<\/p>","protected":false},"excerpt":{"rendered":"<p>Diamond Freeroll: un torneo para todos, pero aqui las protagonistas son las damas El 8 de marzo a las 18:00 CET: un torneo especial de fiesta con garant\u00eda de $2 500 y [multi-entries]. Juegue con diferentes stacks en distintas mesas al mismo tiempo y aumente sus posibilidades de ganar. Del 2 al 8 de marzo, [&hellip;]<\/p>\n","protected":false},"author":1,"featured_media":0,"parent":6515,"menu_order":0,"comment_status":"closed","ping_status":"closed","template":"page-faq-nosidebar-promo.php","meta":{"_acf_changed":false,"inline_featured_image":false,"footnotes":""},"class_list":["post-11375","page","type-page","status-publish","hentry"],"acf":[],"yoast_head":"<!-- This site is optimized with the Yoast SEO plugin v24.4 - https:\/\/yoast.com\/wordpress\/plugins\/seo\/ -->\n<title>Diamond Freeroll - PokerPlanets<\/title>\n<meta name=\"robots\" content=\"index, follow, max-snippet:-1, max-image-preview:large, max-video-preview:-1\" \/>\n<meta property=\"og:locale\" content=\"es_ES\" \/>\n<meta property=\"og:type\" content=\"article\" \/>\n<meta property=\"og:title\" content=\"Diamond Freeroll - PokerPlanets\" \/>\n<meta property=\"og:description\" content=\"Diamond Freeroll: un torneo para todos, pero aqui las protagonistas son las damas El 8 de marzo a las 18:00 CET: un torneo especial de fiesta con garant\u00eda de $2 500 y [multi-entries]. Juegue con diferentes stacks en distintas mesas al mismo tiempo y aumente sus posibilidades de ganar. Del 2 al 8 de marzo, [&hellip;]\" \/>\n<meta property=\"og:url\" content=\"https:\/\/pokerplanets1.com\/es\/promociones\/diamond-freeroll\/\" \/>\n<meta property=\"og:site_name\" content=\"PokerPlanets\" \/>\n<meta property=\"article:modified_time\" content=\"2026-03-02T02:26:22+00:00\" \/>\n<meta name=\"twitter:card\" content=\"summary_large_image\" \/>\n<meta name=\"twitter:label1\" content=\"Tiempo de lectura\" \/>\n\t<meta name=\"twitter:data1\" content=\"2 minutos\" \/>\n<script type=\"application\/ld+json\" class=\"yoast-schema-graph\">{\"@context\":\"https:\/\/schema.org\",\"@graph\":[{\"@type\":\"WebPage\",\"@id\":\"https:\/\/pokerplanets1.com\/es\/promociones\/diamond-freeroll\/\",\"url\":\"https:\/\/pokerplanets1.com\/es\/promociones\/diamond-freeroll\/\",\"name\":\"Diamond Freeroll - PokerPlanets\",\"isPartOf\":{\"@id\":\"https:\/\/pokerplanets1.com\/es\/#website\"},\"datePublished\":\"2026-03-02T02:19:53+00:00\",\"dateModified\":\"2026-03-02T02:26:22+00:00\",\"breadcrumb\":{\"@id\":\"https:\/\/pokerplanets1.com\/es\/promociones\/diamond-freeroll\/#breadcrumb\"},\"inLanguage\":\"es\",\"potentialAction\":[{\"@type\":\"ReadAction\",\"target\":[\"https:\/\/pokerplanets1.com\/es\/promociones\/diamond-freeroll\/\"]}]},{\"@type\":\"BreadcrumbList\",\"@id\":\"https:\/\/pokerplanets1.com\/es\/promociones\/diamond-freeroll\/#breadcrumb\",\"itemListElement\":[{\"@type\":\"ListItem\",\"position\":1,\"name\":\"Home\",\"item\":\"https:\/\/pokerplanets1.com\/es\/\"},{\"@type\":\"ListItem\",\"position\":2,\"name\":\"Promociones\",\"item\":\"https:\/\/pokerplanets1.com\/es\/promociones\/\"},{\"@type\":\"ListItem\",\"position\":3,\"name\":\"Diamond Freeroll\"}]},{\"@type\":\"WebSite\",\"@id\":\"https:\/\/pokerplanets1.com\/es\/#website\",\"url\":\"https:\/\/pokerplanets1.com\/es\/\",\"name\":\"PokerPlanets\",\"description\":\"\",\"potentialAction\":[{\"@type\":\"SearchAction\",\"target\":{\"@type\":\"EntryPoint\",\"urlTemplate\":\"https:\/\/pokerplanets1.com\/es\/?s={search_term_string}\"},\"query-input\":{\"@type\":\"PropertyValueSpecification\",\"valueRequired\":true,\"valueName\":\"search_term_string\"}}],\"inLanguage\":\"es\"}]}<\/script>\n<!-- \/ Yoast SEO plugin. -->","yoast_head_json":{"title":"Diamond Freeroll - PokerPlanets","robots":{"index":"index","follow":"follow","max-snippet":"max-snippet:-1","max-image-preview":"max-image-preview:large","max-video-preview":"max-video-preview:-1"},"og_locale":"es_ES","og_type":"article","og_title":"Diamond Freeroll - PokerPlanets","og_description":"Diamond Freeroll: un torneo para todos, pero aqui las protagonistas son las damas El 8 de marzo a las 18:00 CET: un torneo especial de fiesta con garant\u00eda de $2 500 y [multi-entries]. Juegue con diferentes stacks en distintas mesas al mismo tiempo y aumente sus posibilidades de ganar. Del 2 al 8 de marzo, [&hellip;]","og_url":"https:\/\/pokerplanets1.com\/es\/promociones\/diamond-freeroll\/","og_site_name":"PokerPlanets","article_modified_time":"2026-03-02T02:26:22+00:00","twitter_card":"summary_large_image","twitter_misc":{"Tiempo de lectura":"2 minutos"},"schema":{"@context":"https:\/\/schema.org","@graph":[{"@type":"WebPage","@id":"https:\/\/pokerplanets1.com\/es\/promociones\/diamond-freeroll\/","url":"https:\/\/pokerplanets1.com\/es\/promociones\/diamond-freeroll\/","name":"Diamond Freeroll - PokerPlanets","isPartOf":{"@id":"https:\/\/pokerplanets1.com\/es\/#website"},"datePublished":"2026-03-02T02:19:53+00:00","dateModified":"2026-03-02T02:26:22+00:00","breadcrumb":{"@id":"https:\/\/pokerplanets1.com\/es\/promociones\/diamond-freeroll\/#breadcrumb"},"inLanguage":"es","potentialAction":[{"@type":"ReadAction","target":["https:\/\/pokerplanets1.com\/es\/promociones\/diamond-freeroll\/"]}]},{"@type":"BreadcrumbList","@id":"https:\/\/pokerplanets1.com\/es\/promociones\/diamond-freeroll\/#breadcrumb","itemListElement":[{"@type":"ListItem","position":1,"name":"Home","item":"https:\/\/pokerplanets1.com\/es\/"},{"@type":"ListItem","position":2,"name":"Promociones","item":"https:\/\/pokerplanets1.com\/es\/promociones\/"},{"@type":"ListItem","position":3,"name":"Diamond Freeroll"}]},{"@type":"WebSite","@id":"https:\/\/pokerplanets1.com\/es\/#website","url":"https:\/\/pokerplanets1.com\/es\/","name":"PokerPlanets","description":"","potentialAction":[{"@type":"SearchAction","target":{"@type":"EntryPoint","urlTemplate":"https:\/\/pokerplanets1.com\/es\/?s={search_term_string}"},"query-input":{"@type":"PropertyValueSpecification","valueRequired":true,"valueName":"search_term_string"}}],"inLanguage":"es"}]}},"_links":{"self":[{"href":"https:\/\/pokerplanets1.com\/es\/wp-json\/wp\/v2\/pages\/11375","targetHints":{"allow":["GET"]}}],"collection":[{"href":"https:\/\/pokerplanets1.com\/es\/wp-json\/wp\/v2\/pages"}],"about":[{"href":"https:\/\/pokerplanets1.com\/es\/wp-json\/wp\/v2\/types\/page"}],"author":[{"embeddable":true,"href":"https:\/\/pokerplanets1.com\/es\/wp-json\/wp\/v2\/users\/1"}],"replies":[{"embeddable":true,"href":"https:\/\/pokerplanets1.com\/es\/wp-json\/wp\/v2\/comments?post=11375"}],"version-history":[{"count":1,"href":"https:\/\/pokerplanets1.com\/es\/wp-json\/wp\/v2\/pages\/11375\/revisions"}],"predecessor-version":[{"id":11376,"href":"https:\/\/pokerplanets1.com\/es\/wp-json\/wp\/v2\/pages\/11375\/revisions\/11376"}],"up":[{"embeddable":true,"href":"https:\/\/pokerplanets1.com\/es\/wp-json\/wp\/v2\/pages\/6515"}],"wp:attachment":[{"href":"https:\/\/pokerplanets1.com\/es\/wp-json\/wp\/v2\/media?parent=11375"}],"curies":[{"name":"wp","href":"https:\/\/api.w.org\/{rel}","templated":true}]}}