{"id":11522,"date":"2026-03-12T17:13:35","date_gmt":"2026-03-12T14:13:35","guid":{"rendered":"https:\/\/pokerplanets1.com\/promociones\/triple-comet-cup-2\/"},"modified":"2026-03-12T17:37:09","modified_gmt":"2026-03-12T14:37:09","slug":"triple-comet-cup-2","status":"publish","type":"page","link":"https:\/\/pokerplanets1.com\/es\/promociones\/triple-comet-cup-2\/","title":{"rendered":"Triple Comet Cup"},"content":{"rendered":"<p style=\"text-align: center;\"><span style=\"font-size: 14pt;\"><strong>Triple Comet Cup \u2014 del 13 al 22 de marzo.<\/strong><\/span><\/p>\r\n<p><span style=\"font-size: 10pt;\">Mira al cielo. <strong>Del 13 al 22 de marzo, el Cometa Triple <\/strong>vuelve a cruzar el cielo de PokerPlanets. Tres niveles de buy-in, tres velocidades y un solo Final.<\/span><\/p>\r\n<p><span style=\"font-size: 10pt;\">Elige tu modo del D\u00eda 1:<\/span><\/p>\r\n<ul>\r\n\t<li><span style=\"font-size: 10pt;\"><strong>Lite (buy-in $3.3) <\/strong>\u2014 el <strong>5%<\/strong> de los jugadores avanza <strong>al Final<\/strong>.<\/span><\/li>\r\n\t<li><span style=\"font-size: 10pt;\"><strong>Medium (buy-in $5.5)<\/strong> \u2014 el <strong>8%<\/strong> de los jugadores avanza <strong>al Final<\/strong>.<\/span><\/li>\r\n\t<li><span style=\"font-size: 10pt;\"><strong>Classic (buy-in $11)<\/strong> \u2014 el <strong>16%<\/strong> de los jugadores avanza <strong>al Final<\/strong>.<\/span><\/li>\r\n<\/ul>\r\n<p><span style=\"font-size: 10pt;\"><strong>Horario de los D\u00edas 1 (CET):<\/strong><\/span><\/p>\r\n<p><span style=\"font-size: 10pt;\"><strong>Lite:<\/strong> 13\u201321 de marzo a las 09:30, 13:30, 15:30, 18:30, 20:30 | 22 de marzo a las 09:30<br \/>\r\n<strong>Medium:<\/strong> 13\u201321 de marzo a las 10:30, 12:30, 14:30, 17:30 | 22 de marzo a las 10:30<br \/>\r\n<strong>Classic:<\/strong> 13\u201321 de marzo a las 11:30, 16:30, 19:30 | 22 de marzo a las 11:30<\/span><\/p>\r\n<p><span style=\"font-size: 10pt;\">Puedes entrar al D\u00eda 1 mediante All-In Flip, sat\u00e9lites cl\u00e1sicos desde $0.33 o torneos freebuy.<\/span><\/p>\r\n<p><span style=\"font-size: 10pt;\"><strong>Final:<\/strong><\/span><\/p>\r\n<ul>\r\n\t<li><span style=\"font-size: 10pt;\"><strong>Fecha y hora: 22 de marzo a las 17:30 CET<\/strong><\/span><\/li>\r\n\t<li><span style=\"font-size: 10pt;\"><strong>Garant\u00eda: $5 000<\/strong><\/span><\/li>\r\n\t<li><span style=\"font-size: 10pt;\"><strong>Todos los jugadores ya est\u00e1n en premios.<\/strong><\/span><\/li>\r\n<\/ul>\r\n<p><span style=\"font-size: 10pt;\">Puedes jugar varios d\u00edas iniciales y llevar tu stack m\u00e1s grande al Final.<\/span><\/p>\r\n<p style=\"text-align: center;\"><span style=\"font-size: 10pt;\"><strong>Elige tu buy-in y comienza tu camino hacia el Final con una garant\u00eda de $5 000.<\/strong><\/span><\/p>\r\n<div style=\"margin: 0 auto; text-align: center;\"><div id=\"detectButton5\" style=\"margin: 0 auto; text-align: center;\"><button class=\"button  button--red\" type=\"button\"><svg class=\"svg\">\r\n              <use xlink:href=\"\/wp-content\/uploads\/2024\/12\/sprite.svg#lock\"><\/use>\r\n             <\/svg>  DESCARGAR POKERPLANETS <\/button><\/div><\/div>\r\n<p>&nbsp;<\/p>","protected":false},"excerpt":{"rendered":"<p>Triple Comet Cup \u2014 del 13 al 22 de marzo. Mira al cielo. Del 13 al 22 de marzo, el Cometa Triple vuelve a cruzar el cielo de PokerPlanets. Tres niveles de buy-in, tres velocidades y un solo Final. Elige tu modo del D\u00eda 1: Lite (buy-in $3.3) \u2014 el 5% de los jugadores avanza [&hellip;]<\/p>\n","protected":false},"author":1,"featured_media":0,"parent":6515,"menu_order":0,"comment_status":"closed","ping_status":"closed","template":"page-faq-nosidebar-promo.php","meta":{"_acf_changed":false,"inline_featured_image":false,"footnotes":""},"class_list":["post-11522","page","type-page","status-publish","hentry"],"acf":[],"yoast_head":"<!-- This site is optimized with the Yoast SEO plugin v24.4 - https:\/\/yoast.com\/wordpress\/plugins\/seo\/ -->\n<title>Triple Comet Cup - PokerPlanets<\/title>\n<meta name=\"robots\" content=\"index, follow, max-snippet:-1, max-image-preview:large, max-video-preview:-1\" \/>\n<meta property=\"og:locale\" content=\"es_ES\" \/>\n<meta property=\"og:type\" content=\"article\" \/>\n<meta property=\"og:title\" content=\"Triple Comet Cup - PokerPlanets\" \/>\n<meta property=\"og:description\" content=\"Triple Comet Cup \u2014 del 13 al 22 de marzo. Mira al cielo. Del 13 al 22 de marzo, el Cometa Triple vuelve a cruzar el cielo de PokerPlanets. Tres niveles de buy-in, tres velocidades y un solo Final. Elige tu modo del D\u00eda 1: Lite (buy-in $3.3) \u2014 el 5% de los jugadores avanza [&hellip;]\" \/>\n<meta property=\"og:url\" content=\"https:\/\/pokerplanets1.com\/es\/promociones\/triple-comet-cup-2\/\" \/>\n<meta property=\"og:site_name\" content=\"PokerPlanets\" \/>\n<meta property=\"article:modified_time\" content=\"2026-03-12T14:37:09+00:00\" \/>\n<meta name=\"twitter:card\" content=\"summary_large_image\" \/>\n<meta name=\"twitter:label1\" content=\"Tiempo de lectura\" \/>\n\t<meta name=\"twitter:data1\" content=\"1 minuto\" \/>\n<script type=\"application\/ld+json\" class=\"yoast-schema-graph\">{\"@context\":\"https:\/\/schema.org\",\"@graph\":[{\"@type\":\"WebPage\",\"@id\":\"https:\/\/pokerplanets1.com\/es\/promociones\/triple-comet-cup-2\/\",\"url\":\"https:\/\/pokerplanets1.com\/es\/promociones\/triple-comet-cup-2\/\",\"name\":\"Triple Comet Cup - PokerPlanets\",\"isPartOf\":{\"@id\":\"https:\/\/pokerplanets1.com\/es\/#website\"},\"datePublished\":\"2026-03-12T14:13:35+00:00\",\"dateModified\":\"2026-03-12T14:37:09+00:00\",\"breadcrumb\":{\"@id\":\"https:\/\/pokerplanets1.com\/es\/promociones\/triple-comet-cup-2\/#breadcrumb\"},\"inLanguage\":\"es\",\"potentialAction\":[{\"@type\":\"ReadAction\",\"target\":[\"https:\/\/pokerplanets1.com\/es\/promociones\/triple-comet-cup-2\/\"]}]},{\"@type\":\"BreadcrumbList\",\"@id\":\"https:\/\/pokerplanets1.com\/es\/promociones\/triple-comet-cup-2\/#breadcrumb\",\"itemListElement\":[{\"@type\":\"ListItem\",\"position\":1,\"name\":\"Home\",\"item\":\"https:\/\/pokerplanets1.com\/es\/\"},{\"@type\":\"ListItem\",\"position\":2,\"name\":\"Promociones\",\"item\":\"https:\/\/pokerplanets1.com\/es\/promociones\/\"},{\"@type\":\"ListItem\",\"position\":3,\"name\":\"Triple Comet Cup\"}]},{\"@type\":\"WebSite\",\"@id\":\"https:\/\/pokerplanets1.com\/es\/#website\",\"url\":\"https:\/\/pokerplanets1.com\/es\/\",\"name\":\"PokerPlanets\",\"description\":\"\",\"potentialAction\":[{\"@type\":\"SearchAction\",\"target\":{\"@type\":\"EntryPoint\",\"urlTemplate\":\"https:\/\/pokerplanets1.com\/es\/?s={search_term_string}\"},\"query-input\":{\"@type\":\"PropertyValueSpecification\",\"valueRequired\":true,\"valueName\":\"search_term_string\"}}],\"inLanguage\":\"es\"}]}<\/script>\n<!-- \/ Yoast SEO plugin. -->","yoast_head_json":{"title":"Triple Comet Cup - PokerPlanets","robots":{"index":"index","follow":"follow","max-snippet":"max-snippet:-1","max-image-preview":"max-image-preview:large","max-video-preview":"max-video-preview:-1"},"og_locale":"es_ES","og_type":"article","og_title":"Triple Comet Cup - PokerPlanets","og_description":"Triple Comet Cup \u2014 del 13 al 22 de marzo. Mira al cielo. Del 13 al 22 de marzo, el Cometa Triple vuelve a cruzar el cielo de PokerPlanets. Tres niveles de buy-in, tres velocidades y un solo Final. Elige tu modo del D\u00eda 1: Lite (buy-in $3.3) \u2014 el 5% de los jugadores avanza [&hellip;]","og_url":"https:\/\/pokerplanets1.com\/es\/promociones\/triple-comet-cup-2\/","og_site_name":"PokerPlanets","article_modified_time":"2026-03-12T14:37:09+00:00","twitter_card":"summary_large_image","twitter_misc":{"Tiempo de lectura":"1 minuto"},"schema":{"@context":"https:\/\/schema.org","@graph":[{"@type":"WebPage","@id":"https:\/\/pokerplanets1.com\/es\/promociones\/triple-comet-cup-2\/","url":"https:\/\/pokerplanets1.com\/es\/promociones\/triple-comet-cup-2\/","name":"Triple Comet Cup - PokerPlanets","isPartOf":{"@id":"https:\/\/pokerplanets1.com\/es\/#website"},"datePublished":"2026-03-12T14:13:35+00:00","dateModified":"2026-03-12T14:37:09+00:00","breadcrumb":{"@id":"https:\/\/pokerplanets1.com\/es\/promociones\/triple-comet-cup-2\/#breadcrumb"},"inLanguage":"es","potentialAction":[{"@type":"ReadAction","target":["https:\/\/pokerplanets1.com\/es\/promociones\/triple-comet-cup-2\/"]}]},{"@type":"BreadcrumbList","@id":"https:\/\/pokerplanets1.com\/es\/promociones\/triple-comet-cup-2\/#breadcrumb","itemListElement":[{"@type":"ListItem","position":1,"name":"Home","item":"https:\/\/pokerplanets1.com\/es\/"},{"@type":"ListItem","position":2,"name":"Promociones","item":"https:\/\/pokerplanets1.com\/es\/promociones\/"},{"@type":"ListItem","position":3,"name":"Triple Comet Cup"}]},{"@type":"WebSite","@id":"https:\/\/pokerplanets1.com\/es\/#website","url":"https:\/\/pokerplanets1.com\/es\/","name":"PokerPlanets","description":"","potentialAction":[{"@type":"SearchAction","target":{"@type":"EntryPoint","urlTemplate":"https:\/\/pokerplanets1.com\/es\/?s={search_term_string}"},"query-input":{"@type":"PropertyValueSpecification","valueRequired":true,"valueName":"search_term_string"}}],"inLanguage":"es"}]}},"_links":{"self":[{"href":"https:\/\/pokerplanets1.com\/es\/wp-json\/wp\/v2\/pages\/11522","targetHints":{"allow":["GET"]}}],"collection":[{"href":"https:\/\/pokerplanets1.com\/es\/wp-json\/wp\/v2\/pages"}],"about":[{"href":"https:\/\/pokerplanets1.com\/es\/wp-json\/wp\/v2\/types\/page"}],"author":[{"embeddable":true,"href":"https:\/\/pokerplanets1.com\/es\/wp-json\/wp\/v2\/users\/1"}],"replies":[{"embeddable":true,"href":"https:\/\/pokerplanets1.com\/es\/wp-json\/wp\/v2\/comments?post=11522"}],"version-history":[{"count":2,"href":"https:\/\/pokerplanets1.com\/es\/wp-json\/wp\/v2\/pages\/11522\/revisions"}],"predecessor-version":[{"id":11524,"href":"https:\/\/pokerplanets1.com\/es\/wp-json\/wp\/v2\/pages\/11522\/revisions\/11524"}],"up":[{"embeddable":true,"href":"https:\/\/pokerplanets1.com\/es\/wp-json\/wp\/v2\/pages\/6515"}],"wp:attachment":[{"href":"https:\/\/pokerplanets1.com\/es\/wp-json\/wp\/v2\/media?parent=11522"}],"curies":[{"name":"wp","href":"https:\/\/api.w.org\/{rel}","templated":true}]}}