{"id":11681,"date":"2026-03-24T02:09:30","date_gmt":"2026-03-23T23:09:30","guid":{"rendered":"https:\/\/pokerplanets1.com\/promociones\/sun-cup-2\/"},"modified":"2026-03-24T02:15:18","modified_gmt":"2026-03-23T23:15:18","slug":"sun-cup-2","status":"publish","type":"page","link":"https:\/\/pokerplanets1.com\/es\/promociones\/sun-cup-2\/","title":{"rendered":"Sun Cup"},"content":{"rendered":"<p style=\"text-align: center;\"><span style=\"font-size: 14pt;\"><strong>Sun Cup: cada mes \u2014 una oportunidad de 100% rakeback<\/strong><\/span><\/p>\r\n<p><span style=\"font-size: 10pt;\">Sun Cup es un torneo que puede hacer rentable no solo tu s\u00e1bado por la noche, sino tambi\u00e9n todo el mes siguiente.<\/span><\/p>\r\n<p><span style=\"font-size: 10pt;\">Un din\u00e1mico formato <strong>7-max<\/strong>, un buy-in accesible, una s\u00f3lida <strong>garant\u00eda de $5 000<\/strong> y un premio especial para los finalistas hacen de este evento algo que no deber\u00edas perderte.<\/span><\/p>\r\n<p><span style=\"font-size: 10pt;\"><strong>Informaci\u00f3n principal del pr\u00f3ximo torneo:<\/strong><\/span><\/p>\r\n<ul>\r\n\t<li><span style=\"font-size: 10pt;\"><strong>Fecha y hora: 28 de marzo a las 17:30 CET<\/strong><\/span><\/li>\r\n\t<li><span style=\"font-size: 10pt;\"><strong>Buy-in: $11<\/strong><\/span><\/li>\r\n\t<li><span style=\"font-size: 10pt;\"><strong>Garant\u00eda: $5 000<\/strong><\/span><\/li>\r\n\t<li><span style=\"font-size: 10pt;\">Formato: 7-max<\/span><\/li>\r\n\t<li><span style=\"font-size: 10pt;\">Super Bounty: 70% del pozo de premios en recompensas por eliminaciones<\/span><\/li>\r\n\t<li><span style=\"font-size: 10pt;\"><strong>Bono para los siete finalistas: 100% rakeback durante un mes<\/strong><\/span><\/li>\r\n<\/ul>\r\n<p><span style=\"font-size: 10pt;\"><strong>\u00bfC\u00f3mo entrar al Sun Cup?<\/strong><\/span><\/p>\r\n<p><span style=\"font-size: 10pt;\">Puedes registrarte directamente, ganar un ticket en otros torneos de PokerPlanet o clasificar a trav\u00e9s de:<\/span><\/p>\r\n<ul>\r\n\t<li><span style=\"font-size: 10pt;\">Freebuys;<\/span><\/li>\r\n\t<li><span style=\"font-size: 10pt;\">Steps por $0.33;<\/span><\/li>\r\n\t<li><span style=\"font-size: 10pt;\">Sat\u00e9lites cl\u00e1sicos por $1.1 y $2.2;<\/span><\/li>\r\n\t<li><span style=\"font-size: 10pt;\">All-in Flip por $0.77.<\/span><\/li>\r\n<\/ul>\r\n<p><span style=\"font-size: 10pt;\">Los tickets adicionales pueden usarse como re-entry o cambiarse por dinero de torneo (T$).<\/span><\/p>\r\n<p style=\"text-align: center;\"><span style=\"font-size: 10pt;\"><strong>Sun Cup es tu inversi\u00f3n m\u00e1s rentable. Llega a la mesa final y convierte $11 en un mes sin rake.<\/strong><\/span><\/p>\r\n<div style=\"margin: 0 auto; text-align: center;\"><div id=\"detectButton5\" style=\"margin: 0 auto; text-align: center;\"><button class=\"button  button--red\" type=\"button\"><svg class=\"svg\">\r\n              <use xlink:href=\"\/wp-content\/uploads\/2024\/12\/sprite.svg#lock\"><\/use>\r\n             <\/svg>  DESCARGAR POKERPLANETS <\/button><\/div><\/div>\r\n<p>&nbsp;<\/p>","protected":false},"excerpt":{"rendered":"<p>Sun Cup: cada mes \u2014 una oportunidad de 100% rakeback Sun Cup es un torneo que puede hacer rentable no solo tu s\u00e1bado por la noche, sino tambi\u00e9n todo el mes siguiente. Un din\u00e1mico formato 7-max, un buy-in accesible, una s\u00f3lida garant\u00eda de $5 000 y un premio especial para los finalistas hacen de este [&hellip;]<\/p>\n","protected":false},"author":1,"featured_media":0,"parent":6515,"menu_order":0,"comment_status":"closed","ping_status":"closed","template":"page-faq-nosidebar-promo.php","meta":{"_acf_changed":false,"inline_featured_image":false,"footnotes":""},"class_list":["post-11681","page","type-page","status-publish","hentry"],"acf":[],"yoast_head":"<!-- This site is optimized with the Yoast SEO plugin v24.4 - https:\/\/yoast.com\/wordpress\/plugins\/seo\/ -->\n<title>Sun Cup - PokerPlanets<\/title>\n<meta name=\"robots\" content=\"index, follow, max-snippet:-1, max-image-preview:large, max-video-preview:-1\" \/>\n<meta property=\"og:locale\" content=\"es_ES\" \/>\n<meta property=\"og:type\" content=\"article\" \/>\n<meta property=\"og:title\" content=\"Sun Cup - PokerPlanets\" \/>\n<meta property=\"og:description\" content=\"Sun Cup: cada mes \u2014 una oportunidad de 100% rakeback Sun Cup es un torneo que puede hacer rentable no solo tu s\u00e1bado por la noche, sino tambi\u00e9n todo el mes siguiente. Un din\u00e1mico formato 7-max, un buy-in accesible, una s\u00f3lida garant\u00eda de $5 000 y un premio especial para los finalistas hacen de este [&hellip;]\" \/>\n<meta property=\"og:url\" content=\"https:\/\/pokerplanets1.com\/es\/promociones\/sun-cup-2\/\" \/>\n<meta property=\"og:site_name\" content=\"PokerPlanets\" \/>\n<meta property=\"article:modified_time\" content=\"2026-03-23T23:15:18+00:00\" \/>\n<meta name=\"twitter:card\" content=\"summary_large_image\" \/>\n<meta name=\"twitter:label1\" content=\"Tiempo de lectura\" \/>\n\t<meta name=\"twitter:data1\" content=\"1 minuto\" \/>\n<script type=\"application\/ld+json\" class=\"yoast-schema-graph\">{\"@context\":\"https:\/\/schema.org\",\"@graph\":[{\"@type\":\"WebPage\",\"@id\":\"https:\/\/pokerplanets1.com\/es\/promociones\/sun-cup-2\/\",\"url\":\"https:\/\/pokerplanets1.com\/es\/promociones\/sun-cup-2\/\",\"name\":\"Sun Cup - PokerPlanets\",\"isPartOf\":{\"@id\":\"https:\/\/pokerplanets1.com\/es\/#website\"},\"datePublished\":\"2026-03-23T23:09:30+00:00\",\"dateModified\":\"2026-03-23T23:15:18+00:00\",\"breadcrumb\":{\"@id\":\"https:\/\/pokerplanets1.com\/es\/promociones\/sun-cup-2\/#breadcrumb\"},\"inLanguage\":\"es\",\"potentialAction\":[{\"@type\":\"ReadAction\",\"target\":[\"https:\/\/pokerplanets1.com\/es\/promociones\/sun-cup-2\/\"]}]},{\"@type\":\"BreadcrumbList\",\"@id\":\"https:\/\/pokerplanets1.com\/es\/promociones\/sun-cup-2\/#breadcrumb\",\"itemListElement\":[{\"@type\":\"ListItem\",\"position\":1,\"name\":\"Home\",\"item\":\"https:\/\/pokerplanets1.com\/es\/\"},{\"@type\":\"ListItem\",\"position\":2,\"name\":\"Promociones\",\"item\":\"https:\/\/pokerplanets1.com\/es\/promociones\/\"},{\"@type\":\"ListItem\",\"position\":3,\"name\":\"Sun Cup\"}]},{\"@type\":\"WebSite\",\"@id\":\"https:\/\/pokerplanets1.com\/es\/#website\",\"url\":\"https:\/\/pokerplanets1.com\/es\/\",\"name\":\"PokerPlanets\",\"description\":\"\",\"potentialAction\":[{\"@type\":\"SearchAction\",\"target\":{\"@type\":\"EntryPoint\",\"urlTemplate\":\"https:\/\/pokerplanets1.com\/es\/?s={search_term_string}\"},\"query-input\":{\"@type\":\"PropertyValueSpecification\",\"valueRequired\":true,\"valueName\":\"search_term_string\"}}],\"inLanguage\":\"es\"}]}<\/script>\n<!-- \/ Yoast SEO plugin. -->","yoast_head_json":{"title":"Sun Cup - PokerPlanets","robots":{"index":"index","follow":"follow","max-snippet":"max-snippet:-1","max-image-preview":"max-image-preview:large","max-video-preview":"max-video-preview:-1"},"og_locale":"es_ES","og_type":"article","og_title":"Sun Cup - PokerPlanets","og_description":"Sun Cup: cada mes \u2014 una oportunidad de 100% rakeback Sun Cup es un torneo que puede hacer rentable no solo tu s\u00e1bado por la noche, sino tambi\u00e9n todo el mes siguiente. Un din\u00e1mico formato 7-max, un buy-in accesible, una s\u00f3lida garant\u00eda de $5 000 y un premio especial para los finalistas hacen de este [&hellip;]","og_url":"https:\/\/pokerplanets1.com\/es\/promociones\/sun-cup-2\/","og_site_name":"PokerPlanets","article_modified_time":"2026-03-23T23:15:18+00:00","twitter_card":"summary_large_image","twitter_misc":{"Tiempo de lectura":"1 minuto"},"schema":{"@context":"https:\/\/schema.org","@graph":[{"@type":"WebPage","@id":"https:\/\/pokerplanets1.com\/es\/promociones\/sun-cup-2\/","url":"https:\/\/pokerplanets1.com\/es\/promociones\/sun-cup-2\/","name":"Sun Cup - PokerPlanets","isPartOf":{"@id":"https:\/\/pokerplanets1.com\/es\/#website"},"datePublished":"2026-03-23T23:09:30+00:00","dateModified":"2026-03-23T23:15:18+00:00","breadcrumb":{"@id":"https:\/\/pokerplanets1.com\/es\/promociones\/sun-cup-2\/#breadcrumb"},"inLanguage":"es","potentialAction":[{"@type":"ReadAction","target":["https:\/\/pokerplanets1.com\/es\/promociones\/sun-cup-2\/"]}]},{"@type":"BreadcrumbList","@id":"https:\/\/pokerplanets1.com\/es\/promociones\/sun-cup-2\/#breadcrumb","itemListElement":[{"@type":"ListItem","position":1,"name":"Home","item":"https:\/\/pokerplanets1.com\/es\/"},{"@type":"ListItem","position":2,"name":"Promociones","item":"https:\/\/pokerplanets1.com\/es\/promociones\/"},{"@type":"ListItem","position":3,"name":"Sun Cup"}]},{"@type":"WebSite","@id":"https:\/\/pokerplanets1.com\/es\/#website","url":"https:\/\/pokerplanets1.com\/es\/","name":"PokerPlanets","description":"","potentialAction":[{"@type":"SearchAction","target":{"@type":"EntryPoint","urlTemplate":"https:\/\/pokerplanets1.com\/es\/?s={search_term_string}"},"query-input":{"@type":"PropertyValueSpecification","valueRequired":true,"valueName":"search_term_string"}}],"inLanguage":"es"}]}},"_links":{"self":[{"href":"https:\/\/pokerplanets1.com\/es\/wp-json\/wp\/v2\/pages\/11681","targetHints":{"allow":["GET"]}}],"collection":[{"href":"https:\/\/pokerplanets1.com\/es\/wp-json\/wp\/v2\/pages"}],"about":[{"href":"https:\/\/pokerplanets1.com\/es\/wp-json\/wp\/v2\/types\/page"}],"author":[{"embeddable":true,"href":"https:\/\/pokerplanets1.com\/es\/wp-json\/wp\/v2\/users\/1"}],"replies":[{"embeddable":true,"href":"https:\/\/pokerplanets1.com\/es\/wp-json\/wp\/v2\/comments?post=11681"}],"version-history":[{"count":1,"href":"https:\/\/pokerplanets1.com\/es\/wp-json\/wp\/v2\/pages\/11681\/revisions"}],"predecessor-version":[{"id":11682,"href":"https:\/\/pokerplanets1.com\/es\/wp-json\/wp\/v2\/pages\/11681\/revisions\/11682"}],"up":[{"embeddable":true,"href":"https:\/\/pokerplanets1.com\/es\/wp-json\/wp\/v2\/pages\/6515"}],"wp:attachment":[{"href":"https:\/\/pokerplanets1.com\/es\/wp-json\/wp\/v2\/media?parent=11681"}],"curies":[{"name":"wp","href":"https:\/\/api.w.org\/{rel}","templated":true}]}}