{"id":11753,"date":"2026-04-02T01:50:45","date_gmt":"2026-04-01T22:50:45","guid":{"rendered":"https:\/\/pokerplanets1.com\/promociones\/spinwin-pulse\/"},"modified":"2026-04-02T02:21:44","modified_gmt":"2026-04-01T23:21:44","slug":"spinwin-pulse","status":"publish","type":"page","link":"https:\/\/pokerplanets1.com\/es\/promociones\/spinwin-pulse\/","title":{"rendered":"Spin&#038;Win Pulse"},"content":{"rendered":"<p style=\"text-align: center;\"><span style=\"font-size: 14pt;\"><strong>\u00bfListo para jugar a m\u00e1xima velocidad?<\/strong><\/span><\/p>\r\n<p><span style=\"font-size: 10pt;\"><strong>Del 3 al 6 de abril,<\/strong> PokerPlanets presenta el <strong>nuevo formato Spin&amp;Win Pulse<\/strong>. \u00a1Menos espera, m\u00e1s dinamismo y m\u00e1s emoci\u00f3n en cada partida!<\/span><\/p>\r\n<p><span style=\"font-size: 10pt;\">Encontrar los torneos es muy f\u00e1cil:<\/span><\/p>\r\n<ol>\r\n\t<li><span style=\"font-size: 10pt;\"><strong>Ve a la pesta\u00f1a Spin&amp;Win<\/strong>.<\/span><\/li>\r\n\t<li><span style=\"font-size: 10pt;\">Elige tu buy-in: $0.5, $3 o $10.<\/span><\/li>\r\n\t<li><span style=\"font-size: 10pt;\">Reg\u00edstrate y juega a una nueva velocidad.<\/span><\/li>\r\n<\/ol>\r\n<p style=\"text-align: center;\"><span style=\"font-size: 10pt;\"><strong>Solo 4 d\u00edas para experimentar Spin&amp;Win Pulse. \u00a1No te lo pierdas!<\/strong><\/span><\/p>\r\n<div style=\"margin: 0 auto; text-align: center;\"><div id=\"detectButton5\" style=\"margin: 0 auto; text-align: center;\"><button class=\"button  button--red\" type=\"button\"><svg class=\"svg\">\r\n              <use xlink:href=\"\/wp-content\/uploads\/2024\/12\/sprite.svg#lock\"><\/use>\r\n             <\/svg>  DESCARGAR POKERPLANETS <\/button><\/div><\/div>\r\n<p>&nbsp;<\/p>","protected":false},"excerpt":{"rendered":"<p>\u00bfListo para jugar a m\u00e1xima velocidad? Del 3 al 6 de abril, PokerPlanets presenta el nuevo formato Spin&amp;Win Pulse. \u00a1Menos espera, m\u00e1s dinamismo y m\u00e1s emoci\u00f3n en cada partida! Encontrar los torneos es muy f\u00e1cil: Ve a la pesta\u00f1a Spin&amp;Win. Elige tu buy-in: $0.5, $3 o $10. Reg\u00edstrate y juega a una nueva velocidad. Solo [&hellip;]<\/p>\n","protected":false},"author":1,"featured_media":0,"parent":6515,"menu_order":0,"comment_status":"closed","ping_status":"closed","template":"page-faq-nosidebar-promo.php","meta":{"_acf_changed":false,"inline_featured_image":false,"footnotes":""},"class_list":["post-11753","page","type-page","status-publish","hentry"],"acf":[],"yoast_head":"<!-- This site is optimized with the Yoast SEO plugin v24.4 - https:\/\/yoast.com\/wordpress\/plugins\/seo\/ -->\n<title>Spin&amp;Win Pulse - PokerPlanets<\/title>\n<meta name=\"robots\" content=\"index, follow, max-snippet:-1, max-image-preview:large, max-video-preview:-1\" \/>\n<meta property=\"og:locale\" content=\"es_ES\" \/>\n<meta property=\"og:type\" content=\"article\" \/>\n<meta property=\"og:title\" content=\"Spin&amp;Win Pulse - PokerPlanets\" \/>\n<meta property=\"og:description\" content=\"\u00bfListo para jugar a m\u00e1xima velocidad? Del 3 al 6 de abril, PokerPlanets presenta el nuevo formato Spin&amp;Win Pulse. \u00a1Menos espera, m\u00e1s dinamismo y m\u00e1s emoci\u00f3n en cada partida! Encontrar los torneos es muy f\u00e1cil: Ve a la pesta\u00f1a Spin&amp;Win. Elige tu buy-in: $0.5, $3 o $10. Reg\u00edstrate y juega a una nueva velocidad. Solo [&hellip;]\" \/>\n<meta property=\"og:url\" content=\"https:\/\/pokerplanets1.com\/es\/promociones\/spinwin-pulse\/\" \/>\n<meta property=\"og:site_name\" content=\"PokerPlanets\" \/>\n<meta property=\"article:modified_time\" content=\"2026-04-01T23:21:44+00:00\" \/>\n<meta name=\"twitter:card\" content=\"summary_large_image\" \/>\n<meta name=\"twitter:label1\" content=\"Tiempo de lectura\" \/>\n\t<meta name=\"twitter:data1\" content=\"1 minuto\" \/>\n<script type=\"application\/ld+json\" class=\"yoast-schema-graph\">{\"@context\":\"https:\/\/schema.org\",\"@graph\":[{\"@type\":\"WebPage\",\"@id\":\"https:\/\/pokerplanets1.com\/es\/promociones\/spinwin-pulse\/\",\"url\":\"https:\/\/pokerplanets1.com\/es\/promociones\/spinwin-pulse\/\",\"name\":\"Spin&Win Pulse - PokerPlanets\",\"isPartOf\":{\"@id\":\"https:\/\/pokerplanets1.com\/es\/#website\"},\"datePublished\":\"2026-04-01T22:50:45+00:00\",\"dateModified\":\"2026-04-01T23:21:44+00:00\",\"breadcrumb\":{\"@id\":\"https:\/\/pokerplanets1.com\/es\/promociones\/spinwin-pulse\/#breadcrumb\"},\"inLanguage\":\"es\",\"potentialAction\":[{\"@type\":\"ReadAction\",\"target\":[\"https:\/\/pokerplanets1.com\/es\/promociones\/spinwin-pulse\/\"]}]},{\"@type\":\"BreadcrumbList\",\"@id\":\"https:\/\/pokerplanets1.com\/es\/promociones\/spinwin-pulse\/#breadcrumb\",\"itemListElement\":[{\"@type\":\"ListItem\",\"position\":1,\"name\":\"Home\",\"item\":\"https:\/\/pokerplanets1.com\/es\/\"},{\"@type\":\"ListItem\",\"position\":2,\"name\":\"Promociones\",\"item\":\"https:\/\/pokerplanets1.com\/es\/promociones\/\"},{\"@type\":\"ListItem\",\"position\":3,\"name\":\"Spin&#038;Win Pulse\"}]},{\"@type\":\"WebSite\",\"@id\":\"https:\/\/pokerplanets1.com\/es\/#website\",\"url\":\"https:\/\/pokerplanets1.com\/es\/\",\"name\":\"PokerPlanets\",\"description\":\"\",\"potentialAction\":[{\"@type\":\"SearchAction\",\"target\":{\"@type\":\"EntryPoint\",\"urlTemplate\":\"https:\/\/pokerplanets1.com\/es\/?s={search_term_string}\"},\"query-input\":{\"@type\":\"PropertyValueSpecification\",\"valueRequired\":true,\"valueName\":\"search_term_string\"}}],\"inLanguage\":\"es\"}]}<\/script>\n<!-- \/ Yoast SEO plugin. -->","yoast_head_json":{"title":"Spin&Win Pulse - PokerPlanets","robots":{"index":"index","follow":"follow","max-snippet":"max-snippet:-1","max-image-preview":"max-image-preview:large","max-video-preview":"max-video-preview:-1"},"og_locale":"es_ES","og_type":"article","og_title":"Spin&Win Pulse - PokerPlanets","og_description":"\u00bfListo para jugar a m\u00e1xima velocidad? Del 3 al 6 de abril, PokerPlanets presenta el nuevo formato Spin&amp;Win Pulse. \u00a1Menos espera, m\u00e1s dinamismo y m\u00e1s emoci\u00f3n en cada partida! Encontrar los torneos es muy f\u00e1cil: Ve a la pesta\u00f1a Spin&amp;Win. Elige tu buy-in: $0.5, $3 o $10. Reg\u00edstrate y juega a una nueva velocidad. Solo [&hellip;]","og_url":"https:\/\/pokerplanets1.com\/es\/promociones\/spinwin-pulse\/","og_site_name":"PokerPlanets","article_modified_time":"2026-04-01T23:21:44+00:00","twitter_card":"summary_large_image","twitter_misc":{"Tiempo de lectura":"1 minuto"},"schema":{"@context":"https:\/\/schema.org","@graph":[{"@type":"WebPage","@id":"https:\/\/pokerplanets1.com\/es\/promociones\/spinwin-pulse\/","url":"https:\/\/pokerplanets1.com\/es\/promociones\/spinwin-pulse\/","name":"Spin&Win Pulse - PokerPlanets","isPartOf":{"@id":"https:\/\/pokerplanets1.com\/es\/#website"},"datePublished":"2026-04-01T22:50:45+00:00","dateModified":"2026-04-01T23:21:44+00:00","breadcrumb":{"@id":"https:\/\/pokerplanets1.com\/es\/promociones\/spinwin-pulse\/#breadcrumb"},"inLanguage":"es","potentialAction":[{"@type":"ReadAction","target":["https:\/\/pokerplanets1.com\/es\/promociones\/spinwin-pulse\/"]}]},{"@type":"BreadcrumbList","@id":"https:\/\/pokerplanets1.com\/es\/promociones\/spinwin-pulse\/#breadcrumb","itemListElement":[{"@type":"ListItem","position":1,"name":"Home","item":"https:\/\/pokerplanets1.com\/es\/"},{"@type":"ListItem","position":2,"name":"Promociones","item":"https:\/\/pokerplanets1.com\/es\/promociones\/"},{"@type":"ListItem","position":3,"name":"Spin&#038;Win Pulse"}]},{"@type":"WebSite","@id":"https:\/\/pokerplanets1.com\/es\/#website","url":"https:\/\/pokerplanets1.com\/es\/","name":"PokerPlanets","description":"","potentialAction":[{"@type":"SearchAction","target":{"@type":"EntryPoint","urlTemplate":"https:\/\/pokerplanets1.com\/es\/?s={search_term_string}"},"query-input":{"@type":"PropertyValueSpecification","valueRequired":true,"valueName":"search_term_string"}}],"inLanguage":"es"}]}},"_links":{"self":[{"href":"https:\/\/pokerplanets1.com\/es\/wp-json\/wp\/v2\/pages\/11753","targetHints":{"allow":["GET"]}}],"collection":[{"href":"https:\/\/pokerplanets1.com\/es\/wp-json\/wp\/v2\/pages"}],"about":[{"href":"https:\/\/pokerplanets1.com\/es\/wp-json\/wp\/v2\/types\/page"}],"author":[{"embeddable":true,"href":"https:\/\/pokerplanets1.com\/es\/wp-json\/wp\/v2\/users\/1"}],"replies":[{"embeddable":true,"href":"https:\/\/pokerplanets1.com\/es\/wp-json\/wp\/v2\/comments?post=11753"}],"version-history":[{"count":1,"href":"https:\/\/pokerplanets1.com\/es\/wp-json\/wp\/v2\/pages\/11753\/revisions"}],"predecessor-version":[{"id":11754,"href":"https:\/\/pokerplanets1.com\/es\/wp-json\/wp\/v2\/pages\/11753\/revisions\/11754"}],"up":[{"embeddable":true,"href":"https:\/\/pokerplanets1.com\/es\/wp-json\/wp\/v2\/pages\/6515"}],"wp:attachment":[{"href":"https:\/\/pokerplanets1.com\/es\/wp-json\/wp\/v2\/media?parent=11753"}],"curies":[{"name":"wp","href":"https:\/\/api.w.org\/{rel}","templated":true}]}}