{"id":11855,"date":"2026-04-03T04:27:56","date_gmt":"2026-04-03T01:27:56","guid":{"rendered":"https:\/\/pokerplanets1.com\/promociones\/spinwin-pulse-2\/"},"modified":"2026-04-03T04:34:49","modified_gmt":"2026-04-03T01:34:49","slug":"spinwin-pulse-2","status":"publish","type":"page","link":"https:\/\/pokerplanets1.com\/es\/promociones\/spinwin-pulse-2\/","title":{"rendered":"Spin&#038;Win Pulse"},"content":{"rendered":"<p style=\"text-align: center;\"><span style=\"font-size: 14pt;\"><strong>\u00bfListo para jugar a m\u00e1xima velocidad?<\/strong><\/span><\/p>\r\n<p><span style=\"font-size: 10pt;\"><strong>Del 3 al 6 de abril,<\/strong> PokerPlanets presenta el <strong>nuevo formato Spin&amp;Win Pulse<\/strong>. \u00a1Menos espera, m\u00e1s dinamismo y m\u00e1s emoci\u00f3n en cada partida!<\/span><\/p>\r\n<p><span style=\"font-size: 10pt;\">Encontrar los torneos es muy f\u00e1cil: <strong>ve a la pesta\u00f1a Spin&amp;Win<\/strong>, elige tu buy-in $0.5, $3 o $10. Reg\u00edstrate y juega a una nueva velocidad.<\/span><\/p>\r\n<p><span style=\"font-size: 10pt;\"><strong>\u00a1Obt\u00e9n hasta $68 para Spin&amp;Win Pulse!<\/strong><\/span><\/p>\r\n<p><span style=\"font-size: 10pt;\"><strong>Del 3 al 6 de abril \u2014 realiza dep\u00f3sitos y recibe tickets:<\/strong><\/span><\/p>\r\n<ul>\r\n\t<li><span style=\"font-size: 10pt;\">$10 \u2014 3 tickets de $0.5;<\/span><\/li>\r\n\t<li><span style=\"font-size: 10pt;\">$30 \u2014 2 tickets de $3 + 1 ticket de $0.5;<\/span><\/li>\r\n\t<li><span style=\"font-size: 10pt;\">$50 \u2014 3 tickets de $3 + 2 tickets de $0.5;<\/span><\/li>\r\n\t<li><span style=\"font-size: 10pt;\">$100 \u2014 2 tickets de $10;<\/span><\/li>\r\n\t<li><span style=\"font-size: 10pt;\">$200 \u2014 3 tickets de $10.<\/span><\/li>\r\n<\/ul>\r\n<p><span style=\"font-size: 10pt;\"><strong>Elige tu ritmo: uno, dos, tres, cuatro o cinco dep\u00f3sitos para obtener el m\u00e1ximo.<\/strong><\/span><\/p>\r\n<p><span style=\"font-size: 10pt;\">\u00a1Importante!<\/span><\/p>\r\n<ul>\r\n\t<li><span style=\"font-size: 10pt;\">Cada paquete de tickets se puede recibir solo una vez.<\/span><\/li>\r\n\t<li><span style=\"font-size: 10pt;\">Para obtener el bono, el importe del dep\u00f3sito debe coincidir exactamente con los indicados arriba.<\/span><\/li>\r\n\t<li><span style=\"font-size: 10pt;\">Si se realiza un retiro durante el periodo de la promoci\u00f3n, el jugador ser\u00e1 descalificado y no recibir\u00e1 tickets en dep\u00f3sitos posteriores.<\/span><\/li>\r\n\t<li><span style=\"font-size: 10pt;\">Los tickets son v\u00e1lidos hasta el 12 de abril, 23:59 (MSK).<\/span><\/li>\r\n<\/ul>\r\n<p style=\"text-align: center;\"><span style=\"font-size: 10pt;\"><strong>Solo 4 d\u00edas para sentir el ritmo de Spin&amp;Win Pulse y aprovechar al m\u00e1ximo. \u00a1No te lo pierdas!<\/strong><\/span><\/p>\r\n<div style=\"margin: 0 auto; text-align: center;\"><div id=\"detectButton5\" style=\"margin: 0 auto; text-align: center;\"><button class=\"button  button--red\" type=\"button\"><svg class=\"svg\">\r\n              <use xlink:href=\"\/wp-content\/uploads\/2024\/12\/sprite.svg#lock\"><\/use>\r\n             <\/svg>  DESCARGAR POKERPLANETS <\/button><\/div><\/div>\r\n<p>&nbsp;<\/p>","protected":false},"excerpt":{"rendered":"<p>\u00bfListo para jugar a m\u00e1xima velocidad? Del 3 al 6 de abril, PokerPlanets presenta el nuevo formato Spin&amp;Win Pulse. \u00a1Menos espera, m\u00e1s dinamismo y m\u00e1s emoci\u00f3n en cada partida! Encontrar los torneos es muy f\u00e1cil: ve a la pesta\u00f1a Spin&amp;Win, elige tu buy-in $0.5, $3 o $10. Reg\u00edstrate y juega a una nueva velocidad. \u00a1Obt\u00e9n [&hellip;]<\/p>\n","protected":false},"author":1,"featured_media":0,"parent":6515,"menu_order":0,"comment_status":"closed","ping_status":"closed","template":"page-faq-nosidebar-promo.php","meta":{"_acf_changed":false,"inline_featured_image":false,"footnotes":""},"class_list":["post-11855","page","type-page","status-publish","hentry"],"acf":[],"yoast_head":"<!-- This site is optimized with the Yoast SEO plugin v24.4 - https:\/\/yoast.com\/wordpress\/plugins\/seo\/ -->\n<title>Spin&amp;Win Pulse - PokerPlanets<\/title>\n<meta name=\"robots\" content=\"index, follow, max-snippet:-1, max-image-preview:large, max-video-preview:-1\" \/>\n<meta property=\"og:locale\" content=\"es_ES\" \/>\n<meta property=\"og:type\" content=\"article\" \/>\n<meta property=\"og:title\" content=\"Spin&amp;Win Pulse - PokerPlanets\" \/>\n<meta property=\"og:description\" content=\"\u00bfListo para jugar a m\u00e1xima velocidad? Del 3 al 6 de abril, PokerPlanets presenta el nuevo formato Spin&amp;Win Pulse. \u00a1Menos espera, m\u00e1s dinamismo y m\u00e1s emoci\u00f3n en cada partida! Encontrar los torneos es muy f\u00e1cil: ve a la pesta\u00f1a Spin&amp;Win, elige tu buy-in $0.5, $3 o $10. Reg\u00edstrate y juega a una nueva velocidad. \u00a1Obt\u00e9n [&hellip;]\" \/>\n<meta property=\"og:url\" content=\"https:\/\/pokerplanets1.com\/es\/promociones\/spinwin-pulse-2\/\" \/>\n<meta property=\"og:site_name\" content=\"PokerPlanets\" \/>\n<meta property=\"article:modified_time\" content=\"2026-04-03T01:34:49+00:00\" \/>\n<meta name=\"twitter:card\" content=\"summary_large_image\" \/>\n<meta name=\"twitter:label1\" content=\"Tiempo de lectura\" \/>\n\t<meta name=\"twitter:data1\" content=\"1 minuto\" \/>\n<script type=\"application\/ld+json\" class=\"yoast-schema-graph\">{\"@context\":\"https:\/\/schema.org\",\"@graph\":[{\"@type\":\"WebPage\",\"@id\":\"https:\/\/pokerplanets1.com\/es\/promociones\/spinwin-pulse-2\/\",\"url\":\"https:\/\/pokerplanets1.com\/es\/promociones\/spinwin-pulse-2\/\",\"name\":\"Spin&Win Pulse - PokerPlanets\",\"isPartOf\":{\"@id\":\"https:\/\/pokerplanets1.com\/es\/#website\"},\"datePublished\":\"2026-04-03T01:27:56+00:00\",\"dateModified\":\"2026-04-03T01:34:49+00:00\",\"breadcrumb\":{\"@id\":\"https:\/\/pokerplanets1.com\/es\/promociones\/spinwin-pulse-2\/#breadcrumb\"},\"inLanguage\":\"es\",\"potentialAction\":[{\"@type\":\"ReadAction\",\"target\":[\"https:\/\/pokerplanets1.com\/es\/promociones\/spinwin-pulse-2\/\"]}]},{\"@type\":\"BreadcrumbList\",\"@id\":\"https:\/\/pokerplanets1.com\/es\/promociones\/spinwin-pulse-2\/#breadcrumb\",\"itemListElement\":[{\"@type\":\"ListItem\",\"position\":1,\"name\":\"Home\",\"item\":\"https:\/\/pokerplanets1.com\/es\/\"},{\"@type\":\"ListItem\",\"position\":2,\"name\":\"Promociones\",\"item\":\"https:\/\/pokerplanets1.com\/es\/promociones\/\"},{\"@type\":\"ListItem\",\"position\":3,\"name\":\"Spin&#038;Win Pulse\"}]},{\"@type\":\"WebSite\",\"@id\":\"https:\/\/pokerplanets1.com\/es\/#website\",\"url\":\"https:\/\/pokerplanets1.com\/es\/\",\"name\":\"PokerPlanets\",\"description\":\"\",\"potentialAction\":[{\"@type\":\"SearchAction\",\"target\":{\"@type\":\"EntryPoint\",\"urlTemplate\":\"https:\/\/pokerplanets1.com\/es\/?s={search_term_string}\"},\"query-input\":{\"@type\":\"PropertyValueSpecification\",\"valueRequired\":true,\"valueName\":\"search_term_string\"}}],\"inLanguage\":\"es\"}]}<\/script>\n<!-- \/ Yoast SEO plugin. -->","yoast_head_json":{"title":"Spin&Win Pulse - PokerPlanets","robots":{"index":"index","follow":"follow","max-snippet":"max-snippet:-1","max-image-preview":"max-image-preview:large","max-video-preview":"max-video-preview:-1"},"og_locale":"es_ES","og_type":"article","og_title":"Spin&Win Pulse - PokerPlanets","og_description":"\u00bfListo para jugar a m\u00e1xima velocidad? Del 3 al 6 de abril, PokerPlanets presenta el nuevo formato Spin&amp;Win Pulse. \u00a1Menos espera, m\u00e1s dinamismo y m\u00e1s emoci\u00f3n en cada partida! Encontrar los torneos es muy f\u00e1cil: ve a la pesta\u00f1a Spin&amp;Win, elige tu buy-in $0.5, $3 o $10. Reg\u00edstrate y juega a una nueva velocidad. \u00a1Obt\u00e9n [&hellip;]","og_url":"https:\/\/pokerplanets1.com\/es\/promociones\/spinwin-pulse-2\/","og_site_name":"PokerPlanets","article_modified_time":"2026-04-03T01:34:49+00:00","twitter_card":"summary_large_image","twitter_misc":{"Tiempo de lectura":"1 minuto"},"schema":{"@context":"https:\/\/schema.org","@graph":[{"@type":"WebPage","@id":"https:\/\/pokerplanets1.com\/es\/promociones\/spinwin-pulse-2\/","url":"https:\/\/pokerplanets1.com\/es\/promociones\/spinwin-pulse-2\/","name":"Spin&Win Pulse - PokerPlanets","isPartOf":{"@id":"https:\/\/pokerplanets1.com\/es\/#website"},"datePublished":"2026-04-03T01:27:56+00:00","dateModified":"2026-04-03T01:34:49+00:00","breadcrumb":{"@id":"https:\/\/pokerplanets1.com\/es\/promociones\/spinwin-pulse-2\/#breadcrumb"},"inLanguage":"es","potentialAction":[{"@type":"ReadAction","target":["https:\/\/pokerplanets1.com\/es\/promociones\/spinwin-pulse-2\/"]}]},{"@type":"BreadcrumbList","@id":"https:\/\/pokerplanets1.com\/es\/promociones\/spinwin-pulse-2\/#breadcrumb","itemListElement":[{"@type":"ListItem","position":1,"name":"Home","item":"https:\/\/pokerplanets1.com\/es\/"},{"@type":"ListItem","position":2,"name":"Promociones","item":"https:\/\/pokerplanets1.com\/es\/promociones\/"},{"@type":"ListItem","position":3,"name":"Spin&#038;Win Pulse"}]},{"@type":"WebSite","@id":"https:\/\/pokerplanets1.com\/es\/#website","url":"https:\/\/pokerplanets1.com\/es\/","name":"PokerPlanets","description":"","potentialAction":[{"@type":"SearchAction","target":{"@type":"EntryPoint","urlTemplate":"https:\/\/pokerplanets1.com\/es\/?s={search_term_string}"},"query-input":{"@type":"PropertyValueSpecification","valueRequired":true,"valueName":"search_term_string"}}],"inLanguage":"es"}]}},"_links":{"self":[{"href":"https:\/\/pokerplanets1.com\/es\/wp-json\/wp\/v2\/pages\/11855","targetHints":{"allow":["GET"]}}],"collection":[{"href":"https:\/\/pokerplanets1.com\/es\/wp-json\/wp\/v2\/pages"}],"about":[{"href":"https:\/\/pokerplanets1.com\/es\/wp-json\/wp\/v2\/types\/page"}],"author":[{"embeddable":true,"href":"https:\/\/pokerplanets1.com\/es\/wp-json\/wp\/v2\/users\/1"}],"replies":[{"embeddable":true,"href":"https:\/\/pokerplanets1.com\/es\/wp-json\/wp\/v2\/comments?post=11855"}],"version-history":[{"count":2,"href":"https:\/\/pokerplanets1.com\/es\/wp-json\/wp\/v2\/pages\/11855\/revisions"}],"predecessor-version":[{"id":11857,"href":"https:\/\/pokerplanets1.com\/es\/wp-json\/wp\/v2\/pages\/11855\/revisions\/11857"}],"up":[{"embeddable":true,"href":"https:\/\/pokerplanets1.com\/es\/wp-json\/wp\/v2\/pages\/6515"}],"wp:attachment":[{"href":"https:\/\/pokerplanets1.com\/es\/wp-json\/wp\/v2\/media?parent=11855"}],"curies":[{"name":"wp","href":"https:\/\/api.w.org\/{rel}","templated":true}]}}