{"id":11869,"date":"2026-04-03T04:43:53","date_gmt":"2026-04-03T01:43:53","guid":{"rendered":"https:\/\/pokerplanets1.com\/promociones\/sun-lite-cup-with-a-3-000-guarantee\/"},"modified":"2026-04-03T04:47:18","modified_gmt":"2026-04-03T01:47:18","slug":"sun-lite-cup-with-a-3-000-guarantee","status":"publish","type":"page","link":"https:\/\/pokerplanets1.com\/es\/promociones\/sun-lite-cup-with-a-3-000-guarantee\/","title":{"rendered":"Sun Lite Cup with a $3 000 guarantee"},"content":{"rendered":"<p style=\"text-align: center;\"><span style=\"font-size: 14pt;\"><strong>\u00a1Un mes sin rake por solo $5.50!<\/strong><\/span><\/p>\r\n<p><span style=\"font-size: 10pt;\"><strong>Sun Lite Cup con una garant\u00eda de $3 000 es tu oportunidad de conseguir 100% de rakeback cada mes. <\/strong>Aqu\u00ed tienes todo lo que te gusta: grandes knockouts, m\u00e1xima acci\u00f3n y un bono especial para el top 3 \u2014 \u00a1un mes sin rake!<\/span><\/p>\r\n<p><span style=\"font-size: 10pt;\"><strong>Informaci\u00f3n principal del pr\u00f3ximo torneo:<\/strong><\/span><\/p>\r\n<ul>\r\n\t<li><span style=\"font-size: 10pt;\"><strong>Inicio: 11 de abril a las 17:30 (CET)<\/strong><\/span><\/li>\r\n\t<li><span style=\"font-size: 10pt;\"><strong>Buy-in: $5.5<\/strong><\/span><\/li>\r\n\t<li><span style=\"font-size: 10pt;\"><strong>Garant\u00eda: $3 000<\/strong><\/span><\/li>\r\n\t<li><span style=\"font-size: 10pt;\">Formato: 7-max<\/span><\/li>\r\n\t<li><span style=\"font-size: 10pt;\">Super bounty: el 70 % del pozo de premios se paga en recompensas por eliminaci\u00f3n.<\/span><\/li>\r\n\t<li><span style=\"font-size: 10pt;\">Premio adicional para el <strong>top 3: un mes de 100 % rakeback<\/strong>.<\/span><\/li>\r\n<\/ul>\r\n<p><span style=\"font-size: 10pt;\"><strong>Clasificatorias:<\/strong><\/span><\/p>\r\n<ul>\r\n\t<li><span style=\"font-size: 10pt;\"><strong>Sat\u00e9lites con buy-ins desde $0.44 hasta $0.77.<\/strong><\/span><\/li>\r\n\t<li><span style=\"font-size: 10pt;\"><strong>All-in Flips con buy-ins desde $0.33 hasta $0.55.<\/strong><\/span><\/li>\r\n<\/ul>\r\n<p><span style=\"font-size: 10pt;\">Tambi\u00e9n puedes ganar una entrada para el Sun Lite Cup en otros torneos de PokerPlanets.<\/span><\/p>\r\n<p><span style=\"font-size: 10pt;\"><em>Las entradas adicionales se pueden usar como re-entry o convertirse en dinero de torneo (T$).<\/em><\/span><\/p>\r\n<p style=\"text-align: center;\"><span style=\"font-size: 10pt;\"><strong>\u00a1Juega el Sun Lite Cup cada mes y convierte $5.5 en un mes completo de rakeback al 100%!<\/strong><\/span><\/p>\r\n<div style=\"margin: 0 auto; text-align: center;\"><div id=\"detectButton5\" style=\"margin: 0 auto; text-align: center;\"><button class=\"button  button--red\" type=\"button\"><svg class=\"svg\">\r\n              <use xlink:href=\"\/wp-content\/uploads\/2024\/12\/sprite.svg#lock\"><\/use>\r\n             <\/svg>  DESCARGAR POKERPLANETS <\/button><\/div><\/div>\r\n<p>&nbsp;<\/p>","protected":false},"excerpt":{"rendered":"<p>\u00a1Un mes sin rake por solo $5.50! Sun Lite Cup con una garant\u00eda de $3 000 es tu oportunidad de conseguir 100% de rakeback cada mes. Aqu\u00ed tienes todo lo que te gusta: grandes knockouts, m\u00e1xima acci\u00f3n y un bono especial para el top 3 \u2014 \u00a1un mes sin rake! Informaci\u00f3n principal del pr\u00f3ximo torneo: [&hellip;]<\/p>\n","protected":false},"author":1,"featured_media":0,"parent":6515,"menu_order":0,"comment_status":"closed","ping_status":"closed","template":"page-faq-nosidebar-promo.php","meta":{"_acf_changed":false,"inline_featured_image":false,"footnotes":""},"class_list":["post-11869","page","type-page","status-publish","hentry"],"acf":[],"yoast_head":"<!-- This site is optimized with the Yoast SEO plugin v24.4 - https:\/\/yoast.com\/wordpress\/plugins\/seo\/ -->\n<title>Sun Lite Cup with a $3 000 guarantee - PokerPlanets<\/title>\n<meta name=\"robots\" content=\"index, follow, max-snippet:-1, max-image-preview:large, max-video-preview:-1\" \/>\n<meta property=\"og:locale\" content=\"es_ES\" \/>\n<meta property=\"og:type\" content=\"article\" \/>\n<meta property=\"og:title\" content=\"Sun Lite Cup with a $3 000 guarantee - PokerPlanets\" \/>\n<meta property=\"og:description\" content=\"\u00a1Un mes sin rake por solo $5.50! Sun Lite Cup con una garant\u00eda de $3 000 es tu oportunidad de conseguir 100% de rakeback cada mes. Aqu\u00ed tienes todo lo que te gusta: grandes knockouts, m\u00e1xima acci\u00f3n y un bono especial para el top 3 \u2014 \u00a1un mes sin rake! Informaci\u00f3n principal del pr\u00f3ximo torneo: [&hellip;]\" \/>\n<meta property=\"og:url\" content=\"https:\/\/pokerplanets1.com\/es\/promociones\/sun-lite-cup-with-a-3-000-guarantee\/\" \/>\n<meta property=\"og:site_name\" content=\"PokerPlanets\" \/>\n<meta property=\"article:modified_time\" content=\"2026-04-03T01:47:18+00:00\" \/>\n<meta name=\"twitter:card\" content=\"summary_large_image\" \/>\n<meta name=\"twitter:label1\" content=\"Tiempo de lectura\" \/>\n\t<meta name=\"twitter:data1\" content=\"1 minuto\" \/>\n<script type=\"application\/ld+json\" class=\"yoast-schema-graph\">{\"@context\":\"https:\/\/schema.org\",\"@graph\":[{\"@type\":\"WebPage\",\"@id\":\"https:\/\/pokerplanets1.com\/es\/promociones\/sun-lite-cup-with-a-3-000-guarantee\/\",\"url\":\"https:\/\/pokerplanets1.com\/es\/promociones\/sun-lite-cup-with-a-3-000-guarantee\/\",\"name\":\"Sun Lite Cup with a $3 000 guarantee - PokerPlanets\",\"isPartOf\":{\"@id\":\"https:\/\/pokerplanets1.com\/es\/#website\"},\"datePublished\":\"2026-04-03T01:43:53+00:00\",\"dateModified\":\"2026-04-03T01:47:18+00:00\",\"breadcrumb\":{\"@id\":\"https:\/\/pokerplanets1.com\/es\/promociones\/sun-lite-cup-with-a-3-000-guarantee\/#breadcrumb\"},\"inLanguage\":\"es\",\"potentialAction\":[{\"@type\":\"ReadAction\",\"target\":[\"https:\/\/pokerplanets1.com\/es\/promociones\/sun-lite-cup-with-a-3-000-guarantee\/\"]}]},{\"@type\":\"BreadcrumbList\",\"@id\":\"https:\/\/pokerplanets1.com\/es\/promociones\/sun-lite-cup-with-a-3-000-guarantee\/#breadcrumb\",\"itemListElement\":[{\"@type\":\"ListItem\",\"position\":1,\"name\":\"Home\",\"item\":\"https:\/\/pokerplanets1.com\/es\/\"},{\"@type\":\"ListItem\",\"position\":2,\"name\":\"Promociones\",\"item\":\"https:\/\/pokerplanets1.com\/es\/promociones\/\"},{\"@type\":\"ListItem\",\"position\":3,\"name\":\"Sun Lite Cup with a $3 000 guarantee\"}]},{\"@type\":\"WebSite\",\"@id\":\"https:\/\/pokerplanets1.com\/es\/#website\",\"url\":\"https:\/\/pokerplanets1.com\/es\/\",\"name\":\"PokerPlanets\",\"description\":\"\",\"potentialAction\":[{\"@type\":\"SearchAction\",\"target\":{\"@type\":\"EntryPoint\",\"urlTemplate\":\"https:\/\/pokerplanets1.com\/es\/?s={search_term_string}\"},\"query-input\":{\"@type\":\"PropertyValueSpecification\",\"valueRequired\":true,\"valueName\":\"search_term_string\"}}],\"inLanguage\":\"es\"}]}<\/script>\n<!-- \/ Yoast SEO plugin. -->","yoast_head_json":{"title":"Sun Lite Cup with a $3 000 guarantee - PokerPlanets","robots":{"index":"index","follow":"follow","max-snippet":"max-snippet:-1","max-image-preview":"max-image-preview:large","max-video-preview":"max-video-preview:-1"},"og_locale":"es_ES","og_type":"article","og_title":"Sun Lite Cup with a $3 000 guarantee - PokerPlanets","og_description":"\u00a1Un mes sin rake por solo $5.50! Sun Lite Cup con una garant\u00eda de $3 000 es tu oportunidad de conseguir 100% de rakeback cada mes. Aqu\u00ed tienes todo lo que te gusta: grandes knockouts, m\u00e1xima acci\u00f3n y un bono especial para el top 3 \u2014 \u00a1un mes sin rake! Informaci\u00f3n principal del pr\u00f3ximo torneo: [&hellip;]","og_url":"https:\/\/pokerplanets1.com\/es\/promociones\/sun-lite-cup-with-a-3-000-guarantee\/","og_site_name":"PokerPlanets","article_modified_time":"2026-04-03T01:47:18+00:00","twitter_card":"summary_large_image","twitter_misc":{"Tiempo de lectura":"1 minuto"},"schema":{"@context":"https:\/\/schema.org","@graph":[{"@type":"WebPage","@id":"https:\/\/pokerplanets1.com\/es\/promociones\/sun-lite-cup-with-a-3-000-guarantee\/","url":"https:\/\/pokerplanets1.com\/es\/promociones\/sun-lite-cup-with-a-3-000-guarantee\/","name":"Sun Lite Cup with a $3 000 guarantee - PokerPlanets","isPartOf":{"@id":"https:\/\/pokerplanets1.com\/es\/#website"},"datePublished":"2026-04-03T01:43:53+00:00","dateModified":"2026-04-03T01:47:18+00:00","breadcrumb":{"@id":"https:\/\/pokerplanets1.com\/es\/promociones\/sun-lite-cup-with-a-3-000-guarantee\/#breadcrumb"},"inLanguage":"es","potentialAction":[{"@type":"ReadAction","target":["https:\/\/pokerplanets1.com\/es\/promociones\/sun-lite-cup-with-a-3-000-guarantee\/"]}]},{"@type":"BreadcrumbList","@id":"https:\/\/pokerplanets1.com\/es\/promociones\/sun-lite-cup-with-a-3-000-guarantee\/#breadcrumb","itemListElement":[{"@type":"ListItem","position":1,"name":"Home","item":"https:\/\/pokerplanets1.com\/es\/"},{"@type":"ListItem","position":2,"name":"Promociones","item":"https:\/\/pokerplanets1.com\/es\/promociones\/"},{"@type":"ListItem","position":3,"name":"Sun Lite Cup with a $3 000 guarantee"}]},{"@type":"WebSite","@id":"https:\/\/pokerplanets1.com\/es\/#website","url":"https:\/\/pokerplanets1.com\/es\/","name":"PokerPlanets","description":"","potentialAction":[{"@type":"SearchAction","target":{"@type":"EntryPoint","urlTemplate":"https:\/\/pokerplanets1.com\/es\/?s={search_term_string}"},"query-input":{"@type":"PropertyValueSpecification","valueRequired":true,"valueName":"search_term_string"}}],"inLanguage":"es"}]}},"_links":{"self":[{"href":"https:\/\/pokerplanets1.com\/es\/wp-json\/wp\/v2\/pages\/11869","targetHints":{"allow":["GET"]}}],"collection":[{"href":"https:\/\/pokerplanets1.com\/es\/wp-json\/wp\/v2\/pages"}],"about":[{"href":"https:\/\/pokerplanets1.com\/es\/wp-json\/wp\/v2\/types\/page"}],"author":[{"embeddable":true,"href":"https:\/\/pokerplanets1.com\/es\/wp-json\/wp\/v2\/users\/1"}],"replies":[{"embeddable":true,"href":"https:\/\/pokerplanets1.com\/es\/wp-json\/wp\/v2\/comments?post=11869"}],"version-history":[{"count":1,"href":"https:\/\/pokerplanets1.com\/es\/wp-json\/wp\/v2\/pages\/11869\/revisions"}],"predecessor-version":[{"id":11870,"href":"https:\/\/pokerplanets1.com\/es\/wp-json\/wp\/v2\/pages\/11869\/revisions\/11870"}],"up":[{"embeddable":true,"href":"https:\/\/pokerplanets1.com\/es\/wp-json\/wp\/v2\/pages\/6515"}],"wp:attachment":[{"href":"https:\/\/pokerplanets1.com\/es\/wp-json\/wp\/v2\/media?parent=11869"}],"curies":[{"name":"wp","href":"https:\/\/api.w.org\/{rel}","templated":true}]}}