{"id":6041,"date":"2025-03-06T18:10:08","date_gmt":"2025-03-06T15:10:08","guid":{"rendered":"https:\/\/pokerplanets1.com\/sobre-nosotros\/"},"modified":"2025-03-06T18:10:08","modified_gmt":"2025-03-06T15:10:08","slug":"sobre-nosotros","status":"publish","type":"page","link":"https:\/\/pokerplanets1.com\/es\/sobre-nosotros\/","title":{"rendered":"Sobre Nosotros"},"content":{"rendered":"<h2 style=\"text-align: center;\"><strong>PokerPlanets<\/strong> es una sala donde el p\u00f3ker es mucho m\u00e1s que un juego.<\/h2>\r\n<div>\r\n<p><span style=\"font-size: 10pt;\">Detr\u00e1s del proyecto hay un equipo con a\u00f1os de experiencia en el p\u00f3ker online y la industria del gaming: desde la gesti\u00f3n de grandes plataformas hasta la organizaci\u00f3n de torneos en vivo de primer nivel. Sabemos qu\u00e9 hace que el juego sea realmente emocionante y creamos un espacio donde reinan el juego limpio, la emoci\u00f3n y el duelo intelectual.<\/span><\/p>\r\n<p><span style=\"font-size: 10pt;\">Heredamos las tradiciones de la sala de p\u00f3ker m\u00e1s legendaria y querida: su enfoque justo, el respeto por los jugadores y sus habilidades. Seguimos estos principios y construimos una atm\u00f3sfera \u00fanica donde todos pueden encontrar compa\u00f1eros de mesa afines, mejorar su nivel y conquistar nuevas metas.<\/span><\/p>\r\n<p><span style=\"font-size: 10pt;\">El p\u00f3ker es una batalla mental donde triunfan el c\u00e1lculo, la estrategia y la fortaleza interior. Es un juego prestigioso que valora el talento, la serenidad y la voluntad de ganar.<\/span><\/p>\r\n<p><span style=\"font-size: 10pt;\">Escuchamos a los jugadores y construimos una sala donde la honestidad no es solo una palabra. Las tecnolog\u00edas modernas, los sistemas transparentes y el respeto por cada participante crean un entorno donde ganan los m\u00e1s fuertes.<\/span><\/p>\r\n<p><span style=\"font-size: 10pt;\">PokerPlanets es el lugar donde cada jugador deja su huella en el horizonte del p\u00f3ker.<\/span><\/p>\r\n<p style=\"text-align: center;\"><span style=\"font-size: 10pt;\">\u00bfAmas este juego tanto como nosotros?<\/span><\/p>\r\n<p style=\"text-align: center;\"><span style=\"font-size: 10pt;\"><strong>Entonces, esta es tu casa.<\/strong><\/span><\/p>\r\n\r\n<div id=\"detectButton5\" style=\"margin: 0 auto; text-align: center;\"><button class=\"button  button--red\" type=\"button\"><svg class=\"svg\"><use xlink:href=\"\/wp-content\/uploads\/2024\/12\/sprite.svg#lock\"><\/use> <\/svg>  DOWNLOAD POKERPLANETS <\/button><\/div><\/div>\r\n","protected":false},"excerpt":{"rendered":"<p>PokerPlanets es una sala donde el p\u00f3ker es mucho m\u00e1s que un juego. Detr\u00e1s del proyecto hay un equipo con a\u00f1os de experiencia en el p\u00f3ker online y la industria del gaming: desde la gesti\u00f3n de grandes plataformas hasta la organizaci\u00f3n de torneos en vivo de primer nivel. Sabemos qu\u00e9 hace que el juego sea [&hellip;]<\/p>\n","protected":false},"author":1,"featured_media":0,"parent":0,"menu_order":0,"comment_status":"closed","ping_status":"closed","template":"page-faq-nosidebar.php","meta":{"_acf_changed":false,"inline_featured_image":false,"footnotes":""},"class_list":["post-6041","page","type-page","status-publish","hentry"],"acf":[],"yoast_head":"<!-- This site is optimized with the Yoast SEO plugin v24.4 - https:\/\/yoast.com\/wordpress\/plugins\/seo\/ -->\n<title>Sobre PokerPlanets \u2014 Conoce M\u00e1s Sobre Nosotros<\/title>\n<meta name=\"description\" content=\"Descubre los valores y servicios de PokerPlanets \ud83c\udfaf Juega seg\u00fan las reglas con total transparencia\" \/>\n<meta name=\"robots\" content=\"index, follow, max-snippet:-1, max-image-preview:large, max-video-preview:-1\" \/>\n<meta property=\"og:locale\" content=\"es_ES\" \/>\n<meta property=\"og:type\" content=\"article\" \/>\n<meta property=\"og:title\" content=\"Sobre PokerPlanets \u2014 Conoce M\u00e1s Sobre Nosotros\" \/>\n<meta property=\"og:description\" content=\"Descubre los valores y servicios de PokerPlanets \ud83c\udfaf Juega seg\u00fan las reglas con total transparencia\" \/>\n<meta property=\"og:url\" content=\"https:\/\/pokerplanets1.com\/es\/sobre-nosotros\/\" \/>\n<meta property=\"og:site_name\" content=\"PokerPlanets\" \/>\n<meta name=\"twitter:card\" content=\"summary_large_image\" \/>\n<meta name=\"twitter:label1\" content=\"Tiempo de lectura\" \/>\n\t<meta name=\"twitter:data1\" content=\"1 minuto\" \/>\n<script type=\"application\/ld+json\" class=\"yoast-schema-graph\">{\"@context\":\"https:\/\/schema.org\",\"@graph\":[{\"@type\":\"WebPage\",\"@id\":\"https:\/\/pokerplanets1.com\/es\/sobre-nosotros\/\",\"url\":\"https:\/\/pokerplanets1.com\/es\/sobre-nosotros\/\",\"name\":\"Sobre PokerPlanets \u2014 Conoce M\u00e1s Sobre Nosotros\",\"isPartOf\":{\"@id\":\"https:\/\/pokerplanets1.com\/es\/#website\"},\"datePublished\":\"2025-03-06T15:10:08+00:00\",\"description\":\"Descubre los valores y servicios de PokerPlanets \ud83c\udfaf Juega seg\u00fan las reglas con total transparencia\",\"breadcrumb\":{\"@id\":\"https:\/\/pokerplanets1.com\/es\/sobre-nosotros\/#breadcrumb\"},\"inLanguage\":\"es\",\"potentialAction\":[{\"@type\":\"ReadAction\",\"target\":[\"https:\/\/pokerplanets1.com\/es\/sobre-nosotros\/\"]}]},{\"@type\":\"BreadcrumbList\",\"@id\":\"https:\/\/pokerplanets1.com\/es\/sobre-nosotros\/#breadcrumb\",\"itemListElement\":[{\"@type\":\"ListItem\",\"position\":1,\"name\":\"Home\",\"item\":\"https:\/\/pokerplanets1.com\/es\/\"},{\"@type\":\"ListItem\",\"position\":2,\"name\":\"Sobre Nosotros\"}]},{\"@type\":\"WebSite\",\"@id\":\"https:\/\/pokerplanets1.com\/es\/#website\",\"url\":\"https:\/\/pokerplanets1.com\/es\/\",\"name\":\"PokerPlanets\",\"description\":\"\",\"potentialAction\":[{\"@type\":\"SearchAction\",\"target\":{\"@type\":\"EntryPoint\",\"urlTemplate\":\"https:\/\/pokerplanets1.com\/es\/?s={search_term_string}\"},\"query-input\":{\"@type\":\"PropertyValueSpecification\",\"valueRequired\":true,\"valueName\":\"search_term_string\"}}],\"inLanguage\":\"es\"}]}<\/script>\n<!-- \/ Yoast SEO plugin. -->","yoast_head_json":{"title":"Sobre PokerPlanets \u2014 Conoce M\u00e1s Sobre Nosotros","description":"Descubre los valores y servicios de PokerPlanets \ud83c\udfaf Juega seg\u00fan las reglas con total transparencia","robots":{"index":"index","follow":"follow","max-snippet":"max-snippet:-1","max-image-preview":"max-image-preview:large","max-video-preview":"max-video-preview:-1"},"og_locale":"es_ES","og_type":"article","og_title":"Sobre PokerPlanets \u2014 Conoce M\u00e1s Sobre Nosotros","og_description":"Descubre los valores y servicios de PokerPlanets \ud83c\udfaf Juega seg\u00fan las reglas con total transparencia","og_url":"https:\/\/pokerplanets1.com\/es\/sobre-nosotros\/","og_site_name":"PokerPlanets","twitter_card":"summary_large_image","twitter_misc":{"Tiempo de lectura":"1 minuto"},"schema":{"@context":"https:\/\/schema.org","@graph":[{"@type":"WebPage","@id":"https:\/\/pokerplanets1.com\/es\/sobre-nosotros\/","url":"https:\/\/pokerplanets1.com\/es\/sobre-nosotros\/","name":"Sobre PokerPlanets \u2014 Conoce M\u00e1s Sobre Nosotros","isPartOf":{"@id":"https:\/\/pokerplanets1.com\/es\/#website"},"datePublished":"2025-03-06T15:10:08+00:00","description":"Descubre los valores y servicios de PokerPlanets \ud83c\udfaf Juega seg\u00fan las reglas con total transparencia","breadcrumb":{"@id":"https:\/\/pokerplanets1.com\/es\/sobre-nosotros\/#breadcrumb"},"inLanguage":"es","potentialAction":[{"@type":"ReadAction","target":["https:\/\/pokerplanets1.com\/es\/sobre-nosotros\/"]}]},{"@type":"BreadcrumbList","@id":"https:\/\/pokerplanets1.com\/es\/sobre-nosotros\/#breadcrumb","itemListElement":[{"@type":"ListItem","position":1,"name":"Home","item":"https:\/\/pokerplanets1.com\/es\/"},{"@type":"ListItem","position":2,"name":"Sobre Nosotros"}]},{"@type":"WebSite","@id":"https:\/\/pokerplanets1.com\/es\/#website","url":"https:\/\/pokerplanets1.com\/es\/","name":"PokerPlanets","description":"","potentialAction":[{"@type":"SearchAction","target":{"@type":"EntryPoint","urlTemplate":"https:\/\/pokerplanets1.com\/es\/?s={search_term_string}"},"query-input":{"@type":"PropertyValueSpecification","valueRequired":true,"valueName":"search_term_string"}}],"inLanguage":"es"}]}},"_links":{"self":[{"href":"https:\/\/pokerplanets1.com\/es\/wp-json\/wp\/v2\/pages\/6041","targetHints":{"allow":["GET"]}}],"collection":[{"href":"https:\/\/pokerplanets1.com\/es\/wp-json\/wp\/v2\/pages"}],"about":[{"href":"https:\/\/pokerplanets1.com\/es\/wp-json\/wp\/v2\/types\/page"}],"author":[{"embeddable":true,"href":"https:\/\/pokerplanets1.com\/es\/wp-json\/wp\/v2\/users\/1"}],"replies":[{"embeddable":true,"href":"https:\/\/pokerplanets1.com\/es\/wp-json\/wp\/v2\/comments?post=6041"}],"version-history":[{"count":0,"href":"https:\/\/pokerplanets1.com\/es\/wp-json\/wp\/v2\/pages\/6041\/revisions"}],"wp:attachment":[{"href":"https:\/\/pokerplanets1.com\/es\/wp-json\/wp\/v2\/media?parent=6041"}],"curies":[{"name":"wp","href":"https:\/\/api.w.org\/{rel}","templated":true}]}}