{"id":6080,"date":"2025-04-25T23:46:54","date_gmt":"2025-04-25T20:46:54","guid":{"rendered":"https:\/\/pokerplanets1.com\/preguntas-frecuentes\/"},"modified":"2025-04-25T23:46:54","modified_gmt":"2025-04-25T20:46:54","slug":"preguntas-frecuentes","status":"publish","type":"page","link":"https:\/\/pokerplanets1.com\/es\/preguntas-frecuentes\/","title":{"rendered":"Preguntas Frecuentes"},"content":{"rendered":"<h2>Preguntas Frecuentes sobre Dep\u00f3sitos<\/h2> \r\n<p><blockquote class=\"wp-embedded-content\" data-secret=\"NWzaTWZiL6\"><a href=\"https:\/\/pokerplanets1.com\/es\/faq-es\/deposits-es\/how-can-i-make-a-deposit\/\">How can I make a deposit?<\/a><\/blockquote><iframe loading=\"lazy\" class=\"wp-embedded-content\" sandbox=\"allow-scripts\" security=\"restricted\" style=\"position: absolute; visibility: hidden;\" title=\"\u00abHow can I make a deposit?\u00bb \u2014 PokerPlanets\" src=\"https:\/\/pokerplanets1.com\/es\/faq-es\/deposits-es\/how-can-i-make-a-deposit\/embed\/#?secret=u73QTFMLod#?secret=NWzaTWZiL6\" data-secret=\"NWzaTWZiL6\" width=\"500\" height=\"282\" frameborder=\"0\" marginwidth=\"0\" marginheight=\"0\" scrolling=\"no\"><\/iframe><\/p>\r\n<p><blockquote class=\"wp-embedded-content\" data-secret=\"V0T7bSQMkB\"><a href=\"https:\/\/pokerplanets1.com\/es\/faq-es\/deposits-es\/how-safe-is-it-to-make-a-payment-on-your-platform\/\">Are payments secure?<\/a><\/blockquote><iframe loading=\"lazy\" class=\"wp-embedded-content\" sandbox=\"allow-scripts\" security=\"restricted\" style=\"position: absolute; visibility: hidden;\" title=\"\u00abAre payments secure?\u00bb \u2014 PokerPlanets\" src=\"https:\/\/pokerplanets1.com\/es\/faq-es\/deposits-es\/how-safe-is-it-to-make-a-payment-on-your-platform\/embed\/#?secret=2PJMxlWJmp#?secret=V0T7bSQMkB\" data-secret=\"V0T7bSQMkB\" width=\"500\" height=\"282\" frameborder=\"0\" marginwidth=\"0\" marginheight=\"0\" scrolling=\"no\"><\/iframe><\/p>\r\n<p><blockquote class=\"wp-embedded-content\" data-secret=\"w3jJ820YMU\"><a href=\"https:\/\/pokerplanets1.com\/es\/faq-es\/deposits-es\/are-there-any-fees-for-making-deposits\/\">Are there any deposit fees?<\/a><\/blockquote><iframe loading=\"lazy\" class=\"wp-embedded-content\" sandbox=\"allow-scripts\" security=\"restricted\" style=\"position: absolute; visibility: hidden;\" title=\"\u00abAre there any deposit fees?\u00bb \u2014 PokerPlanets\" src=\"https:\/\/pokerplanets1.com\/es\/faq-es\/deposits-es\/are-there-any-fees-for-making-deposits\/embed\/#?secret=B7hJi8NndX#?secret=w3jJ820YMU\" data-secret=\"w3jJ820YMU\" width=\"500\" height=\"282\" frameborder=\"0\" marginwidth=\"0\" marginheight=\"0\" scrolling=\"no\"><\/iframe><\/p>\r\n<p>https:\/\/pokerplanets1.com\/en\/faq-new\/which-currencies-do-you-accept-for-deposits\/<\/p>\r\n<p><blockquote class=\"wp-embedded-content\" data-secret=\"LC616K0TP5\"><a href=\"https:\/\/pokerplanets1.com\/es\/faq-es\/deposits-es\/why-was-my-deposit-rejected\/\">Why was my deposit declined?<\/a><\/blockquote><iframe loading=\"lazy\" class=\"wp-embedded-content\" sandbox=\"allow-scripts\" security=\"restricted\" style=\"position: absolute; visibility: hidden;\" title=\"\u00abWhy was my deposit declined?\u00bb \u2014 PokerPlanets\" src=\"https:\/\/pokerplanets1.com\/es\/faq-es\/deposits-es\/why-was-my-deposit-rejected\/embed\/#?secret=YWpBmw8YKG#?secret=LC616K0TP5\" data-secret=\"LC616K0TP5\" width=\"500\" height=\"282\" frameborder=\"0\" marginwidth=\"0\" marginheight=\"0\" scrolling=\"no\"><\/iframe><\/p>\r\n<p><blockquote class=\"wp-embedded-content\" data-secret=\"HqQMyqhvkB\"><a href=\"https:\/\/pokerplanets1.com\/es\/faq-es\/deposits-es\/how-long-will-it-take-for-my-deposit-to-appear-in-my-account-balance\/\">When will the deposit appear in the Cashier balance?<\/a><\/blockquote><iframe loading=\"lazy\" class=\"wp-embedded-content\" sandbox=\"allow-scripts\" security=\"restricted\" style=\"position: absolute; visibility: hidden;\" title=\"\u00abWhen will the deposit appear in the Cashier balance?\u00bb \u2014 PokerPlanets\" src=\"https:\/\/pokerplanets1.com\/es\/faq-es\/deposits-es\/how-long-will-it-take-for-my-deposit-to-appear-in-my-account-balance\/embed\/#?secret=577ANbLR9M#?secret=HqQMyqhvkB\" data-secret=\"HqQMyqhvkB\" width=\"500\" height=\"282\" frameborder=\"0\" marginwidth=\"0\" marginheight=\"0\" scrolling=\"no\"><\/iframe><\/p>\r\n<p><blockquote class=\"wp-embedded-content\" data-secret=\"gCB7TEffuF\"><a href=\"https:\/\/pokerplanets1.com\/es\/faq-es\/deposits-es\/can-i-use-someone-elses-card-to-deposit-funds\/\">Can I use someone else\u2019s card for deposits?<\/a><\/blockquote><iframe loading=\"lazy\" class=\"wp-embedded-content\" sandbox=\"allow-scripts\" security=\"restricted\" style=\"position: absolute; visibility: hidden;\" title=\"\u00abCan I use someone else\u2019s card for deposits?\u00bb \u2014 PokerPlanets\" src=\"https:\/\/pokerplanets1.com\/es\/faq-es\/deposits-es\/can-i-use-someone-elses-card-to-deposit-funds\/embed\/#?secret=FhGcoXNk0t#?secret=gCB7TEffuF\" data-secret=\"gCB7TEffuF\" width=\"500\" height=\"282\" frameborder=\"0\" marginwidth=\"0\" marginheight=\"0\" scrolling=\"no\"><\/iframe><\/p>\r\n<p><blockquote class=\"wp-embedded-content\" data-secret=\"9ykcKqOMfX\"><a href=\"https:\/\/pokerplanets1.com\/es\/faq-es\/deposits-es\/can-i-cancel-my-deposit-request\/\">Can I cancel my deposit request?<\/a><\/blockquote><iframe loading=\"lazy\" class=\"wp-embedded-content\" sandbox=\"allow-scripts\" security=\"restricted\" style=\"position: absolute; visibility: hidden;\" title=\"\u00abCan I cancel my deposit request?\u00bb \u2014 PokerPlanets\" src=\"https:\/\/pokerplanets1.com\/es\/faq-es\/deposits-es\/can-i-cancel-my-deposit-request\/embed\/#?secret=hhchKVneS8#?secret=9ykcKqOMfX\" data-secret=\"9ykcKqOMfX\" width=\"500\" height=\"282\" frameborder=\"0\" marginwidth=\"0\" marginheight=\"0\" scrolling=\"no\"><\/iframe><\/p>\r\n<p><blockquote class=\"wp-embedded-content\" data-secret=\"PuTO9tgcAd\"><a href=\"https:\/\/pokerplanets1.com\/es\/faq-es\/deposits-es\/is-there-a-minimum-deposit-amount\/\">What are the minimum and maximum deposit amounts?<\/a><\/blockquote><iframe loading=\"lazy\" class=\"wp-embedded-content\" sandbox=\"allow-scripts\" security=\"restricted\" style=\"position: absolute; visibility: hidden;\" title=\"\u00abWhat are the minimum and maximum deposit amounts?\u00bb \u2014 PokerPlanets\" src=\"https:\/\/pokerplanets1.com\/es\/faq-es\/deposits-es\/is-there-a-minimum-deposit-amount\/embed\/#?secret=fjWdNAbeh9#?secret=PuTO9tgcAd\" data-secret=\"PuTO9tgcAd\" width=\"500\" height=\"282\" frameborder=\"0\" marginwidth=\"0\" marginheight=\"0\" scrolling=\"no\"><\/iframe><\/p>\r\n<p><blockquote class=\"wp-embedded-content\" data-secret=\"JsS113hLcb\"><a href=\"https:\/\/pokerplanets1.com\/es\/faq-es\/deposits-es\/how-can-i-confirm-that-my-deposit-was-successful\/\">How can I confirm that my deposit was successful?<\/a><\/blockquote><iframe loading=\"lazy\" class=\"wp-embedded-content\" sandbox=\"allow-scripts\" security=\"restricted\" style=\"position: absolute; visibility: hidden;\" title=\"\u00abHow can I confirm that my deposit was successful?\u00bb \u2014 PokerPlanets\" src=\"https:\/\/pokerplanets1.com\/es\/faq-es\/deposits-es\/how-can-i-confirm-that-my-deposit-was-successful\/embed\/#?secret=rtxOnCwKtk#?secret=JsS113hLcb\" data-secret=\"JsS113hLcb\" width=\"500\" height=\"282\" frameborder=\"0\" marginwidth=\"0\" marginheight=\"0\" scrolling=\"no\"><\/iframe><\/p>\r\n<p><blockquote class=\"wp-embedded-content\" data-secret=\"uW58SpylPS\"><a href=\"https:\/\/pokerplanets1.com\/es\/faq-es\/deposits-es\/can-i-make-a-deposit-using-cryptocurrency\/\">Can I deposit using cryptocurrency?<\/a><\/blockquote><iframe loading=\"lazy\" class=\"wp-embedded-content\" sandbox=\"allow-scripts\" security=\"restricted\" style=\"position: absolute; visibility: hidden;\" title=\"\u00abCan I deposit using cryptocurrency?\u00bb \u2014 PokerPlanets\" src=\"https:\/\/pokerplanets1.com\/es\/faq-es\/deposits-es\/can-i-make-a-deposit-using-cryptocurrency\/embed\/#?secret=8G3ZMDe0vc#?secret=uW58SpylPS\" data-secret=\"uW58SpylPS\" width=\"500\" height=\"282\" frameborder=\"0\" marginwidth=\"0\" marginheight=\"0\" scrolling=\"no\"><\/iframe><\/p>\r\n<p>https:\/\/pokerplanets1.com\/en\/faq-new\/why-is-my-deposit-pending\/<\/p>\r\n<p><blockquote class=\"wp-embedded-content\" data-secret=\"lCIrceGxgk\"><a href=\"https:\/\/pokerplanets1.com\/es\/faq-es\/deposits-es\/can-i-use-multiple-payment-methods-for-deposits\/\">Can I use multiple payment methods for deposits?<\/a><\/blockquote><iframe loading=\"lazy\" class=\"wp-embedded-content\" sandbox=\"allow-scripts\" security=\"restricted\" style=\"position: absolute; visibility: hidden;\" title=\"\u00abCan I use multiple payment methods for deposits?\u00bb \u2014 PokerPlanets\" src=\"https:\/\/pokerplanets1.com\/es\/faq-es\/deposits-es\/can-i-use-multiple-payment-methods-for-deposits\/embed\/#?secret=TmOjEmpHvh#?secret=lCIrceGxgk\" data-secret=\"lCIrceGxgk\" width=\"500\" height=\"282\" frameborder=\"0\" marginwidth=\"0\" marginheight=\"0\" scrolling=\"no\"><\/iframe><\/p>\r\n<p>https:\/\/pokerplanets1.com\/en\/faq-new\/what-should-i-do-if-my-deposit-is-not-credited-to-my-account\/<\/p>\r\n<p><blockquote class=\"wp-embedded-content\" data-secret=\"Szv8Tklxyv\"><a href=\"https:\/\/pokerplanets1.com\/es\/faq-es\/deposits-es\/is-there-a-maximum-deposit-amount\/\">How long does Customer Support take to investigate a missing transaction?<\/a><\/blockquote><iframe loading=\"lazy\" class=\"wp-embedded-content\" sandbox=\"allow-scripts\" security=\"restricted\" style=\"position: absolute; visibility: hidden;\" title=\"\u00abHow long does Customer Support take to investigate a missing transaction?\u00bb \u2014 PokerPlanets\" src=\"https:\/\/pokerplanets1.com\/es\/faq-es\/deposits-es\/is-there-a-maximum-deposit-amount\/embed\/#?secret=iEoZ43aub1#?secret=Szv8Tklxyv\" data-secret=\"Szv8Tklxyv\" width=\"500\" height=\"282\" frameborder=\"0\" marginwidth=\"0\" marginheight=\"0\" scrolling=\"no\"><\/iframe><\/p>\r\n<p><blockquote class=\"wp-embedded-content\" data-secret=\"2UbZMq7h1r\"><a href=\"https:\/\/pokerplanets1.com\/es\/faq-es\/deposits-es\/can-i-set-deposit-limits-on-my-account\/\">Can I set deposit limits on my account?<\/a><\/blockquote><iframe loading=\"lazy\" class=\"wp-embedded-content\" sandbox=\"allow-scripts\" security=\"restricted\" style=\"position: absolute; visibility: hidden;\" title=\"\u00abCan I set deposit limits on my account?\u00bb \u2014 PokerPlanets\" src=\"https:\/\/pokerplanets1.com\/es\/faq-es\/deposits-es\/can-i-set-deposit-limits-on-my-account\/embed\/#?secret=IDlCBVEIXJ#?secret=2UbZMq7h1r\" data-secret=\"2UbZMq7h1r\" width=\"500\" height=\"282\" frameborder=\"0\" marginwidth=\"0\" marginheight=\"0\" scrolling=\"no\"><\/iframe><\/p>\r\n<p><blockquote class=\"wp-embedded-content\" data-secret=\"jOhXotDg4r\"><a href=\"https:\/\/pokerplanets1.com\/es\/faq-es\/deposits-es\/do-you-accept-deposits-in-multiple-currencies\/\">Do you accept deposits in multiple currencies?<\/a><\/blockquote><iframe loading=\"lazy\" class=\"wp-embedded-content\" sandbox=\"allow-scripts\" security=\"restricted\" style=\"position: absolute; visibility: hidden;\" title=\"\u00abDo you accept deposits in multiple currencies?\u00bb \u2014 PokerPlanets\" src=\"https:\/\/pokerplanets1.com\/es\/faq-es\/deposits-es\/do-you-accept-deposits-in-multiple-currencies\/embed\/#?secret=wzwrKueSKc#?secret=jOhXotDg4r\" data-secret=\"jOhXotDg4r\" width=\"500\" height=\"282\" frameborder=\"0\" marginwidth=\"0\" marginheight=\"0\" scrolling=\"no\"><\/iframe><\/p>\r\n\r\n<h2>Preguntas Frecuentes sobre la Cuenta<\/h2>\r\n<p><b><a href=\"https:\/\/pokerplanets1.com\/en\/faq-new\/how-can-i-start-playing-on-pokerplanets\/\">\u00bfC\u00f3mo puedo empezar a jugar en PokerPlanets?<\/a><br \/>\r\n<a href=\"https:\/\/pokerplanets1.com\/en\/faq-new\/can-i-choose-any-username-i-like\/\">\u00bfPuedo elegir cualquier nombre de usuario que me guste?<\/a><br \/>\r\n<\/b><strong><a href=\"https:\/\/pokerplanets1.com\/en\/faq-new\/why-am-i-not-receiving-the-verification-code-for-my-email-validation\/\">\u00bfPor qu\u00e9 no recibo el c\u00f3digo de verificaci\u00f3n para validar mi correo electr\u00f3nico?<\/a><br \/>\r\n<a href=\"https:\/\/pokerplanets1.com\/en\/faq-new\/why-am-i-not-receiving-the-verification-code-for-my-email-validation\/\">\u00bfPuede un familiar crear su propia cuenta si compartimos ordenador o domicilio?<\/a><br \/>\r\n<b><a href=\"https:\/\/pokerplanets1.com\/en\/faq-new\/why-cant-i-register-multiple-accounts\/\">\u00bfPor qu\u00e9 no puedo registrar varias cuentas?<\/a><br \/>\r\n<a href=\"https:\/\/pokerplanets1.com\/en\/faq-new\/how-can-i-change-my-username\/\">\u00bfC\u00f3mo puedo cambiar mi nombre de usuario?<\/a><br \/>\r\n<\/b><a href=\"https:\/\/pokerplanets1.com\/en\/faq-new\/can-i-set-my-own-image-as-an-avatar\/\">\u00bfPuedo usar mi propia imagen como avatar?<\/a><br \/>\r\n<\/strong><a href=\"https:\/\/pokerplanets1.com\/en\/faq-new\/how-can-i-reset-my-password\/\"><b>\u00bfC\u00f3mo puedo restablecer mi contrase\u00f1a?<\/b><\/a><br \/>\r\n<b><a href=\"https:\/\/pokerplanets1.com\/en\/faq-new\/can-i-change-my-email-address\/\">\u00bfPuedo cambiar mi direcci\u00f3n de correo electr\u00f3nico?<\/a><br \/>\r\n<a href=\"https:\/\/pokerplanets1.com\/en\/faq-new\/can-i-change-my-phone-number\/\">\u00bfPuedo cambiar mi n\u00famero de tel\u00e9fono?<\/a><br \/>\r\n<a href=\"https:\/\/pokerplanets1.com\/en\/faq-new\/ive-moved-do-i-need-to-complete-verification-again\/\">Me he mudado \u2014 \u00bfdebo volver a verificar mi cuenta?<\/a><br \/>\r\n<a href=\"https:\/\/pokerplanets1.com\/en\/faq-new\/why-does-my-lobby-say-that-i-am-not-verified-address-change\/\">\u00bfPor qu\u00e9 en el lobby aparece que no estoy verificado? (cambio de direcci\u00f3n)<\/a><br \/>\r\n<a href=\"https:\/\/pokerplanets1.com\/en\/faq-new\/can-i-change-my-personal-information\/\">\u00bfPuedo cambiar mis datos personales?<\/a><br \/>\r\n<a href=\"https:\/\/pokerplanets1.com\/en\/faq-new\/i-want-to-move-to-another-country-what-will-happen-to-my-account\/\">Quiero mudarme a otro pa\u00eds, \u00bfqu\u00e9 pasar\u00e1 con mi cuenta?<\/a><br \/>\r\n<a href=\"https:\/\/pokerplanets1.com\/en\/faq-new\/can-i-play-while-traveling-to-other-countries\/\">\u00bfPuedo jugar mientras viajo a otros pa\u00edses?<\/a><br \/>\r\n<\/b><b><a href=\"https:\/\/pokerplanets1.com\/en\/faq-new\/how-can-i-close-my-account\/\">\u00bfC\u00f3mo puedo cerrar mi cuenta?<\/a><br \/>\r\n<a href=\"https:\/\/pokerplanets1.com\/en\/faq-new\/what-will-happen-to-my-data-after-my-account-is-closed\/\">\u00bfQu\u00e9 ocurrir\u00e1 con mis datos tras cerrar la cuenta?<\/a><br \/>\r\n<\/b><b><br \/>\r\n<\/b><\/p>\r\n<p>&nbsp;<\/p>","protected":false},"excerpt":{"rendered":"<p>Preguntas Frecuentes sobre Dep\u00f3sitos How can I make a deposit? Are payments secure? Are there any deposit fees? https:\/\/pokerplanets1.com\/en\/faq-new\/which-currencies-do-you-accept-for-deposits\/ Why was my deposit declined? When will the deposit appear in the Cashier balance? Can I use someone else\u2019s card for deposits? Can I cancel my deposit request? What are the minimum and maximum deposit amounts? [&hellip;]<\/p>\n","protected":false},"author":1,"featured_media":0,"parent":0,"menu_order":0,"comment_status":"closed","ping_status":"closed","template":"page-simple3.php","meta":{"_acf_changed":false,"inline_featured_image":false,"footnotes":""},"class_list":["post-6080","page","type-page","status-publish","hentry"],"acf":[],"yoast_head":"<!-- This site is optimized with the Yoast SEO plugin v24.4 - https:\/\/yoast.com\/wordpress\/plugins\/seo\/ -->\n<title>Preguntas Frecuentes - PokerPlanets<\/title>\n<meta name=\"robots\" content=\"noindex, follow\" \/>\n<meta property=\"og:locale\" content=\"es_ES\" \/>\n<meta property=\"og:type\" content=\"article\" \/>\n<meta property=\"og:title\" content=\"Preguntas Frecuentes - PokerPlanets\" \/>\n<meta property=\"og:description\" content=\"Preguntas Frecuentes sobre Dep\u00f3sitos How can I make a deposit? Are payments secure? Are there any deposit fees? https:\/\/pokerplanets1.com\/en\/faq-new\/which-currencies-do-you-accept-for-deposits\/ Why was my deposit declined? When will the deposit appear in the Cashier balance? Can I use someone else\u2019s card for deposits? Can I cancel my deposit request? What are the minimum and maximum deposit amounts? [&hellip;]\" \/>\n<meta property=\"og:url\" content=\"https:\/\/pokerplanets1.com\/es\/preguntas-frecuentes\/\" \/>\n<meta property=\"og:site_name\" content=\"PokerPlanets\" \/>\n<meta name=\"twitter:card\" content=\"summary_large_image\" \/>\n<meta name=\"twitter:label1\" content=\"Tiempo de lectura\" \/>\n\t<meta name=\"twitter:data1\" content=\"1 minuto\" \/>\n<script type=\"application\/ld+json\" class=\"yoast-schema-graph\">{\"@context\":\"https:\/\/schema.org\",\"@graph\":[{\"@type\":\"WebPage\",\"@id\":\"https:\/\/pokerplanets1.com\/es\/preguntas-frecuentes\/\",\"url\":\"https:\/\/pokerplanets1.com\/es\/preguntas-frecuentes\/\",\"name\":\"Preguntas Frecuentes - PokerPlanets\",\"isPartOf\":{\"@id\":\"https:\/\/pokerplanets1.com\/es\/#website\"},\"datePublished\":\"2025-04-25T20:46:54+00:00\",\"breadcrumb\":{\"@id\":\"https:\/\/pokerplanets1.com\/es\/preguntas-frecuentes\/#breadcrumb\"},\"inLanguage\":\"es\",\"potentialAction\":[{\"@type\":\"ReadAction\",\"target\":[\"https:\/\/pokerplanets1.com\/es\/preguntas-frecuentes\/\"]}]},{\"@type\":\"BreadcrumbList\",\"@id\":\"https:\/\/pokerplanets1.com\/es\/preguntas-frecuentes\/#breadcrumb\",\"itemListElement\":[{\"@type\":\"ListItem\",\"position\":1,\"name\":\"Home\",\"item\":\"https:\/\/pokerplanets1.com\/es\/\"},{\"@type\":\"ListItem\",\"position\":2,\"name\":\"Preguntas Frecuentes\"}]},{\"@type\":\"WebSite\",\"@id\":\"https:\/\/pokerplanets1.com\/es\/#website\",\"url\":\"https:\/\/pokerplanets1.com\/es\/\",\"name\":\"PokerPlanets\",\"description\":\"\",\"potentialAction\":[{\"@type\":\"SearchAction\",\"target\":{\"@type\":\"EntryPoint\",\"urlTemplate\":\"https:\/\/pokerplanets1.com\/es\/?s={search_term_string}\"},\"query-input\":{\"@type\":\"PropertyValueSpecification\",\"valueRequired\":true,\"valueName\":\"search_term_string\"}}],\"inLanguage\":\"es\"}]}<\/script>\n<!-- \/ Yoast SEO plugin. -->","yoast_head_json":{"title":"Preguntas Frecuentes - PokerPlanets","robots":{"index":"noindex","follow":"follow"},"og_locale":"es_ES","og_type":"article","og_title":"Preguntas Frecuentes - PokerPlanets","og_description":"Preguntas Frecuentes sobre Dep\u00f3sitos How can I make a deposit? Are payments secure? Are there any deposit fees? https:\/\/pokerplanets1.com\/en\/faq-new\/which-currencies-do-you-accept-for-deposits\/ Why was my deposit declined? When will the deposit appear in the Cashier balance? Can I use someone else\u2019s card for deposits? Can I cancel my deposit request? What are the minimum and maximum deposit amounts? [&hellip;]","og_url":"https:\/\/pokerplanets1.com\/es\/preguntas-frecuentes\/","og_site_name":"PokerPlanets","twitter_card":"summary_large_image","twitter_misc":{"Tiempo de lectura":"1 minuto"},"schema":{"@context":"https:\/\/schema.org","@graph":[{"@type":"WebPage","@id":"https:\/\/pokerplanets1.com\/es\/preguntas-frecuentes\/","url":"https:\/\/pokerplanets1.com\/es\/preguntas-frecuentes\/","name":"Preguntas Frecuentes - PokerPlanets","isPartOf":{"@id":"https:\/\/pokerplanets1.com\/es\/#website"},"datePublished":"2025-04-25T20:46:54+00:00","breadcrumb":{"@id":"https:\/\/pokerplanets1.com\/es\/preguntas-frecuentes\/#breadcrumb"},"inLanguage":"es","potentialAction":[{"@type":"ReadAction","target":["https:\/\/pokerplanets1.com\/es\/preguntas-frecuentes\/"]}]},{"@type":"BreadcrumbList","@id":"https:\/\/pokerplanets1.com\/es\/preguntas-frecuentes\/#breadcrumb","itemListElement":[{"@type":"ListItem","position":1,"name":"Home","item":"https:\/\/pokerplanets1.com\/es\/"},{"@type":"ListItem","position":2,"name":"Preguntas Frecuentes"}]},{"@type":"WebSite","@id":"https:\/\/pokerplanets1.com\/es\/#website","url":"https:\/\/pokerplanets1.com\/es\/","name":"PokerPlanets","description":"","potentialAction":[{"@type":"SearchAction","target":{"@type":"EntryPoint","urlTemplate":"https:\/\/pokerplanets1.com\/es\/?s={search_term_string}"},"query-input":{"@type":"PropertyValueSpecification","valueRequired":true,"valueName":"search_term_string"}}],"inLanguage":"es"}]}},"_links":{"self":[{"href":"https:\/\/pokerplanets1.com\/es\/wp-json\/wp\/v2\/pages\/6080","targetHints":{"allow":["GET"]}}],"collection":[{"href":"https:\/\/pokerplanets1.com\/es\/wp-json\/wp\/v2\/pages"}],"about":[{"href":"https:\/\/pokerplanets1.com\/es\/wp-json\/wp\/v2\/types\/page"}],"author":[{"embeddable":true,"href":"https:\/\/pokerplanets1.com\/es\/wp-json\/wp\/v2\/users\/1"}],"replies":[{"embeddable":true,"href":"https:\/\/pokerplanets1.com\/es\/wp-json\/wp\/v2\/comments?post=6080"}],"version-history":[{"count":0,"href":"https:\/\/pokerplanets1.com\/es\/wp-json\/wp\/v2\/pages\/6080\/revisions"}],"wp:attachment":[{"href":"https:\/\/pokerplanets1.com\/es\/wp-json\/wp\/v2\/media?parent=6080"}],"curies":[{"name":"wp","href":"https:\/\/api.w.org\/{rel}","templated":true}]}}