{"id":6244,"date":"2025-01-28T23:02:20","date_gmt":"2025-01-28T20:02:20","guid":{"rendered":"https:\/\/pokerplanets1.com\/terminos-y-condiciones-generales\/politica-de-privacidad\/"},"modified":"2025-01-28T23:02:20","modified_gmt":"2025-01-28T20:02:20","slug":"politica-de-privacidad","status":"publish","type":"page","link":"https:\/\/pokerplanets1.com\/es\/terminos-y-condiciones-generales\/politica-de-privacidad\/","title":{"rendered":"Pol\u00edtica de privacidad"},"content":{"rendered":"<div>\r\n<p><span style=\"font-size: 10pt;\"><em>Versi\u00f3n 1.0.<\/em><\/span><br \/>\r\n<span style=\"font-size: 10pt;\"><em>\u00daltima actualizaci\u00f3n: 1 de marzo de 2025<\/em><\/span><\/p>\r\n<p><span style=\"font-size: 10pt;\"><strong>1. INTRODUCCI\u00d3N<\/strong><\/span><\/p>\r\n<ul>\r\n\t<li><span style=\"font-size: 10pt;\">Estamos comprometidos con la protecci\u00f3n de tu informaci\u00f3n personal. Esta Pol\u00edtica de Privacidad te informa sobre qu\u00e9 datos recopilamos al prestar nuestros servicios, por qu\u00e9 los recopilamos y c\u00f3mo utilizamos dicha informaci\u00f3n.<\/span><br \/>\r\n<span style=\"font-size: 10pt;\">La Pol\u00edtica de Privacidad de este sitio web, del programa cliente con interfaz gr\u00e1fica de usuario y de las aplicaciones m\u00f3viles (\"Sitio web\") se establece entre t\u00fa y Entertainment Planets B.V., una empresa registrada conforme a las leyes de Curazao, con n\u00famero de registro 166486 y direcci\u00f3n en Kaya Richard J. Beaujon Z\/N, Curazao (en adelante, \"nosotros\", \"nos\" o \"la empresa\"). Este Sitio web cuenta con licencia y est\u00e1 regulado por la Cura\u00e7ao Gaming Control Board, Licencia N\u00ba OGL\/2024\/1469\/0855.<\/span><\/li>\r\n\t<li><span style=\"font-size: 10pt;\">Los t\u00e9rminos \"usuario\", \"jugador\" o \"t\u00fa\" hacen referencia a la persona que se ha registrado o tiene la intenci\u00f3n de registrar una Cuenta en el Sitio web.<\/span><\/li>\r\n\t<li><span style=\"font-size: 10pt;\">Esta Pol\u00edtica de Privacidad forma parte integrante de los <a href=\"http:\/\/pokerplanets1.com\/en\/terms-conditions\/\">T\u00e9rminos y Condiciones Generales<\/a> del Sitio web.<\/span><\/li>\r\n\t<li><span style=\"font-size: 10pt;\">Nos reservamos el derecho de realizar cambios peri\u00f3dicos a esta Pol\u00edtica de Privacidad sin previo aviso a los usuarios. La versi\u00f3n vigente de la Pol\u00edtica de Privacidad estar\u00e1 siempre disponible en el Sitio web, indicando la fecha de entrada en vigor. Cualquier modificaci\u00f3n entrar\u00e1 en vigor 7 (siete) d\u00edas despu\u00e9s de su publicaci\u00f3n en el Sitio web o en el plazo especial que exijan disposiciones legislativas u otros requisitos normativos.<\/span><\/li>\r\n\t<li><span style=\"font-size: 10pt;\">Si no est\u00e1s de acuerdo con esta Pol\u00edtica de Privacidad o con alguna de sus modificaciones, y no deseas que tu Informaci\u00f3n Personal sea transferida o procesada, por favor no abras una Cuenta ni sigas utilizando el Sitio web. El uso continuado del Sitio web implica la aceptaci\u00f3n de esta Pol\u00edtica de Privacidad.<\/span><\/li>\r\n<\/ul>\r\n<\/div>\r\n<div>\r\n<p><span style=\"font-size: 10pt;\"><strong>2. RECOPILACI\u00d3N DE INFORMACI\u00d3N<\/strong><\/span><\/p>\r\n<ul>\r\n\t<li><span style=\"font-size: 10pt;\">Consideramos como Informaci\u00f3n Personal (\"Informaci\u00f3n Personal\") cualquier dato que pueda ser utilizado para identificar a una persona, incluidos, entre otros, nombre y apellidos, fecha de nacimiento, direcci\u00f3n f\u00edsica o de residencia, correo electr\u00f3nico, n\u00famero de tel\u00e9fono u otra informaci\u00f3n relevante.<\/span><\/li>\r\n\t<li><span style=\"font-size: 10pt;\">Tenemos derecho a solicitar Informaci\u00f3n Personal cuando uses nuestro Sitio web, registres una Cuenta o utilices cualquiera de nuestros servicios. La Informaci\u00f3n Personal que recopilamos puede incluir tambi\u00e9n datos como: informaci\u00f3n de pagos, solicitudes de soporte, historial de transacciones, historial de apuestas, entre otros.<\/span><\/li>\r\n\t<li><span style=\"font-size: 10pt;\">Esta informaci\u00f3n se almacena en nuestros servidores. Conservamos tu Informaci\u00f3n Personal durante el tiempo necesario para poder seguir prest\u00e1ndote nuestros servicios.<\/span><\/li>\r\n\t<li><span style=\"font-size: 10pt;\">Mantenemos tu Informaci\u00f3n Personal hasta 6 (seis) meses despu\u00e9s del cierre de la Cuenta, salvo que sea necesario conservarla por un per\u00edodo m\u00e1s largo, especialmente para la resoluci\u00f3n de disputas.<\/span><\/li>\r\n\t<li><span style=\"font-size: 10pt;\">Cuando interact\u00faas con el Sitio web, nuestros servidores mantienen un registro de actividad \u00fanico que recopila determinada informaci\u00f3n administrativa y de tr\u00e1fico, incluyendo: direcci\u00f3n IP de origen, hora de acceso, fecha de acceso, p\u00e1ginas visitadas, idioma utilizado, informes de fallos del software, tipo de navegador utilizado, etc. Esta informaci\u00f3n es necesaria para proporcionar y mejorar la calidad de nuestros servicios.<\/span><\/li>\r\n\t<li><span style=\"font-size: 10pt;\">No recopilamos Informaci\u00f3n Personal sin tu conocimiento.<\/span><\/li>\r\n<\/ul>\r\n<\/div>\r\n<div>\r\n<p><span style=\"font-size: 10pt;\"><strong>3. M\u00c9TODOS DE RECOGIDA Y TRATAMIENTO DE DATOS<\/strong><\/span><\/p>\r\n<ul>\r\n\t<li><span style=\"font-size: 10pt;\">Podemos recopilar autom\u00e1ticamente ciertos datos como se ha mencionado anteriormente y recibir Informaci\u00f3n Personal sobre ti cuando la proporciones al utilizar el Sitio web. Tambi\u00e9n podemos recibir Informaci\u00f3n Personal de proveedores de servicios, as\u00ed como de bases de datos de clientes adquiridas legalmente a trav\u00e9s de terceros.<\/span><\/li>\r\n\t<li><span style=\"font-size: 10pt;\">Tenemos derecho a contratar a proveedores de servicios externos para soporte t\u00e9cnico, procesamiento de transacciones en l\u00ednea, verificaci\u00f3n de identidad y gesti\u00f3n de tu Cuenta. Tendremos acceso a cualquier informaci\u00f3n que proporciones a dichos proveedores, prestadores de servicios y servicios en l\u00ednea de terceros, y utilizaremos tu Informaci\u00f3n Personal de acuerdo con esta Pol\u00edtica de Privacidad. Esta informaci\u00f3n solo podr\u00e1 transferirse a terceros ajenos a nuestra empresa conforme a lo establecido en esta Pol\u00edtica de Privacidad. Adoptamos medidas para garantizar que nuestros acuerdos con terceros protejan tu privacidad y cumplan con esta Pol\u00edtica de Privacidad y el Reglamento General de Protecci\u00f3n de Datos (RGPD).<\/span><\/li>\r\n<\/ul>\r\n<\/div>\r\n<div>\r\n<p><span style=\"font-size: 10pt;\"><strong>4. USO DE LA INFORMACI\u00d3N<\/strong><\/span><\/p>\r\n<ul>\r\n\t<li><span style=\"font-size: 10pt;\">Utilizamos la Informaci\u00f3n Personal que recopilamos de ti para prestar nuestros servicios, ofrecer soporte a los usuarios, realizar controles necesarios de seguridad e identificaci\u00f3n, procesar tus transacciones en l\u00ednea, facilitar tu participaci\u00f3n en promociones de terceros, cumplir ciertos requisitos comerciales y para cualquier otro prop\u00f3sito relacionado con la prestaci\u00f3n de servicios del Sitio web. Podemos compartir tu Informaci\u00f3n Personal con nuestros socios (incluidas otras partes con las que tengamos acuerdos de intercambio de datos).<\/span><\/li>\r\n\t<li><span style=\"font-size: 10pt;\">Tu Informaci\u00f3n Personal tambi\u00e9n puede ser utilizada por nosotros para ofrecerte: (1) ofertas promocionales e informaci\u00f3n sobre nuestros productos y servicios; y (2) ofertas promocionales e informaci\u00f3n sobre los productos y servicios de nuestros socios, con el fin de ampliar la gama de productos ofrecidos y mejorar el servicio al usuario. Ocasionalmente, podemos solicitar informaci\u00f3n a trav\u00e9s de encuestas o concursos. La participaci\u00f3n en estas encuestas o concursos es completamente voluntaria, y puedes decidir si deseas proporcionar dicha informaci\u00f3n. La informaci\u00f3n solicitada puede incluir datos de contacto (por ejemplo, nombre, direcci\u00f3n de correspondencia, n\u00famero de tel\u00e9fono, etc.) e informaci\u00f3n demogr\u00e1fica (por ejemplo, c\u00f3digo postal o edad). Al aceptar cualquier premio o ganancia en un concurso organizado por nosotros, aceptas el uso de tu nombre de usuario con fines publicitarios sin compensaci\u00f3n adicional. A menos que hayas rechazado recibir informaci\u00f3n promocional, tambi\u00e9n podremos utilizar tu Informaci\u00f3n Personal (incluidos tu direcci\u00f3n de correo electr\u00f3nico y n\u00famero de tel\u00e9fono) para proporcionarte informaci\u00f3n sobre nuestros productos, servicios y promociones, incluidos productos de juego y productos y servicios de terceros.<\/span><\/li>\r\n<\/ul>\r\n<\/div>\r\n<div>\r\n<p><span style=\"font-size: 10pt;\"><strong>5. CIERTAS EXCEPCIONES A LA CONFIDENCIALIDAD<\/strong><\/span><\/p>\r\n<ul>\r\n\t<li><span style=\"font-size: 10pt;\">Podemos divulgar tu Informaci\u00f3n Personal si as\u00ed lo exige la ley, o si creemos de buena fe que dicha acci\u00f3n es necesaria para: (1) cumplir con cualquier procedimiento legal aplicado contra nosotros, cualquiera de nuestros sitios o servicios, o en casos en los que estemos bajo una obligaci\u00f3n legal similar; (2) proteger y defender nuestros derechos; o (3) proteger la seguridad personal de los usuarios de los servicios o del p\u00fablico. Si se determina o tenemos motivos razonables para creer que est\u00e1s implicado en actividades fraudulentas, trampa, delitos u otras actividades prohibidas, nos reservamos el derecho de compartir esta informaci\u00f3n (junto con tu Informaci\u00f3n Personal) con otros sitios de juego en l\u00ednea, instituciones financieras, agencias correspondientes y autoridades competentes. (4) Con fines de investigaci\u00f3n sobre la prevenci\u00f3n de la adicci\u00f3n al juego, la Informaci\u00f3n Personal puede ser anonimizada y transferida a instituciones pertinentes.<\/span><\/li>\r\n<\/ul>\r\n<\/div>\r\n<div>\r\n<p><span style=\"font-size: 10pt;\"><strong>6. ACCESO<\/strong><\/span><\/p>\r\n<ul>\r\n\t<li><span style=\"font-size: 10pt;\">Puedes darte de baja de las comunicaciones promocionales en cualquier momento enviando un correo electr\u00f3nico o escribiendo a nuestro equipo de soporte. Adem\u00e1s, puedes contactarnos si: 1) deseas confirmar la exactitud de la Informaci\u00f3n Personal que hemos recopilado sobre ti; 2) deseas actualizar tu Informaci\u00f3n Personal; 3) deseas recibir tu Informaci\u00f3n Personal; 4) deseas retirar tu consentimiento para la recopilaci\u00f3n de Informaci\u00f3n Personal; y\/o 5) tienes alguna queja sobre nuestro uso de tu Informaci\u00f3n Personal. A petici\u00f3n tuya, nosotros (1) actualizaremos cualquier informaci\u00f3n que nos hayas proporcionado, si demuestras la necesidad de dicho cambio, (2) te proporcionaremos la Informaci\u00f3n Personal solicitada y\/o (3) marcaremos cualquier informaci\u00f3n para prohibir su uso futuro con fines de marketing.<\/span><\/li>\r\n<\/ul>\r\n<\/div>\r\n<div>\r\n<p><span style=\"font-size: 10pt;\"><strong>7. COOKIES<\/strong><\/span><\/p>\r\n<ul>\r\n\t<li><span style=\"font-size: 10pt;\">Consulta nuestra <a href=\"http:\/\/pokerplanets1.com\/en\/terms-conditions\/cookie-policy\/\">Pol\u00edtica de Cookies<\/a>.<\/span><\/li>\r\n<\/ul>\r\n<\/div>\r\n<div>\r\n<p><span style=\"font-size: 10pt;\"><strong>8. CONSENTIMIENTO PARA EL USO DE SISTEMAS DE PAGO ELECTR\u00d3NICOS<\/strong><\/span><\/p>\r\n<ul>\r\n\t<li><span style=\"font-size: 10pt;\">Para participar en juegos con dinero real en el Sitio web, deber\u00e1s enviar y recibir fondos con nosotros. Podemos utilizar sistemas de pago electr\u00f3nicos de terceros para procesar dichas transacciones financieras. Al aceptar esta Pol\u00edtica de Privacidad, aceptas proporcionar la Informaci\u00f3n Personal necesaria para procesar las transacciones, incluido el posible traslado de informaci\u00f3n fuera de tu pa\u00eds. Tomamos medidas para garantizar que nuestros acuerdos con los sistemas de pago protejan tu privacidad y cumplan con esta Pol\u00edtica de Privacidad y el Reglamento General de Protecci\u00f3n de Datos.<\/span><\/li>\r\n<\/ul>\r\n<\/div>\r\n<div>\r\n<p><span style=\"font-size: 10pt;\"><strong>9. CONSENTIMIENTO PARA VERIFICACIONES DE SEGURIDAD<\/strong><\/span><\/p>\r\n<ul>\r\n\t<li><span style=\"font-size: 10pt;\">Nos reservamos el derecho de realizar verificaciones de seguridad en cualquier momento para validar los datos de registro que proporcionas y verificar el uso que haces de los servicios y de las transacciones financieras, con el fin de detectar posibles violaciones de nuestros T\u00e9rminos y Condiciones o de la legislaci\u00f3n vigente. Al utilizar nuestros servicios y aceptar nuestros T\u00e9rminos y Condiciones, nos autorizas a utilizar tu Informaci\u00f3n Personal y a divulgarla a terceros con el fin de verificar la informaci\u00f3n que proporcionas durante el uso de nuestros servicios, incluida, si es necesario, la transferencia de dicha informaci\u00f3n fuera de tu pa\u00eds.<\/span><\/li>\r\n\t<li><span style=\"font-size: 10pt;\">Las verificaciones de seguridad pueden incluir, entre otras, la solicitud de un informe especial y\/o la comparaci\u00f3n de la informaci\u00f3n que proporcionas con bases de datos de terceros. Adem\u00e1s, para facilitar estas verificaciones, aceptas proporcionar cualquier informaci\u00f3n o documentaci\u00f3n que podamos solicitarte. Si no est\u00e1s de acuerdo con las verificaciones de seguridad y no deseas que se revise tu Informaci\u00f3n Personal, por favor no contin\u00faes utilizando el Sitio web. El uso continuado del Sitio web implica la aceptaci\u00f3n de esta disposici\u00f3n de nuestra Pol\u00edtica de Privacidad.<\/span><\/li>\r\n<\/ul>\r\n<\/div>\r\n<div>\r\n<p><span style=\"font-size: 10pt;\"><strong>10. SEGURIDAD<\/strong><\/span><\/p>\r\n<ul>\r\n\t<li><span style=\"font-size: 10pt;\">Reconocemos la importancia de garantizar la seguridad y de cumplir con las pr\u00e1cticas de protecci\u00f3n de datos. Toda la Informaci\u00f3n Personal recopilada y procesada se almacena en una base de datos cifrada y segura ubicada en una red protegida por software de firewall moderno y otras medidas avanzadas de seguridad.<\/span><\/li>\r\n\t<li><span style=\"font-size: 10pt;\">Tomamos medidas para garantizar que nuestras filiales, agentes, socios y proveedores apliquen medidas de seguridad adecuadas y cumplan con esta Pol\u00edtica de Privacidad y el Reglamento General de Protecci\u00f3n de Datos.<\/span><\/li>\r\n\t<li><span style=\"font-size: 10pt;\">Como parte de estas medidas, realizamos auditor\u00edas de seguridad peri\u00f3dicas, pruebas de penetraci\u00f3n y evaluaciones de riesgos para identificar y abordar posibles vulnerabilidades. Aplicamos estrictos procedimientos de control de acceso, asegur\u00e1ndonos de que solo el personal autorizado, debidamente formado en confidencialidad y seguridad de datos, pueda acceder a la Informaci\u00f3n Personal. En caso de violaci\u00f3n de seguridad, nos comprometemos a notificar de inmediato a las autoridades competentes y a los usuarios cuyos datos puedan haberse visto afectados.<\/span><\/li>\r\n\t<li><span style=\"font-size: 10pt;\">Nuestros compromisos en materia de protecci\u00f3n de datos incluyen la actualizaci\u00f3n y mejora continua de nuestros sistemas y procesos de seguridad para cumplir con los est\u00e1ndares y recomendaciones m\u00e1s exigentes. Nos esforzamos por garantizar el mayor nivel posible de protecci\u00f3n de tu Informaci\u00f3n Personal, asegurando su confidencialidad e integridad.<\/span><\/li>\r\n<\/ul>\r\n<\/div>\r\n<div>\r\n<p><span style=\"font-size: 10pt;\"><strong>11. TRANSFERENCIAS INTERNACIONALES<\/strong><\/span><\/p>\r\n<ul>\r\n\t<li><span style=\"font-size: 10pt;\">La Informaci\u00f3n Personal recopilada a trav\u00e9s de los servicios del Sitio web puede almacenarse y procesarse en cualquier pa\u00eds donde nosotros o nuestros socios, proveedores o agentes tengamos presencia. Al utilizar nuestros servicios, aceptas cualquier transferencia de informaci\u00f3n fuera de tu pa\u00eds conforme al Reglamento General de Protecci\u00f3n de Datos y a esta Pol\u00edtica de Privacidad. Adoptamos medidas para garantizar que nuestros agentes, socios y proveedores cumplan con nuestros est\u00e1ndares de privacidad y con el Reglamento General de Protecci\u00f3n de Datos, independientemente de su ubicaci\u00f3n.<\/span><\/li>\r\n<\/ul>\r\n<\/div>\r\n<div>\r\n<p><span style=\"font-size: 10pt;\"><strong>12. PR\u00c1CTICAS DE TERCEROS<\/strong><\/span><\/p>\r\n<ul>\r\n\t<li><span style=\"font-size: 10pt;\">No podemos garantizar la protecci\u00f3n de ninguna informaci\u00f3n que proporciones a un sitio web de terceros que enlace con nuestros servicios, ni de la informaci\u00f3n recopilada por terceros que gestionen un programa de afiliados u otro programa, ya que estos sitios son propiedad y est\u00e1n gestionados de forma independiente. Toda la informaci\u00f3n recopilada por estos terceros se rige por la pol\u00edtica de privacidad de dichos terceros.<\/span><\/li>\r\n<\/ul>\r\n<\/div>\r\n<div>\r\n<p><span style=\"font-size: 10pt;\"><strong>13. EXENCI\u00d3N DE RESPONSABILIDAD<\/strong><\/span><\/p>\r\n<ul>\r\n\t<li><span style=\"font-size: 10pt;\">Los servicios se proporcionan \"TAL CUAL\", sin garant\u00edas de ning\u00fan tipo. No somos responsables de eventos que escapen a nuestro control directo. Debido a la naturaleza compleja y en constante evoluci\u00f3n de nuestra tecnolog\u00eda y actividad, no podemos garantizar ni asegurar un funcionamiento libre de errores en lo que respecta a la privacidad de tu Informaci\u00f3n Personal, y no nos hacemos responsables de ning\u00fan da\u00f1o indirecto, incidental u otro relacionado con el uso o divulgaci\u00f3n de la Informaci\u00f3n Personal.<\/span><\/li>\r\n<\/ul>\r\n<\/div>","protected":false},"excerpt":{"rendered":"<p>Versi\u00f3n 1.0. \u00daltima actualizaci\u00f3n: 1 de marzo de 2025 1. INTRODUCCI\u00d3N Estamos comprometidos con la protecci\u00f3n de tu informaci\u00f3n personal. Esta Pol\u00edtica de Privacidad te informa sobre qu\u00e9 datos recopilamos al prestar nuestros servicios, por qu\u00e9 los recopilamos y c\u00f3mo utilizamos dicha informaci\u00f3n. La Pol\u00edtica de Privacidad de este sitio web, del programa cliente con [&hellip;]<\/p>\n","protected":false},"author":1,"featured_media":0,"parent":6189,"menu_order":0,"comment_status":"closed","ping_status":"closed","template":"page-simple3.php","meta":{"_acf_changed":false,"inline_featured_image":false,"footnotes":""},"class_list":["post-6244","page","type-page","status-publish","hentry"],"acf":[],"yoast_head":"<!-- This site is optimized with the Yoast SEO plugin v24.4 - https:\/\/yoast.com\/wordpress\/plugins\/seo\/ -->\n<title>Pol\u00edtica de privacidad<\/title>\n<meta name=\"description\" content=\"Lea c\u00f3mo protegemos los datos \ud83c\udfaf Juegue seg\u00fan las reglas con total transparencia\" \/>\n<meta name=\"robots\" content=\"index, follow, max-snippet:-1, max-image-preview:large, max-video-preview:-1\" \/>\n<meta property=\"og:locale\" content=\"es_ES\" \/>\n<meta property=\"og:type\" content=\"article\" \/>\n<meta property=\"og:title\" content=\"Pol\u00edtica de privacidad\" \/>\n<meta property=\"og:description\" content=\"Lea c\u00f3mo protegemos los datos \ud83c\udfaf Juegue seg\u00fan las reglas con total transparencia\" \/>\n<meta property=\"og:url\" content=\"https:\/\/pokerplanets1.com\/es\/terminos-y-condiciones-generales\/politica-de-privacidad\/\" \/>\n<meta property=\"og:site_name\" content=\"PokerPlanets\" \/>\n<meta name=\"twitter:card\" content=\"summary_large_image\" \/>\n<meta name=\"twitter:label1\" content=\"Tiempo de lectura\" \/>\n\t<meta name=\"twitter:data1\" content=\"10 minutos\" \/>\n<script type=\"application\/ld+json\" class=\"yoast-schema-graph\">{\"@context\":\"https:\/\/schema.org\",\"@graph\":[{\"@type\":\"WebPage\",\"@id\":\"https:\/\/pokerplanets1.com\/es\/terminos-y-condiciones-generales\/politica-de-privacidad\/\",\"url\":\"https:\/\/pokerplanets1.com\/es\/terminos-y-condiciones-generales\/politica-de-privacidad\/\",\"name\":\"Pol\u00edtica de privacidad\",\"isPartOf\":{\"@id\":\"https:\/\/pokerplanets1.com\/es\/#website\"},\"datePublished\":\"2025-01-28T20:02:20+00:00\",\"description\":\"Lea c\u00f3mo protegemos los datos \ud83c\udfaf Juegue seg\u00fan las reglas con total transparencia\",\"breadcrumb\":{\"@id\":\"https:\/\/pokerplanets1.com\/es\/terminos-y-condiciones-generales\/politica-de-privacidad\/#breadcrumb\"},\"inLanguage\":\"es\",\"potentialAction\":[{\"@type\":\"ReadAction\",\"target\":[\"https:\/\/pokerplanets1.com\/es\/terminos-y-condiciones-generales\/politica-de-privacidad\/\"]}]},{\"@type\":\"BreadcrumbList\",\"@id\":\"https:\/\/pokerplanets1.com\/es\/terminos-y-condiciones-generales\/politica-de-privacidad\/#breadcrumb\",\"itemListElement\":[{\"@type\":\"ListItem\",\"position\":1,\"name\":\"Home\",\"item\":\"https:\/\/pokerplanets1.com\/es\/\"},{\"@type\":\"ListItem\",\"position\":2,\"name\":\"T\u00e9rminos y condiciones generales\",\"item\":\"https:\/\/pokerplanets1.com\/es\/terminos-y-condiciones-generales\/\"},{\"@type\":\"ListItem\",\"position\":3,\"name\":\"Pol\u00edtica de privacidad\"}]},{\"@type\":\"WebSite\",\"@id\":\"https:\/\/pokerplanets1.com\/es\/#website\",\"url\":\"https:\/\/pokerplanets1.com\/es\/\",\"name\":\"PokerPlanets\",\"description\":\"\",\"potentialAction\":[{\"@type\":\"SearchAction\",\"target\":{\"@type\":\"EntryPoint\",\"urlTemplate\":\"https:\/\/pokerplanets1.com\/es\/?s={search_term_string}\"},\"query-input\":{\"@type\":\"PropertyValueSpecification\",\"valueRequired\":true,\"valueName\":\"search_term_string\"}}],\"inLanguage\":\"es\"}]}<\/script>\n<!-- \/ Yoast SEO plugin. -->","yoast_head_json":{"title":"Pol\u00edtica de privacidad","description":"Lea c\u00f3mo protegemos los datos \ud83c\udfaf Juegue seg\u00fan las reglas con total transparencia","robots":{"index":"index","follow":"follow","max-snippet":"max-snippet:-1","max-image-preview":"max-image-preview:large","max-video-preview":"max-video-preview:-1"},"og_locale":"es_ES","og_type":"article","og_title":"Pol\u00edtica de privacidad","og_description":"Lea c\u00f3mo protegemos los datos \ud83c\udfaf Juegue seg\u00fan las reglas con total transparencia","og_url":"https:\/\/pokerplanets1.com\/es\/terminos-y-condiciones-generales\/politica-de-privacidad\/","og_site_name":"PokerPlanets","twitter_card":"summary_large_image","twitter_misc":{"Tiempo de lectura":"10 minutos"},"schema":{"@context":"https:\/\/schema.org","@graph":[{"@type":"WebPage","@id":"https:\/\/pokerplanets1.com\/es\/terminos-y-condiciones-generales\/politica-de-privacidad\/","url":"https:\/\/pokerplanets1.com\/es\/terminos-y-condiciones-generales\/politica-de-privacidad\/","name":"Pol\u00edtica de privacidad","isPartOf":{"@id":"https:\/\/pokerplanets1.com\/es\/#website"},"datePublished":"2025-01-28T20:02:20+00:00","description":"Lea c\u00f3mo protegemos los datos \ud83c\udfaf Juegue seg\u00fan las reglas con total transparencia","breadcrumb":{"@id":"https:\/\/pokerplanets1.com\/es\/terminos-y-condiciones-generales\/politica-de-privacidad\/#breadcrumb"},"inLanguage":"es","potentialAction":[{"@type":"ReadAction","target":["https:\/\/pokerplanets1.com\/es\/terminos-y-condiciones-generales\/politica-de-privacidad\/"]}]},{"@type":"BreadcrumbList","@id":"https:\/\/pokerplanets1.com\/es\/terminos-y-condiciones-generales\/politica-de-privacidad\/#breadcrumb","itemListElement":[{"@type":"ListItem","position":1,"name":"Home","item":"https:\/\/pokerplanets1.com\/es\/"},{"@type":"ListItem","position":2,"name":"T\u00e9rminos y condiciones generales","item":"https:\/\/pokerplanets1.com\/es\/terminos-y-condiciones-generales\/"},{"@type":"ListItem","position":3,"name":"Pol\u00edtica de privacidad"}]},{"@type":"WebSite","@id":"https:\/\/pokerplanets1.com\/es\/#website","url":"https:\/\/pokerplanets1.com\/es\/","name":"PokerPlanets","description":"","potentialAction":[{"@type":"SearchAction","target":{"@type":"EntryPoint","urlTemplate":"https:\/\/pokerplanets1.com\/es\/?s={search_term_string}"},"query-input":{"@type":"PropertyValueSpecification","valueRequired":true,"valueName":"search_term_string"}}],"inLanguage":"es"}]}},"_links":{"self":[{"href":"https:\/\/pokerplanets1.com\/es\/wp-json\/wp\/v2\/pages\/6244","targetHints":{"allow":["GET"]}}],"collection":[{"href":"https:\/\/pokerplanets1.com\/es\/wp-json\/wp\/v2\/pages"}],"about":[{"href":"https:\/\/pokerplanets1.com\/es\/wp-json\/wp\/v2\/types\/page"}],"author":[{"embeddable":true,"href":"https:\/\/pokerplanets1.com\/es\/wp-json\/wp\/v2\/users\/1"}],"replies":[{"embeddable":true,"href":"https:\/\/pokerplanets1.com\/es\/wp-json\/wp\/v2\/comments?post=6244"}],"version-history":[{"count":0,"href":"https:\/\/pokerplanets1.com\/es\/wp-json\/wp\/v2\/pages\/6244\/revisions"}],"up":[{"embeddable":true,"href":"https:\/\/pokerplanets1.com\/es\/wp-json\/wp\/v2\/pages\/6189"}],"wp:attachment":[{"href":"https:\/\/pokerplanets1.com\/es\/wp-json\/wp\/v2\/media?parent=6244"}],"curies":[{"name":"wp","href":"https:\/\/api.w.org\/{rel}","templated":true}]}}