{"id":6249,"date":"2025-01-27T19:12:58","date_gmt":"2025-01-27T16:12:58","guid":{"rendered":"https:\/\/pokerplanets1.com\/instrucciones-metodos-de-deposito\/"},"modified":"2025-01-27T19:12:58","modified_gmt":"2025-01-27T16:12:58","slug":"instrucciones-metodos-de-deposito","status":"publish","type":"page","link":"https:\/\/pokerplanets1.com\/es\/instrucciones-metodos-de-deposito\/","title":{"rendered":"Instrucciones: M\u00e9todos de dep\u00f3sito"},"content":{"rendered":"<h4 style=\"text-align: center;\"><strong>Instrucciones: M\u00e9todos de Dep\u00f3sito<\/strong><\/h4>\r\n<p>En esta p\u00e1gina puedes encontrar instrucciones breves para cada uno de los m\u00e9todos disponibles para financiar tu cuenta de <strong>PokerPlanets<\/strong> en pocos clics.<\/p>\r\n<p><em>Ten en cuenta que la informaci\u00f3n proporcionada en esta p\u00e1gina es solo a t\u00edtulo informativo. Puedes consultar el conjunto actual de m\u00e9todos de dep\u00f3sito disponibles para tu regi\u00f3n directamente en la caja de tu cuenta de PokerPlanets.<\/em><\/p>","protected":false},"excerpt":{"rendered":"<p>Instrucciones: M\u00e9todos de Dep\u00f3sito En esta p\u00e1gina puedes encontrar instrucciones breves para cada uno de los m\u00e9todos disponibles para financiar tu cuenta de PokerPlanets en pocos clics. Ten en cuenta que la informaci\u00f3n proporcionada en esta p\u00e1gina es solo a t\u00edtulo informativo. Puedes consultar el conjunto actual de m\u00e9todos de dep\u00f3sito disponibles para tu regi\u00f3n [&hellip;]<\/p>\n","protected":false},"author":1,"featured_media":0,"parent":0,"menu_order":0,"comment_status":"closed","ping_status":"closed","template":"page-faq-nosidebar.php","meta":{"_acf_changed":false,"inline_featured_image":false,"footnotes":""},"class_list":["post-6249","page","type-page","status-publish","hentry"],"acf":[],"yoast_head":"<!-- This site is optimized with the Yoast SEO plugin v24.4 - https:\/\/yoast.com\/wordpress\/plugins\/seo\/ -->\n<title>C\u00f3mo depositar en PokerPlanets<\/title>\n<meta name=\"description\" content=\"Explora las opciones de dep\u00f3sito en PokerPlanets \u2705 PokerPlanets\" \/>\n<meta name=\"robots\" content=\"index, follow, max-snippet:-1, max-image-preview:large, max-video-preview:-1\" \/>\n<meta property=\"og:locale\" content=\"es_ES\" \/>\n<meta property=\"og:type\" content=\"article\" \/>\n<meta property=\"og:title\" content=\"C\u00f3mo depositar en PokerPlanets\" \/>\n<meta property=\"og:description\" content=\"Explora las opciones de dep\u00f3sito en PokerPlanets \u2705 PokerPlanets\" \/>\n<meta property=\"og:url\" content=\"https:\/\/pokerplanets1.com\/es\/instrucciones-metodos-de-deposito\/\" \/>\n<meta property=\"og:site_name\" content=\"PokerPlanets\" \/>\n<meta name=\"twitter:card\" content=\"summary_large_image\" \/>\n<script type=\"application\/ld+json\" class=\"yoast-schema-graph\">{\"@context\":\"https:\/\/schema.org\",\"@graph\":[{\"@type\":\"WebPage\",\"@id\":\"https:\/\/pokerplanets1.com\/es\/instrucciones-metodos-de-deposito\/\",\"url\":\"https:\/\/pokerplanets1.com\/es\/instrucciones-metodos-de-deposito\/\",\"name\":\"C\u00f3mo depositar en PokerPlanets\",\"isPartOf\":{\"@id\":\"https:\/\/pokerplanets1.com\/es\/#website\"},\"datePublished\":\"2025-01-27T16:12:58+00:00\",\"description\":\"Explora las opciones de dep\u00f3sito en PokerPlanets \u2705 PokerPlanets\",\"breadcrumb\":{\"@id\":\"https:\/\/pokerplanets1.com\/es\/instrucciones-metodos-de-deposito\/#breadcrumb\"},\"inLanguage\":\"es\",\"potentialAction\":[{\"@type\":\"ReadAction\",\"target\":[\"https:\/\/pokerplanets1.com\/es\/instrucciones-metodos-de-deposito\/\"]}]},{\"@type\":\"BreadcrumbList\",\"@id\":\"https:\/\/pokerplanets1.com\/es\/instrucciones-metodos-de-deposito\/#breadcrumb\",\"itemListElement\":[{\"@type\":\"ListItem\",\"position\":1,\"name\":\"Home\",\"item\":\"https:\/\/pokerplanets1.com\/es\/\"},{\"@type\":\"ListItem\",\"position\":2,\"name\":\"Instrucciones: M\u00e9todos de dep\u00f3sito\"}]},{\"@type\":\"WebSite\",\"@id\":\"https:\/\/pokerplanets1.com\/es\/#website\",\"url\":\"https:\/\/pokerplanets1.com\/es\/\",\"name\":\"PokerPlanets\",\"description\":\"\",\"potentialAction\":[{\"@type\":\"SearchAction\",\"target\":{\"@type\":\"EntryPoint\",\"urlTemplate\":\"https:\/\/pokerplanets1.com\/es\/?s={search_term_string}\"},\"query-input\":{\"@type\":\"PropertyValueSpecification\",\"valueRequired\":true,\"valueName\":\"search_term_string\"}}],\"inLanguage\":\"es\"}]}<\/script>\n<!-- \/ Yoast SEO plugin. -->","yoast_head_json":{"title":"C\u00f3mo depositar en PokerPlanets","description":"Explora las opciones de dep\u00f3sito en PokerPlanets \u2705 PokerPlanets","robots":{"index":"index","follow":"follow","max-snippet":"max-snippet:-1","max-image-preview":"max-image-preview:large","max-video-preview":"max-video-preview:-1"},"og_locale":"es_ES","og_type":"article","og_title":"C\u00f3mo depositar en PokerPlanets","og_description":"Explora las opciones de dep\u00f3sito en PokerPlanets \u2705 PokerPlanets","og_url":"https:\/\/pokerplanets1.com\/es\/instrucciones-metodos-de-deposito\/","og_site_name":"PokerPlanets","twitter_card":"summary_large_image","schema":{"@context":"https:\/\/schema.org","@graph":[{"@type":"WebPage","@id":"https:\/\/pokerplanets1.com\/es\/instrucciones-metodos-de-deposito\/","url":"https:\/\/pokerplanets1.com\/es\/instrucciones-metodos-de-deposito\/","name":"C\u00f3mo depositar en PokerPlanets","isPartOf":{"@id":"https:\/\/pokerplanets1.com\/es\/#website"},"datePublished":"2025-01-27T16:12:58+00:00","description":"Explora las opciones de dep\u00f3sito en PokerPlanets \u2705 PokerPlanets","breadcrumb":{"@id":"https:\/\/pokerplanets1.com\/es\/instrucciones-metodos-de-deposito\/#breadcrumb"},"inLanguage":"es","potentialAction":[{"@type":"ReadAction","target":["https:\/\/pokerplanets1.com\/es\/instrucciones-metodos-de-deposito\/"]}]},{"@type":"BreadcrumbList","@id":"https:\/\/pokerplanets1.com\/es\/instrucciones-metodos-de-deposito\/#breadcrumb","itemListElement":[{"@type":"ListItem","position":1,"name":"Home","item":"https:\/\/pokerplanets1.com\/es\/"},{"@type":"ListItem","position":2,"name":"Instrucciones: M\u00e9todos de dep\u00f3sito"}]},{"@type":"WebSite","@id":"https:\/\/pokerplanets1.com\/es\/#website","url":"https:\/\/pokerplanets1.com\/es\/","name":"PokerPlanets","description":"","potentialAction":[{"@type":"SearchAction","target":{"@type":"EntryPoint","urlTemplate":"https:\/\/pokerplanets1.com\/es\/?s={search_term_string}"},"query-input":{"@type":"PropertyValueSpecification","valueRequired":true,"valueName":"search_term_string"}}],"inLanguage":"es"}]}},"_links":{"self":[{"href":"https:\/\/pokerplanets1.com\/es\/wp-json\/wp\/v2\/pages\/6249","targetHints":{"allow":["GET"]}}],"collection":[{"href":"https:\/\/pokerplanets1.com\/es\/wp-json\/wp\/v2\/pages"}],"about":[{"href":"https:\/\/pokerplanets1.com\/es\/wp-json\/wp\/v2\/types\/page"}],"author":[{"embeddable":true,"href":"https:\/\/pokerplanets1.com\/es\/wp-json\/wp\/v2\/users\/1"}],"replies":[{"embeddable":true,"href":"https:\/\/pokerplanets1.com\/es\/wp-json\/wp\/v2\/comments?post=6249"}],"version-history":[{"count":0,"href":"https:\/\/pokerplanets1.com\/es\/wp-json\/wp\/v2\/pages\/6249\/revisions"}],"wp:attachment":[{"href":"https:\/\/pokerplanets1.com\/es\/wp-json\/wp\/v2\/media?parent=6249"}],"curies":[{"name":"wp","href":"https:\/\/api.w.org\/{rel}","templated":true}]}}