{"id":6424,"date":"2024-12-21T19:18:44","date_gmt":"2024-12-21T16:18:44","guid":{"rendered":"https:\/\/pokerplanets1.com\/poker\/all-in-o-retirarse\/"},"modified":"2024-12-21T19:18:44","modified_gmt":"2024-12-21T16:18:44","slug":"all-in-o-retirarse","status":"publish","type":"page","link":"https:\/\/pokerplanets1.com\/es\/poker\/all-in-o-retirarse\/","title":{"rendered":"All-in o Retirarse"},"content":{"rendered":"<h2 dir=\"ltr\" style=\"text-align: left;\"><strong>All-in o Retirarse<\/strong><\/h2>\r\n<p dir=\"ltr\"><span style=\"font-size: 10pt;\">Las reglas de All-in o Retirarse son extremadamente simples. En cada mano, los jugadores solo tienen dos opciones: apostar todo (all-in) o retirarse (fold). Aparte de eso, el juego sigue las reglas cl\u00e1sicas de Hold'em o Omaha.<\/span><\/p>\r\n<p dir=\"ltr\"><span style=\"font-size: 10pt;\">All-in o Retirarse maximiza la emoci\u00f3n para los jugadores m\u00e1s audaces, ofreciendo solo dos opciones y sin rondas adicionales de apuestas \u2014\u00a0<strong>es todo o nada, ahora mismo.<\/strong><\/span><\/p>\r\n<p dir=\"ltr\"><span style=\"font-size: 10pt;\">Los jugadores pueden retirar fichas de la mesa en cualquier momento, dejando solo el m\u00ednimo necesario para jugar (10 ciegas grandes), reduciendo el riesgo de perder todo su stack.<\/span><\/p>","protected":false},"excerpt":{"rendered":"<p>All-in o Retirarse Las reglas de All-in o Retirarse son extremadamente simples. En cada mano, los jugadores solo tienen dos opciones: apostar todo (all-in) o retirarse (fold). Aparte de eso, el juego sigue las reglas cl\u00e1sicas de Hold'em o Omaha. All-in o Retirarse maximiza la emoci\u00f3n para los jugadores m\u00e1s audaces, ofreciendo solo dos opciones [&hellip;]<\/p>\n","protected":false},"author":1,"featured_media":0,"parent":6403,"menu_order":0,"comment_status":"closed","ping_status":"closed","template":"page-faq-nosidebar.php","meta":{"_acf_changed":false,"inline_featured_image":false,"footnotes":""},"class_list":["post-6424","page","type-page","status-publish","hentry"],"acf":[],"yoast_head":"<!-- This site is optimized with the Yoast SEO plugin v24.4 - https:\/\/yoast.com\/wordpress\/plugins\/seo\/ -->\n<title>All-in o Retirarse: Formato de p\u00f3ker r\u00e1pido - PokerPlanets<\/title>\n<meta name=\"description\" content=\"Descubre m\u00e1s sobre el formato All-in o Retirarse en PokerPlanets\" \/>\n<meta name=\"robots\" content=\"index, follow, max-snippet:-1, max-image-preview:large, max-video-preview:-1\" \/>\n<meta property=\"og:locale\" content=\"es_ES\" \/>\n<meta property=\"og:type\" content=\"article\" \/>\n<meta property=\"og:title\" content=\"All-in o Retirarse: Formato de p\u00f3ker r\u00e1pido - PokerPlanets\" \/>\n<meta property=\"og:description\" content=\"Descubre m\u00e1s sobre el formato All-in o Retirarse en PokerPlanets\" \/>\n<meta property=\"og:url\" content=\"https:\/\/pokerplanets1.com\/es\/poker\/all-in-o-retirarse\/\" \/>\n<meta property=\"og:site_name\" content=\"PokerPlanets\" \/>\n<meta name=\"twitter:card\" content=\"summary_large_image\" \/>\n<script type=\"application\/ld+json\" class=\"yoast-schema-graph\">{\"@context\":\"https:\/\/schema.org\",\"@graph\":[{\"@type\":\"WebPage\",\"@id\":\"https:\/\/pokerplanets1.com\/es\/poker\/all-in-o-retirarse\/\",\"url\":\"https:\/\/pokerplanets1.com\/es\/poker\/all-in-o-retirarse\/\",\"name\":\"All-in o Retirarse: Formato de p\u00f3ker r\u00e1pido - PokerPlanets\",\"isPartOf\":{\"@id\":\"https:\/\/pokerplanets1.com\/es\/#website\"},\"datePublished\":\"2024-12-21T16:18:44+00:00\",\"description\":\"Descubre m\u00e1s sobre el formato All-in o Retirarse en PokerPlanets\",\"breadcrumb\":{\"@id\":\"https:\/\/pokerplanets1.com\/es\/poker\/all-in-o-retirarse\/#breadcrumb\"},\"inLanguage\":\"es\",\"potentialAction\":[{\"@type\":\"ReadAction\",\"target\":[\"https:\/\/pokerplanets1.com\/es\/poker\/all-in-o-retirarse\/\"]}]},{\"@type\":\"BreadcrumbList\",\"@id\":\"https:\/\/pokerplanets1.com\/es\/poker\/all-in-o-retirarse\/#breadcrumb\",\"itemListElement\":[{\"@type\":\"ListItem\",\"position\":1,\"name\":\"Home\",\"item\":\"https:\/\/pokerplanets1.com\/es\/\"},{\"@type\":\"ListItem\",\"position\":2,\"name\":\"P\u00f3ker\",\"item\":\"https:\/\/pokerplanets1.com\/es\/poker\/\"},{\"@type\":\"ListItem\",\"position\":3,\"name\":\"All-in o Retirarse\"}]},{\"@type\":\"WebSite\",\"@id\":\"https:\/\/pokerplanets1.com\/es\/#website\",\"url\":\"https:\/\/pokerplanets1.com\/es\/\",\"name\":\"PokerPlanets\",\"description\":\"\",\"potentialAction\":[{\"@type\":\"SearchAction\",\"target\":{\"@type\":\"EntryPoint\",\"urlTemplate\":\"https:\/\/pokerplanets1.com\/es\/?s={search_term_string}\"},\"query-input\":{\"@type\":\"PropertyValueSpecification\",\"valueRequired\":true,\"valueName\":\"search_term_string\"}}],\"inLanguage\":\"es\"}]}<\/script>\n<!-- \/ Yoast SEO plugin. -->","yoast_head_json":{"title":"All-in o Retirarse: Formato de p\u00f3ker r\u00e1pido - PokerPlanets","description":"Descubre m\u00e1s sobre el formato All-in o Retirarse en PokerPlanets","robots":{"index":"index","follow":"follow","max-snippet":"max-snippet:-1","max-image-preview":"max-image-preview:large","max-video-preview":"max-video-preview:-1"},"og_locale":"es_ES","og_type":"article","og_title":"All-in o Retirarse: Formato de p\u00f3ker r\u00e1pido - PokerPlanets","og_description":"Descubre m\u00e1s sobre el formato All-in o Retirarse en PokerPlanets","og_url":"https:\/\/pokerplanets1.com\/es\/poker\/all-in-o-retirarse\/","og_site_name":"PokerPlanets","twitter_card":"summary_large_image","schema":{"@context":"https:\/\/schema.org","@graph":[{"@type":"WebPage","@id":"https:\/\/pokerplanets1.com\/es\/poker\/all-in-o-retirarse\/","url":"https:\/\/pokerplanets1.com\/es\/poker\/all-in-o-retirarse\/","name":"All-in o Retirarse: Formato de p\u00f3ker r\u00e1pido - PokerPlanets","isPartOf":{"@id":"https:\/\/pokerplanets1.com\/es\/#website"},"datePublished":"2024-12-21T16:18:44+00:00","description":"Descubre m\u00e1s sobre el formato All-in o Retirarse en PokerPlanets","breadcrumb":{"@id":"https:\/\/pokerplanets1.com\/es\/poker\/all-in-o-retirarse\/#breadcrumb"},"inLanguage":"es","potentialAction":[{"@type":"ReadAction","target":["https:\/\/pokerplanets1.com\/es\/poker\/all-in-o-retirarse\/"]}]},{"@type":"BreadcrumbList","@id":"https:\/\/pokerplanets1.com\/es\/poker\/all-in-o-retirarse\/#breadcrumb","itemListElement":[{"@type":"ListItem","position":1,"name":"Home","item":"https:\/\/pokerplanets1.com\/es\/"},{"@type":"ListItem","position":2,"name":"P\u00f3ker","item":"https:\/\/pokerplanets1.com\/es\/poker\/"},{"@type":"ListItem","position":3,"name":"All-in o Retirarse"}]},{"@type":"WebSite","@id":"https:\/\/pokerplanets1.com\/es\/#website","url":"https:\/\/pokerplanets1.com\/es\/","name":"PokerPlanets","description":"","potentialAction":[{"@type":"SearchAction","target":{"@type":"EntryPoint","urlTemplate":"https:\/\/pokerplanets1.com\/es\/?s={search_term_string}"},"query-input":{"@type":"PropertyValueSpecification","valueRequired":true,"valueName":"search_term_string"}}],"inLanguage":"es"}]}},"_links":{"self":[{"href":"https:\/\/pokerplanets1.com\/es\/wp-json\/wp\/v2\/pages\/6424","targetHints":{"allow":["GET"]}}],"collection":[{"href":"https:\/\/pokerplanets1.com\/es\/wp-json\/wp\/v2\/pages"}],"about":[{"href":"https:\/\/pokerplanets1.com\/es\/wp-json\/wp\/v2\/types\/page"}],"author":[{"embeddable":true,"href":"https:\/\/pokerplanets1.com\/es\/wp-json\/wp\/v2\/users\/1"}],"replies":[{"embeddable":true,"href":"https:\/\/pokerplanets1.com\/es\/wp-json\/wp\/v2\/comments?post=6424"}],"version-history":[{"count":0,"href":"https:\/\/pokerplanets1.com\/es\/wp-json\/wp\/v2\/pages\/6424\/revisions"}],"up":[{"embeddable":true,"href":"https:\/\/pokerplanets1.com\/es\/wp-json\/wp\/v2\/pages\/6403"}],"wp:attachment":[{"href":"https:\/\/pokerplanets1.com\/es\/wp-json\/wp\/v2\/media?parent=6424"}],"curies":[{"name":"wp","href":"https:\/\/api.w.org\/{rel}","templated":true}]}}