{"id":6433,"date":"2024-12-20T22:57:03","date_gmt":"2024-12-20T19:57:03","guid":{"rendered":"https:\/\/pokerplanets1.com\/poker\/como-jugar-al-poker-omaha\/"},"modified":"2024-12-20T22:57:03","modified_gmt":"2024-12-20T19:57:03","slug":"como-jugar-al-poker-omaha","status":"publish","type":"page","link":"https:\/\/pokerplanets1.com\/es\/poker\/como-jugar-al-poker-omaha\/","title":{"rendered":"C\u00f3mo jugar al p\u00f3ker Omaha"},"content":{"rendered":"<p style=\"text-align: center;\"><span style=\"font-size: 14pt;\"><b>Omaha: \u00a1Tu Pr\u00f3ximo Paso en el Mundo del P\u00f3ker!<\/b><\/span><\/p>\r\n<p><span style=\"font-size: 10pt;\"><b>Omaha <\/b><span style=\"font-weight: 400;\">es una modalidad de p\u00f3ker muy popular que combina estrategia con una experiencia de juego emocionante. Para tener \u00e9xito en esta variante, no basta con calcular bien, tambi\u00e9n es clave adaptarse a los constantes cambios en la mesa. A diferencia del Texas Hold'em, en Omaha se reparten <\/span><b>cuatro <\/b><span style=\"font-weight: 400;\">cartas ocultas a cada jugador, pero solo pueden usarse <\/span><b>dos <\/b><span style=\"font-weight: 400;\">de ellas para formar la mano final, junto con <\/span><b>tres <\/b><span style=\"font-weight: 400;\">cartas comunitarias del tablero. Esto abre un abanico de posibilidades t\u00e1cticas, hace el juego m\u00e1s din\u00e1mico y exige un pensamiento estrat\u00e9gico constante.<\/span><\/span><\/p>\r\n<h3><span style=\"font-size: 10pt;\"><b>Historia del Omaha<\/b><\/span><\/h3>\r\n<p><span style=\"font-size: 10pt;\"><span style=\"font-weight: 400;\">No se conoce con certeza el origen exacto del juego, pero se cree que naci\u00f3 en clubes de p\u00f3ker de Detroit durante los a\u00f1os 60, bajo el nombre de \"High Hold'em\". En los a\u00f1os 80, el Omaha se populariz\u00f3 en los casinos de Las Vegas y luego se extendi\u00f3 por todo el mundo. Hoy en d\u00eda, el <\/span><b>Pot-Limit Omaha<\/b><span style=\"font-weight: 400;\"> es una de las variantes de p\u00f3ker m\u00e1s jugadas, solo por detr\u00e1s del Texas Hold'em.<\/span><\/span><\/p>\r\n<h3><span style=\"font-size: 10pt;\"><b>\u00bfC\u00f3mo Se Juega?<\/b><\/span><\/h3>\r\n<ul>\r\n\t<li style=\"font-weight: 400;\" aria-level=\"1\"><span style=\"font-size: 10pt;\"><b>Preflop<\/b><span style=\"font-weight: 400;\">: Cada jugador recibe cuatro cartas. Comienza la primera ronda de apuestas.<\/span><\/span><\/li>\r\n\t<li style=\"font-weight: 400;\" aria-level=\"1\"><span style=\"font-size: 10pt;\"><b>Flop<\/b><span style=\"font-weight: 400;\">: Se reparten tres cartas comunitarias boca arriba y comienza la segunda ronda de apuestas.<\/span><\/span><\/li>\r\n\t<li style=\"font-weight: 400;\" aria-level=\"1\"><span style=\"font-size: 10pt;\"><b>Turn<\/b><span style=\"font-weight: 400;\">: Se a\u00f1ade una cuarta carta comunitaria y se inicia la tercera ronda de apuestas.<\/span><\/span><\/li>\r\n\t<li style=\"font-weight: 400;\" aria-level=\"1\"><span style=\"font-size: 10pt;\"><b>River<\/b><span style=\"font-weight: 400;\">: Se reparte la quinta y \u00faltima carta comunitaria. Comienza la ronda final de apuestas.<\/span><\/span><\/li>\r\n\t<li style=\"font-weight: 400;\" aria-level=\"1\"><span style=\"font-size: 10pt;\"><b>Showdown<\/b><span style=\"font-weight: 400;\">: Los jugadores muestran sus cartas. Gana quien logre la mejor combinaci\u00f3n usando exactamente dos cartas ocultas y tres del tablero.<\/span><\/span><\/li>\r\n<\/ul>\r\n<h3><span style=\"font-size: 10pt;\"><b>Tipos de P\u00f3ker Omaha<\/b><\/span><\/h3>\r\n<p><span style=\"font-size: 10pt;\"><span style=\"font-weight: 400;\">En <\/span><b>PokerPlanets<\/b><span style=\"font-weight: 400;\"> encontrar\u00e1s los dos formatos m\u00e1s populares de esta modalidad:<\/span><\/span><\/p>\r\n<ul>\r\n\t<li style=\"font-weight: 400;\" aria-level=\"1\"><span style=\"font-size: 10pt;\"><b>Pot-Limit Omaha<\/b><span style=\"font-weight: 400;\"> \u2013 Las apuestas est\u00e1n limitadas al tama\u00f1o del bote. Esto a\u00f1ade tensi\u00f3n y profundidad estrat\u00e9gica a la partida.<\/span><\/span><\/li>\r\n\t<li style=\"font-weight: 400;\" aria-level=\"1\"><span style=\"font-size: 10pt;\"><b>No-Limit Omaha<\/b><span style=\"font-weight: 400;\"> \u2013 No hay l\u00edmites en el tama\u00f1o de las apuestas, lo que permite faroles dram\u00e1ticos y movimientos audaces.<\/span><\/span><\/li>\r\n<\/ul>\r\n<h3><span style=\"font-size: 10pt;\"><b>\u00bfC\u00f3mo Funcionan las Apuestas?<\/b><\/span><\/h3>\r\n<h4><span style=\"font-size: 10pt;\"><b>Pot-Limit Omaha<\/b><\/span><\/h4>\r\n<ul>\r\n\t<li style=\"font-weight: 400;\" aria-level=\"1\"><span style=\"font-weight: 400; font-size: 10pt;\">La apuesta m\u00ednima es igual a la ciega grande.<\/span><\/li>\r\n\t<li style=\"font-weight: 400;\" aria-level=\"1\"><span style=\"font-weight: 400; font-size: 10pt;\">La subida m\u00ednima no puede ser inferior a la anterior. Por ejemplo, si la apuesta subi\u00f3 de 10 a 20 fichas (una subida de 10), la siguiente debe ser como m\u00ednimo de otras 10 fichas.<\/span><\/li>\r\n\t<li style=\"font-weight: 400;\" aria-level=\"1\"><span style=\"font-weight: 400; font-size: 10pt;\">La apuesta m\u00e1xima est\u00e1 limitada al tama\u00f1o actual del bote.<\/span><\/li>\r\n\t<li style=\"font-weight: 400;\" aria-level=\"1\"><span style=\"font-weight: 400; font-size: 10pt;\">El n\u00famero de subidas es ilimitado.<\/span><\/li>\r\n<\/ul>\r\n<h4><span style=\"font-size: 10pt;\"><b>No-Limit Omaha<\/b><\/span><\/h4>\r\n<ul>\r\n\t<li style=\"font-weight: 400;\" aria-level=\"1\"><span style=\"font-weight: 400; font-size: 10pt;\">La apuesta m\u00ednima es igual a la ciega grande.<\/span><\/li>\r\n\t<li style=\"font-weight: 400;\" aria-level=\"1\"><span style=\"font-weight: 400; font-size: 10pt;\">La subida m\u00ednima debe ser igual a la anterior.<\/span><\/li>\r\n\t<li style=\"font-weight: 400;\" aria-level=\"1\"><span style=\"font-weight: 400; font-size: 10pt;\">La apuesta m\u00e1xima puede ser todo el stack del jugador.<\/span><\/li>\r\n\t<li style=\"font-weight: 400;\" aria-level=\"1\"><span style=\"font-weight: 400; font-size: 10pt;\">El n\u00famero de subidas es ilimitado.<\/span><\/li>\r\n<\/ul>\r\n<h3><span style=\"font-size: 10pt;\"><b>\u00bfEn Qu\u00e9 Se Diferencia del Texas Hold'em?<\/b><\/span><\/h3>\r\n<ul>\r\n\t<li style=\"font-weight: 400;\" aria-level=\"1\"><span style=\"font-weight: 400; font-size: 10pt;\">En Omaha se reparten m\u00e1s cartas, lo que genera m\u00e1s combinaciones posibles.<\/span><\/li>\r\n\t<li style=\"font-weight: 400;\" aria-level=\"1\"><span style=\"font-weight: 400; font-size: 10pt;\">Es obligatorio usar exactamente dos cartas propias y tres del tablero para formar la mano.<\/span><\/li>\r\n\t<li style=\"font-weight: 400;\" aria-level=\"1\"><span style=\"font-weight: 400; font-size: 10pt;\">El tama\u00f1o medio del bote en Omaha suele ser significativamente mayor que en Texas Hold'em.<\/span><\/li>\r\n<\/ul>\r\n<p style=\"text-align: center;\"><span style=\"font-size: 10pt;\"><b>\u00bfListo Para Probar?<\/b><\/span><\/p>\r\n<p style=\"text-align: center;\"><span style=\"font-size: 10pt;\"><span style=\"font-weight: 400;\">Descarga la App de <\/span><b>PokerPlanets<\/b><span style=\"font-weight: 400;\"> y empieza a jugar gratis o con dinero real. Sum\u00e9rgete en la partida, domina las estrategias, analiza a tus rivales y gana a lo grande. Disfruta de un entorno de juego justo, gran variedad de mesas y toda la emoci\u00f3n de la competencia real. \u00a1\u00danete y descubre todo lo que Omaha tiene para ofrecer!<\/span><\/span><\/p>\r\n<div id=\"detectButton5\" style=\"margin: 0 auto; text-align: center;\"><button class=\"button  button--red\" type=\"button\"><svg class=\"svg\"><use xlink:href=\"\/wp-content\/uploads\/2024\/12\/sprite.svg#lock\"><\/use> <\/svg>  DOWNLOAD POKERPLANETS <\/button><\/div>","protected":false},"excerpt":{"rendered":"<p>Omaha: \u00a1Tu Pr\u00f3ximo Paso en el Mundo del P\u00f3ker! Omaha es una modalidad de p\u00f3ker muy popular que combina estrategia con una experiencia de juego emocionante. Para tener \u00e9xito en esta variante, no basta con calcular bien, tambi\u00e9n es clave adaptarse a los constantes cambios en la mesa. A diferencia del Texas Hold'em, en Omaha [&hellip;]<\/p>\n","protected":false},"author":1,"featured_media":0,"parent":6403,"menu_order":0,"comment_status":"closed","ping_status":"closed","template":"page-faq-nosidebar.php","meta":{"_acf_changed":false,"inline_featured_image":false,"footnotes":""},"class_list":["post-6433","page","type-page","status-publish","hentry"],"acf":[],"yoast_head":"<!-- This site is optimized with the Yoast SEO plugin v24.4 - https:\/\/yoast.com\/wordpress\/plugins\/seo\/ -->\n<title>C\u00f3mo jugar al p\u00f3ker Omaha: gu\u00eda de estrategia<\/title>\n<meta name=\"description\" content=\"Tutorial de Omaha paso a paso \u2705 Aprende Omaha y \u00fanete a partidas de dinero real\" \/>\n<meta name=\"robots\" content=\"index, follow, max-snippet:-1, max-image-preview:large, max-video-preview:-1\" \/>\n<meta property=\"og:locale\" content=\"es_ES\" \/>\n<meta property=\"og:type\" content=\"article\" \/>\n<meta property=\"og:title\" content=\"C\u00f3mo jugar al p\u00f3ker Omaha: gu\u00eda de estrategia\" \/>\n<meta property=\"og:description\" content=\"Tutorial de Omaha paso a paso \u2705 Aprende Omaha y \u00fanete a partidas de dinero real\" \/>\n<meta property=\"og:url\" content=\"https:\/\/pokerplanets1.com\/es\/poker\/como-jugar-al-poker-omaha\/\" \/>\n<meta property=\"og:site_name\" content=\"PokerPlanets\" \/>\n<meta name=\"twitter:card\" content=\"summary_large_image\" \/>\n<meta name=\"twitter:label1\" content=\"Tiempo de lectura\" \/>\n\t<meta name=\"twitter:data1\" content=\"3 minutos\" \/>\n<script type=\"application\/ld+json\" class=\"yoast-schema-graph\">{\"@context\":\"https:\/\/schema.org\",\"@graph\":[{\"@type\":\"WebPage\",\"@id\":\"https:\/\/pokerplanets1.com\/es\/poker\/como-jugar-al-poker-omaha\/\",\"url\":\"https:\/\/pokerplanets1.com\/es\/poker\/como-jugar-al-poker-omaha\/\",\"name\":\"C\u00f3mo jugar al p\u00f3ker Omaha: gu\u00eda de estrategia\",\"isPartOf\":{\"@id\":\"https:\/\/pokerplanets1.com\/es\/#website\"},\"datePublished\":\"2024-12-20T19:57:03+00:00\",\"description\":\"Tutorial de Omaha paso a paso \u2705 Aprende Omaha y \u00fanete a partidas de dinero real\",\"breadcrumb\":{\"@id\":\"https:\/\/pokerplanets1.com\/es\/poker\/como-jugar-al-poker-omaha\/#breadcrumb\"},\"inLanguage\":\"es\",\"potentialAction\":[{\"@type\":\"ReadAction\",\"target\":[\"https:\/\/pokerplanets1.com\/es\/poker\/como-jugar-al-poker-omaha\/\"]}]},{\"@type\":\"BreadcrumbList\",\"@id\":\"https:\/\/pokerplanets1.com\/es\/poker\/como-jugar-al-poker-omaha\/#breadcrumb\",\"itemListElement\":[{\"@type\":\"ListItem\",\"position\":1,\"name\":\"Home\",\"item\":\"https:\/\/pokerplanets1.com\/es\/\"},{\"@type\":\"ListItem\",\"position\":2,\"name\":\"P\u00f3ker\",\"item\":\"https:\/\/pokerplanets1.com\/es\/poker\/\"},{\"@type\":\"ListItem\",\"position\":3,\"name\":\"C\u00f3mo jugar al p\u00f3ker Omaha\"}]},{\"@type\":\"WebSite\",\"@id\":\"https:\/\/pokerplanets1.com\/es\/#website\",\"url\":\"https:\/\/pokerplanets1.com\/es\/\",\"name\":\"PokerPlanets\",\"description\":\"\",\"potentialAction\":[{\"@type\":\"SearchAction\",\"target\":{\"@type\":\"EntryPoint\",\"urlTemplate\":\"https:\/\/pokerplanets1.com\/es\/?s={search_term_string}\"},\"query-input\":{\"@type\":\"PropertyValueSpecification\",\"valueRequired\":true,\"valueName\":\"search_term_string\"}}],\"inLanguage\":\"es\"}]}<\/script>\n<!-- \/ Yoast SEO plugin. -->","yoast_head_json":{"title":"C\u00f3mo jugar al p\u00f3ker Omaha: gu\u00eda de estrategia","description":"Tutorial de Omaha paso a paso \u2705 Aprende Omaha y \u00fanete a partidas de dinero real","robots":{"index":"index","follow":"follow","max-snippet":"max-snippet:-1","max-image-preview":"max-image-preview:large","max-video-preview":"max-video-preview:-1"},"og_locale":"es_ES","og_type":"article","og_title":"C\u00f3mo jugar al p\u00f3ker Omaha: gu\u00eda de estrategia","og_description":"Tutorial de Omaha paso a paso \u2705 Aprende Omaha y \u00fanete a partidas de dinero real","og_url":"https:\/\/pokerplanets1.com\/es\/poker\/como-jugar-al-poker-omaha\/","og_site_name":"PokerPlanets","twitter_card":"summary_large_image","twitter_misc":{"Tiempo de lectura":"3 minutos"},"schema":{"@context":"https:\/\/schema.org","@graph":[{"@type":"WebPage","@id":"https:\/\/pokerplanets1.com\/es\/poker\/como-jugar-al-poker-omaha\/","url":"https:\/\/pokerplanets1.com\/es\/poker\/como-jugar-al-poker-omaha\/","name":"C\u00f3mo jugar al p\u00f3ker Omaha: gu\u00eda de estrategia","isPartOf":{"@id":"https:\/\/pokerplanets1.com\/es\/#website"},"datePublished":"2024-12-20T19:57:03+00:00","description":"Tutorial de Omaha paso a paso \u2705 Aprende Omaha y \u00fanete a partidas de dinero real","breadcrumb":{"@id":"https:\/\/pokerplanets1.com\/es\/poker\/como-jugar-al-poker-omaha\/#breadcrumb"},"inLanguage":"es","potentialAction":[{"@type":"ReadAction","target":["https:\/\/pokerplanets1.com\/es\/poker\/como-jugar-al-poker-omaha\/"]}]},{"@type":"BreadcrumbList","@id":"https:\/\/pokerplanets1.com\/es\/poker\/como-jugar-al-poker-omaha\/#breadcrumb","itemListElement":[{"@type":"ListItem","position":1,"name":"Home","item":"https:\/\/pokerplanets1.com\/es\/"},{"@type":"ListItem","position":2,"name":"P\u00f3ker","item":"https:\/\/pokerplanets1.com\/es\/poker\/"},{"@type":"ListItem","position":3,"name":"C\u00f3mo jugar al p\u00f3ker Omaha"}]},{"@type":"WebSite","@id":"https:\/\/pokerplanets1.com\/es\/#website","url":"https:\/\/pokerplanets1.com\/es\/","name":"PokerPlanets","description":"","potentialAction":[{"@type":"SearchAction","target":{"@type":"EntryPoint","urlTemplate":"https:\/\/pokerplanets1.com\/es\/?s={search_term_string}"},"query-input":{"@type":"PropertyValueSpecification","valueRequired":true,"valueName":"search_term_string"}}],"inLanguage":"es"}]}},"_links":{"self":[{"href":"https:\/\/pokerplanets1.com\/es\/wp-json\/wp\/v2\/pages\/6433","targetHints":{"allow":["GET"]}}],"collection":[{"href":"https:\/\/pokerplanets1.com\/es\/wp-json\/wp\/v2\/pages"}],"about":[{"href":"https:\/\/pokerplanets1.com\/es\/wp-json\/wp\/v2\/types\/page"}],"author":[{"embeddable":true,"href":"https:\/\/pokerplanets1.com\/es\/wp-json\/wp\/v2\/users\/1"}],"replies":[{"embeddable":true,"href":"https:\/\/pokerplanets1.com\/es\/wp-json\/wp\/v2\/comments?post=6433"}],"version-history":[{"count":0,"href":"https:\/\/pokerplanets1.com\/es\/wp-json\/wp\/v2\/pages\/6433\/revisions"}],"up":[{"embeddable":true,"href":"https:\/\/pokerplanets1.com\/es\/wp-json\/wp\/v2\/pages\/6403"}],"wp:attachment":[{"href":"https:\/\/pokerplanets1.com\/es\/wp-json\/wp\/v2\/media?parent=6433"}],"curies":[{"name":"wp","href":"https:\/\/api.w.org\/{rel}","templated":true}]}}