{"id":6460,"date":"2024-12-20T23:01:46","date_gmt":"2024-12-20T20:01:46","guid":{"rendered":"https:\/\/pokerplanets1.com\/poker\/poker-omaha-high-low\/"},"modified":"2024-12-20T23:01:46","modified_gmt":"2024-12-20T20:01:46","slug":"poker-omaha-high-low","status":"publish","type":"page","link":"https:\/\/pokerplanets1.com\/es\/poker\/poker-omaha-high-low\/","title":{"rendered":"P\u00f3ker Omaha High\/Low"},"content":{"rendered":"<p>Debido a que suele tener botes sustanciales, <strong>Omaha Hi\/Lo<\/strong> (tambi\u00e9n conocido como 'Omaha High Low', 'Omaha H\/L', 'Omaha\/8' u 'Omaha 8-or-better') se ha convertido en un juego extremadamente popular en todo el mundo.<\/p>\r\n<p>En una partida de Omaha Hi\/Lo, cada jugador recibe cuatro cartas privadas (\"cartas ocultas\") que pertenecen \u00fanicamente a ese jugador. Cinco cartas comunitarias se reparten boca arriba en la \"mesa\".<\/p>\r\n<p>Todos los jugadores deben usar exactamente dos cartas de sus cuatro cartas ocultas en combinaci\u00f3n con exactamente tres cartas de la mesa para formar la mejor mano de p\u00f3ker posible de cinco cartas. El bote se divide entre la mejor mano alta y la mejor mano baja; de ah\u00ed el nombre, Omaha Hi\/Lo. Puedes usar diferentes combinaciones de dos cartas de tu mano para formar tu mano alta y tu mano baja, pero en cada mano debes usar exactamente dos de tu mano y tres de la mesa, ni m\u00e1s ni menos.<\/p>\r\n<p>Omaha Hi\/Lo se juega con un requisito llamado '8-or-better', lo que significa que una mano baja debe consistir en cinco cartas diferentes \u2014clasificadas con ocho o menos\u2014 para poder optar a ganar la parte baja del bote. Las manos bajas en Omaha Hi\/Lo se determinan de la misma forma que en 7 Card Stud Hi\/Lo. Si no hay una mano baja que cumpla el requisito, la mano alta gana todo el bote.<\/p>\r\n<p>Omaha Hi\/Lo utiliza el sistema 'As a Cinco' o 'California' para clasificar las manos bajas. Escaleras y colores no cuentan en contra de la mano, y los ases siempre son bajos al leer la mano baja, por lo que la mejor mano posible es una \"rueda\": <span class=\"card spades\">5<\/span> <span class=\"card hearts\">4<\/span> <span class=\"card hearts\">3<\/span> <span class=\"card hearts\">2<\/span> <span class=\"card spades\">A<\/span>. Para ayudar a comprender la clasificaci\u00f3n de manos bajas, los siguientes ejemplos de manos bajas que califican (no es una lista completa) est\u00e1n ordenados de menos potente (#1, rara vez ganar\u00e1 la mitad baja del bote) a m\u00e1s potente (#10, la mejor posible):<\/p>\r\n<p>\u2022 1 - <span class=\"card unknown\">8<\/span> <span class=\"card unknown\">7<\/span> <span class=\"card unknown\">6<\/span> <span class=\"card unknown\">5<\/span> <span class=\"card unknown\">4<\/span><br \/>\r\n\u2022 2 - <span class=\"card unknown\">8<\/span> <span class=\"card unknown\">7<\/span> <span class=\"card unknown\">6<\/span> <span class=\"card unknown\">5<\/span> <span class=\"card unknown\">3<\/span><br \/>\r\n\u2022 3 - <span class=\"card unknown\">8<\/span> <span class=\"card unknown\">6<\/span> <span class=\"card unknown\">4<\/span> <span class=\"card unknown\">2<\/span> <span class=\"card unknown\">A<\/span><br \/>\r\n\u2022 4 - <span class=\"card unknown\">8<\/span> <span class=\"card unknown\">4<\/span> <span class=\"card unknown\">3<\/span> <span class=\"card unknown\">2<\/span> <span class=\"card unknown\">A<\/span><br \/>\r\n\u2022 5 - <span class=\"card unknown\">7<\/span> <span class=\"card unknown\">6<\/span> <span class=\"card unknown\">5<\/span> <span class=\"card unknown\">4<\/span> <span class=\"card unknown\">2<\/span><br \/>\r\n\u2022 6 - <span class=\"card unknown\">7<\/span> <span class=\"card unknown\">6<\/span> <span class=\"card unknown\">5<\/span> <span class=\"card unknown\">2<\/span> <span class=\"card unknown\">A<\/span><br \/>\r\n\u2022 7 - <span class=\"card unknown\">7<\/span> <span class=\"card unknown\">5<\/span> <span class=\"card unknown\">4<\/span> <span class=\"card unknown\">3<\/span> <span class=\"card unknown\">2<\/span><br \/>\r\n\u2022 8 - <span class=\"card unknown\">6<\/span> <span class=\"card unknown\">5<\/span> <span class=\"card unknown\">4<\/span> <span class=\"card unknown\">3<\/span> <span class=\"card unknown\">2<\/span><br \/>\r\n\u2022 9 - <span class=\"card unknown\">6<\/span> <span class=\"card unknown\">4<\/span> <span class=\"card unknown\">3<\/span> <span class=\"card unknown\">2<\/span> <span class=\"card unknown\">A<\/span><br \/>\r\n\u2022 10 - <span class=\"card unknown\">5<\/span> <span class=\"card unknown\">4<\/span> <span class=\"card unknown\">3<\/span> <span class=\"card unknown\">2<\/span> <span class=\"card unknown\">A<\/span><\/p>\r\n<p>Ten en cuenta que una mano baja siempre se clasifica desde su carta m\u00e1s alta hacia abajo. Por ejemplo, la mano #9 se conoce como un 'Seis bajo' porque su carta m\u00e1s alta es un seis. La mano #5 es un 'Siete bajo', y la mano #1 es un 'Ocho bajo'. En la jerga del p\u00f3ker, se distingue entre manos bajas cercanas bajando en la clasificaci\u00f3n, as\u00ed que la mano #9 se llamar\u00eda un 'Seis-Cuatro bajo', que gana a la mano #8, un 'Seis-Cinco bajo'.<\/p>\r\n<p>Recuerda tambi\u00e9n que las escaleras y los colores no cuentan en contra de tu mano baja, por lo que hacer una mano baja que califica y que adem\u00e1s es una escalera o un color es una mano muy potente que podr\u00eda ganar tanto la mitad alta como la mitad baja del bote. A eso se le llama 'scoop'.<\/p>\r\n<p><strong>Tipos de Partidas de Omaha Hi\/Lo<\/strong><br \/>\r\nOmaha Hi\/Lo puede jugarse en los siguientes formatos:<\/p>\r\n<p>\u2022 Limit Omaha Hi\/Lo - Se aplica un l\u00edmite de apuestas espec\u00edfico en cada partida y en cada ronda de apuestas.<br \/>\r\n\u2022 Pot Limit Omaha Hi\/Lo - Las apuestas est\u00e1n limitadas a la cantidad de fichas en el bote.<br \/>\r\n\u2022 No Limit Omaha Hi\/Lo - Un jugador puede apostar todas las fichas que tenga disponibles.<br \/>\r\n\u2022 Mixed Omaha Hi\/Lo - El juego alterna entre rondas de Limit y Pot-Limit. Las ciegas aumentan cuando el juego pasa de Pot-Limit a Limit para mantener niveles de apuesta consistentes.<\/p>\r\n<p><strong>Reglas para Jugar Omaha Hi\/Lo<\/strong><br \/>\r\nEn Omaha Hi\/Lo, una ficha llamada 'el bot\u00f3n' o 'bot\u00f3n de repartidor' indica qu\u00e9 jugador es el repartidor nominal de la mano actual. Antes de que comience la partida, el jugador inmediatamente a la izquierda del bot\u00f3n coloca la 'ciega peque\u00f1a', la primera apuesta obligatoria. El jugador inmediatamente a la izquierda de la ciega peque\u00f1a coloca la 'ciega grande', que suele ser el doble de la ciega peque\u00f1a, aunque las ciegas pueden variar seg\u00fan los l\u00edmites y la estructura de apuestas que se juegue.<br \/>\r\n\u2022 <strong>En partidas Limit<\/strong>, la ciega grande es igual a la apuesta peque\u00f1a, y la ciega peque\u00f1a suele ser la mitad de la ciega grande, aunque puede ser mayor seg\u00fan los l\u00edmites. Por ejemplo, en una partida Limit $2\/$4, la ciega peque\u00f1a es de $1 y la grande de $2. En una partida Limit $15\/$30, la ciega peque\u00f1a es de $10 y la grande de $15.<br \/>\r\n\u2022 <strong>En Pot Limit<\/strong> y <strong>No Limit<\/strong>, las partidas se denominan por el tama\u00f1o de sus ciegas (por ejemplo, una partida Omaha Hi\/Lo $1\/$2 tiene una ciega peque\u00f1a de $1 y una grande de $2).<\/p>\r\n<p>Ahora, cada jugador recibe sus cuatro cartas ocultas. La acci\u00f3n de apuestas avanza en sentido horario por la mesa, comenzando con el jugador 'under the gun' (a la izquierda de la ciega grande).<\/p>\r\n<p><strong>Pre-Flop<\/strong><br \/>\r\nDespu\u00e9s de ver sus cartas ocultas, cada jugador puede jugar su mano igualando o subiendo la ciega grande. La acci\u00f3n comienza a la izquierda de la ciega grande, que es considerada una apuesta \"en vivo\" en esta ronda. Ese jugador puede retirarse, igualar o subir. Por ejemplo, si la ciega grande es de $2, costar\u00eda $2 igualar o al menos $4 para subir. La acci\u00f3n contin\u00faa en sentido horario.<\/p>\r\n<p>Nota: La estructura de apuestas var\u00eda seg\u00fan la modalidad espec\u00edfica. Explicaciones de la acci\u00f3n de apuestas en Limit Omaha Hi\/Lo, No Limit Omaha Hi\/Lo y Pot Limit Omaha Hi\/Lo se encuentran m\u00e1s abajo.<br \/>\r\nLas apuestas contin\u00faan en cada ronda hasta que todos los jugadores activos (que no se han retirado) hayan igualado las apuestas.<\/p>\r\n<p><strong>El Flop<\/strong><br \/>\r\nUna vez que concluye la primera ronda de apuestas, se reparte el 'flop' boca arriba en la mesa. El flop consiste en las tres primeras cartas comunitarias disponibles para todos los jugadores activos. Las apuestas comienzan con el jugador activo a la izquierda del bot\u00f3n, seguido de otra ronda de apuestas. En Limit Omaha Hi\/Lo, todas las apuestas y subidas en el flop son en incrementos de la apuesta peque\u00f1a (por ejemplo, $2 en una partida $2\/$4).<\/p>\r\n<p><strong>El Turn<\/strong><br \/>\r\nTras completar las apuestas en el flop, se reparte el 'turn' boca arriba. El turn es la cuarta carta comunitaria en Omaha Hi\/Lo. La acci\u00f3n contin\u00faa con el jugador activo a la izquierda del bot\u00f3n, seguido de otra ronda de apuestas. En Limit Omaha Hi\/Lo, las apuestas y subidas en el turn son en incrementos de la apuesta grande (por ejemplo, $4 en una partida $2\/$4).<\/p>\r\n<p><strong>El River<\/strong><br \/>\r\nCuando termina la acci\u00f3n en el turn, se reparte el 'river' boca arriba. El river es la quinta y \u00faltima carta comunitaria en Omaha Hi\/Lo. Las apuestas comienzan con el jugador activo a la izquierda del bot\u00f3n, seguidas de una \u00faltima ronda de apuestas.<\/p>\r\n<p><strong>El Showdown<\/strong><br \/>\r\nSi m\u00e1s de un jugador permanece tras la \u00faltima ronda de apuestas, la \u00faltima persona en apostar o subir muestra sus cartas, a menos que no haya habido apuesta en la ronda final, en cuyo caso el jugador a la izquierda del bot\u00f3n muestra sus cartas primero. El jugador con la mejor mano alta de cinco cartas gana la mitad del bote, mientras que el jugador con la mejor mano baja gana la otra mitad. En todas las partidas de Omaha, los jugadores deben usar dos (y solo dos) de sus cuatro cartas ocultas en combinaci\u00f3n con exactamente tres comunitarias. Si las manos son id\u00e9nticas, las mitades del bote se dividen entre los mejores. Si no hay mano baja que califique (es decir, un 'ocho bajo' o mejor), la mejor mano alta gana todo el bote.<\/p>\r\n<p>Despu\u00e9s de repartir el bote, comienza una nueva partida de Omaha Hi\/Lo, moviendo el bot\u00f3n en sentido horario al siguiente jugador.<\/p>\r\n<h5>Limit, Pot Limit y No Limit Omaha Hi\/Lo<\/h5>\r\n<p>Las reglas para Limit, No Limit y Pot Limit Omaha Hi\/Lo son las mismas, con algunas excepciones:<\/p>\r\n<p><strong>Limit Omaha Hi\/Lo<br \/>\r\n<\/strong>En Limit Omaha Hi\/Lo, las apuestas se realizan en cantidades estructuradas y predeterminadas. Pre-flop y en el flop, todas las apuestas y subidas son iguales al tama\u00f1o de la ciega grande. En el turn y el river, el tama\u00f1o de todas las apuestas y subidas se duplica. En Limit Omaha Hi\/Lo, cada jugador puede hacer hasta cuatro apuestas por ronda, incluyendo (1) apuesta, (2) subida, (3) resubida y (4) subida final.<\/p>\r\n<p><strong>Pot Limit Omaha Hi\/Lo <br \/>\r\n<\/strong>La apuesta m\u00ednima en Pot Limit Omaha Hi\/Lo es igual a la ciega grande, pero los jugadores pueden apostar hasta el tama\u00f1o del bote.<br \/>\r\n\u2022 Subida m\u00ednima: La subida debe ser al menos igual a la \u00faltima apuesta o subida en la misma ronda. Por ejemplo, si el primer jugador apuesta $5, el segundo debe subir un m\u00ednimo de $5 (para un total de $10).<br \/>\r\n\u2022 Subida m\u00e1xima: La subida m\u00e1xima es el tama\u00f1o del bote, que incluye el bote activo, todas las apuestas sobre la mesa y la cantidad que el jugador activo debe pagar antes de subir.<br \/>\r\n\u2022 Ejemplo: Si el bote es de $100 y no hay acci\u00f3n previa en la ronda, un jugador puede apostar un m\u00e1ximo de $100. Luego, el siguiente jugador puede retirarse, igualar $100 o subir cualquier cantidad entre el m\u00ednimo ($100 m\u00e1s) y el m\u00e1ximo. En este caso, la apuesta m\u00e1xima es $400 \u2014 el jugador primero iguala $100, aumentando el bote a $300, y luego sube $300 m\u00e1s, para un total de $400.<\/p>\r\n<p>En Pot Limit Omaha Hi\/Lo no hay l\u00edmite en el n\u00famero de subidas permitidas.<\/p>\r\n<p><strong>No Limit Omaha Hi\/Lo <br \/>\r\n<\/strong>La apuesta m\u00ednima en No Limit Omaha Hi\/Lo es igual a la ciega grande, pero los jugadores pueden apostar hasta todas las fichas que tengan.<br \/>\r\n\u2022 Subida m\u00ednima: Debe ser al menos igual a la \u00faltima apuesta o subida en la misma ronda. Por ejemplo, si el primer jugador apuesta $5, el segundo debe subir un m\u00ednimo de $5 (para un total de $10).<br \/>\r\n\u2022 Subida m\u00e1xima: El tama\u00f1o de tu stack (las fichas que tienes en la mesa).<\/p>\r\n<p>En No Limit Omaha Hi\/Lo no hay l\u00edmite en el n\u00famero de subidas permitidas. Omaha Hi\/Lo ha ganado gran popularidad, especialmente con el aumento del p\u00f3ker online. Aunque aprender las reglas de Omaha Hi\/Lo requiere algo de adaptaci\u00f3n, es una variante entretenida que muchos jugadores disfrutan.<\/p>\r\n<p><strong>Aprende a Jugar Omaha Hi\/Lo Gratis <\/strong><\/p>\r\n<p>Si eres nuevo en Omaha Hi\/Lo, te recomendamos probar el juego para familiarizarte con su mec\u00e1nica. Siempre puedes jugar en nuestras mesas gratuitas del cliente de p\u00f3ker, lo que te permitir\u00e1 perfeccionar tus habilidades antes de pasar al p\u00f3ker con dinero real. Si te gustan otras variantes Hi\/Lo, te sugerimos probar Stud Hi\/Lo, otro juego de p\u00f3ker muy popular. Ambos ofrecen un cambio refrescante respecto al Texas Hold'em y est\u00e1n disponibles tambi\u00e9n en nuestra selecci\u00f3n de torneos.<\/p>\r\n<p>Adem\u00e1s de Omaha Hi\/Lo, ofrecemos una amplia variedad de otras variantes de p\u00f3ker. Visita nuestra p\u00e1gina de Juegos de P\u00f3ker para descubrir m\u00e1s opciones.<\/p>","protected":false},"excerpt":{"rendered":"<p>Debido a que suele tener botes sustanciales, Omaha Hi\/Lo (tambi\u00e9n conocido como 'Omaha High Low', 'Omaha H\/L', 'Omaha\/8' u 'Omaha 8-or-better') se ha convertido en un juego extremadamente popular en todo el mundo. En una partida de Omaha Hi\/Lo, cada jugador recibe cuatro cartas privadas (\"cartas ocultas\") que pertenecen \u00fanicamente a ese jugador. Cinco cartas [&hellip;]<\/p>\n","protected":false},"author":1,"featured_media":0,"parent":6403,"menu_order":0,"comment_status":"closed","ping_status":"closed","template":"page-faq-nosidebar.php","meta":{"_acf_changed":false,"inline_featured_image":false,"footnotes":""},"class_list":["post-6460","page","type-page","status-publish","hentry"],"acf":[],"yoast_head":"<!-- This site is optimized with the Yoast SEO plugin v24.4 - https:\/\/yoast.com\/wordpress\/plugins\/seo\/ -->\n<title>Reglas del P\u00f3ker Omaha Hi\/Lo \u2014 Aprende el Juego de Bote Dividido<\/title>\n<meta name=\"description\" content=\"Juega Omaha Hi\/Lo \u2705 Aprende Omaha y \u00fanete a partidas de cash en vivo en PokerPlanets\" \/>\n<meta name=\"robots\" content=\"index, follow, max-snippet:-1, max-image-preview:large, max-video-preview:-1\" \/>\n<meta property=\"og:locale\" content=\"es_ES\" \/>\n<meta property=\"og:type\" content=\"article\" \/>\n<meta property=\"og:title\" content=\"Reglas del P\u00f3ker Omaha Hi\/Lo \u2014 Aprende el Juego de Bote Dividido\" \/>\n<meta property=\"og:description\" content=\"Juega Omaha Hi\/Lo \u2705 Aprende Omaha y \u00fanete a partidas de cash en vivo en PokerPlanets\" \/>\n<meta property=\"og:url\" content=\"https:\/\/pokerplanets1.com\/es\/poker\/poker-omaha-high-low\/\" \/>\n<meta property=\"og:site_name\" content=\"PokerPlanets\" \/>\n<meta name=\"twitter:card\" content=\"summary_large_image\" \/>\n<meta name=\"twitter:label1\" content=\"Tiempo de lectura\" \/>\n\t<meta name=\"twitter:data1\" content=\"9 minutos\" \/>\n<script type=\"application\/ld+json\" class=\"yoast-schema-graph\">{\"@context\":\"https:\/\/schema.org\",\"@graph\":[{\"@type\":\"WebPage\",\"@id\":\"https:\/\/pokerplanets1.com\/es\/poker\/poker-omaha-high-low\/\",\"url\":\"https:\/\/pokerplanets1.com\/es\/poker\/poker-omaha-high-low\/\",\"name\":\"Reglas del P\u00f3ker Omaha Hi\/Lo \u2014 Aprende el Juego de Bote Dividido\",\"isPartOf\":{\"@id\":\"https:\/\/pokerplanets1.com\/es\/#website\"},\"datePublished\":\"2024-12-20T20:01:46+00:00\",\"description\":\"Juega Omaha Hi\/Lo \u2705 Aprende Omaha y \u00fanete a partidas de cash en vivo en PokerPlanets\",\"breadcrumb\":{\"@id\":\"https:\/\/pokerplanets1.com\/es\/poker\/poker-omaha-high-low\/#breadcrumb\"},\"inLanguage\":\"es\",\"potentialAction\":[{\"@type\":\"ReadAction\",\"target\":[\"https:\/\/pokerplanets1.com\/es\/poker\/poker-omaha-high-low\/\"]}]},{\"@type\":\"BreadcrumbList\",\"@id\":\"https:\/\/pokerplanets1.com\/es\/poker\/poker-omaha-high-low\/#breadcrumb\",\"itemListElement\":[{\"@type\":\"ListItem\",\"position\":1,\"name\":\"Home\",\"item\":\"https:\/\/pokerplanets1.com\/es\/\"},{\"@type\":\"ListItem\",\"position\":2,\"name\":\"P\u00f3ker\",\"item\":\"https:\/\/pokerplanets1.com\/es\/poker\/\"},{\"@type\":\"ListItem\",\"position\":3,\"name\":\"P\u00f3ker Omaha High\/Low\"}]},{\"@type\":\"WebSite\",\"@id\":\"https:\/\/pokerplanets1.com\/es\/#website\",\"url\":\"https:\/\/pokerplanets1.com\/es\/\",\"name\":\"PokerPlanets\",\"description\":\"\",\"potentialAction\":[{\"@type\":\"SearchAction\",\"target\":{\"@type\":\"EntryPoint\",\"urlTemplate\":\"https:\/\/pokerplanets1.com\/es\/?s={search_term_string}\"},\"query-input\":{\"@type\":\"PropertyValueSpecification\",\"valueRequired\":true,\"valueName\":\"search_term_string\"}}],\"inLanguage\":\"es\"}]}<\/script>\n<!-- \/ Yoast SEO plugin. -->","yoast_head_json":{"title":"Reglas del P\u00f3ker Omaha Hi\/Lo \u2014 Aprende el Juego de Bote Dividido","description":"Juega Omaha Hi\/Lo \u2705 Aprende Omaha y \u00fanete a partidas de cash en vivo en PokerPlanets","robots":{"index":"index","follow":"follow","max-snippet":"max-snippet:-1","max-image-preview":"max-image-preview:large","max-video-preview":"max-video-preview:-1"},"og_locale":"es_ES","og_type":"article","og_title":"Reglas del P\u00f3ker Omaha Hi\/Lo \u2014 Aprende el Juego de Bote Dividido","og_description":"Juega Omaha Hi\/Lo \u2705 Aprende Omaha y \u00fanete a partidas de cash en vivo en PokerPlanets","og_url":"https:\/\/pokerplanets1.com\/es\/poker\/poker-omaha-high-low\/","og_site_name":"PokerPlanets","twitter_card":"summary_large_image","twitter_misc":{"Tiempo de lectura":"9 minutos"},"schema":{"@context":"https:\/\/schema.org","@graph":[{"@type":"WebPage","@id":"https:\/\/pokerplanets1.com\/es\/poker\/poker-omaha-high-low\/","url":"https:\/\/pokerplanets1.com\/es\/poker\/poker-omaha-high-low\/","name":"Reglas del P\u00f3ker Omaha Hi\/Lo \u2014 Aprende el Juego de Bote Dividido","isPartOf":{"@id":"https:\/\/pokerplanets1.com\/es\/#website"},"datePublished":"2024-12-20T20:01:46+00:00","description":"Juega Omaha Hi\/Lo \u2705 Aprende Omaha y \u00fanete a partidas de cash en vivo en PokerPlanets","breadcrumb":{"@id":"https:\/\/pokerplanets1.com\/es\/poker\/poker-omaha-high-low\/#breadcrumb"},"inLanguage":"es","potentialAction":[{"@type":"ReadAction","target":["https:\/\/pokerplanets1.com\/es\/poker\/poker-omaha-high-low\/"]}]},{"@type":"BreadcrumbList","@id":"https:\/\/pokerplanets1.com\/es\/poker\/poker-omaha-high-low\/#breadcrumb","itemListElement":[{"@type":"ListItem","position":1,"name":"Home","item":"https:\/\/pokerplanets1.com\/es\/"},{"@type":"ListItem","position":2,"name":"P\u00f3ker","item":"https:\/\/pokerplanets1.com\/es\/poker\/"},{"@type":"ListItem","position":3,"name":"P\u00f3ker Omaha High\/Low"}]},{"@type":"WebSite","@id":"https:\/\/pokerplanets1.com\/es\/#website","url":"https:\/\/pokerplanets1.com\/es\/","name":"PokerPlanets","description":"","potentialAction":[{"@type":"SearchAction","target":{"@type":"EntryPoint","urlTemplate":"https:\/\/pokerplanets1.com\/es\/?s={search_term_string}"},"query-input":{"@type":"PropertyValueSpecification","valueRequired":true,"valueName":"search_term_string"}}],"inLanguage":"es"}]}},"_links":{"self":[{"href":"https:\/\/pokerplanets1.com\/es\/wp-json\/wp\/v2\/pages\/6460","targetHints":{"allow":["GET"]}}],"collection":[{"href":"https:\/\/pokerplanets1.com\/es\/wp-json\/wp\/v2\/pages"}],"about":[{"href":"https:\/\/pokerplanets1.com\/es\/wp-json\/wp\/v2\/types\/page"}],"author":[{"embeddable":true,"href":"https:\/\/pokerplanets1.com\/es\/wp-json\/wp\/v2\/users\/1"}],"replies":[{"embeddable":true,"href":"https:\/\/pokerplanets1.com\/es\/wp-json\/wp\/v2\/comments?post=6460"}],"version-history":[{"count":0,"href":"https:\/\/pokerplanets1.com\/es\/wp-json\/wp\/v2\/pages\/6460\/revisions"}],"up":[{"embeddable":true,"href":"https:\/\/pokerplanets1.com\/es\/wp-json\/wp\/v2\/pages\/6403"}],"wp:attachment":[{"href":"https:\/\/pokerplanets1.com\/es\/wp-json\/wp\/v2\/media?parent=6460"}],"curies":[{"name":"wp","href":"https:\/\/api.w.org\/{rel}","templated":true}]}}