{"id":6473,"date":"2024-12-21T19:16:08","date_gmt":"2024-12-21T16:16:08","guid":{"rendered":"https:\/\/pokerplanets1.com\/poker\/spinwin\/"},"modified":"2024-12-21T19:16:08","modified_gmt":"2024-12-21T16:16:08","slug":"spinwin","status":"publish","type":"page","link":"https:\/\/pokerplanets1.com\/es\/poker\/spinwin\/","title":{"rendered":"Spin&#038;Win"},"content":{"rendered":"<p style=\"text-align: center;\"><span style=\"font-size: 14pt;\"><b>Spin&amp;Win: \u00a1Un formato para quienes aman la velocidad!<\/b><\/span><\/p>\r\n<p><span style=\"font-weight: 400; font-size: 10pt;\">M\u00ednimo tiempo <span style=\"font-size: 10pt;\">\u2014<\/span> m\u00e1xima emoci\u00f3n. Spin&amp;Win ofrece torneos r\u00e1pidos de tres jugadores con una din\u00e1mica trepidante y premios generosos.<\/span><\/p>\r\n<p><span style=\"font-size: 10pt;\"><b>Reglas simples \u2014 Recompensas impresionantes:<\/b><\/span><\/p>\r\n<ul>\r\n\t<li style=\"font-weight: 400;\" aria-level=\"1\"><span style=\"font-size: 10pt;\"><span style=\"font-weight: 400;\">Elige un buy-in (entrada) desde <\/span><b>$0.50<\/b><span style=\"font-weight: 400;\"> hasta <\/span><b>$10<\/b><span style=\"font-weight: 400;\"> y toma asiento en la mesa.<\/span><\/span><\/li>\r\n\t<li style=\"font-weight: 400;\" aria-level=\"1\"><span style=\"font-weight: 400; font-size: 10pt;\">Un multiplicador aleatorio decide el bote de premios antes de que comience el torneo.<\/span><\/li>\r\n\t<li style=\"font-weight: 400;\" aria-level=\"1\"><span style=\"font-size: 10pt;\"><span style=\"font-weight: 400;\">Con un multiplicador de <\/span><b>x25 o superior<\/b><span style=\"font-weight: 400;\">, los tres jugadores ganan.<\/span><\/span><\/li>\r\n\t<li style=\"font-weight: 400;\" aria-level=\"1\"><span style=\"font-size: 10pt;\"><span style=\"font-weight: 400;\">El premio m\u00e1ximo es de <\/span><b>$120 000<\/b><span style=\"font-weight: 400;\">, alcanzable en solo unos minutos.<\/span><\/span><\/li>\r\n<\/ul>\r\n<p style=\"text-align: center;\" data-start=\"677\" data-end=\"778\" data-is-last-node=\"\" data-is-only-node=\"\"><strong><span style=\"font-size: 10pt;\">\u00bfPor qu\u00e9 esperar a la suerte? Cr\u00e9ala. Haz clic en \u201cJugar\u201d y gana a lo grande en Spin&amp;Win en PokerPlanets.<\/span><\/strong><\/p>\r\n<div style=\"margin: 0 auto; text-align: center;\"><div id=\"detectButton5\" style=\"margin: 0 auto; text-align: center;\"><button class=\"button  button--red\" type=\"button\"><svg class=\"svg\"><use xlink:href=\"\/wp-content\/uploads\/2024\/12\/sprite.svg#lock\"><\/use> <\/svg>  DOWNLOAD POKERPLANETS <\/button><\/div><\/div>\r\n<p>&nbsp;<\/p>\r\n<div class=\"table-overflow\">\r\n<div class=\"table-dinamic\" data-table-dinamic=\"\">\r\n<div class=\"table-dinamic__title\" style=\"text-align: center;\">Probabilidades para un buy-in de $0.50<\/div>\r\n<button class=\"table-dinamic__button button--null\" data-table-dinamic-button=\"close\" data-less=\"Cerrar tabla\" data-unless=\"Mostrar tabla\"><\/button>\r\n<table cellspacing=\"0\" cellpadding=\"0\">\r\n<tbody>\r\n<tr>\r\n<td colspan=\"6\"><strong>Jugadores - 3<\/strong><\/td>\r\n<\/tr>\r\n<tr>\r\n<td><strong>Multiplicador<\/strong><\/td>\r\n<td><strong>Pago 1.er puesto<\/strong><\/td>\r\n<td><strong>Pago 2.\u00ba puesto<\/strong><\/td>\r\n<td><strong>Pago 3.er puesto<\/strong><\/td>\r\n<td><strong>Bote de premios<\/strong><\/td>\r\n<td><strong>Probabilidad<\/strong><\/td>\r\n<\/tr>\r\n<tr>\r\n<td>12 000X<\/td>\r\n<td>$4 800<\/td>\r\n<td>$720<\/td>\r\n<td>$480<\/td>\r\n<td>$6 000<\/td>\r\n<td align=\"right\">1 de 10 000 000<\/td>\r\n<\/tr>\r\n<tr>\r\n<td>100X<\/td>\r\n<td>$40<\/td>\r\n<td>$6<\/td>\r\n<td>$4<\/td>\r\n<td>$50<\/td>\r\n<td align=\"right\">432 de 10 000 000<\/td>\r\n<\/tr>\r\n<tr>\r\n<td>50X<\/td>\r\n<td>$20<\/td>\r\n<td>$3<\/td>\r\n<td>$2<\/td>\r\n<td>$25<\/td>\r\n<td align=\"right\">770 de 10 000 000<\/td>\r\n<\/tr>\r\n<tr>\r\n<td>25X<\/td>\r\n<td>$10<\/td>\r\n<td>$1.5<\/td>\r\n<td>$1<\/td>\r\n<td>$12.5<\/td>\r\n<td align=\"right\">6 764 de 10 000 000<\/td>\r\n<\/tr>\r\n<tr>\r\n<td>10X<\/td>\r\n<td>$5<\/td>\r\n<td>&nbsp;<\/td>\r\n<td>&nbsp;<\/td>\r\n<td>$5<\/td>\r\n<td align=\"right\">72 463 de 10 000 000<\/td>\r\n<\/tr>\r\n<tr>\r\n<td>5X<\/td>\r\n<td>$2.5<\/td>\r\n<td>&nbsp;<\/td>\r\n<td>&nbsp;<\/td>\r\n<td>$2.5<\/td>\r\n<td align=\"right\">193 237 de 10 000 000<\/td>\r\n<\/tr>\r\n<tr>\r\n<td>4X<\/td>\r\n<td>$2<\/td>\r\n<td>&nbsp;<\/td>\r\n<td>&nbsp;<\/td>\r\n<td>$2<\/td>\r\n<td align=\"right\">676 328 de 10 000 000<\/td>\r\n<\/tr>\r\n<tr style=\"height: 23px;\">\r\n<td>3X<\/td>\r\n<td>$1.5<\/td>\r\n<td>&nbsp;<\/td>\r\n<td>&nbsp;<\/td>\r\n<td>$1.5<\/td>\r\n<td align=\"right\">4 541 062 de 10 000 000<\/td>\r\n<\/tr>\r\n<tr>\r\n<td>2X<\/td>\r\n<td>$1<\/td>\r\n<td>&nbsp;<\/td>\r\n<td>&nbsp;<\/td>\r\n<td>$1<\/td>\r\n<td align=\"right\">4 508 943 de 10 000 000<\/td>\r\n<\/tr>\r\n<\/tbody>\r\n<\/table>\r\n<\/div>\r\n<\/div>\r\n<p>&nbsp;<\/p>\r\n<div class=\"table-overflow\">\r\n<div class=\"table-dinamic\" data-table-dinamic=\"\">\r\n<div class=\"table-dinamic__title\" style=\"text-align: center;\">Probabilidades para un Buy-in de $1<\/div>\r\n<button class=\"table-dinamic__button button--null\" data-table-dinamic-button=\"close\" data-less=\"Cerrar tabla\" data-unless=\"Mostrar tabla\"><\/button>\r\n<table cellspacing=\"0\" cellpadding=\"0\">\r\n<tbody>\r\n<tr>\r\n<td colspan=\"6\"><strong>Jugadores - 3<\/strong><\/td>\r\n<\/tr>\r\n<tr>\r\n<td><strong>Multiplicador<\/strong><\/td>\r\n<td><strong>Pago 1.er Puesto<\/strong><\/td>\r\n<td><strong>Pago 2.\u00ba Puesto <\/strong><\/td>\r\n<td><strong>Pago 3.er Puesto<\/strong><\/td>\r\n<td><strong>Bote de Premios<\/strong><\/td>\r\n<td><strong>Probabilidad<\/strong><\/td>\r\n<\/tr>\r\n<tr>\r\n<td>12 000X<\/td>\r\n<td>$9 600<\/td>\r\n<td>$1 440<\/td>\r\n<td>$960<\/td>\r\n<td>$12 000<\/td>\r\n<td align=\"right\">1 de 10 000 000<\/td>\r\n<\/tr>\r\n<tr>\r\n<td>100X<\/td>\r\n<td>$80<\/td>\r\n<td>$12<\/td>\r\n<td>$8<\/td>\r\n<td>$100<\/td>\r\n<td align=\"right\">432 de 10 000 000<\/td>\r\n<\/tr>\r\n<tr>\r\n<td>50X<\/td>\r\n<td>$40<\/td>\r\n<td>$6<\/td>\r\n<td>$4<\/td>\r\n<td>$50<\/td>\r\n<td align=\"right\">770 de 10 000 000<\/td>\r\n<\/tr>\r\n<tr>\r\n<td>25X<\/td>\r\n<td>$20<\/td>\r\n<td>$3<\/td>\r\n<td>$2<\/td>\r\n<td>$25<\/td>\r\n<td align=\"right\">6 764 de 10 000 000<\/td>\r\n<\/tr>\r\n<tr>\r\n<td>10X<\/td>\r\n<td>$10<\/td>\r\n<td>&nbsp;<\/td>\r\n<td>&nbsp;<\/td>\r\n<td>$10<\/td>\r\n<td align=\"right\">72 463 de 10 000 000<\/td>\r\n<\/tr>\r\n<tr>\r\n<td>5X<\/td>\r\n<td>$5<\/td>\r\n<td>&nbsp;<\/td>\r\n<td>&nbsp;<\/td>\r\n<td>$5<\/td>\r\n<td align=\"right\">193 237 de 10 000 000<\/td>\r\n<\/tr>\r\n<tr>\r\n<td>4X<\/td>\r\n<td>$4<\/td>\r\n<td>&nbsp;<\/td>\r\n<td>&nbsp;<\/td>\r\n<td>$4<\/td>\r\n<td align=\"right\">676 328 de 10 000 000<\/td>\r\n<\/tr>\r\n<tr style=\"height: 23px;\">\r\n<td>3X<\/td>\r\n<td>$3<\/td>\r\n<td>&nbsp;<\/td>\r\n<td>&nbsp;<\/td>\r\n<td>$3<\/td>\r\n<td align=\"right\">4 541 062 de 10 000 000<\/td>\r\n<\/tr>\r\n<tr>\r\n<td>2X<\/td>\r\n<td>$2<\/td>\r\n<td>&nbsp;<\/td>\r\n<td>&nbsp;<\/td>\r\n<td>$2<\/td>\r\n<td align=\"right\">4 508 943 de 10 000 000<\/td>\r\n<\/tr>\r\n<\/tbody>\r\n<\/table>\r\n<\/div>\r\n<\/div>\r\n<p>&nbsp;<\/p>\r\n<div class=\"table-overflow\">\r\n<div class=\"table-dinamic\" data-table-dinamic=\"\">\r\n<div class=\"table-dinamic__title\" style=\"text-align: center;\">Probabilidades para una entrada de $3<\/div>\r\n<button class=\"table-dinamic__button button--null\" data-table-dinamic-button=\"close\" data-less=\"Cerrar tabla\" data-unless=\"Mostrar tabla\"><\/button>\r\n<table cellspacing=\"0\" cellpadding=\"0\">\r\n<tbody>\r\n<tr>\r\n<td colspan=\"6\"><strong>Jugadores - 3<\/strong><\/td>\r\n<\/tr>\r\n<tr>\r\n<td><strong>Multiplicador<\/strong><\/td>\r\n<td><strong>Pago por 1.\u00ba lugar<\/strong><\/td>\r\n<td><strong>Pago por 2.\u00ba lugar<\/strong><\/td>\r\n<td><strong>Pago por 3.\u00ba lugar<\/strong><\/td>\r\n<td><strong>Bote de premios<\/strong><\/td>\r\n<td><strong>Probabilidad<\/strong><\/td>\r\n<\/tr>\r\n<tr>\r\n<td>12 000X<\/td>\r\n<td>$28 800<\/td>\r\n<td>$4 320<\/td>\r\n<td>$2 880<\/td>\r\n<td>$36 000<\/td>\r\n<td align=\"right\">1 de 10 000 000<\/td>\r\n<\/tr>\r\n<tr>\r\n<td>100X<\/td>\r\n<td>$240<\/td>\r\n<td>$36<\/td>\r\n<td>$24<\/td>\r\n<td>$300<\/td>\r\n<td align=\"right\">432 de 10 000 000<\/td>\r\n<\/tr>\r\n<tr>\r\n<td>50X<\/td>\r\n<td>$120<\/td>\r\n<td>$18<\/td>\r\n<td>$12<\/td>\r\n<td>$150<\/td>\r\n<td align=\"right\">770 de 10 000 000<\/td>\r\n<\/tr>\r\n<tr>\r\n<td>25X<\/td>\r\n<td>$60<\/td>\r\n<td>$9<\/td>\r\n<td>$6<\/td>\r\n<td>$75<\/td>\r\n<td align=\"right\">6 764 de 10 000 000<\/td>\r\n<\/tr>\r\n<tr>\r\n<td>10X<\/td>\r\n<td>$30<\/td>\r\n<td>&nbsp;<\/td>\r\n<td>&nbsp;<\/td>\r\n<td>$30<\/td>\r\n<td align=\"right\">72 463 de 10 000 000<\/td>\r\n<\/tr>\r\n<tr>\r\n<td>5X<\/td>\r\n<td>$15<\/td>\r\n<td>&nbsp;<\/td>\r\n<td>&nbsp;<\/td>\r\n<td>$15<\/td>\r\n<td align=\"right\">193 237 de 10 000 000<\/td>\r\n<\/tr>\r\n<tr>\r\n<td>4X<\/td>\r\n<td>$12<\/td>\r\n<td>&nbsp;<\/td>\r\n<td>&nbsp;<\/td>\r\n<td>$12<\/td>\r\n<td align=\"right\">676 328 de 10 000 000<\/td>\r\n<\/tr>\r\n<tr style=\"height: 23px;\">\r\n<td>3X<\/td>\r\n<td>$9<\/td>\r\n<td>&nbsp;<\/td>\r\n<td>&nbsp;<\/td>\r\n<td>$9<\/td>\r\n<td align=\"right\">4 541 062 de 10 000 000<\/td>\r\n<\/tr>\r\n<tr>\r\n<td>2X<\/td>\r\n<td>$6<\/td>\r\n<td>&nbsp;<\/td>\r\n<td>&nbsp;<\/td>\r\n<td>$6<\/td>\r\n<td align=\"right\">4 508 943 de 10 000 000<\/td>\r\n<\/tr>\r\n<\/tbody>\r\n<\/table>\r\n<\/div>\r\n<\/div>\r\n<p>&nbsp;<\/p>\r\n<div class=\"table-overflow\">\r\n<div class=\"table-dinamic\" data-table-dinamic=\"\">\r\n<div class=\"table-dinamic__title\" style=\"text-align: center;\">Probabilidades para una entrada de $5<\/div>\r\n<button class=\"table-dinamic__button button--null\" data-table-dinamic-button=\"close\" data-less=\"Cerrar tabla\" data-unless=\"Mostrar tabla\"><\/button>\r\n<table cellspacing=\"0\" cellpadding=\"0\">\r\n<tbody>\r\n<tr>\r\n<td style=\"width: 786px;\" colspan=\"6\"><strong>Jugadores - 3<\/strong><\/td>\r\n<\/tr>\r\n<tr>\r\n<td><strong>Multiplicador<\/strong><\/td>\r\n<td><strong>Premio 1.er Puesto<\/strong><\/td>\r\n<td><strong>Premio 2.\u00ba Puesto<\/strong><\/td>\r\n<td><strong>Premio 3.er Puesto<\/strong><\/td>\r\n<td><strong>Bote de Premios<\/strong><\/td>\r\n<td><strong>Probabilidad<\/strong><\/td>\r\n<\/tr>\r\n<tr>\r\n<td>12 000X<\/td>\r\n<td>$48 000<\/td>\r\n<td>$7 200<\/td>\r\n<td>$4 800<\/td>\r\n<td>$60 000<\/td>\r\n<td style=\"text-align: right;\">1 de 10 000 000<\/td>\r\n<\/tr>\r\n<tr>\r\n<td>100X<\/td>\r\n<td>$400<\/td>\r\n<td>$60<\/td>\r\n<td>$40<\/td>\r\n<td>$500<\/td>\r\n<td style=\"text-align: right;\" align=\"right\">432 de 10 000 000<\/td>\r\n<\/tr>\r\n<tr>\r\n<td>50X<\/td>\r\n<td>$200<\/td>\r\n<td>$30<\/td>\r\n<td>$20<\/td>\r\n<td>$250<\/td>\r\n<td style=\"text-align: right;\" align=\"right\">770 de 10 000 000<\/td>\r\n<\/tr>\r\n<tr>\r\n<td>25X<\/td>\r\n<td>$100<\/td>\r\n<td>$15<\/td>\r\n<td>$10<\/td>\r\n<td>$125<\/td>\r\n<td style=\"text-align: right;\">6 841 de 10 000 000<\/td>\r\n<\/tr>\r\n<tr>\r\n<td>10X<\/td>\r\n<td>$50<\/td>\r\n<td>&nbsp;<\/td>\r\n<td>&nbsp;<\/td>\r\n<td>$50<\/td>\r\n<td style=\"text-align: right;\" align=\"right\">72 463 de 10 000 000<\/td>\r\n<\/tr>\r\n<tr>\r\n<td>5X<\/td>\r\n<td>$25<\/td>\r\n<td>&nbsp;<\/td>\r\n<td>&nbsp;<\/td>\r\n<td>$25<\/td>\r\n<td style=\"text-align: right;\" align=\"right\">193 237 de 10 000 000<\/td>\r\n<\/tr>\r\n<tr>\r\n<td>4X<\/td>\r\n<td>$20<\/td>\r\n<td>&nbsp;<\/td>\r\n<td>&nbsp;<\/td>\r\n<td>$20<\/td>\r\n<td style=\"text-align: right;\" align=\"right\">676 328 de 10 000 000<\/td>\r\n<\/tr>\r\n<tr>\r\n<td>3X<\/td>\r\n<td>$15<\/td>\r\n<td>&nbsp;<\/td>\r\n<td>&nbsp;<\/td>\r\n<td>$15<\/td>\r\n<td style=\"text-align: right;\">4 541 062 de 10 000 000<\/td>\r\n<\/tr>\r\n<tr>\r\n<td>2X<\/td>\r\n<td>$10<\/td>\r\n<td>&nbsp;<\/td>\r\n<td>&nbsp;<\/td>\r\n<td>$10<\/td>\r\n<td style=\"text-align: right;\" align=\"right\">4 508 943 de 10 000 000<\/td>\r\n<\/tr>\r\n<\/tbody>\r\n<\/table>\r\n<\/div>\r\n<\/div>\r\n<p>&nbsp;<\/p>\r\n<div class=\"table-overflow\">\r\n<div class=\"table-dinamic\" data-table-dinamic=\"\">\r\n<div class=\"table-dinamic__title\" style=\"text-align: center;\">Probabilidades para un Buy-in de $10<\/div>\r\n<button class=\"table-dinamic__button button--null\" data-table-dinamic-button=\"close\" data-less=\"Cerrar tabla\" data-unless=\"Mostrar tabla\"><\/button>\r\n<table cellspacing=\"0\" cellpadding=\"0\">\r\n<tbody>\r\n<tr>\r\n<td colspan=\"6\"><strong>Jugadores - 3<\/strong><\/td>\r\n<\/tr>\r\n<tr>\r\n<td><strong>Multiplicador<\/strong><\/td>\r\n<td><strong>Premio 1.er Puesto<\/strong><\/td>\r\n<td><strong>Premio 2.\u00ba Puesto<\/strong><\/td>\r\n<td><strong>Premio 3.er Puesto<\/strong><\/td>\r\n<td><strong>Bote de Premios<\/strong><\/td>\r\n<td><strong>Probabilidad<\/strong><\/td>\r\n<\/tr>\r\n<tr>\r\n<td>12 000X<\/td>\r\n<td>$96 000<\/td>\r\n<td>$14 400<\/td>\r\n<td>$9 600<\/td>\r\n<td>$120 000<\/td>\r\n<td align=\"right\">2 de 10 000 000<\/td>\r\n<\/tr>\r\n<tr>\r\n<td>100X<\/td>\r\n<td>$800<\/td>\r\n<td>$120<\/td>\r\n<td>$80<\/td>\r\n<td>$1 000<\/td>\r\n<td align=\"right\">485 de 10 000 000<\/td>\r\n<\/tr>\r\n<tr>\r\n<td>50X<\/td>\r\n<td>$400<\/td>\r\n<td>$60<\/td>\r\n<td>$40<\/td>\r\n<td>$500<\/td>\r\n<td align=\"right\">875 de 10 000 000<\/td>\r\n<\/tr>\r\n<tr>\r\n<td>25X<\/td>\r\n<td>$200<\/td>\r\n<td>$30<\/td>\r\n<td>$20<\/td>\r\n<td>$250<\/td>\r\n<td align=\"right\">6 841 de 10 000 000<\/td>\r\n<\/tr>\r\n<tr>\r\n<td>10X<\/td>\r\n<td>$100<\/td>\r\n<td>&nbsp;<\/td>\r\n<td>&nbsp;<\/td>\r\n<td>$100<\/td>\r\n<td align=\"right\">73 291 de 10 000 000<\/td>\r\n<\/tr>\r\n<tr>\r\n<td>5X<\/td>\r\n<td>$50<\/td>\r\n<td>&nbsp;<\/td>\r\n<td>&nbsp;<\/td>\r\n<td>$50<\/td>\r\n<td align=\"right\">195 443 de 10 000 000<\/td>\r\n<\/tr>\r\n<tr>\r\n<td>4X<\/td>\r\n<td>$40<\/td>\r\n<td>&nbsp;<\/td>\r\n<td>&nbsp;<\/td>\r\n<td>$40<\/td>\r\n<td align=\"right\">781 776 de 10 000 000<\/td>\r\n<\/tr>\r\n<tr style=\"height: 23px;\">\r\n<td>3X<\/td>\r\n<td>$30<\/td>\r\n<td>&nbsp;<\/td>\r\n<td>&nbsp;<\/td>\r\n<td>$30<\/td>\r\n<td align=\"right\">4 592 921 de 10 000 000<\/td>\r\n<\/tr>\r\n<tr>\r\n<td>2X<\/td>\r\n<td>$20<\/td>\r\n<td>&nbsp;<\/td>\r\n<td>&nbsp;<\/td>\r\n<td>$20<\/td>\r\n<td align=\"right\">4 348 366 de 10 000 000<\/td>\r\n<\/tr>\r\n<\/tbody>\r\n<\/table>\r\n<\/div>\r\n<\/div>\r\n<p>&nbsp;<\/p>\r\n<div class=\"table-overflow\">\r\n<div class=\"table-dinamic\" data-table-dinamic=\"\">\r\n<div class=\"table-dinamic__title\" style=\"text-align: center;\">Probabilidades para un Buy-in de $25<\/div>\r\n<button class=\"table-dinamic__button button--null\" data-table-dinamic-button=\"close\" data-less=\"Cerrar tabla\" data-unless=\"Mostrar tabla\"><\/button>\r\n<table cellspacing=\"0\" cellpadding=\"0\">\r\n<tbody>\r\n<tr>\r\n<td colspan=\"6\"><strong>Jugadores - 3<\/strong><\/td>\r\n<\/tr>\r\n<tr>\r\n<td><strong>Multiplicador<\/strong><\/td>\r\n<td><strong>Premio 1.er Puesto<\/strong><\/td>\r\n<td><strong>Premio 2.\u00ba Puesto<\/strong><\/td>\r\n<td><strong>Premio 3.er Puesto<\/strong><\/td>\r\n<td><strong>Bote de Premios<\/strong><\/td>\r\n<td><strong>Probabilidad<\/strong><\/td>\r\n<\/tr>\r\n<tr>\r\n<td>12 000X<\/td>\r\n<td>$240 000<\/td>\r\n<td>$36 000<\/td>\r\n<td>$24 000<\/td>\r\n<td>$300 000<\/td>\r\n<td align=\"right\">2 de 10 000 000<\/td>\r\n<\/tr>\r\n<tr>\r\n<td>100X<\/td>\r\n<td>$2 000<\/td>\r\n<td>$300<\/td>\r\n<td>$200<\/td>\r\n<td>$2 500<\/td>\r\n<td align=\"right\">485 de 10 000 000<\/td>\r\n<\/tr>\r\n<tr>\r\n<td>50X<\/td>\r\n<td>$1 000<\/td>\r\n<td>$150<\/td>\r\n<td>$100<\/td>\r\n<td>$1 250<\/td>\r\n<td align=\"right\">875 de 10 000 000<\/td>\r\n<\/tr>\r\n<tr>\r\n<td>25X<\/td>\r\n<td>$500<\/td>\r\n<td>$75<\/td>\r\n<td>$50<\/td>\r\n<td>$625<\/td>\r\n<td align=\"right\">6 841 de 10 000 000<\/td>\r\n<\/tr>\r\n<tr>\r\n<td>10X<\/td>\r\n<td>$250<\/td>\r\n<td>&nbsp;<\/td>\r\n<td>&nbsp;<\/td>\r\n<td>$250<\/td>\r\n<td align=\"right\">73 291 de 10 000 000<\/td>\r\n<\/tr>\r\n<tr>\r\n<td>5X<\/td>\r\n<td>$125<\/td>\r\n<td>&nbsp;<\/td>\r\n<td>&nbsp;<\/td>\r\n<td>$125<\/td>\r\n<td align=\"right\">195 443 de 10 000 000<\/td>\r\n<\/tr>\r\n<tr>\r\n<td>4X<\/td>\r\n<td>$100<\/td>\r\n<td>&nbsp;<\/td>\r\n<td>&nbsp;<\/td>\r\n<td>$100<\/td>\r\n<td align=\"right\">781 776 de 10 000 000<\/td>\r\n<\/tr>\r\n<tr style=\"height: 23px;\">\r\n<td>3X<\/td>\r\n<td>$75<\/td>\r\n<td>&nbsp;<\/td>\r\n<td>&nbsp;<\/td>\r\n<td>$75<\/td>\r\n<td align=\"right\">4 592 921 de 10 000 000<\/td>\r\n<\/tr>\r\n<tr>\r\n<td>2X<\/td>\r\n<td>$50<\/td>\r\n<td>&nbsp;<\/td>\r\n<td>&nbsp;<\/td>\r\n<td>$50<\/td>\r\n<td align=\"right\">4 348 366 de 10 000 000<\/td>\r\n<\/tr>\r\n<\/tbody>\r\n<\/table>\r\n<\/div>\r\n<\/div>\r\n<p>&nbsp;<\/p>\r\n<p><span style=\"font-size: 10pt;\">\u2022 Este juego utiliza una sola baraja de 52 cartas, y la baraja se baraja despu\u00e9s de cada mano.<\/span><br \/>\r\n<span style=\"font-size: 10pt;\">\u2022 Se deduce una comisi\u00f3n de torneo del 7% o 9% de cada buy-in.<\/span><br \/>\r\n<span style=\"font-size: 10pt;\">\u2022 Cuando dos o m\u00e1s jugadores son eliminados en la misma mano, el jugador que comenz\u00f3 la mano con la mayor cantidad de fichas ser\u00e1 clasificado en una posici\u00f3n m\u00e1s alta.<\/span><\/p>\r\n<div class=\"table-overflow\">\r\n<div class=\"table-dinamic\" data-table-dinamic=\"\">\u00a0<\/div>\r\n<\/div>\r\n<div class=\"table-overflow\">\r\n<div class=\"table-dinamic\" data-table-dinamic=\"\">\r\n<p>&nbsp;<\/p>\r\n<p>&nbsp;<\/p>\r\n<\/div>\r\n<\/div>","protected":false},"excerpt":{"rendered":"<p>Spin&amp;Win: \u00a1Un formato para quienes aman la velocidad! M\u00ednimo tiempo \u2014 m\u00e1xima emoci\u00f3n. Spin&amp;Win ofrece torneos r\u00e1pidos de tres jugadores con una din\u00e1mica trepidante y premios generosos. Reglas simples \u2014 Recompensas impresionantes: Elige un buy-in (entrada) desde $0.50 hasta $10 y toma asiento en la mesa. Un multiplicador aleatorio decide el bote de premios antes [&hellip;]<\/p>\n","protected":false},"author":1,"featured_media":0,"parent":6403,"menu_order":0,"comment_status":"closed","ping_status":"closed","template":"page-faq-nosidebar.php","meta":{"_acf_changed":false,"inline_featured_image":false,"footnotes":""},"class_list":["post-6473","page","type-page","status-publish","hentry"],"acf":[],"yoast_head":"<!-- This site is optimized with the Yoast SEO plugin v24.4 - https:\/\/yoast.com\/wordpress\/plugins\/seo\/ -->\n<title>Spin&amp;Win Poker: torneos r\u00e1pidos con premios aleatorios<\/title>\n<meta name=\"description\" content=\"Gira la ruleta \ud83c\udd93 Formato gira y gana para los amantes de la velocidad\" \/>\n<meta name=\"robots\" content=\"index, follow, max-snippet:-1, max-image-preview:large, max-video-preview:-1\" \/>\n<meta property=\"og:locale\" content=\"es_ES\" \/>\n<meta property=\"og:type\" content=\"article\" \/>\n<meta property=\"og:title\" content=\"Spin&amp;Win: P\u00f3ker r\u00e1pido con premios de hasta $120,000\" \/>\n<meta property=\"og:description\" content=\"Elige un buy-in (entrada) de $0,50 a $10, juega con 3 manos y gana hasta $120 000 en juegos Spin&amp;Win ultrarr\u00e1pidos.\" \/>\n<meta property=\"og:url\" content=\"https:\/\/pokerplanets1.com\/es\/poker\/spinwin\/\" \/>\n<meta property=\"og:site_name\" content=\"PokerPlanets\" \/>\n<meta name=\"twitter:card\" content=\"summary_large_image\" \/>\n<meta name=\"twitter:label1\" content=\"Tiempo de lectura\" \/>\n\t<meta name=\"twitter:data1\" content=\"2 minutos\" \/>\n<script type=\"application\/ld+json\" class=\"yoast-schema-graph\">{\"@context\":\"https:\/\/schema.org\",\"@graph\":[{\"@type\":\"WebPage\",\"@id\":\"https:\/\/pokerplanets1.com\/es\/poker\/spinwin\/\",\"url\":\"https:\/\/pokerplanets1.com\/es\/poker\/spinwin\/\",\"name\":\"Spin&Win Poker: torneos r\u00e1pidos con premios aleatorios\",\"isPartOf\":{\"@id\":\"https:\/\/pokerplanets1.com\/es\/#website\"},\"datePublished\":\"2024-12-21T16:16:08+00:00\",\"description\":\"Gira la ruleta \ud83c\udd93 Formato gira y gana para los amantes de la velocidad\",\"breadcrumb\":{\"@id\":\"https:\/\/pokerplanets1.com\/es\/poker\/spinwin\/#breadcrumb\"},\"inLanguage\":\"es\",\"potentialAction\":[{\"@type\":\"ReadAction\",\"target\":[\"https:\/\/pokerplanets1.com\/es\/poker\/spinwin\/\"]}]},{\"@type\":\"BreadcrumbList\",\"@id\":\"https:\/\/pokerplanets1.com\/es\/poker\/spinwin\/#breadcrumb\",\"itemListElement\":[{\"@type\":\"ListItem\",\"position\":1,\"name\":\"Home\",\"item\":\"https:\/\/pokerplanets1.com\/es\/\"},{\"@type\":\"ListItem\",\"position\":2,\"name\":\"P\u00f3ker\",\"item\":\"https:\/\/pokerplanets1.com\/es\/poker\/\"},{\"@type\":\"ListItem\",\"position\":3,\"name\":\"Spin&#038;Win\"}]},{\"@type\":\"WebSite\",\"@id\":\"https:\/\/pokerplanets1.com\/es\/#website\",\"url\":\"https:\/\/pokerplanets1.com\/es\/\",\"name\":\"PokerPlanets\",\"description\":\"\",\"potentialAction\":[{\"@type\":\"SearchAction\",\"target\":{\"@type\":\"EntryPoint\",\"urlTemplate\":\"https:\/\/pokerplanets1.com\/es\/?s={search_term_string}\"},\"query-input\":{\"@type\":\"PropertyValueSpecification\",\"valueRequired\":true,\"valueName\":\"search_term_string\"}}],\"inLanguage\":\"es\"}]}<\/script>\n<!-- \/ Yoast SEO plugin. -->","yoast_head_json":{"title":"Spin&Win Poker: torneos r\u00e1pidos con premios aleatorios","description":"Gira la ruleta \ud83c\udd93 Formato gira y gana para los amantes de la velocidad","robots":{"index":"index","follow":"follow","max-snippet":"max-snippet:-1","max-image-preview":"max-image-preview:large","max-video-preview":"max-video-preview:-1"},"og_locale":"es_ES","og_type":"article","og_title":"Spin&Win: P\u00f3ker r\u00e1pido con premios de hasta $120,000","og_description":"Elige un buy-in (entrada) de $0,50 a $10, juega con 3 manos y gana hasta $120 000 en juegos Spin&Win ultrarr\u00e1pidos.","og_url":"https:\/\/pokerplanets1.com\/es\/poker\/spinwin\/","og_site_name":"PokerPlanets","twitter_card":"summary_large_image","twitter_misc":{"Tiempo de lectura":"2 minutos"},"schema":{"@context":"https:\/\/schema.org","@graph":[{"@type":"WebPage","@id":"https:\/\/pokerplanets1.com\/es\/poker\/spinwin\/","url":"https:\/\/pokerplanets1.com\/es\/poker\/spinwin\/","name":"Spin&Win Poker: torneos r\u00e1pidos con premios aleatorios","isPartOf":{"@id":"https:\/\/pokerplanets1.com\/es\/#website"},"datePublished":"2024-12-21T16:16:08+00:00","description":"Gira la ruleta \ud83c\udd93 Formato gira y gana para los amantes de la velocidad","breadcrumb":{"@id":"https:\/\/pokerplanets1.com\/es\/poker\/spinwin\/#breadcrumb"},"inLanguage":"es","potentialAction":[{"@type":"ReadAction","target":["https:\/\/pokerplanets1.com\/es\/poker\/spinwin\/"]}]},{"@type":"BreadcrumbList","@id":"https:\/\/pokerplanets1.com\/es\/poker\/spinwin\/#breadcrumb","itemListElement":[{"@type":"ListItem","position":1,"name":"Home","item":"https:\/\/pokerplanets1.com\/es\/"},{"@type":"ListItem","position":2,"name":"P\u00f3ker","item":"https:\/\/pokerplanets1.com\/es\/poker\/"},{"@type":"ListItem","position":3,"name":"Spin&#038;Win"}]},{"@type":"WebSite","@id":"https:\/\/pokerplanets1.com\/es\/#website","url":"https:\/\/pokerplanets1.com\/es\/","name":"PokerPlanets","description":"","potentialAction":[{"@type":"SearchAction","target":{"@type":"EntryPoint","urlTemplate":"https:\/\/pokerplanets1.com\/es\/?s={search_term_string}"},"query-input":{"@type":"PropertyValueSpecification","valueRequired":true,"valueName":"search_term_string"}}],"inLanguage":"es"}]}},"_links":{"self":[{"href":"https:\/\/pokerplanets1.com\/es\/wp-json\/wp\/v2\/pages\/6473","targetHints":{"allow":["GET"]}}],"collection":[{"href":"https:\/\/pokerplanets1.com\/es\/wp-json\/wp\/v2\/pages"}],"about":[{"href":"https:\/\/pokerplanets1.com\/es\/wp-json\/wp\/v2\/types\/page"}],"author":[{"embeddable":true,"href":"https:\/\/pokerplanets1.com\/es\/wp-json\/wp\/v2\/users\/1"}],"replies":[{"embeddable":true,"href":"https:\/\/pokerplanets1.com\/es\/wp-json\/wp\/v2\/comments?post=6473"}],"version-history":[{"count":0,"href":"https:\/\/pokerplanets1.com\/es\/wp-json\/wp\/v2\/pages\/6473\/revisions"}],"up":[{"embeddable":true,"href":"https:\/\/pokerplanets1.com\/es\/wp-json\/wp\/v2\/pages\/6403"}],"wp:attachment":[{"href":"https:\/\/pokerplanets1.com\/es\/wp-json\/wp\/v2\/media?parent=6473"}],"curies":[{"name":"wp","href":"https:\/\/api.w.org\/{rel}","templated":true}]}}