{"id":6480,"date":"2024-12-21T19:16:56","date_gmt":"2024-12-21T16:16:56","guid":{"rendered":"https:\/\/pokerplanets1.com\/poker\/teleport\/"},"modified":"2024-12-21T19:16:56","modified_gmt":"2024-12-21T16:16:56","slug":"teleport","status":"publish","type":"page","link":"https:\/\/pokerplanets1.com\/es\/poker\/teleport\/","title":{"rendered":"Teleport"},"content":{"rendered":"<div>\r\n<p style=\"text-align: center;\"><span style=\"font-size: 14pt;\"><b>Reglas de Teleport: c\u00f3mo jugar al p\u00f3ker r\u00e1pido<\/b><\/span><\/p>\r\n<p><span style=\"font-size: 10pt;\"><span style=\"font-weight: 400;\">Teleport es un formato de juego mucho m\u00e1s emocionante gracias a su acci\u00f3n r\u00e1pida. Las reglas, por otro lado, siguen siendo cl\u00e1sicas. Esta combinaci\u00f3n convierte a Teleport en uno de los formatos de p\u00f3ker m\u00e1s populares. La regla principal del p\u00f3ker r\u00e1pido Teleport: <\/span><b>si un jugador se retira, la siguiente mano comienza inmediatamente.<\/b><span style=\"font-weight: 400;\"> Las manos siguen las reglas cl\u00e1sicas de Texas Hold'em u Omaha, seg\u00fan la variante que se juegue.<\/span><\/span><\/p>\r\n<p><span style=\"font-size: 10pt;\"><span style=\"font-weight: 400;\">En Teleport, los jugadores no compiten contra oponentes fijos en la misma mesa, sino contra un grupo de rivales. Esto permite aprovechar la caracter\u00edstica clave de este formato: <\/span><b>retirarse y pasar de inmediato a una nueva mesa antes incluso de que llegue tu turno.<\/b><\/span><\/p>\r\n<p><span style=\"font-weight: 400; font-size: 10pt;\">La opci\u00f3n de retirada r\u00e1pida permite a los jugadores de Teleport jugar m\u00e1s manos que en las mesas de cash normales y cambiar su enfoque hacia las manos iniciales en muy poco tiempo.<\/span><\/p>\r\n<p style=\"text-align: center;\"><span style=\"font-weight: 400; font-size: 10pt;\">\u00danete ahora a PokerPlanets y disfruta de todas las ventajas de Teleport. Descarga la App para empezar a jugar y vive la emoci\u00f3n del p\u00f3ker.<\/span><\/p>\r\n<\/div>\r\n<div style=\"margin: 0 auto; text-align: center;\"><div id=\"detectButton5\" style=\"margin: 0 auto; text-align: center;\"><button class=\"button  button--red\" type=\"button\"><svg class=\"svg\"><use xlink:href=\"\/wp-content\/uploads\/2024\/12\/sprite.svg#lock\"><\/use> <\/svg>  DOWNLOAD POKERPLANETS <\/button><\/div><\/div>\r\n<div class=\"table-overflow\">\r\n<div class=\"table-dinamic\" data-table-dinamic=\"\">\r\n<div class=\"table-dinamic__title\" style=\"text-align: center;\"><br \/>\r\nTabla de Rake de Teleport Texas<\/div>\r\n<button class=\"table-dinamic__button button--null\" data-table-dinamic-button=\"close\" data-less=\"Cerrar tabla\" data-unless=\"Mostrar tabla\"><\/button>\r\n<table cellspacing=\"0\" cellpadding=\"0\">\r\n<tbody>\r\n<tr>\r\n<td colspan=\"3\"><strong>Teleport Texas<\/strong><\/td>\r\n<\/tr>\r\n<tr>\r\n<td><strong>Ciegas<\/strong><\/td>\r\n<td>%<\/td>\r\n<td>CAP<\/td>\r\n<\/tr>\r\n<tr>\r\n<td>0.01-0.02<\/td>\r\n<td>5<\/td>\r\n<td>0.06<\/td>\r\n<\/tr>\r\n<tr>\r\n<td>0.02-0.05<\/td>\r\n<td>5<\/td>\r\n<td>0.15<\/td>\r\n<\/tr>\r\n<tr>\r\n<td>0.05-0.1<\/td>\r\n<td>5<\/td>\r\n<td>0.3<\/td>\r\n<\/tr>\r\n<tr>\r\n<td>0.1-0.25<\/td>\r\n<td>5<\/td>\r\n<td>0.75<\/td>\r\n<\/tr>\r\n<tr>\r\n<td>0.15-0.3<\/td>\r\n<td>5<\/td>\r\n<td>0.9<\/td>\r\n<\/tr>\r\n<tr>\r\n<td>0.25-0.5<\/td>\r\n<td>5<\/td>\r\n<td>1.5<\/td>\r\n<\/tr>\r\n<tr>\r\n<td>0.5-1<\/td>\r\n<td>5<\/td>\r\n<td>3<\/td>\r\n<\/tr>\r\n<tr>\r\n<td>1-2<\/td>\r\n<td>5<\/td>\r\n<td>6<\/td>\r\n<\/tr>\r\n<tr>\r\n<td>2.5-5<\/td>\r\n<td>5<\/td>\r\n<td>7<\/td>\r\n<\/tr>\r\n<tr>\r\n<td>5-10<\/td>\r\n<td>5<\/td>\r\n<td>8<\/td>\r\n<\/tr>\r\n<tr>\r\n<td>10-20<\/td>\r\n<td>5<\/td>\r\n<td>10<\/td>\r\n<\/tr>\r\n<\/tbody>\r\n<\/table>\r\n<\/div>\r\n<\/div>\r\n<p>&nbsp;<\/p>\r\n<div class=\"table-overflow\">\r\n<div class=\"table-dinamic\" data-table-dinamic=\"\">\r\n<div class=\"table-dinamic__title\" style=\"text-align: center;\">Tabla de Rake de Teleport Omaha<\/div>\r\n<button class=\"table-dinamic__button button--null\" data-table-dinamic-button=\"close\" data-less=\"Cerrar tabla\" data-unless=\"Mostrar tabla\"><\/button>\r\n<table cellspacing=\"0\" cellpadding=\"0\">\r\n<tbody>\r\n<tr>\r\n<td colspan=\"3\"><strong>Teleport Omaha<\/strong><\/td>\r\n<\/tr>\r\n<tr>\r\n<td><strong>Ciegas<\/strong><\/td>\r\n<td>%<\/td>\r\n<td>CAP<\/td>\r\n<\/tr>\r\n<tr>\r\n<td>0.01-0.02<\/td>\r\n<td>5<\/td>\r\n<td>0.05<\/td>\r\n<\/tr>\r\n<tr>\r\n<td>0.02-0.05<\/td>\r\n<td>5<\/td>\r\n<td>0.12<\/td>\r\n<\/tr>\r\n<tr>\r\n<td>0.05-0.1<\/td>\r\n<td>5<\/td>\r\n<td>0.25<\/td>\r\n<\/tr>\r\n<tr>\r\n<td>0.1-0.25<\/td>\r\n<td>5<\/td>\r\n<td>0.7<\/td>\r\n<\/tr>\r\n<tr>\r\n<td>0.15-0.3<\/td>\r\n<td>5<\/td>\r\n<td>0.75<\/td>\r\n<\/tr>\r\n<tr>\r\n<td>0.25-0.5<\/td>\r\n<td>5<\/td>\r\n<td>0.8<\/td>\r\n<\/tr>\r\n<tr>\r\n<td>0.5-1<\/td>\r\n<td>5<\/td>\r\n<td>1.7<\/td>\r\n<\/tr>\r\n<tr>\r\n<td>1-2<\/td>\r\n<td>5<\/td>\r\n<td>3.5<\/td>\r\n<\/tr>\r\n<tr>\r\n<td>2.5-5<\/td>\r\n<td>5<\/td>\r\n<td>6<\/td>\r\n<\/tr>\r\n<tr>\r\n<td>5-10<\/td>\r\n<td>5<\/td>\r\n<td>11<\/td>\r\n<\/tr>\r\n<tr>\r\n<td>10-20<\/td>\r\n<td>5<\/td>\r\n<td>16<\/td>\r\n<\/tr>\r\n<\/tbody>\r\n<\/table>\r\n<\/div>\r\n<\/div>\r\n<p>&nbsp;<\/p>","protected":false},"excerpt":{"rendered":"<p>Reglas de Teleport: c\u00f3mo jugar al p\u00f3ker r\u00e1pido Teleport es un formato de juego mucho m\u00e1s emocionante gracias a su acci\u00f3n r\u00e1pida. Las reglas, por otro lado, siguen siendo cl\u00e1sicas. Esta combinaci\u00f3n convierte a Teleport en uno de los formatos de p\u00f3ker m\u00e1s populares. La regla principal del p\u00f3ker r\u00e1pido Teleport: si un jugador se [&hellip;]<\/p>\n","protected":false},"author":1,"featured_media":0,"parent":6403,"menu_order":0,"comment_status":"closed","ping_status":"closed","template":"page-faq-nosidebar.php","meta":{"_acf_changed":false,"inline_featured_image":false,"footnotes":""},"class_list":["post-6480","page","type-page","status-publish","hentry"],"acf":[],"yoast_head":"<!-- This site is optimized with the Yoast SEO plugin v24.4 - https:\/\/yoast.com\/wordpress\/plugins\/seo\/ -->\n<title>Modo Teleport - PokerPlanets<\/title>\n<meta name=\"description\" content=\"Partidas Instant\u00e1neas de P\u00f3ker en PokerPlanets \ud83c\udfaf Salta entre mesas al instante sin demoras.\" \/>\n<meta name=\"robots\" content=\"index, follow, max-snippet:-1, max-image-preview:large, max-video-preview:-1\" \/>\n<meta property=\"og:locale\" content=\"es_ES\" \/>\n<meta property=\"og:type\" content=\"article\" \/>\n<meta property=\"og:title\" content=\"Teleport \u2013 P\u00f3ker R\u00e1pido Sin Esperas\" \/>\n<meta property=\"og:description\" content=\"Ret\u00edrate y juega la siguiente mano de inmediato. Prueba el p\u00f3ker Teleport en PokerPlanets \u2013 m\u00e1s acci\u00f3n, menos tiempos muertos.\" \/>\n<meta property=\"og:url\" content=\"https:\/\/pokerplanets1.com\/es\/poker\/teleport\/\" \/>\n<meta property=\"og:site_name\" content=\"PokerPlanets\" \/>\n<meta name=\"twitter:card\" content=\"summary_large_image\" \/>\n<meta name=\"twitter:label1\" content=\"Tiempo de lectura\" \/>\n\t<meta name=\"twitter:data1\" content=\"1 minuto\" \/>\n<script type=\"application\/ld+json\" class=\"yoast-schema-graph\">{\"@context\":\"https:\/\/schema.org\",\"@graph\":[{\"@type\":\"WebPage\",\"@id\":\"https:\/\/pokerplanets1.com\/es\/poker\/teleport\/\",\"url\":\"https:\/\/pokerplanets1.com\/es\/poker\/teleport\/\",\"name\":\"Modo Teleport - PokerPlanets\",\"isPartOf\":{\"@id\":\"https:\/\/pokerplanets1.com\/es\/#website\"},\"datePublished\":\"2024-12-21T16:16:56+00:00\",\"description\":\"Partidas Instant\u00e1neas de P\u00f3ker en PokerPlanets \ud83c\udfaf Salta entre mesas al instante sin demoras.\",\"breadcrumb\":{\"@id\":\"https:\/\/pokerplanets1.com\/es\/poker\/teleport\/#breadcrumb\"},\"inLanguage\":\"es\",\"potentialAction\":[{\"@type\":\"ReadAction\",\"target\":[\"https:\/\/pokerplanets1.com\/es\/poker\/teleport\/\"]}]},{\"@type\":\"BreadcrumbList\",\"@id\":\"https:\/\/pokerplanets1.com\/es\/poker\/teleport\/#breadcrumb\",\"itemListElement\":[{\"@type\":\"ListItem\",\"position\":1,\"name\":\"Home\",\"item\":\"https:\/\/pokerplanets1.com\/es\/\"},{\"@type\":\"ListItem\",\"position\":2,\"name\":\"P\u00f3ker\",\"item\":\"https:\/\/pokerplanets1.com\/es\/poker\/\"},{\"@type\":\"ListItem\",\"position\":3,\"name\":\"Teleport\"}]},{\"@type\":\"WebSite\",\"@id\":\"https:\/\/pokerplanets1.com\/es\/#website\",\"url\":\"https:\/\/pokerplanets1.com\/es\/\",\"name\":\"PokerPlanets\",\"description\":\"\",\"potentialAction\":[{\"@type\":\"SearchAction\",\"target\":{\"@type\":\"EntryPoint\",\"urlTemplate\":\"https:\/\/pokerplanets1.com\/es\/?s={search_term_string}\"},\"query-input\":{\"@type\":\"PropertyValueSpecification\",\"valueRequired\":true,\"valueName\":\"search_term_string\"}}],\"inLanguage\":\"es\"}]}<\/script>\n<!-- \/ Yoast SEO plugin. -->","yoast_head_json":{"title":"Modo Teleport - PokerPlanets","description":"Partidas Instant\u00e1neas de P\u00f3ker en PokerPlanets \ud83c\udfaf Salta entre mesas al instante sin demoras.","robots":{"index":"index","follow":"follow","max-snippet":"max-snippet:-1","max-image-preview":"max-image-preview:large","max-video-preview":"max-video-preview:-1"},"og_locale":"es_ES","og_type":"article","og_title":"Teleport \u2013 P\u00f3ker R\u00e1pido Sin Esperas","og_description":"Ret\u00edrate y juega la siguiente mano de inmediato. Prueba el p\u00f3ker Teleport en PokerPlanets \u2013 m\u00e1s acci\u00f3n, menos tiempos muertos.","og_url":"https:\/\/pokerplanets1.com\/es\/poker\/teleport\/","og_site_name":"PokerPlanets","twitter_card":"summary_large_image","twitter_misc":{"Tiempo de lectura":"1 minuto"},"schema":{"@context":"https:\/\/schema.org","@graph":[{"@type":"WebPage","@id":"https:\/\/pokerplanets1.com\/es\/poker\/teleport\/","url":"https:\/\/pokerplanets1.com\/es\/poker\/teleport\/","name":"Modo Teleport - PokerPlanets","isPartOf":{"@id":"https:\/\/pokerplanets1.com\/es\/#website"},"datePublished":"2024-12-21T16:16:56+00:00","description":"Partidas Instant\u00e1neas de P\u00f3ker en PokerPlanets \ud83c\udfaf Salta entre mesas al instante sin demoras.","breadcrumb":{"@id":"https:\/\/pokerplanets1.com\/es\/poker\/teleport\/#breadcrumb"},"inLanguage":"es","potentialAction":[{"@type":"ReadAction","target":["https:\/\/pokerplanets1.com\/es\/poker\/teleport\/"]}]},{"@type":"BreadcrumbList","@id":"https:\/\/pokerplanets1.com\/es\/poker\/teleport\/#breadcrumb","itemListElement":[{"@type":"ListItem","position":1,"name":"Home","item":"https:\/\/pokerplanets1.com\/es\/"},{"@type":"ListItem","position":2,"name":"P\u00f3ker","item":"https:\/\/pokerplanets1.com\/es\/poker\/"},{"@type":"ListItem","position":3,"name":"Teleport"}]},{"@type":"WebSite","@id":"https:\/\/pokerplanets1.com\/es\/#website","url":"https:\/\/pokerplanets1.com\/es\/","name":"PokerPlanets","description":"","potentialAction":[{"@type":"SearchAction","target":{"@type":"EntryPoint","urlTemplate":"https:\/\/pokerplanets1.com\/es\/?s={search_term_string}"},"query-input":{"@type":"PropertyValueSpecification","valueRequired":true,"valueName":"search_term_string"}}],"inLanguage":"es"}]}},"_links":{"self":[{"href":"https:\/\/pokerplanets1.com\/es\/wp-json\/wp\/v2\/pages\/6480","targetHints":{"allow":["GET"]}}],"collection":[{"href":"https:\/\/pokerplanets1.com\/es\/wp-json\/wp\/v2\/pages"}],"about":[{"href":"https:\/\/pokerplanets1.com\/es\/wp-json\/wp\/v2\/types\/page"}],"author":[{"embeddable":true,"href":"https:\/\/pokerplanets1.com\/es\/wp-json\/wp\/v2\/users\/1"}],"replies":[{"embeddable":true,"href":"https:\/\/pokerplanets1.com\/es\/wp-json\/wp\/v2\/comments?post=6480"}],"version-history":[{"count":0,"href":"https:\/\/pokerplanets1.com\/es\/wp-json\/wp\/v2\/pages\/6480\/revisions"}],"up":[{"embeddable":true,"href":"https:\/\/pokerplanets1.com\/es\/wp-json\/wp\/v2\/pages\/6403"}],"wp:attachment":[{"href":"https:\/\/pokerplanets1.com\/es\/wp-json\/wp\/v2\/media?parent=6480"}],"curies":[{"name":"wp","href":"https:\/\/api.w.org\/{rel}","templated":true}]}}