{"id":6501,"date":"2024-12-21T19:13:32","date_gmt":"2024-12-21T16:13:32","guid":{"rendered":"https:\/\/pokerplanets1.com\/poker\/torneos\/"},"modified":"2026-02-26T23:03:36","modified_gmt":"2026-02-26T20:03:36","slug":"torneos","status":"publish","type":"page","link":"https:\/\/pokerplanets1.com\/es\/poker\/torneos\/","title":{"rendered":"Torneos"},"content":{"rendered":"<h2 style=\"text-align: center;\"><span style=\"font-size: 14pt;\"><strong>\u00bfQu\u00e9 tipos de torneos te esperan en PokerPlanets?<\/strong><\/span><\/h2>\r\n<p class=\"\" data-start=\"0\" data-end=\"181\"><span style=\"font-size: 10pt;\">PokerPlanets ofrece torneos para todos los gustos: desde formatos cl\u00e1sicos hasta emocionantes batallas knockout y vibrantes eventos Mystery Bounty. Elige tu camino y compite por grandes premios.<\/span><\/p>\r\n<ul>\r\n\t<li data-start=\"183\" data-end=\"719\"><span style=\"font-size: 10pt;\"><strong data-start=\"183\" data-end=\"206\">Torneos Cl\u00e1sicos<\/strong> \u2014 \u00a1la base del p\u00f3ker de torneos! Este formato, probado a lo largo del tiempo, es perfecto para quienes valoran la estrategia y la paciencia. Aqu\u00ed todo se trata de mantener tu stack, elegir los momentos adecuados para jugar y avanzar con seguridad hacia la final. A diferencia de otros formatos, el \u00e9xito no se mide por cu\u00e1ntos rivales eliminas, sino por tu capacidad para llegar a las fases de premios. Adem\u00e1s, cuantos m\u00e1s jugadores haya, mayor ser\u00e1 el bote de premios. Los detalles de premios y estructura del torneo est\u00e1n disponibles en el lobby.<\/span><\/li>\r\n\t<li data-start=\"721\" data-end=\"1090\"><span style=\"font-size: 10pt;\"><strong data-start=\"721\" data-end=\"746\">Torneos Multid\u00eda<\/strong> \u2014 \u00a1tu camino a grandes victorias! Si prefieres torneos con estructuras m\u00e1s profundas, este formato es para ti. Puedes elegir un d\u00eda de inicio conveniente, acumular fichas poco a poco y avanzar a las fases finales. Una vez que llegas al D\u00eda 2, tu premio ya est\u00e1 asegurado, pero el verdadero desaf\u00edo est\u00e1 por venir: es en la final donde se deciden los premios m\u00e1s grandes.<\/span><\/li>\r\n\t<li data-start=\"1092\" data-end=\"1491\"><span style=\"font-size: 10pt;\"><strong data-start=\"1092\" data-end=\"1128\">Torneos Progressive Knockout<\/strong> \u2014 \u00a1cada eliminaci\u00f3n te da dinero! Este formato es ideal para quienes disfrutan de la acci\u00f3n r\u00e1pida, ya que las eliminaciones se premian al instante. Por cada rival que elimines, recibes un pago inmediato y el valor de tu propio bounty aumenta. Cuanto m\u00e1s te acerques a la final, m\u00e1s altas ser\u00e1n las recompensas. En la mesa final, los bounties pueden valer incluso m\u00e1s que los premios est\u00e1ndar.<\/span><\/li>\r\n<\/ul>\r\n<p style=\"padding-left: 40px;\"><span style=\"font-size: 10pt;\"><strong>C\u00f3mo funciona:<\/strong> El bounty inicial en un torneo es de 20 $. Cuando eliminas a un oponente, la mitad de esa cantidad (10 $) se acredita inmediatamente a tu cuenta y la otra mitad se suma al valor de tu propio bounty. Ahora, si alguien te elimina, recibir\u00e1 30 $, y as\u00ed sucesivamente.<\/span><\/p>\r\n<ul>\r\n\t<li data-start=\"1790\" data-end=\"2264\"><span style=\"font-size: 10pt;\"><strong data-start=\"1790\" data-end=\"1808\">Mystery Bounty<\/strong> \u2014 \u00a1elimina rivales y desbloquea recompensas secretas! Si te encanta el factor sorpresa, este formato es para ti. A diferencia de los torneos knockout tradicionales, nadie sabe cu\u00e1l ser\u00e1 el bounty por eliminar a un rival. Algunas recompensas pueden ser modestas, mientras que otras son verdaderos jackpots. Los sorteos de bounties comienzan solo despu\u00e9s de cierta fase del torneo, a\u00f1adiendo un extra de intriga. Los premios m\u00e1s grandes van para quienes se arriesgan y muestran valent\u00eda.<\/span><\/li>\r\n\t<li data-start=\"2266\" data-end=\"2791\"><span style=\"font-size: 10pt;\"><strong data-start=\"2266\" data-end=\"2280\">Sat\u00e9lites<\/strong> \u2014 \u00a1un billete a torneos importantes por un coste m\u00ednimo! \u00bfQuieres jugar un torneo prestigioso pero no pagar un buy-in alto? Los sat\u00e9lites son tu oportunidad. Clasif\u00edcate para grandes eventos con un buy-in reducido y compite contra los mejores. PokerPlanets ofrece sat\u00e9lites cl\u00e1sicos y knockout. En los cl\u00e1sicos, los ganadores reciben entradas para torneos de buy-in superior, mientras que en los knockout puedes conseguir tu entrada y ganar dinero por eliminar rivales.<\/span><\/li>\r\n\t<li data-start=\"2266\" data-end=\"2791\"><span style=\"font-size: 10pt;\"><strong data-start=\"2266\" data-end=\"2280\">Torneo Multi-Entry<\/strong><br \/>\r\nEn este formato, puedes comenzar el torneo <strong>con m\u00faltiples stacks y jugarlos simult\u00e1neamente<\/strong>.<br \/>\r\nAl registrarte, puedes elegir <strong>de una a cuatro entradas<\/strong>. Pagas el n\u00famero correspondiente de buy-ins (incluidos tickets) y recibes la misma cantidad de stacks iniciales. Cada stack participa de forma independiente y puede estar en mesas diferentes.<br \/>\r\n<strong>Importante:<\/strong> no hay re-entries tradicionales. Solo puedes registrarte una vez, pero con varios stacks.<br \/>\r\nCuando el torneo alcanza un n\u00famero predefinido de jugadores \u00fanicos (puede variar seg\u00fan el torneo), <strong>todos los stacks adicionales se fusionan<\/strong>.<br \/>\r\nSi ten\u00edas varios stacks, uno contin\u00faa en juego y los dem\u00e1s se consideran eliminados en el momento de la fusi\u00f3n. A esos stacks se les asignan posiciones finales, incluidos premios si el torneo ya est\u00e1 en zona de cobros.<br \/>\r\nEste formato aumenta tus probabilidades de llegar lejos y hace el juego m\u00e1s din\u00e1mico.<\/span><\/li>\r\n\t<li data-start=\"2793\" data-end=\"3238\"><span style=\"font-size: 10pt;\"><strong data-start=\"2793\" data-end=\"2806\">Freerolls<\/strong> \u2014 \u00a1la oportunidad de ganar sin invertir! Si quieres probar el p\u00f3ker sin arriesgar tu propio dinero, los freerolls son el punto de partida perfecto. Estos torneos no tienen coste de inscripci\u00f3n, pero aun as\u00ed puedes ganar dinero real, entradas a torneos importantes y valiosos bonos. Son una opci\u00f3n ideal para principiantes y tambi\u00e9n una oportunidad para que jugadores experimentados aumenten su bankroll sin inversi\u00f3n adicional.<\/span><\/li>\r\n<\/ul>\r\n<p class=\"\" style=\"text-align: center;\" data-start=\"3240\" data-end=\"3322\"><span style=\"font-size: 10pt;\">Elige el formato que m\u00e1s te guste, si\u00e9ntate a la mesa y lucha por premios importantes.<\/span><\/p>\r\n<p class=\"\" style=\"text-align: center;\" data-start=\"3240\" data-end=\"3322\"><span style=\"font-size: 10pt;\">Descarga la app de PokerPlanets y comienza tu camino hacia la victoria ahora mismo.<\/span><\/p>\r\n<p style=\"text-align: center;\"><span style=\"font-size: 10pt;\"><br \/>\r\n<br \/>\r\n<\/span><div id=\"detectButton5\" style=\"margin: 0 auto; text-align: center;\"><button class=\"button  button--red\" type=\"button\"><svg class=\"svg\"><use xlink:href=\"\/wp-content\/uploads\/2024\/12\/sprite.svg#lock\"><\/use> <\/svg>  DOWNLOAD POKERPLANETS <\/button><\/div>\r\n<p>&nbsp;<\/p>","protected":false},"excerpt":{"rendered":"<p>\u00bfQu\u00e9 tipos de torneos te esperan en PokerPlanets? PokerPlanets ofrece torneos para todos los gustos: desde formatos cl\u00e1sicos hasta emocionantes batallas knockout y vibrantes eventos Mystery Bounty. Elige tu camino y compite por grandes premios. Torneos Cl\u00e1sicos \u2014 \u00a1la base del p\u00f3ker de torneos! Este formato, probado a lo largo del tiempo, es perfecto para [&hellip;]<\/p>\n","protected":false},"author":1,"featured_media":0,"parent":6403,"menu_order":0,"comment_status":"closed","ping_status":"closed","template":"page-faq-nosidebar.php","meta":{"_acf_changed":false,"inline_featured_image":false,"footnotes":""},"class_list":["post-6501","page","type-page","status-publish","hentry"],"acf":[],"yoast_head":"<!-- This site is optimized with the Yoast SEO plugin v24.4 - https:\/\/yoast.com\/wordpress\/plugins\/seo\/ -->\n<title>Torneos de P\u00f3ker Online \u2014 \u00danete a PokerPlanets<\/title>\n<meta name=\"description\" content=\"Participa en torneos multiformato \ud83d\udd25 \u00danete a los mejores torneos de p\u00f3ker con enormes botes en PokerPlanets\" \/>\n<meta name=\"robots\" content=\"index, follow, max-snippet:-1, max-image-preview:large, max-video-preview:-1\" \/>\n<meta property=\"og:locale\" content=\"es_ES\" \/>\n<meta property=\"og:type\" content=\"article\" \/>\n<meta property=\"og:title\" content=\"Torneos de PokerPlanets \u2014 Juega a Tu Estilo\" \/>\n<meta property=\"og:description\" content=\"Desde cl\u00e1sicos hasta Mystery Bounty y freerolls: elige tu formato y compite por premios importantes en PokerPlanets.\" \/>\n<meta property=\"og:url\" content=\"https:\/\/pokerplanets1.com\/es\/poker\/torneos\/\" \/>\n<meta property=\"og:site_name\" content=\"PokerPlanets\" \/>\n<meta property=\"article:modified_time\" content=\"2026-02-26T20:03:36+00:00\" \/>\n<meta name=\"twitter:card\" content=\"summary_large_image\" \/>\n<meta name=\"twitter:label1\" content=\"Tiempo de lectura\" \/>\n\t<meta name=\"twitter:data1\" content=\"3 minutos\" \/>\n<script type=\"application\/ld+json\" class=\"yoast-schema-graph\">{\"@context\":\"https:\/\/schema.org\",\"@graph\":[{\"@type\":\"WebPage\",\"@id\":\"https:\/\/pokerplanets1.com\/es\/poker\/torneos\/\",\"url\":\"https:\/\/pokerplanets1.com\/es\/poker\/torneos\/\",\"name\":\"Torneos de P\u00f3ker Online \u2014 \u00danete a PokerPlanets\",\"isPartOf\":{\"@id\":\"https:\/\/pokerplanets1.com\/es\/#website\"},\"datePublished\":\"2024-12-21T16:13:32+00:00\",\"dateModified\":\"2026-02-26T20:03:36+00:00\",\"description\":\"Participa en torneos multiformato \ud83d\udd25 \u00danete a los mejores torneos de p\u00f3ker con enormes botes en PokerPlanets\",\"breadcrumb\":{\"@id\":\"https:\/\/pokerplanets1.com\/es\/poker\/torneos\/#breadcrumb\"},\"inLanguage\":\"es\",\"potentialAction\":[{\"@type\":\"ReadAction\",\"target\":[\"https:\/\/pokerplanets1.com\/es\/poker\/torneos\/\"]}]},{\"@type\":\"BreadcrumbList\",\"@id\":\"https:\/\/pokerplanets1.com\/es\/poker\/torneos\/#breadcrumb\",\"itemListElement\":[{\"@type\":\"ListItem\",\"position\":1,\"name\":\"Home\",\"item\":\"https:\/\/pokerplanets1.com\/es\/\"},{\"@type\":\"ListItem\",\"position\":2,\"name\":\"P\u00f3ker\",\"item\":\"https:\/\/pokerplanets1.com\/es\/poker\/\"},{\"@type\":\"ListItem\",\"position\":3,\"name\":\"Torneos\"}]},{\"@type\":\"WebSite\",\"@id\":\"https:\/\/pokerplanets1.com\/es\/#website\",\"url\":\"https:\/\/pokerplanets1.com\/es\/\",\"name\":\"PokerPlanets\",\"description\":\"\",\"potentialAction\":[{\"@type\":\"SearchAction\",\"target\":{\"@type\":\"EntryPoint\",\"urlTemplate\":\"https:\/\/pokerplanets1.com\/es\/?s={search_term_string}\"},\"query-input\":{\"@type\":\"PropertyValueSpecification\",\"valueRequired\":true,\"valueName\":\"search_term_string\"}}],\"inLanguage\":\"es\"}]}<\/script>\n<!-- \/ Yoast SEO plugin. -->","yoast_head_json":{"title":"Torneos de P\u00f3ker Online \u2014 \u00danete a PokerPlanets","description":"Participa en torneos multiformato \ud83d\udd25 \u00danete a los mejores torneos de p\u00f3ker con enormes botes en PokerPlanets","robots":{"index":"index","follow":"follow","max-snippet":"max-snippet:-1","max-image-preview":"max-image-preview:large","max-video-preview":"max-video-preview:-1"},"og_locale":"es_ES","og_type":"article","og_title":"Torneos de PokerPlanets \u2014 Juega a Tu Estilo","og_description":"Desde cl\u00e1sicos hasta Mystery Bounty y freerolls: elige tu formato y compite por premios importantes en PokerPlanets.","og_url":"https:\/\/pokerplanets1.com\/es\/poker\/torneos\/","og_site_name":"PokerPlanets","article_modified_time":"2026-02-26T20:03:36+00:00","twitter_card":"summary_large_image","twitter_misc":{"Tiempo de lectura":"3 minutos"},"schema":{"@context":"https:\/\/schema.org","@graph":[{"@type":"WebPage","@id":"https:\/\/pokerplanets1.com\/es\/poker\/torneos\/","url":"https:\/\/pokerplanets1.com\/es\/poker\/torneos\/","name":"Torneos de P\u00f3ker Online \u2014 \u00danete a PokerPlanets","isPartOf":{"@id":"https:\/\/pokerplanets1.com\/es\/#website"},"datePublished":"2024-12-21T16:13:32+00:00","dateModified":"2026-02-26T20:03:36+00:00","description":"Participa en torneos multiformato \ud83d\udd25 \u00danete a los mejores torneos de p\u00f3ker con enormes botes en PokerPlanets","breadcrumb":{"@id":"https:\/\/pokerplanets1.com\/es\/poker\/torneos\/#breadcrumb"},"inLanguage":"es","potentialAction":[{"@type":"ReadAction","target":["https:\/\/pokerplanets1.com\/es\/poker\/torneos\/"]}]},{"@type":"BreadcrumbList","@id":"https:\/\/pokerplanets1.com\/es\/poker\/torneos\/#breadcrumb","itemListElement":[{"@type":"ListItem","position":1,"name":"Home","item":"https:\/\/pokerplanets1.com\/es\/"},{"@type":"ListItem","position":2,"name":"P\u00f3ker","item":"https:\/\/pokerplanets1.com\/es\/poker\/"},{"@type":"ListItem","position":3,"name":"Torneos"}]},{"@type":"WebSite","@id":"https:\/\/pokerplanets1.com\/es\/#website","url":"https:\/\/pokerplanets1.com\/es\/","name":"PokerPlanets","description":"","potentialAction":[{"@type":"SearchAction","target":{"@type":"EntryPoint","urlTemplate":"https:\/\/pokerplanets1.com\/es\/?s={search_term_string}"},"query-input":{"@type":"PropertyValueSpecification","valueRequired":true,"valueName":"search_term_string"}}],"inLanguage":"es"}]}},"_links":{"self":[{"href":"https:\/\/pokerplanets1.com\/es\/wp-json\/wp\/v2\/pages\/6501","targetHints":{"allow":["GET"]}}],"collection":[{"href":"https:\/\/pokerplanets1.com\/es\/wp-json\/wp\/v2\/pages"}],"about":[{"href":"https:\/\/pokerplanets1.com\/es\/wp-json\/wp\/v2\/types\/page"}],"author":[{"embeddable":true,"href":"https:\/\/pokerplanets1.com\/es\/wp-json\/wp\/v2\/users\/1"}],"replies":[{"embeddable":true,"href":"https:\/\/pokerplanets1.com\/es\/wp-json\/wp\/v2\/comments?post=6501"}],"version-history":[{"count":1,"href":"https:\/\/pokerplanets1.com\/es\/wp-json\/wp\/v2\/pages\/6501\/revisions"}],"predecessor-version":[{"id":11262,"href":"https:\/\/pokerplanets1.com\/es\/wp-json\/wp\/v2\/pages\/6501\/revisions\/11262"}],"up":[{"embeddable":true,"href":"https:\/\/pokerplanets1.com\/es\/wp-json\/wp\/v2\/pages\/6403"}],"wp:attachment":[{"href":"https:\/\/pokerplanets1.com\/es\/wp-json\/wp\/v2\/media?parent=6501"}],"curies":[{"name":"wp","href":"https:\/\/api.w.org\/{rel}","templated":true}]}}