{"id":6620,"date":"2025-01-27T17:49:15","date_gmt":"2025-01-27T14:49:15","guid":{"rendered":"https:\/\/pokerplanets1.com\/?page_id=6620"},"modified":"2025-08-15T12:48:35","modified_gmt":"2025-08-15T09:48:35","slug":"bono-del-100-por-primer-deposito-de-pokerplanets-condiciones-de-la-promocion","status":"publish","type":"page","link":"https:\/\/pokerplanets1.com\/es\/bono-del-100-por-primer-deposito-de-pokerplanets-condiciones-de-la-promocion\/","title":{"rendered":"Bono del 100% por primer dep\u00f3sito de PokerPlanets: Condiciones de la promoci\u00f3n"},"content":{"rendered":"<p><span style=\"font-size: 10pt;\"><strong>\"Bono del 100% en el Primer Dep\u00f3sito de PokerPlanets\" \u2013 T\u00e9rminos y Condiciones de la Promoci\u00f3n<\/strong><\/span><\/p>\r\n<p><span style=\"font-size: 10pt;\">Estos son los t\u00e9rminos de participaci\u00f3n en la promoci\u00f3n \"<strong>Bono del 100% en el Primer Dep\u00f3sito de PokerPlanets<\/strong>\" (\"<strong>Promoci\u00f3n<\/strong>\"), organizada por el operador (\"<strong>PokerPlanets<\/strong>\") de este sitio web, aplicaci\u00f3n de cliente con interfaz gr\u00e1fica y aplicaci\u00f3n m\u00f3vil (\"<strong>Sitio Web<\/strong>\"). El uso continuado del Sitio Web implica la total aceptaci\u00f3n de los t\u00e9rminos y condiciones indicados a continuaci\u00f3n.<\/span><\/p>\r\n<ol>\r\n\t<li><span style=\"font-size: 10pt;\">Los participantes en la Promoci\u00f3n deben tener al menos 18 a\u00f1os o haber alcanzado la mayor\u00eda de edad en su jurisdicci\u00f3n (lo que sea mayor). En cualquier momento, PokerPlanets (o un tercero en su nombre) podr\u00e1 solicitar un documento de identidad oficial (pasaporte u otro documento v\u00e1lido con foto) para verificar la edad y\/o identidad. Los jugadores que no puedan proporcionar dicha prueba a solicitud ser\u00e1n descalificados de la Promoci\u00f3n y se les prohibir\u00e1 el acceso al Sitio Web.<\/span><\/li>\r\n\t<li><span style=\"font-size: 10pt;\">Al participar en la Promoci\u00f3n, usted concede a PokerPlanets el derecho de utilizar su nombre, imagen, voz y fotograf\u00edas con fines de marketing y publicidad en cualquier medio, sin compensaci\u00f3n alguna, y renuncia expresamente a cualquier reclamaci\u00f3n contra PokerPlanets en este sentido.<\/span><\/li>\r\n\t<li><span style=\"font-size: 10pt;\">Los empleados y familiares de empleados de PokerPlanets, as\u00ed como cualquier persona que sea socio o est\u00e9 relacionada con PokerPlanets, no podr\u00e1n participar en la Promoci\u00f3n. En este contexto, \"familiar\" significa c\u00f3nyuge, pareja, padre, hijo, hermano o cu\u00f1ado.<\/span><\/li>\r\n\t<li><span style=\"font-size: 10pt;\">Al participar en la Promoci\u00f3n, usted exime a PokerPlanets, a sus representantes legales, filiales, subsidiarias, agencias y a sus respectivos directivos, empleados y agentes de cualquier responsabilidad por da\u00f1os derivados de la participaci\u00f3n en la Promoci\u00f3n.<\/span><\/li>\r\n\t<li><span style=\"font-size: 10pt;\">PokerPlanets se reserva el derecho de modificar estos t\u00e9rminos en cualquier momento, a su entera discreci\u00f3n, incluyendo la cancelaci\u00f3n, modificaci\u00f3n o aplazamiento de la Promoci\u00f3n si considera que no puede llevarse a cabo de acuerdo con lo descrito.<\/span><\/li>\r\n\t<li><span style=\"font-size: 10pt;\">Los participantes en la Promoci\u00f3n deben cumplir con todas las pol\u00edticas y normas de PokerPlanets, publicadas en el Sitio Web.<\/span><\/li>\r\n\t<li><span style=\"font-size: 10pt;\">Se aplicar\u00e1n estrictas normas contra el uso de m\u00faltiples cuentas durante la Promoci\u00f3n. PokerPlanets se reserva el derecho de descalificar a cualquier jugador sospechoso de participar con m\u00e1s de una cuenta. La decisi\u00f3n sobre la sanci\u00f3n por incumplimiento ser\u00e1 tomada por PokerPlanets.<\/span><\/li>\r\n\t<li><span style=\"font-size: 10pt;\">La Promoci\u00f3n est\u00e1 disponible \u00fanicamente para los jugadores del Sitio Web que realicen su primer dep\u00f3sito con dinero real en su cuenta (\"<strong>Dep\u00f3sito Cualificado<\/strong>\").<\/span><\/li>\r\n\t<li><span style=\"font-size: 10pt;\">El Dep\u00f3sito Cualificado m\u00ednimo es de 10 (diez) d\u00f3lares estadounidenses (o su equivalente en otra divisa).<\/span><\/li>\r\n\t<li><span style=\"font-size: 10pt;\">El Dep\u00f3sito Cualificado m\u00e1ximo (o la suma de Dep\u00f3sitos Cualificados) que un jugador puede realizar para participar en la Promoci\u00f3n es de 600 (seiscientos) USD (o su equivalente en otra divisa). Si el importe total del dep\u00f3sito supera este l\u00edmite, el exceso se abonar\u00e1 en la cuenta del jugador pero no contar\u00e1 para la Promoci\u00f3n.<\/span><\/li>\r\n\t<li><span style=\"font-size: 10pt;\">Los jugadores podr\u00e1n realizar hasta 3 (tres) Dep\u00f3sitos Cualificados de forma consecutiva para recibir el bono completo, siempre que todos se efect\u00faen dentro de los 60 (sesenta) d\u00edas posteriores al primer Dep\u00f3sito Cualificado.<\/span><\/li>\r\n\t<li><span style=\"font-size: 10pt;\">Para participar, el jugador debe introducir el c\u00f3digo de bono PLANETS600 con cada Dep\u00f3sito Cualificado o seleccionar el banner de la Promoci\u00f3n en la caja. Si no se introduce el c\u00f3digo o no se selecciona el banner, el dep\u00f3sito no contar\u00e1 como Dep\u00f3sito Cualificado.<\/span><\/li>\r\n\t<li><span style=\"font-size: 10pt;\">Cualquier jugador que realice un Dep\u00f3sito Cualificado podr\u00e1 recibir un bono equivalente al importe depositado (\"<strong>Bono<\/strong>\"), con un m\u00e1ximo total de 600 (seiscientos) USD (o equivalente) en esta Promoci\u00f3n.<\/span><\/li>\r\n\t<li><span style=\"font-size: 10pt;\">Durante los 120 (ciento veinte) d\u00edas siguientes a cada Dep\u00f3sito Cualificado (\"<strong>Periodo de Cualificaci\u00f3n<\/strong>\"), el jugador acumular\u00e1 puntos de p\u00f3ker jugando partidas con dinero real. El importe del Bono depender\u00e1 de los puntos conseguidos en ese periodo.<\/span><\/li>\r\n\t<li><span style=\"font-size: 10pt;\">Los puntos de p\u00f3ker se obtienen participando en partidas de cash y torneos.<\/span><\/li>\r\n<\/ol>\r\n<p><span style=\"font-size: 10pt;\">En las partidas de cash, los puntos se asignan seg\u00fan el rake pagado por el ganador de la mano y se reparten entre todos los participantes de forma proporcional a su contribuci\u00f3n al bote.<\/span><\/p>\r\n<p><span style=\"font-size: 10pt;\">En los torneos, se otorgan puntos por cada 1 (un) c\u00e9ntimo de d\u00f3lar de la comisi\u00f3n del torneo pagada por el jugador.<\/span><\/p>\r\n<p><span style=\"font-size: 10pt;\">El jugador recibe 1 (un) punto de p\u00f3ker por cada 1 (un) c\u00e9ntimo de d\u00f3lar correspondiente a su parte del rake o comisi\u00f3n del torneo.<\/span><\/p>\r\n<ol start=\"16\">\r\n\t<li><span style=\"font-size: 10pt;\">Se abonar\u00e1 un Bono de 3 (tres) USD (o equivalente) en la cuenta del jugador cada vez que acumule 1.200 (mil doscientos) puntos de p\u00f3ker.<\/span><\/li>\r\n<\/ol>\r\n<ol>\r\n\t<li><span style=\"font-size: 10pt;\">Si un jugador realiza retiradas despu\u00e9s de un Dep\u00f3sito Cualificado, los dep\u00f3sitos posteriores no se considerar\u00e1n Dep\u00f3sitos Cualificados. No obstante, los Dep\u00f3sitos Cualificados realizados antes de la retirada seguir\u00e1n siendo v\u00e1lidos.<\/span><\/li>\r\n\t<li><span style=\"font-size: 10pt;\">A efectos de esta Promoci\u00f3n, no se considerar\u00e1n Dep\u00f3sitos Cualificados los fondos recibidos mediante transferencias entre jugadores, ni los procedentes de actividades promocionales (propias o de terceros), freerolls o fuentes similares.<\/span><\/li>\r\n\t<li><span style=\"font-size: 10pt;\">El jugador puede darse de baja de la Promoci\u00f3n en cualquier momento.<\/span><\/li>\r\n\t<li><span style=\"font-size: 10pt;\">Si el jugador no introduce el c\u00f3digo PLANETS600 o no selecciona el banner de la Promoci\u00f3n en su primer dep\u00f3sito pero cumple las dem\u00e1s condiciones, podr\u00e1 contactar con el servicio de soporte en un plazo de 60 (sesenta) d\u00edas para activar la Promoci\u00f3n. Los puntos de p\u00f3ker se acumular\u00e1n desde la fecha de activaci\u00f3n, pero el plazo de 60 d\u00edas y el Periodo de Cualificaci\u00f3n contar\u00e1n desde la fecha del dep\u00f3sito, independientemente de la activaci\u00f3n. Si no se activa tras el primer dep\u00f3sito, la Promoci\u00f3n dejar\u00e1 de estar disponible para dep\u00f3sitos posteriores.<\/span><\/li>\r\n\t<li><span style=\"font-size: 10pt;\">Solo el titular registrado de la cuenta puede recibir el Bono. Un jugador podr\u00e1 recibir un \u00fanico Bono, aplic\u00e1ndose esta norma a cada direcci\u00f3n IP y\/o dispositivo.<\/span><\/li>\r\n\t<li><span style=\"font-size: 10pt;\">El jugador no tiene derecho a exigir a PokerPlanets el cumplimiento de t\u00e9rminos contractuales ni el reembolso de gastos sin autorizaci\u00f3n previa por escrito.<\/span><\/li>\r\n\t<li><span style=\"font-size: 10pt;\">En caso de disputas sobre elegibilidad, recepci\u00f3n del Bono o estos t\u00e9rminos, la decisi\u00f3n final ser\u00e1 tomada por la direcci\u00f3n de PokerPlanets y ser\u00e1 vinculante, sin posibilidad de apelaci\u00f3n.<\/span><\/li>\r\n\t<li><span style=\"font-size: 10pt;\">Estos t\u00e9rminos y cualquier cuesti\u00f3n relacionada se regir\u00e1n e interpretar\u00e1n conforme a las leyes de Curazao.<\/span><\/li>\r\n<\/ol>\r\n<p><span style=\"font-size: 10pt;\">Si tienes alguna pregunta sobre la promoci\u00f3n \"<strong>Bono del 100% en el Primer Dep\u00f3sito de PokerPlanets<\/strong>\", cont\u00e1ctanos en support@pokerplanets1.com<\/span><\/p>\r\n<p>&nbsp;<\/p>\r\n","protected":false},"excerpt":{"rendered":"<p>\"Bono del 100% en el Primer Dep\u00f3sito de PokerPlanets\" \u2013 T\u00e9rminos y Condiciones de la Promoci\u00f3n Estos son los t\u00e9rminos de participaci\u00f3n en la promoci\u00f3n \"Bono del 100% en el Primer Dep\u00f3sito de PokerPlanets\" (\"Promoci\u00f3n\"), organizada por el operador (\"PokerPlanets\") de este sitio web, aplicaci\u00f3n de cliente con interfaz gr\u00e1fica y aplicaci\u00f3n m\u00f3vil (\"Sitio Web\"). [&hellip;]<\/p>\n","protected":false},"author":1,"featured_media":0,"parent":0,"menu_order":0,"comment_status":"closed","ping_status":"closed","template":"page-simple.php","meta":{"_acf_changed":false,"inline_featured_image":false,"footnotes":""},"class_list":["post-6620","page","type-page","status-publish","hentry"],"acf":[],"yoast_head":"<!-- This site is optimized with the Yoast SEO plugin v24.4 - https:\/\/yoast.com\/wordpress\/plugins\/seo\/ -->\n<title>Bono del 100% por primer dep\u00f3sito de PokerPlanets: Condiciones de la promoci\u00f3n - PokerPlanets<\/title>\n<meta name=\"robots\" content=\"index, follow, max-snippet:-1, max-image-preview:large, max-video-preview:-1\" \/>\n<meta property=\"og:locale\" content=\"es_ES\" \/>\n<meta property=\"og:type\" content=\"article\" \/>\n<meta property=\"og:title\" content=\"Bono del 100% por primer dep\u00f3sito de PokerPlanets: Condiciones de la promoci\u00f3n - PokerPlanets\" \/>\n<meta property=\"og:description\" content=\"&quot;Bono del 100% en el Primer Dep\u00f3sito de PokerPlanets&quot; \u2013 T\u00e9rminos y Condiciones de la Promoci\u00f3n Estos son los t\u00e9rminos de participaci\u00f3n en la promoci\u00f3n &quot;Bono del 100% en el Primer Dep\u00f3sito de PokerPlanets&quot; (&quot;Promoci\u00f3n&quot;), organizada por el operador (&quot;PokerPlanets&quot;) de este sitio web, aplicaci\u00f3n de cliente con interfaz gr\u00e1fica y aplicaci\u00f3n m\u00f3vil (&quot;Sitio Web&quot;). [&hellip;]\" \/>\n<meta property=\"og:url\" content=\"https:\/\/pokerplanets1.com\/es\/bono-del-100-por-primer-deposito-de-pokerplanets-condiciones-de-la-promocion\/\" \/>\n<meta property=\"og:site_name\" content=\"PokerPlanets\" \/>\n<meta property=\"article:modified_time\" content=\"2025-08-15T09:48:35+00:00\" \/>\n<meta name=\"twitter:card\" content=\"summary_large_image\" \/>\n<script type=\"application\/ld+json\" class=\"yoast-schema-graph\">{\"@context\":\"https:\/\/schema.org\",\"@graph\":[{\"@type\":\"WebPage\",\"@id\":\"https:\/\/pokerplanets1.com\/es\/bono-del-100-por-primer-deposito-de-pokerplanets-condiciones-de-la-promocion\/\",\"url\":\"https:\/\/pokerplanets1.com\/es\/bono-del-100-por-primer-deposito-de-pokerplanets-condiciones-de-la-promocion\/\",\"name\":\"Bono del 100% por primer dep\u00f3sito de PokerPlanets: Condiciones de la promoci\u00f3n - PokerPlanets\",\"isPartOf\":{\"@id\":\"https:\/\/pokerplanets1.com\/es\/#website\"},\"datePublished\":\"2025-01-27T14:49:15+00:00\",\"dateModified\":\"2025-08-15T09:48:35+00:00\",\"breadcrumb\":{\"@id\":\"https:\/\/pokerplanets1.com\/es\/bono-del-100-por-primer-deposito-de-pokerplanets-condiciones-de-la-promocion\/#breadcrumb\"},\"inLanguage\":\"es\",\"potentialAction\":[{\"@type\":\"ReadAction\",\"target\":[\"https:\/\/pokerplanets1.com\/es\/bono-del-100-por-primer-deposito-de-pokerplanets-condiciones-de-la-promocion\/\"]}]},{\"@type\":\"BreadcrumbList\",\"@id\":\"https:\/\/pokerplanets1.com\/es\/bono-del-100-por-primer-deposito-de-pokerplanets-condiciones-de-la-promocion\/#breadcrumb\",\"itemListElement\":[{\"@type\":\"ListItem\",\"position\":1,\"name\":\"Home\",\"item\":\"https:\/\/pokerplanets1.com\/es\/\"},{\"@type\":\"ListItem\",\"position\":2,\"name\":\"Bono del 100% por primer dep\u00f3sito de PokerPlanets: Condiciones de la promoci\u00f3n\"}]},{\"@type\":\"WebSite\",\"@id\":\"https:\/\/pokerplanets1.com\/es\/#website\",\"url\":\"https:\/\/pokerplanets1.com\/es\/\",\"name\":\"PokerPlanets\",\"description\":\"\",\"potentialAction\":[{\"@type\":\"SearchAction\",\"target\":{\"@type\":\"EntryPoint\",\"urlTemplate\":\"https:\/\/pokerplanets1.com\/es\/?s={search_term_string}\"},\"query-input\":{\"@type\":\"PropertyValueSpecification\",\"valueRequired\":true,\"valueName\":\"search_term_string\"}}],\"inLanguage\":\"es\"}]}<\/script>\n<!-- \/ Yoast SEO plugin. -->","yoast_head_json":{"title":"Bono del 100% por primer dep\u00f3sito de PokerPlanets: Condiciones de la promoci\u00f3n - PokerPlanets","robots":{"index":"index","follow":"follow","max-snippet":"max-snippet:-1","max-image-preview":"max-image-preview:large","max-video-preview":"max-video-preview:-1"},"og_locale":"es_ES","og_type":"article","og_title":"Bono del 100% por primer dep\u00f3sito de PokerPlanets: Condiciones de la promoci\u00f3n - PokerPlanets","og_description":"\"Bono del 100% en el Primer Dep\u00f3sito de PokerPlanets\" \u2013 T\u00e9rminos y Condiciones de la Promoci\u00f3n Estos son los t\u00e9rminos de participaci\u00f3n en la promoci\u00f3n \"Bono del 100% en el Primer Dep\u00f3sito de PokerPlanets\" (\"Promoci\u00f3n\"), organizada por el operador (\"PokerPlanets\") de este sitio web, aplicaci\u00f3n de cliente con interfaz gr\u00e1fica y aplicaci\u00f3n m\u00f3vil (\"Sitio Web\"). [&hellip;]","og_url":"https:\/\/pokerplanets1.com\/es\/bono-del-100-por-primer-deposito-de-pokerplanets-condiciones-de-la-promocion\/","og_site_name":"PokerPlanets","article_modified_time":"2025-08-15T09:48:35+00:00","twitter_card":"summary_large_image","schema":{"@context":"https:\/\/schema.org","@graph":[{"@type":"WebPage","@id":"https:\/\/pokerplanets1.com\/es\/bono-del-100-por-primer-deposito-de-pokerplanets-condiciones-de-la-promocion\/","url":"https:\/\/pokerplanets1.com\/es\/bono-del-100-por-primer-deposito-de-pokerplanets-condiciones-de-la-promocion\/","name":"Bono del 100% por primer dep\u00f3sito de PokerPlanets: Condiciones de la promoci\u00f3n - PokerPlanets","isPartOf":{"@id":"https:\/\/pokerplanets1.com\/es\/#website"},"datePublished":"2025-01-27T14:49:15+00:00","dateModified":"2025-08-15T09:48:35+00:00","breadcrumb":{"@id":"https:\/\/pokerplanets1.com\/es\/bono-del-100-por-primer-deposito-de-pokerplanets-condiciones-de-la-promocion\/#breadcrumb"},"inLanguage":"es","potentialAction":[{"@type":"ReadAction","target":["https:\/\/pokerplanets1.com\/es\/bono-del-100-por-primer-deposito-de-pokerplanets-condiciones-de-la-promocion\/"]}]},{"@type":"BreadcrumbList","@id":"https:\/\/pokerplanets1.com\/es\/bono-del-100-por-primer-deposito-de-pokerplanets-condiciones-de-la-promocion\/#breadcrumb","itemListElement":[{"@type":"ListItem","position":1,"name":"Home","item":"https:\/\/pokerplanets1.com\/es\/"},{"@type":"ListItem","position":2,"name":"Bono del 100% por primer dep\u00f3sito de PokerPlanets: Condiciones de la promoci\u00f3n"}]},{"@type":"WebSite","@id":"https:\/\/pokerplanets1.com\/es\/#website","url":"https:\/\/pokerplanets1.com\/es\/","name":"PokerPlanets","description":"","potentialAction":[{"@type":"SearchAction","target":{"@type":"EntryPoint","urlTemplate":"https:\/\/pokerplanets1.com\/es\/?s={search_term_string}"},"query-input":{"@type":"PropertyValueSpecification","valueRequired":true,"valueName":"search_term_string"}}],"inLanguage":"es"}]}},"_links":{"self":[{"href":"https:\/\/pokerplanets1.com\/es\/wp-json\/wp\/v2\/pages\/6620","targetHints":{"allow":["GET"]}}],"collection":[{"href":"https:\/\/pokerplanets1.com\/es\/wp-json\/wp\/v2\/pages"}],"about":[{"href":"https:\/\/pokerplanets1.com\/es\/wp-json\/wp\/v2\/types\/page"}],"author":[{"embeddable":true,"href":"https:\/\/pokerplanets1.com\/es\/wp-json\/wp\/v2\/users\/1"}],"replies":[{"embeddable":true,"href":"https:\/\/pokerplanets1.com\/es\/wp-json\/wp\/v2\/comments?post=6620"}],"version-history":[{"count":3,"href":"https:\/\/pokerplanets1.com\/es\/wp-json\/wp\/v2\/pages\/6620\/revisions"}],"predecessor-version":[{"id":6623,"href":"https:\/\/pokerplanets1.com\/es\/wp-json\/wp\/v2\/pages\/6620\/revisions\/6623"}],"wp:attachment":[{"href":"https:\/\/pokerplanets1.com\/es\/wp-json\/wp\/v2\/media?parent=6620"}],"curies":[{"name":"wp","href":"https:\/\/api.w.org\/{rel}","templated":true}]}}