{"id":6645,"date":"2025-01-29T03:23:40","date_gmt":"2025-01-29T00:23:40","guid":{"rendered":"https:\/\/pokerplanets1.com\/promociones\/rakeback-hasta-el-80\/"},"modified":"2025-01-29T03:23:40","modified_gmt":"2025-01-29T00:23:40","slug":"rakeback-hasta-el-80","status":"publish","type":"page","link":"https:\/\/pokerplanets1.com\/es\/promociones\/rakeback-hasta-el-80\/","title":{"rendered":"Rakeback hasta el 80%"},"content":{"rendered":"<h2 style=\"text-align: center;\"><span style=\"font-size: 14pt;\"><strong>\u00a1Descubre el cofre del tesoro del rakeback de PokerPlanets!<\/strong><\/span><\/h2>\r\n<p><span style=\"font-size: 10pt;\">\u00a1Bienvenido a PokerPlanets! Para celebrar tu llegada, hemos preparado una oferta exclusiva: 10 cofres del tesoro con hasta un 80% de rakeback. \u00a1Es tu oportunidad de empezar a jugar con una gran ventaja!<\/span><\/p>\r\n<p><span style=\"font-size: 10pt;\">\u00a1Juega y recoge tus tesoros!<\/span><\/p>\r\n<p><span style=\"font-size: 10pt;\">En <strong>PokerPlanets<\/strong>, las recompensas llegan directo a ti: simplemente deposita <strong>$10<\/strong> o m\u00e1s con el <strong>c\u00f3digo de bono Rakeback80<\/strong> y estar\u00e1s en el juego. Cada mano, cada torneo, cada giro de Spin&amp;Win te acerca a premios valiosos. Es simple: juega, gana puntos de p\u00f3ker y desbloquea cofres.<\/span><\/p>\r\n<p><strong><span style=\"font-size: 10pt;\">C\u00f3mo funciona:<\/span><\/strong><\/p>\r\n<p><span style=\"font-size: 10pt;\">Por cada c\u00e9ntimo de rake o comisi\u00f3n de torneo, ganas 1 punto de p\u00f3ker. \u00a1M\u00e1s puntos = m\u00e1s cofres = m\u00e1s rakeback! Hay dos niveles gal\u00e1cticos de recompensas:<\/span><\/p>\r\n<ol>\r\n\t<li><span style=\"font-size: 10pt;\"><strong>\"V\u00eda L\u00e1ctea\". <\/strong>\u00a1Un inicio estelar en el mundo del p\u00f3ker! 5 cofres con rakeback del 25% al 80%. Solo necesitas 2.000 puntos de p\u00f3ker para obtener el cofre.<\/span><\/li>\r\n\t<li><span style=\"font-size: 10pt;\"><strong>\"Andr\u00f3meda\". <\/strong>Para quienes buscan grandes premios. Otros 5 cofres con rakeback del 20% al 80% esperan a los jugadores m\u00e1s ambiciosos. El coste de cada cofre es de 6.000 puntos de p\u00f3ker. \u00bfListo para alcanzar el jackpot?<\/span><\/li>\r\n<\/ol>\r\n<p><span style=\"font-size: 10pt;\"><strong>\u00a1Tu oportunidad para un rakeback incre\u00edble!<\/strong> Con un poco de suerte, puedes ganar hasta $80 en el nivel \"V\u00eda L\u00e1ctea\" y hasta $240 en el nivel \"Andr\u00f3meda\".<\/span><\/p>\r\n<p><span style=\"font-size: 10pt;\"><strong>\u00a1Tiempo limitado!<\/strong> Tienes 30 d\u00edas para completar ambos niveles. \u00a1Aprov\u00e9chalo al m\u00e1ximo!<\/span><\/p>\r\n<p><span style=\"font-size: 10pt;\"><strong>\u00danete a PokerPlanets Rewards.<\/strong> Una vez finalice la promoci\u00f3n, pasar\u00e1s autom\u00e1ticamente a formar parte de <strong>PokerPlanets Rewards<\/strong> y comenzar\u00e1s <strong>en el nivel 3.<\/strong><\/span><\/p>\r\n<p><strong><span style=\"font-size: 10pt;\">C\u00f3mo participar:<\/span><\/strong><\/p>\r\n<ol>\r\n\t<li><strong><span style=\"font-size: 10pt;\">Reg\u00edstrate en PokerPlanets.<\/span><\/strong><\/li>\r\n\t<li><strong><span style=\"font-size: 10pt;\">Deposita $10 o m\u00e1s con el <\/span><\/strong><span style=\"font-size: 10pt;\">c\u00f3digo de bono<\/span><strong><span style=\"font-size: 10pt;\"> Rakeback80.<\/span><\/strong><\/li>\r\n\t<li><strong><span style=\"font-size: 10pt;\">Juega, gana puntos de p\u00f3ker y desbloquea tus cofres de rakeback.<\/span><\/strong><\/li>\r\n<\/ol>\r\n<p style=\"text-align: center;\"><span style=\"font-size: 10pt;\"><b>Recompensas de la Promoci\u00f3n \"Rakeback hasta el 80%\"<\/b><\/span><\/p>\r\n<div class=\"table-overflow\">\r\n<table class=\"aligncenter\" style=\"width: 100%;\">\r\n<tbody>\r\n<tr>\r\n<td><p><span style=\"font-size: 10pt;\"><b>Nivel<\/b><\/span><\/p><\/td>\r\n<td><p><span style=\"font-size: 10pt;\"><b>Puntos de P\u00f3ker necesarios<\/b> <b>para obtener el cofre<\/b><\/span><\/p><\/td>\r\n<td><p><span style=\"font-size: 10pt;\"><b>N\u00famero de Cofres<\/b><\/span><\/p><\/td>\r\n<td><p><span style=\"font-size: 10pt;\"><b>Premio en Efectivo por Cofre<\/b><b>\/<\/b><b>Rakeback (%)<\/b><\/span><\/p><\/td>\r\n<\/tr>\r\n<tr>\r\n<td><p><span style=\"font-size: 10pt;\"><b>V\u00eda L\u00e1ctea<\/b><\/span><\/p><\/td>\r\n<td><p><span style=\"font-weight: 400; font-size: 10pt;\">2.000<\/span><\/p><\/td>\r\n<td><p><span style=\"font-weight: 400; font-size: 10pt;\">5<\/span><\/p><\/td>\r\n<td><p><span style=\"font-weight: 400; font-size: 10pt;\">$5\u2013$16 \/ 25%\u201380%<\/span><\/p><\/td>\r\n<\/tr>\r\n<tr>\r\n<td><p><span style=\"font-size: 10pt;\"><b>Andr\u00f3meda<\/b><\/span><\/p><\/td>\r\n<td><p><span style=\"font-weight: 400; font-size: 10pt;\">6.000<\/span><\/p><\/td>\r\n<td><p><span style=\"font-weight: 400; font-size: 10pt;\">5<\/span><\/p><\/td>\r\n<td><p><span style=\"font-weight: 400; font-size: 10pt;\">$12\u2013$48 \/ 20%\u201380%<\/span><\/p><\/td>\r\n<\/tr>\r\n<\/tbody>\r\n<\/table>\r\n<\/div>\r\n<p style=\"text-align: center;\"><strong><span style=\"font-size: 10pt;\">PokerPlanets \u2014 tu camino hacia victorias y recompensas incre\u00edbles.<\/span><\/strong><\/p>\r\n<div style=\"margin: 0 auto; text-align: center;\"><div id=\"detectButton5\" style=\"margin: 0 auto; text-align: center;\"><button class=\"button  button--red\" type=\"button\"><svg class=\"svg\"><use xlink:href=\"\/wp-content\/uploads\/2024\/12\/sprite.svg#lock\"><\/use> <\/svg>  DOWNLOAD POKERPLANETS <\/button><\/div>[\/sc><\/div>\r\n<p><span style=\"font-size: 10pt;\"><strong>En partidas de cash:<br \/><\/strong><span style=\"font-weight: 400;\">Los puntos de p\u00f3ker se otorgan seg\u00fan el rake pagado por el ganador de la mano y se reparten entre todos los participantes proporcionalmente a su contribuci\u00f3n al bote total.<\/span><\/span><\/p>\r\n<p><span style=\"font-size: 10pt;\"><b><i>Ejemplo:<br \/><\/i><\/b>Bote total: $100, Rake: $5.<\/span><br \/>\r\n<span style=\"font-size: 10pt;\">\u2022 Jugador 1 aport\u00f3 $50 (50% del bote).<\/span><br \/>\r\n<span style=\"font-size: 10pt;\">\u2022 Jugador 2 aport\u00f3 $50 (50% del bote).<\/span><\/p>\r\n<p><span style=\"font-size: 10pt;\">Distribuci\u00f3n de puntos de p\u00f3ker:<\/span><br \/>\r\n<span style=\"font-size: 10pt;\"><strong>\u2022 Jugador 1:<\/strong> recibe el 50% de $5 de rake = $2,5.<\/span><br \/>\r\n<span style=\"font-size: 10pt;\">Puntos de p\u00f3ker: 2,5 \u00d7 100 = 250.<\/span><br \/>\r\n<span style=\"font-size: 10pt;\"><strong>\u2022 Jugador 2:<\/strong> recibe el 50% de $5 de rake = $2,5.<\/span><br \/>\r\n<span style=\"font-size: 10pt;\">Puntos de p\u00f3ker: 2,5 \u00d7 100 = 250.<\/span><\/p>\r\n<p><span style=\"font-size: 10pt;\"><em><span style=\"font-weight: 400;\">Nuestro sistema permite una distribuci\u00f3n justa de los puntos de p\u00f3ker entre todos los participantes de la mano, independientemente del resultado de la partida.<\/span><\/em><\/span><\/p>\r\n<p><span style=\"font-size: 10pt;\"><strong>En torneos:<\/strong><\/span><br \/>\r\n<span style=\"font-size: 10pt;\">Los puntos de p\u00f3ker se otorgan por cada 1 (un) c\u00e9ntimo de d\u00f3lar de la comisi\u00f3n del torneo pagada por el jugador.<\/span><br \/>\r\n<span style=\"font-size: 10pt;\"><strong>Ejemplo:<\/strong><\/span><br \/>\r\n<em><span style=\"font-size: 10pt;\">Comisi\u00f3n de torneo: $10. El jugador paga la comisi\u00f3n y recibe 10 \u00d7 100 = 1.000 puntos de p\u00f3ker.<\/span><\/em><\/p>\r\n<hr \/>","protected":false},"excerpt":{"rendered":"<p>\u00a1Descubre el cofre del tesoro del rakeback de PokerPlanets! \u00a1Bienvenido a PokerPlanets! Para celebrar tu llegada, hemos preparado una oferta exclusiva: 10 cofres del tesoro con hasta un 80% de rakeback. \u00a1Es tu oportunidad de empezar a jugar con una gran ventaja! \u00a1Juega y recoge tus tesoros! En PokerPlanets, las recompensas llegan directo a ti: [&hellip;]<\/p>\n","protected":false},"author":1,"featured_media":0,"parent":6515,"menu_order":0,"comment_status":"closed","ping_status":"closed","template":"page-faq-nosidebar-promo.php","meta":{"_acf_changed":false,"inline_featured_image":false,"footnotes":""},"class_list":["post-6645","page","type-page","status-publish","hentry"],"acf":[],"yoast_head":"<!-- This site is optimized with the Yoast SEO plugin v24.4 - https:\/\/yoast.com\/wordpress\/plugins\/seo\/ -->\n<title>Rakeback de p\u00f3ker: gana hasta un 80 % semanal<\/title>\n<meta name=\"description\" content=\"Obt\u00e9n recompensas de rakeback semanales en PokerPlanets \ud83d\udcb0 \u00a1Esta es tu oportunidad de comenzar a jugar con una gran ventaja!\" \/>\n<meta name=\"robots\" content=\"index, follow, max-snippet:-1, max-image-preview:large, max-video-preview:-1\" \/>\n<meta property=\"og:locale\" content=\"es_ES\" \/>\n<meta property=\"og:type\" content=\"article\" \/>\n<meta property=\"og:title\" content=\"Consigue 10 cofres de rakeback: hasta un 80 % de descuento\" \/>\n<meta property=\"og:description\" content=\"Juega al p\u00f3ker, gana puntos y desbloquea 10 cofres con rakeback de hasta el 80 %. Usa el c\u00f3digo promocional Rakeback80\" \/>\n<meta property=\"og:url\" content=\"https:\/\/pokerplanets1.com\/es\/promociones\/rakeback-hasta-el-80\/\" \/>\n<meta property=\"og:site_name\" content=\"PokerPlanets\" \/>\n<meta name=\"twitter:card\" content=\"summary_large_image\" \/>\n<meta name=\"twitter:label1\" content=\"Tiempo de lectura\" \/>\n\t<meta name=\"twitter:data1\" content=\"2 minutos\" \/>\n<script type=\"application\/ld+json\" class=\"yoast-schema-graph\">{\"@context\":\"https:\/\/schema.org\",\"@graph\":[{\"@type\":\"WebPage\",\"@id\":\"https:\/\/pokerplanets1.com\/es\/promociones\/rakeback-hasta-el-80\/\",\"url\":\"https:\/\/pokerplanets1.com\/es\/promociones\/rakeback-hasta-el-80\/\",\"name\":\"Rakeback de p\u00f3ker: gana hasta un 80 % semanal\",\"isPartOf\":{\"@id\":\"https:\/\/pokerplanets1.com\/es\/#website\"},\"datePublished\":\"2025-01-29T00:23:40+00:00\",\"description\":\"Obt\u00e9n recompensas de rakeback semanales en PokerPlanets \ud83d\udcb0 \u00a1Esta es tu oportunidad de comenzar a jugar con una gran ventaja!\",\"breadcrumb\":{\"@id\":\"https:\/\/pokerplanets1.com\/es\/promociones\/rakeback-hasta-el-80\/#breadcrumb\"},\"inLanguage\":\"es\",\"potentialAction\":[{\"@type\":\"ReadAction\",\"target\":[\"https:\/\/pokerplanets1.com\/es\/promociones\/rakeback-hasta-el-80\/\"]}]},{\"@type\":\"BreadcrumbList\",\"@id\":\"https:\/\/pokerplanets1.com\/es\/promociones\/rakeback-hasta-el-80\/#breadcrumb\",\"itemListElement\":[{\"@type\":\"ListItem\",\"position\":1,\"name\":\"Home\",\"item\":\"https:\/\/pokerplanets1.com\/es\/\"},{\"@type\":\"ListItem\",\"position\":2,\"name\":\"Promociones\",\"item\":\"https:\/\/pokerplanets1.com\/es\/promociones\/\"},{\"@type\":\"ListItem\",\"position\":3,\"name\":\"Rakeback hasta el 80%\"}]},{\"@type\":\"WebSite\",\"@id\":\"https:\/\/pokerplanets1.com\/es\/#website\",\"url\":\"https:\/\/pokerplanets1.com\/es\/\",\"name\":\"PokerPlanets\",\"description\":\"\",\"potentialAction\":[{\"@type\":\"SearchAction\",\"target\":{\"@type\":\"EntryPoint\",\"urlTemplate\":\"https:\/\/pokerplanets1.com\/es\/?s={search_term_string}\"},\"query-input\":{\"@type\":\"PropertyValueSpecification\",\"valueRequired\":true,\"valueName\":\"search_term_string\"}}],\"inLanguage\":\"es\"}]}<\/script>\n<!-- \/ Yoast SEO plugin. -->","yoast_head_json":{"title":"Rakeback de p\u00f3ker: gana hasta un 80 % semanal","description":"Obt\u00e9n recompensas de rakeback semanales en PokerPlanets \ud83d\udcb0 \u00a1Esta es tu oportunidad de comenzar a jugar con una gran ventaja!","robots":{"index":"index","follow":"follow","max-snippet":"max-snippet:-1","max-image-preview":"max-image-preview:large","max-video-preview":"max-video-preview:-1"},"og_locale":"es_ES","og_type":"article","og_title":"Consigue 10 cofres de rakeback: hasta un 80 % de descuento","og_description":"Juega al p\u00f3ker, gana puntos y desbloquea 10 cofres con rakeback de hasta el 80 %. Usa el c\u00f3digo promocional Rakeback80","og_url":"https:\/\/pokerplanets1.com\/es\/promociones\/rakeback-hasta-el-80\/","og_site_name":"PokerPlanets","twitter_card":"summary_large_image","twitter_misc":{"Tiempo de lectura":"2 minutos"},"schema":{"@context":"https:\/\/schema.org","@graph":[{"@type":"WebPage","@id":"https:\/\/pokerplanets1.com\/es\/promociones\/rakeback-hasta-el-80\/","url":"https:\/\/pokerplanets1.com\/es\/promociones\/rakeback-hasta-el-80\/","name":"Rakeback de p\u00f3ker: gana hasta un 80 % semanal","isPartOf":{"@id":"https:\/\/pokerplanets1.com\/es\/#website"},"datePublished":"2025-01-29T00:23:40+00:00","description":"Obt\u00e9n recompensas de rakeback semanales en PokerPlanets \ud83d\udcb0 \u00a1Esta es tu oportunidad de comenzar a jugar con una gran ventaja!","breadcrumb":{"@id":"https:\/\/pokerplanets1.com\/es\/promociones\/rakeback-hasta-el-80\/#breadcrumb"},"inLanguage":"es","potentialAction":[{"@type":"ReadAction","target":["https:\/\/pokerplanets1.com\/es\/promociones\/rakeback-hasta-el-80\/"]}]},{"@type":"BreadcrumbList","@id":"https:\/\/pokerplanets1.com\/es\/promociones\/rakeback-hasta-el-80\/#breadcrumb","itemListElement":[{"@type":"ListItem","position":1,"name":"Home","item":"https:\/\/pokerplanets1.com\/es\/"},{"@type":"ListItem","position":2,"name":"Promociones","item":"https:\/\/pokerplanets1.com\/es\/promociones\/"},{"@type":"ListItem","position":3,"name":"Rakeback hasta el 80%"}]},{"@type":"WebSite","@id":"https:\/\/pokerplanets1.com\/es\/#website","url":"https:\/\/pokerplanets1.com\/es\/","name":"PokerPlanets","description":"","potentialAction":[{"@type":"SearchAction","target":{"@type":"EntryPoint","urlTemplate":"https:\/\/pokerplanets1.com\/es\/?s={search_term_string}"},"query-input":{"@type":"PropertyValueSpecification","valueRequired":true,"valueName":"search_term_string"}}],"inLanguage":"es"}]}},"_links":{"self":[{"href":"https:\/\/pokerplanets1.com\/es\/wp-json\/wp\/v2\/pages\/6645","targetHints":{"allow":["GET"]}}],"collection":[{"href":"https:\/\/pokerplanets1.com\/es\/wp-json\/wp\/v2\/pages"}],"about":[{"href":"https:\/\/pokerplanets1.com\/es\/wp-json\/wp\/v2\/types\/page"}],"author":[{"embeddable":true,"href":"https:\/\/pokerplanets1.com\/es\/wp-json\/wp\/v2\/users\/1"}],"replies":[{"embeddable":true,"href":"https:\/\/pokerplanets1.com\/es\/wp-json\/wp\/v2\/comments?post=6645"}],"version-history":[{"count":0,"href":"https:\/\/pokerplanets1.com\/es\/wp-json\/wp\/v2\/pages\/6645\/revisions"}],"up":[{"embeddable":true,"href":"https:\/\/pokerplanets1.com\/es\/wp-json\/wp\/v2\/pages\/6515"}],"wp:attachment":[{"href":"https:\/\/pokerplanets1.com\/es\/wp-json\/wp\/v2\/media?parent=6645"}],"curies":[{"name":"wp","href":"https:\/\/api.w.org\/{rel}","templated":true}]}}