{"id":6673,"date":"2025-06-09T10:18:56","date_gmt":"2025-06-09T07:18:56","guid":{"rendered":"https:\/\/pokerplanets1.com\/promociones\/gana-tu-ticket-de-entrada-para-el-spf-summer-en-pokerplanets\/"},"modified":"2025-06-09T10:18:56","modified_gmt":"2025-06-09T07:18:56","slug":"gana-tu-ticket-de-entrada-para-el-spf-summer-en-pokerplanets","status":"publish","type":"page","link":"https:\/\/pokerplanets1.com\/es\/promociones\/gana-tu-ticket-de-entrada-para-el-spf-summer-en-pokerplanets\/","title":{"rendered":"Gana tu ticket de entrada para el SPF SUMMER en PokerPlanets"},"content":{"rendered":"<p style=\"text-align: center;\"><span style=\"font-size: 14pt;\"><strong>Elige tu camino y viaja al SPF Summer<\/strong><\/span><\/p>\r\n<p><span style=\"font-size: 10pt;\"><strong>Del 9 al 22 de junio<\/strong>, PokerPlanets lanza torneos clasificatorios para el mayor evento de p\u00f3ker del verano: <strong>el SPF Summer Main Event con una entrada de $1 100 (88 000 RUB).<\/strong><\/span><\/p>\r\n<p><span style=\"font-size: 10pt;\"><strong>Escoge la opci\u00f3n que m\u00e1s te convenga:<\/strong><\/span><br \/>\r\n<span style=\"font-size: 10pt;\">\u2022 Juega sat\u00e9lites clasificatorios de $1.10, $3.30 o $5.50 durante toda la semana, avanza a la final y compite por el gran premio.<\/span><br \/>\r\n<span style=\"font-size: 10pt;\">\u2022 O entra directamente al torneo final por $55 y l\u00e1nzate de lleno a la carrera por los tickets.<\/span><\/p>\r\n<p><span style=\"font-size: 10pt;\"><strong>Programa<\/strong><\/span><\/p>\r\n<p><strong><span style=\"font-size: 10pt;\">Sat\u00e9lites clasificatorios (premio \u2014 ticket para la final de $55):<\/span><\/strong><\/p>\r\n<p><span style=\"font-size: 10pt;\">\u2022 Buy-in $1.10 \u2014 diario a las 10:30 (2 tickets);<\/span><br \/>\r\n<span style=\"font-size: 10pt;\">\u2022 Buy-in $3.30 \u2014 diario a las 12:30 y 14:30 (3 tickets en cada torneo);<\/span><br \/>\r\n<span style=\"font-size: 10pt;\">\u2022 Buy-in $5.50 \u2014 diario a las 16:30 y de lunes a s\u00e1bado a las 18:30, 20:30 y 22:30 (4 tickets en cada torneo).<\/span><\/p>\r\n<p><strong><span style=\"font-size: 10pt;\">Sat\u00e9lites finales (gran premio \u2014 ticket de $1 100 (88 000 RUB) para el SPF Summer Main Event):<\/span><\/strong><\/p>\r\n<p><span style=\"font-size: 10pt;\">\u2022 Buy-in $55 \u2014 15 de junio a las 19:00 (MSK) \u2014 5 tickets para el SPF Main Event $1 100 (88 000 RUB);<\/span><br \/>\r\n<span style=\"font-size: 10pt;\">\u2022 Buy-in $55 \u2014 22 de junio a las 19:00 (MSK) \u2014 4 tickets para el SPF Main Event $1 100 (88 000 RUB).<\/span><\/p>\r\n<p style=\"text-align: center;\"><strong><span style=\"font-size: 10pt;\">Da hoy tu primer paso hacia el SPF Summer<\/span><br \/>\r\n<\/strong><div id=\"detectButton5\" style=\"margin: 0 auto; text-align: center;\"><button class=\"button  button--red\" type=\"button\"><svg class=\"svg\"><use xlink:href=\"\/wp-content\/uploads\/2024\/12\/sprite.svg#lock\"><\/use> <\/svg>  DOWNLOAD POKERPLANETS <\/button><\/div><strong><br \/>\r\n<\/strong><\/p>","protected":false},"excerpt":{"rendered":"<p>Elige tu camino y viaja al SPF Summer Del 9 al 22 de junio, PokerPlanets lanza torneos clasificatorios para el mayor evento de p\u00f3ker del verano: el SPF Summer Main Event con una entrada de $1 100 (88 000 RUB). Escoge la opci\u00f3n que m\u00e1s te convenga: \u2022 Juega sat\u00e9lites clasificatorios de $1.10, $3.30 o [&hellip;]<\/p>\n","protected":false},"author":1,"featured_media":0,"parent":6515,"menu_order":0,"comment_status":"closed","ping_status":"closed","template":"page-faq-nosidebar-promo.php","meta":{"_acf_changed":false,"inline_featured_image":false,"footnotes":""},"class_list":["post-6673","page","type-page","status-publish","hentry"],"acf":[],"yoast_head":"<!-- This site is optimized with the Yoast SEO plugin v24.4 - https:\/\/yoast.com\/wordpress\/plugins\/seo\/ -->\n<title>Gana tu ticket de entrada para el SPF SUMMER en PokerPlanets - PokerPlanets<\/title>\n<meta name=\"robots\" content=\"index, follow, max-snippet:-1, max-image-preview:large, max-video-preview:-1\" \/>\n<meta property=\"og:locale\" content=\"es_ES\" \/>\n<meta property=\"og:type\" content=\"article\" \/>\n<meta property=\"og:title\" content=\"Gana tu ticket de entrada para el SPF SUMMER en PokerPlanets - PokerPlanets\" \/>\n<meta property=\"og:description\" content=\"Elige tu camino y viaja al SPF Summer Del 9 al 22 de junio, PokerPlanets lanza torneos clasificatorios para el mayor evento de p\u00f3ker del verano: el SPF Summer Main Event con una entrada de $1 100 (88 000 RUB). Escoge la opci\u00f3n que m\u00e1s te convenga: \u2022 Juega sat\u00e9lites clasificatorios de $1.10, $3.30 o [&hellip;]\" \/>\n<meta property=\"og:url\" content=\"https:\/\/pokerplanets1.com\/es\/promociones\/gana-tu-ticket-de-entrada-para-el-spf-summer-en-pokerplanets\/\" \/>\n<meta property=\"og:site_name\" content=\"PokerPlanets\" \/>\n<meta name=\"twitter:card\" content=\"summary_large_image\" \/>\n<meta name=\"twitter:label1\" content=\"Tiempo de lectura\" \/>\n\t<meta name=\"twitter:data1\" content=\"1 minuto\" \/>\n<script type=\"application\/ld+json\" class=\"yoast-schema-graph\">{\"@context\":\"https:\/\/schema.org\",\"@graph\":[{\"@type\":\"WebPage\",\"@id\":\"https:\/\/pokerplanets1.com\/es\/promociones\/gana-tu-ticket-de-entrada-para-el-spf-summer-en-pokerplanets\/\",\"url\":\"https:\/\/pokerplanets1.com\/es\/promociones\/gana-tu-ticket-de-entrada-para-el-spf-summer-en-pokerplanets\/\",\"name\":\"Gana tu ticket de entrada para el SPF SUMMER en PokerPlanets - PokerPlanets\",\"isPartOf\":{\"@id\":\"https:\/\/pokerplanets1.com\/es\/#website\"},\"datePublished\":\"2025-06-09T07:18:56+00:00\",\"breadcrumb\":{\"@id\":\"https:\/\/pokerplanets1.com\/es\/promociones\/gana-tu-ticket-de-entrada-para-el-spf-summer-en-pokerplanets\/#breadcrumb\"},\"inLanguage\":\"es\",\"potentialAction\":[{\"@type\":\"ReadAction\",\"target\":[\"https:\/\/pokerplanets1.com\/es\/promociones\/gana-tu-ticket-de-entrada-para-el-spf-summer-en-pokerplanets\/\"]}]},{\"@type\":\"BreadcrumbList\",\"@id\":\"https:\/\/pokerplanets1.com\/es\/promociones\/gana-tu-ticket-de-entrada-para-el-spf-summer-en-pokerplanets\/#breadcrumb\",\"itemListElement\":[{\"@type\":\"ListItem\",\"position\":1,\"name\":\"Home\",\"item\":\"https:\/\/pokerplanets1.com\/es\/\"},{\"@type\":\"ListItem\",\"position\":2,\"name\":\"Promociones\",\"item\":\"https:\/\/pokerplanets1.com\/es\/promociones\/\"},{\"@type\":\"ListItem\",\"position\":3,\"name\":\"Gana tu ticket de entrada para el SPF SUMMER en PokerPlanets\"}]},{\"@type\":\"WebSite\",\"@id\":\"https:\/\/pokerplanets1.com\/es\/#website\",\"url\":\"https:\/\/pokerplanets1.com\/es\/\",\"name\":\"PokerPlanets\",\"description\":\"\",\"potentialAction\":[{\"@type\":\"SearchAction\",\"target\":{\"@type\":\"EntryPoint\",\"urlTemplate\":\"https:\/\/pokerplanets1.com\/es\/?s={search_term_string}\"},\"query-input\":{\"@type\":\"PropertyValueSpecification\",\"valueRequired\":true,\"valueName\":\"search_term_string\"}}],\"inLanguage\":\"es\"}]}<\/script>\n<!-- \/ Yoast SEO plugin. -->","yoast_head_json":{"title":"Gana tu ticket de entrada para el SPF SUMMER en PokerPlanets - PokerPlanets","robots":{"index":"index","follow":"follow","max-snippet":"max-snippet:-1","max-image-preview":"max-image-preview:large","max-video-preview":"max-video-preview:-1"},"og_locale":"es_ES","og_type":"article","og_title":"Gana tu ticket de entrada para el SPF SUMMER en PokerPlanets - PokerPlanets","og_description":"Elige tu camino y viaja al SPF Summer Del 9 al 22 de junio, PokerPlanets lanza torneos clasificatorios para el mayor evento de p\u00f3ker del verano: el SPF Summer Main Event con una entrada de $1 100 (88 000 RUB). Escoge la opci\u00f3n que m\u00e1s te convenga: \u2022 Juega sat\u00e9lites clasificatorios de $1.10, $3.30 o [&hellip;]","og_url":"https:\/\/pokerplanets1.com\/es\/promociones\/gana-tu-ticket-de-entrada-para-el-spf-summer-en-pokerplanets\/","og_site_name":"PokerPlanets","twitter_card":"summary_large_image","twitter_misc":{"Tiempo de lectura":"1 minuto"},"schema":{"@context":"https:\/\/schema.org","@graph":[{"@type":"WebPage","@id":"https:\/\/pokerplanets1.com\/es\/promociones\/gana-tu-ticket-de-entrada-para-el-spf-summer-en-pokerplanets\/","url":"https:\/\/pokerplanets1.com\/es\/promociones\/gana-tu-ticket-de-entrada-para-el-spf-summer-en-pokerplanets\/","name":"Gana tu ticket de entrada para el SPF SUMMER en PokerPlanets - PokerPlanets","isPartOf":{"@id":"https:\/\/pokerplanets1.com\/es\/#website"},"datePublished":"2025-06-09T07:18:56+00:00","breadcrumb":{"@id":"https:\/\/pokerplanets1.com\/es\/promociones\/gana-tu-ticket-de-entrada-para-el-spf-summer-en-pokerplanets\/#breadcrumb"},"inLanguage":"es","potentialAction":[{"@type":"ReadAction","target":["https:\/\/pokerplanets1.com\/es\/promociones\/gana-tu-ticket-de-entrada-para-el-spf-summer-en-pokerplanets\/"]}]},{"@type":"BreadcrumbList","@id":"https:\/\/pokerplanets1.com\/es\/promociones\/gana-tu-ticket-de-entrada-para-el-spf-summer-en-pokerplanets\/#breadcrumb","itemListElement":[{"@type":"ListItem","position":1,"name":"Home","item":"https:\/\/pokerplanets1.com\/es\/"},{"@type":"ListItem","position":2,"name":"Promociones","item":"https:\/\/pokerplanets1.com\/es\/promociones\/"},{"@type":"ListItem","position":3,"name":"Gana tu ticket de entrada para el SPF SUMMER en PokerPlanets"}]},{"@type":"WebSite","@id":"https:\/\/pokerplanets1.com\/es\/#website","url":"https:\/\/pokerplanets1.com\/es\/","name":"PokerPlanets","description":"","potentialAction":[{"@type":"SearchAction","target":{"@type":"EntryPoint","urlTemplate":"https:\/\/pokerplanets1.com\/es\/?s={search_term_string}"},"query-input":{"@type":"PropertyValueSpecification","valueRequired":true,"valueName":"search_term_string"}}],"inLanguage":"es"}]}},"_links":{"self":[{"href":"https:\/\/pokerplanets1.com\/es\/wp-json\/wp\/v2\/pages\/6673","targetHints":{"allow":["GET"]}}],"collection":[{"href":"https:\/\/pokerplanets1.com\/es\/wp-json\/wp\/v2\/pages"}],"about":[{"href":"https:\/\/pokerplanets1.com\/es\/wp-json\/wp\/v2\/types\/page"}],"author":[{"embeddable":true,"href":"https:\/\/pokerplanets1.com\/es\/wp-json\/wp\/v2\/users\/1"}],"replies":[{"embeddable":true,"href":"https:\/\/pokerplanets1.com\/es\/wp-json\/wp\/v2\/comments?post=6673"}],"version-history":[{"count":0,"href":"https:\/\/pokerplanets1.com\/es\/wp-json\/wp\/v2\/pages\/6673\/revisions"}],"up":[{"embeddable":true,"href":"https:\/\/pokerplanets1.com\/es\/wp-json\/wp\/v2\/pages\/6515"}],"wp:attachment":[{"href":"https:\/\/pokerplanets1.com\/es\/wp-json\/wp\/v2\/media?parent=6673"}],"curies":[{"name":"wp","href":"https:\/\/api.w.org\/{rel}","templated":true}]}}