{"id":8205,"date":"2025-09-30T07:30:44","date_gmt":"2025-09-30T04:30:44","guid":{"rendered":"https:\/\/pokerplanets1.com\/promociones\/transfers-player-to-player\/"},"modified":"2025-09-30T14:06:23","modified_gmt":"2025-09-30T11:06:23","slug":"transfers-player-to-player","status":"publish","type":"page","link":"https:\/\/pokerplanets1.com\/es\/promociones\/transfers-player-to-player\/","title":{"rendered":"Transferencias de jugador a jugador"},"content":{"rendered":"<p style=\"text-align: center;\"><span style=\"font-size: 14pt;\"><strong>\u00a1La comodidad que estabas esperando! Transferencias entre jugadores \u2014 r\u00e1pidas, sencillas y sin comisiones.<\/strong><\/span><\/p>\r\n<p><span style=\"font-size: 10pt;\">Hemos hecho que PokerPlanets sea a\u00fan m\u00e1s conveniente. Ahora, todos los usuarios verificados pueden enviar y recibir transferencias directamente entre s\u00ed. Cero comisiones, sin esperas \u2014 solo transacciones r\u00e1pidas y sencillas para que nada te distraiga del juego.\r\n<\/span><br \/>\r\n<span style=\"font-size: 10pt;\"><strong style=\"font-size: 10pt;\"><br \/>\r\nHacer una transferencia es m\u00e1s f\u00e1cil que nunca:<\/strong><\/span><br \/>\r\n<span style=\"font-size: 10pt;\">1. Ve a la Caja y selecciona la pesta\u00f1a \u201cTransferencia\u201d.<\/span><br \/>\r\n<span style=\"font-size: 10pt;\">2. Ingresa el nombre de usuario del destinatario y el monto.<\/span><br \/>\r\n<span style=\"font-size: 10pt;\">3. Agrega un comentario (opcional).<\/span><br \/>\r\n<span style=\"font-size: 10pt;\">4. Haz clic en \u201cTransferir\u201d \u2014 \u00a1listo!<\/span><br \/><br \/>\r\n<span style=\"font-size: 10pt;\">Las transferencias entre jugadores est\u00e1n sujetas a requisitos obligatorios de apuesta.<\/span><br \/>\r\n<\/p>\r\n<p style=\"text-align: center;\"><span style=\"font-size: 10pt;\"><strong style=\"font-size: 10pt;\">Prueba las nuevas transferencias en acci\u00f3n \u2014 es un nivel completamente nuevo de libertad para los jugadores de PokerPlanets.<\/strong><\/span><\/p>\r\n<div style=\"margin: 0 auto; text-align: center;\"><div id=\"detectButton5\" style=\"margin: 0 auto; text-align: center;\"><button class=\"button  button--red\" type=\"button\"><svg class=\"svg\">\r\n              <use xlink:href=\"\/wp-content\/uploads\/2024\/12\/sprite.svg#lock\"><\/use>\r\n             <\/svg>  DESCARGAR POKERPLANETS <\/button><\/div><\/div>\r\n<p>&nbsp;<\/p>","protected":false},"excerpt":{"rendered":"<p>\u00a1La comodidad que estabas esperando! Transferencias entre jugadores \u2014 r\u00e1pidas, sencillas y sin comisiones. Hemos hecho que PokerPlanets sea a\u00fan m\u00e1s conveniente. Ahora, todos los usuarios verificados pueden enviar y recibir transferencias directamente entre s\u00ed. Cero comisiones, sin esperas \u2014 solo transacciones r\u00e1pidas y sencillas para que nada te distraiga del juego. Hacer una transferencia [&hellip;]<\/p>\n","protected":false},"author":1,"featured_media":0,"parent":6515,"menu_order":0,"comment_status":"closed","ping_status":"closed","template":"page-faq-nosidebar-promo.php","meta":{"_acf_changed":false,"inline_featured_image":false,"footnotes":""},"class_list":["post-8205","page","type-page","status-publish","hentry"],"acf":[],"yoast_head":"<!-- This site is optimized with the Yoast SEO plugin v24.4 - https:\/\/yoast.com\/wordpress\/plugins\/seo\/ -->\n<title>Transferencias de jugador a jugador - PokerPlanets<\/title>\n<meta name=\"robots\" content=\"index, follow, max-snippet:-1, max-image-preview:large, max-video-preview:-1\" \/>\n<meta property=\"og:locale\" content=\"es_ES\" \/>\n<meta property=\"og:type\" content=\"article\" \/>\n<meta property=\"og:title\" content=\"Transferencias de jugador a jugador - PokerPlanets\" \/>\n<meta property=\"og:description\" content=\"\u00a1La comodidad que estabas esperando! Transferencias entre jugadores \u2014 r\u00e1pidas, sencillas y sin comisiones. Hemos hecho que PokerPlanets sea a\u00fan m\u00e1s conveniente. Ahora, todos los usuarios verificados pueden enviar y recibir transferencias directamente entre s\u00ed. Cero comisiones, sin esperas \u2014 solo transacciones r\u00e1pidas y sencillas para que nada te distraiga del juego. Hacer una transferencia [&hellip;]\" \/>\n<meta property=\"og:url\" content=\"https:\/\/pokerplanets1.com\/es\/promociones\/transfers-player-to-player\/\" \/>\n<meta property=\"og:site_name\" content=\"PokerPlanets\" \/>\n<meta property=\"article:modified_time\" content=\"2025-09-30T11:06:23+00:00\" \/>\n<meta name=\"twitter:card\" content=\"summary_large_image\" \/>\n<meta name=\"twitter:label1\" content=\"Tiempo de lectura\" \/>\n\t<meta name=\"twitter:data1\" content=\"1 minuto\" \/>\n<script type=\"application\/ld+json\" class=\"yoast-schema-graph\">{\"@context\":\"https:\/\/schema.org\",\"@graph\":[{\"@type\":\"WebPage\",\"@id\":\"https:\/\/pokerplanets1.com\/es\/promociones\/transfers-player-to-player\/\",\"url\":\"https:\/\/pokerplanets1.com\/es\/promociones\/transfers-player-to-player\/\",\"name\":\"Transferencias de jugador a jugador - PokerPlanets\",\"isPartOf\":{\"@id\":\"https:\/\/pokerplanets1.com\/es\/#website\"},\"datePublished\":\"2025-09-30T04:30:44+00:00\",\"dateModified\":\"2025-09-30T11:06:23+00:00\",\"breadcrumb\":{\"@id\":\"https:\/\/pokerplanets1.com\/es\/promociones\/transfers-player-to-player\/#breadcrumb\"},\"inLanguage\":\"es\",\"potentialAction\":[{\"@type\":\"ReadAction\",\"target\":[\"https:\/\/pokerplanets1.com\/es\/promociones\/transfers-player-to-player\/\"]}]},{\"@type\":\"BreadcrumbList\",\"@id\":\"https:\/\/pokerplanets1.com\/es\/promociones\/transfers-player-to-player\/#breadcrumb\",\"itemListElement\":[{\"@type\":\"ListItem\",\"position\":1,\"name\":\"Home\",\"item\":\"https:\/\/pokerplanets1.com\/es\/\"},{\"@type\":\"ListItem\",\"position\":2,\"name\":\"Promociones\",\"item\":\"https:\/\/pokerplanets1.com\/es\/promociones\/\"},{\"@type\":\"ListItem\",\"position\":3,\"name\":\"Transferencias de jugador a jugador\"}]},{\"@type\":\"WebSite\",\"@id\":\"https:\/\/pokerplanets1.com\/es\/#website\",\"url\":\"https:\/\/pokerplanets1.com\/es\/\",\"name\":\"PokerPlanets\",\"description\":\"\",\"potentialAction\":[{\"@type\":\"SearchAction\",\"target\":{\"@type\":\"EntryPoint\",\"urlTemplate\":\"https:\/\/pokerplanets1.com\/es\/?s={search_term_string}\"},\"query-input\":{\"@type\":\"PropertyValueSpecification\",\"valueRequired\":true,\"valueName\":\"search_term_string\"}}],\"inLanguage\":\"es\"}]}<\/script>\n<!-- \/ Yoast SEO plugin. -->","yoast_head_json":{"title":"Transferencias de jugador a jugador - PokerPlanets","robots":{"index":"index","follow":"follow","max-snippet":"max-snippet:-1","max-image-preview":"max-image-preview:large","max-video-preview":"max-video-preview:-1"},"og_locale":"es_ES","og_type":"article","og_title":"Transferencias de jugador a jugador - PokerPlanets","og_description":"\u00a1La comodidad que estabas esperando! Transferencias entre jugadores \u2014 r\u00e1pidas, sencillas y sin comisiones. Hemos hecho que PokerPlanets sea a\u00fan m\u00e1s conveniente. Ahora, todos los usuarios verificados pueden enviar y recibir transferencias directamente entre s\u00ed. Cero comisiones, sin esperas \u2014 solo transacciones r\u00e1pidas y sencillas para que nada te distraiga del juego. Hacer una transferencia [&hellip;]","og_url":"https:\/\/pokerplanets1.com\/es\/promociones\/transfers-player-to-player\/","og_site_name":"PokerPlanets","article_modified_time":"2025-09-30T11:06:23+00:00","twitter_card":"summary_large_image","twitter_misc":{"Tiempo de lectura":"1 minuto"},"schema":{"@context":"https:\/\/schema.org","@graph":[{"@type":"WebPage","@id":"https:\/\/pokerplanets1.com\/es\/promociones\/transfers-player-to-player\/","url":"https:\/\/pokerplanets1.com\/es\/promociones\/transfers-player-to-player\/","name":"Transferencias de jugador a jugador - PokerPlanets","isPartOf":{"@id":"https:\/\/pokerplanets1.com\/es\/#website"},"datePublished":"2025-09-30T04:30:44+00:00","dateModified":"2025-09-30T11:06:23+00:00","breadcrumb":{"@id":"https:\/\/pokerplanets1.com\/es\/promociones\/transfers-player-to-player\/#breadcrumb"},"inLanguage":"es","potentialAction":[{"@type":"ReadAction","target":["https:\/\/pokerplanets1.com\/es\/promociones\/transfers-player-to-player\/"]}]},{"@type":"BreadcrumbList","@id":"https:\/\/pokerplanets1.com\/es\/promociones\/transfers-player-to-player\/#breadcrumb","itemListElement":[{"@type":"ListItem","position":1,"name":"Home","item":"https:\/\/pokerplanets1.com\/es\/"},{"@type":"ListItem","position":2,"name":"Promociones","item":"https:\/\/pokerplanets1.com\/es\/promociones\/"},{"@type":"ListItem","position":3,"name":"Transferencias de jugador a jugador"}]},{"@type":"WebSite","@id":"https:\/\/pokerplanets1.com\/es\/#website","url":"https:\/\/pokerplanets1.com\/es\/","name":"PokerPlanets","description":"","potentialAction":[{"@type":"SearchAction","target":{"@type":"EntryPoint","urlTemplate":"https:\/\/pokerplanets1.com\/es\/?s={search_term_string}"},"query-input":{"@type":"PropertyValueSpecification","valueRequired":true,"valueName":"search_term_string"}}],"inLanguage":"es"}]}},"_links":{"self":[{"href":"https:\/\/pokerplanets1.com\/es\/wp-json\/wp\/v2\/pages\/8205","targetHints":{"allow":["GET"]}}],"collection":[{"href":"https:\/\/pokerplanets1.com\/es\/wp-json\/wp\/v2\/pages"}],"about":[{"href":"https:\/\/pokerplanets1.com\/es\/wp-json\/wp\/v2\/types\/page"}],"author":[{"embeddable":true,"href":"https:\/\/pokerplanets1.com\/es\/wp-json\/wp\/v2\/users\/1"}],"replies":[{"embeddable":true,"href":"https:\/\/pokerplanets1.com\/es\/wp-json\/wp\/v2\/comments?post=8205"}],"version-history":[{"count":3,"href":"https:\/\/pokerplanets1.com\/es\/wp-json\/wp\/v2\/pages\/8205\/revisions"}],"predecessor-version":[{"id":8285,"href":"https:\/\/pokerplanets1.com\/es\/wp-json\/wp\/v2\/pages\/8205\/revisions\/8285"}],"up":[{"embeddable":true,"href":"https:\/\/pokerplanets1.com\/es\/wp-json\/wp\/v2\/pages\/6515"}],"wp:attachment":[{"href":"https:\/\/pokerplanets1.com\/es\/wp-json\/wp\/v2\/media?parent=8205"}],"curies":[{"name":"wp","href":"https:\/\/api.w.org\/{rel}","templated":true}]}}