{"id":8303,"date":"2025-02-28T17:49:36","date_gmt":"2025-02-28T14:49:36","guid":{"rendered":"https:\/\/pokerplanets1.com\/poker\/pokerstars-sochi\/"},"modified":"2025-10-09T01:34:26","modified_gmt":"2025-10-08T22:34:26","slug":"pokerstars-sochi","status":"publish","type":"page","link":"https:\/\/pokerplanets1.com\/es\/poker\/pokerstars-sochi\/","title":{"rendered":"PokerStars Sochi"},"content":{"rendered":"<h2 style=\"text-align: center;\">Informaci\u00f3n importante y \u00faltimas noticias para jugadores de PokerStars Sochi.<\/h2>\r\n<p>Tomen nota cuidadosamente:<\/p>\r\n<p>Debido al <strong>vencimiento de la licencia de PokerStars Sochi<\/strong> y al cierre del cliente de PokerStars Sochi, <strong>a partir del 6 de abril de 2025<\/strong> los usuarios ya no podr\u00e1n acceder a sus cuentas. Adem\u00e1s, PokerStars dejar\u00e1 de custodiar los fondos en las cuentas de los usuarios.<\/p>\r\n<p>Por este motivo, PokerStars ha decidido transferir la base de datos de PokerStars Sochi y los saldos de los usuarios al operador PokerPlanets, respetando ciertas condiciones, entre ellas el derecho de los usuarios a retirar fondos o a rechazar la transferencia.<\/p>\r\n<p style=\"text-align: center;\"><strong>Nos vemos pronto en las mesas de p\u00f3ker.<\/strong><\/p>","protected":false},"excerpt":{"rendered":"<p>Informaci\u00f3n importante y \u00faltimas noticias para jugadores de PokerStars Sochi. Tomen nota cuidadosamente: Debido al vencimiento de la licencia de PokerStars Sochi y al cierre del cliente de PokerStars Sochi, a partir del 6 de abril de 2025 los usuarios ya no podr\u00e1n acceder a sus cuentas. Adem\u00e1s, PokerStars dejar\u00e1 de custodiar los fondos en [&hellip;]<\/p>\n","protected":false},"author":1,"featured_media":0,"parent":6403,"menu_order":0,"comment_status":"closed","ping_status":"closed","template":"page-faq-nosidebar-sochi.php","meta":{"_acf_changed":false,"inline_featured_image":false,"footnotes":""},"class_list":["post-8303","page","type-page","status-publish","hentry"],"acf":[],"yoast_head":"<!-- This site is optimized with the Yoast SEO plugin v24.4 - https:\/\/yoast.com\/wordpress\/plugins\/seo\/ -->\n<title>PokerStars Sochi - PokerPlanets<\/title>\n<meta name=\"robots\" content=\"index, follow, max-snippet:-1, max-image-preview:large, max-video-preview:-1\" \/>\n<meta property=\"og:locale\" content=\"es_ES\" \/>\n<meta property=\"og:type\" content=\"article\" \/>\n<meta property=\"og:title\" content=\"PokerStars Sochi - PokerPlanets\" \/>\n<meta property=\"og:description\" content=\"Informaci\u00f3n importante y \u00faltimas noticias para jugadores de PokerStars Sochi. Tomen nota cuidadosamente: Debido al vencimiento de la licencia de PokerStars Sochi y al cierre del cliente de PokerStars Sochi, a partir del 6 de abril de 2025 los usuarios ya no podr\u00e1n acceder a sus cuentas. Adem\u00e1s, PokerStars dejar\u00e1 de custodiar los fondos en [&hellip;]\" \/>\n<meta property=\"og:url\" content=\"https:\/\/pokerplanets1.com\/es\/poker\/pokerstars-sochi\/\" \/>\n<meta property=\"og:site_name\" content=\"PokerPlanets\" \/>\n<meta property=\"article:modified_time\" content=\"2025-10-08T22:34:26+00:00\" \/>\n<meta name=\"twitter:card\" content=\"summary_large_image\" \/>\n<meta name=\"twitter:label1\" content=\"Tiempo de lectura\" \/>\n\t<meta name=\"twitter:data1\" content=\"1 minuto\" \/>\n<script type=\"application\/ld+json\" class=\"yoast-schema-graph\">{\"@context\":\"https:\/\/schema.org\",\"@graph\":[{\"@type\":\"WebPage\",\"@id\":\"https:\/\/pokerplanets1.com\/es\/poker\/pokerstars-sochi\/\",\"url\":\"https:\/\/pokerplanets1.com\/es\/poker\/pokerstars-sochi\/\",\"name\":\"PokerStars Sochi - PokerPlanets\",\"isPartOf\":{\"@id\":\"https:\/\/pokerplanets1.com\/es\/#website\"},\"datePublished\":\"2025-02-28T14:49:36+00:00\",\"dateModified\":\"2025-10-08T22:34:26+00:00\",\"breadcrumb\":{\"@id\":\"https:\/\/pokerplanets1.com\/es\/poker\/pokerstars-sochi\/#breadcrumb\"},\"inLanguage\":\"es\",\"potentialAction\":[{\"@type\":\"ReadAction\",\"target\":[\"https:\/\/pokerplanets1.com\/es\/poker\/pokerstars-sochi\/\"]}]},{\"@type\":\"BreadcrumbList\",\"@id\":\"https:\/\/pokerplanets1.com\/es\/poker\/pokerstars-sochi\/#breadcrumb\",\"itemListElement\":[{\"@type\":\"ListItem\",\"position\":1,\"name\":\"Home\",\"item\":\"https:\/\/pokerplanets1.com\/es\/\"},{\"@type\":\"ListItem\",\"position\":2,\"name\":\"P\u00f3ker\",\"item\":\"https:\/\/pokerplanets1.com\/es\/poker\/\"},{\"@type\":\"ListItem\",\"position\":3,\"name\":\"PokerStars Sochi\"}]},{\"@type\":\"WebSite\",\"@id\":\"https:\/\/pokerplanets1.com\/es\/#website\",\"url\":\"https:\/\/pokerplanets1.com\/es\/\",\"name\":\"PokerPlanets\",\"description\":\"\",\"potentialAction\":[{\"@type\":\"SearchAction\",\"target\":{\"@type\":\"EntryPoint\",\"urlTemplate\":\"https:\/\/pokerplanets1.com\/es\/?s={search_term_string}\"},\"query-input\":{\"@type\":\"PropertyValueSpecification\",\"valueRequired\":true,\"valueName\":\"search_term_string\"}}],\"inLanguage\":\"es\"}]}<\/script>\n<!-- \/ Yoast SEO plugin. -->","yoast_head_json":{"title":"PokerStars Sochi - PokerPlanets","robots":{"index":"index","follow":"follow","max-snippet":"max-snippet:-1","max-image-preview":"max-image-preview:large","max-video-preview":"max-video-preview:-1"},"og_locale":"es_ES","og_type":"article","og_title":"PokerStars Sochi - PokerPlanets","og_description":"Informaci\u00f3n importante y \u00faltimas noticias para jugadores de PokerStars Sochi. Tomen nota cuidadosamente: Debido al vencimiento de la licencia de PokerStars Sochi y al cierre del cliente de PokerStars Sochi, a partir del 6 de abril de 2025 los usuarios ya no podr\u00e1n acceder a sus cuentas. Adem\u00e1s, PokerStars dejar\u00e1 de custodiar los fondos en [&hellip;]","og_url":"https:\/\/pokerplanets1.com\/es\/poker\/pokerstars-sochi\/","og_site_name":"PokerPlanets","article_modified_time":"2025-10-08T22:34:26+00:00","twitter_card":"summary_large_image","twitter_misc":{"Tiempo de lectura":"1 minuto"},"schema":{"@context":"https:\/\/schema.org","@graph":[{"@type":"WebPage","@id":"https:\/\/pokerplanets1.com\/es\/poker\/pokerstars-sochi\/","url":"https:\/\/pokerplanets1.com\/es\/poker\/pokerstars-sochi\/","name":"PokerStars Sochi - PokerPlanets","isPartOf":{"@id":"https:\/\/pokerplanets1.com\/es\/#website"},"datePublished":"2025-02-28T14:49:36+00:00","dateModified":"2025-10-08T22:34:26+00:00","breadcrumb":{"@id":"https:\/\/pokerplanets1.com\/es\/poker\/pokerstars-sochi\/#breadcrumb"},"inLanguage":"es","potentialAction":[{"@type":"ReadAction","target":["https:\/\/pokerplanets1.com\/es\/poker\/pokerstars-sochi\/"]}]},{"@type":"BreadcrumbList","@id":"https:\/\/pokerplanets1.com\/es\/poker\/pokerstars-sochi\/#breadcrumb","itemListElement":[{"@type":"ListItem","position":1,"name":"Home","item":"https:\/\/pokerplanets1.com\/es\/"},{"@type":"ListItem","position":2,"name":"P\u00f3ker","item":"https:\/\/pokerplanets1.com\/es\/poker\/"},{"@type":"ListItem","position":3,"name":"PokerStars Sochi"}]},{"@type":"WebSite","@id":"https:\/\/pokerplanets1.com\/es\/#website","url":"https:\/\/pokerplanets1.com\/es\/","name":"PokerPlanets","description":"","potentialAction":[{"@type":"SearchAction","target":{"@type":"EntryPoint","urlTemplate":"https:\/\/pokerplanets1.com\/es\/?s={search_term_string}"},"query-input":{"@type":"PropertyValueSpecification","valueRequired":true,"valueName":"search_term_string"}}],"inLanguage":"es"}]}},"_links":{"self":[{"href":"https:\/\/pokerplanets1.com\/es\/wp-json\/wp\/v2\/pages\/8303","targetHints":{"allow":["GET"]}}],"collection":[{"href":"https:\/\/pokerplanets1.com\/es\/wp-json\/wp\/v2\/pages"}],"about":[{"href":"https:\/\/pokerplanets1.com\/es\/wp-json\/wp\/v2\/types\/page"}],"author":[{"embeddable":true,"href":"https:\/\/pokerplanets1.com\/es\/wp-json\/wp\/v2\/users\/1"}],"replies":[{"embeddable":true,"href":"https:\/\/pokerplanets1.com\/es\/wp-json\/wp\/v2\/comments?post=8303"}],"version-history":[{"count":4,"href":"https:\/\/pokerplanets1.com\/es\/wp-json\/wp\/v2\/pages\/8303\/revisions"}],"predecessor-version":[{"id":8316,"href":"https:\/\/pokerplanets1.com\/es\/wp-json\/wp\/v2\/pages\/8303\/revisions\/8316"}],"up":[{"embeddable":true,"href":"https:\/\/pokerplanets1.com\/es\/wp-json\/wp\/v2\/pages\/6403"}],"wp:attachment":[{"href":"https:\/\/pokerplanets1.com\/es\/wp-json\/wp\/v2\/media?parent=8303"}],"curies":[{"name":"wp","href":"https:\/\/api.w.org\/{rel}","templated":true}]}}