{"id":10234,"date":"2025-12-29T14:16:27","date_gmt":"2025-12-29T11:16:27","guid":{"rendered":"https:\/\/pokerplanets1.com\/promotions\/santa-bank\/"},"modified":"2025-12-29T14:49:46","modified_gmt":"2025-12-29T11:49:46","slug":"santa-bank","status":"publish","type":"page","link":"https:\/\/pokerplanets1.com\/pt-br\/promotions\/santa-bank\/","title":{"rendered":"Santa bank"},"content":{"rendered":"<p style=\"text-align: center;\"><span style=\"font-size: 14pt;\"><strong>Voc\u00ea consegue chegar ao tesouro do Papai Noel?<\/strong><\/span><\/p>\r\n<p><span style=\"font-size: 10pt;\">O Papai Noel escondeu algo especial para os verdadeiros ca\u00e7adores de tesouros! <strong>A partir de 28 de dezembro<\/strong>: jogue torneios <strong>Spin&amp;Win<\/strong>, ganhe pontos e conquiste pr\u00eamios incr\u00edveis dos cofres secretos do Papai Noel.<\/span><\/p>\r\n<p><span style=\"font-size: 10pt;\"><strong>\u00c9 simples:<\/strong><\/span><\/p>\r\n<ol>\r\n\t<li><span style=\"font-size: 10pt;\">Jogue Spin&amp;Win com buy-ins de $0.5, $3 e $10.<\/span><\/li>\r\n\t<li><span style=\"font-size: 10pt;\">Ganhe 1 ponto por cada torneio jogado.<\/span><\/li>\r\n\t<li><span style=\"font-size: 10pt;\">Suba no ranking e receba os presentes do Papai Noel!<\/span><\/li>\r\n<\/ol>\r\n<p><span style=\"font-size: 10pt;\"><strong>Cada torneio leva voc\u00ea mais perto do tesouro!<\/strong><\/span><\/p>\r\n<p><span style=\"font-size: 10pt;\">O Papai Noel escondeu cotas de pr\u00eamios em cada n\u00edvel. Para abri-los, \u00e9 preciso trabalho em equipe \u2014 todos os jogadores contribuem para encher a barra de progresso. <strong>Quanto mais ela avan\u00e7a, mais perto est\u00e1 o pagamento!<\/strong> Quando a barra atingir 100%, o cofre ser\u00e1 aberto. O pr\u00eamio \u00e9 dividido entre os 1<strong>0 jogadores mais ativos daquele n\u00edvel<\/strong>.<\/span><\/p>\r\n<p><span style=\"font-size: 10pt;\"><strong>Pr\u00eamios por cofre:<\/strong><\/span><\/p>\r\n<ul>\r\n\t<li><span style=\"font-size: 10pt;\">Spin&amp;Win $0.5 \u2014 de $25 a $250<\/span><\/li>\r\n\t<li><span style=\"font-size: 10pt;\">Spin&amp;Win $3 \u2014 de $50 a $500<\/span><\/li>\r\n\t<li><span style=\"font-size: 10pt;\">Spin&amp;Win $10 \u2014 de $100 a $1 000<\/span><\/li>\r\n<\/ul>\r\n<p><span style=\"font-size: 10pt;\"><strong>Acompanhe seu progresso no <\/strong><a href=\"http:\/\/santa-bank.com\"><strong>ranking<\/strong><\/a><strong>.<\/strong><\/span><\/p>\r\n<p><span style=\"font-size: 10pt;\">O valor \u00e9 definido aleatoriamente e revelado apenas na abertura do cofre.<\/span><\/p>\r\n<p style=\"text-align: center;\"><span style=\"font-size: 10pt;\"><strong>Quanto mais voc\u00ea joga, mais voc\u00ea ganha! A ca\u00e7a come\u00e7ou \u2014 entre agora!<\/strong><\/span><\/p>\r\n<div style=\"margin: 0 auto; text-align: center;\"><div id=\"detectButton5\" style=\"margin: 0 auto; text-align: center;\"><button class=\"button  button--red\" type=\"button\"><svg class=\"svg\">\r\n              <use xlink:href=\"\/wp-content\/uploads\/2024\/12\/sprite.svg#lock\"><\/use>\r\n             <\/svg>  BAIXAR O POKERPLANETS <\/button><\/div><\/div>\r\n<p>&nbsp;<\/p>","protected":false},"excerpt":{"rendered":"<p>Voc\u00ea consegue chegar ao tesouro do Papai Noel? O Papai Noel escondeu algo especial para os verdadeiros ca\u00e7adores de tesouros! A partir de 28 de dezembro: jogue torneios Spin&amp;Win, ganhe pontos e conquiste pr\u00eamios incr\u00edveis dos cofres secretos do Papai Noel. \u00c9 simples: Jogue Spin&amp;Win com buy-ins de $0.5, $3 e $10. Ganhe 1 ponto [&hellip;]<\/p>\n","protected":false},"author":1,"featured_media":0,"parent":7185,"menu_order":0,"comment_status":"closed","ping_status":"closed","template":"page-faq-nosidebar-promo.php","meta":{"_acf_changed":false,"inline_featured_image":false,"footnotes":""},"class_list":["post-10234","page","type-page","status-publish","hentry"],"acf":[],"yoast_head":"<!-- This site is optimized with the Yoast SEO plugin v24.4 - https:\/\/yoast.com\/wordpress\/plugins\/seo\/ -->\n<title>Santa bank - PokerPlanets<\/title>\n<meta name=\"robots\" content=\"index, follow, max-snippet:-1, max-image-preview:large, max-video-preview:-1\" \/>\n<meta property=\"og:locale\" content=\"pt_BR\" \/>\n<meta property=\"og:type\" content=\"article\" \/>\n<meta property=\"og:title\" content=\"Santa bank - PokerPlanets\" \/>\n<meta property=\"og:description\" content=\"Voc\u00ea consegue chegar ao tesouro do Papai Noel? O Papai Noel escondeu algo especial para os verdadeiros ca\u00e7adores de tesouros! A partir de 28 de dezembro: jogue torneios Spin&amp;Win, ganhe pontos e conquiste pr\u00eamios incr\u00edveis dos cofres secretos do Papai Noel. \u00c9 simples: Jogue Spin&amp;Win com buy-ins de $0.5, $3 e $10. Ganhe 1 ponto [&hellip;]\" \/>\n<meta property=\"og:url\" content=\"https:\/\/pokerplanets1.com\/pt-br\/promotions\/santa-bank\/\" \/>\n<meta property=\"og:site_name\" content=\"PokerPlanets\" \/>\n<meta property=\"article:modified_time\" content=\"2025-12-29T11:49:46+00:00\" \/>\n<meta name=\"twitter:card\" content=\"summary_large_image\" \/>\n<meta name=\"twitter:label1\" content=\"Est. tempo de leitura\" \/>\n\t<meta name=\"twitter:data1\" content=\"1 minuto\" \/>\n<script type=\"application\/ld+json\" class=\"yoast-schema-graph\">{\"@context\":\"https:\/\/schema.org\",\"@graph\":[{\"@type\":\"WebPage\",\"@id\":\"https:\/\/pokerplanets1.com\/pt-br\/promotions\/santa-bank\/\",\"url\":\"https:\/\/pokerplanets1.com\/pt-br\/promotions\/santa-bank\/\",\"name\":\"Santa bank - PokerPlanets\",\"isPartOf\":{\"@id\":\"https:\/\/pokerplanets1.com\/pt-br\/#website\"},\"datePublished\":\"2025-12-29T11:16:27+00:00\",\"dateModified\":\"2025-12-29T11:49:46+00:00\",\"breadcrumb\":{\"@id\":\"https:\/\/pokerplanets1.com\/pt-br\/promotions\/santa-bank\/#breadcrumb\"},\"inLanguage\":\"pt-BR\",\"potentialAction\":[{\"@type\":\"ReadAction\",\"target\":[\"https:\/\/pokerplanets1.com\/pt-br\/promotions\/santa-bank\/\"]}]},{\"@type\":\"BreadcrumbList\",\"@id\":\"https:\/\/pokerplanets1.com\/pt-br\/promotions\/santa-bank\/#breadcrumb\",\"itemListElement\":[{\"@type\":\"ListItem\",\"position\":1,\"name\":\"Home\",\"item\":\"https:\/\/pokerplanets1.com\/pt-br\/\"},{\"@type\":\"ListItem\",\"position\":2,\"name\":\"Promo\u00e7\u00f5es\",\"item\":\"https:\/\/pokerplanets1.com\/pt-br\/promotions\/\"},{\"@type\":\"ListItem\",\"position\":3,\"name\":\"Santa bank\"}]},{\"@type\":\"WebSite\",\"@id\":\"https:\/\/pokerplanets1.com\/pt-br\/#website\",\"url\":\"https:\/\/pokerplanets1.com\/pt-br\/\",\"name\":\"PokerPlanets\",\"description\":\"\",\"potentialAction\":[{\"@type\":\"SearchAction\",\"target\":{\"@type\":\"EntryPoint\",\"urlTemplate\":\"https:\/\/pokerplanets1.com\/pt-br\/?s={search_term_string}\"},\"query-input\":{\"@type\":\"PropertyValueSpecification\",\"valueRequired\":true,\"valueName\":\"search_term_string\"}}],\"inLanguage\":\"pt-BR\"}]}<\/script>\n<!-- \/ Yoast SEO plugin. -->","yoast_head_json":{"title":"Santa bank - PokerPlanets","robots":{"index":"index","follow":"follow","max-snippet":"max-snippet:-1","max-image-preview":"max-image-preview:large","max-video-preview":"max-video-preview:-1"},"og_locale":"pt_BR","og_type":"article","og_title":"Santa bank - PokerPlanets","og_description":"Voc\u00ea consegue chegar ao tesouro do Papai Noel? O Papai Noel escondeu algo especial para os verdadeiros ca\u00e7adores de tesouros! A partir de 28 de dezembro: jogue torneios Spin&amp;Win, ganhe pontos e conquiste pr\u00eamios incr\u00edveis dos cofres secretos do Papai Noel. \u00c9 simples: Jogue Spin&amp;Win com buy-ins de $0.5, $3 e $10. Ganhe 1 ponto [&hellip;]","og_url":"https:\/\/pokerplanets1.com\/pt-br\/promotions\/santa-bank\/","og_site_name":"PokerPlanets","article_modified_time":"2025-12-29T11:49:46+00:00","twitter_card":"summary_large_image","twitter_misc":{"Est. tempo de leitura":"1 minuto"},"schema":{"@context":"https:\/\/schema.org","@graph":[{"@type":"WebPage","@id":"https:\/\/pokerplanets1.com\/pt-br\/promotions\/santa-bank\/","url":"https:\/\/pokerplanets1.com\/pt-br\/promotions\/santa-bank\/","name":"Santa bank - PokerPlanets","isPartOf":{"@id":"https:\/\/pokerplanets1.com\/pt-br\/#website"},"datePublished":"2025-12-29T11:16:27+00:00","dateModified":"2025-12-29T11:49:46+00:00","breadcrumb":{"@id":"https:\/\/pokerplanets1.com\/pt-br\/promotions\/santa-bank\/#breadcrumb"},"inLanguage":"pt-BR","potentialAction":[{"@type":"ReadAction","target":["https:\/\/pokerplanets1.com\/pt-br\/promotions\/santa-bank\/"]}]},{"@type":"BreadcrumbList","@id":"https:\/\/pokerplanets1.com\/pt-br\/promotions\/santa-bank\/#breadcrumb","itemListElement":[{"@type":"ListItem","position":1,"name":"Home","item":"https:\/\/pokerplanets1.com\/pt-br\/"},{"@type":"ListItem","position":2,"name":"Promo\u00e7\u00f5es","item":"https:\/\/pokerplanets1.com\/pt-br\/promotions\/"},{"@type":"ListItem","position":3,"name":"Santa bank"}]},{"@type":"WebSite","@id":"https:\/\/pokerplanets1.com\/pt-br\/#website","url":"https:\/\/pokerplanets1.com\/pt-br\/","name":"PokerPlanets","description":"","potentialAction":[{"@type":"SearchAction","target":{"@type":"EntryPoint","urlTemplate":"https:\/\/pokerplanets1.com\/pt-br\/?s={search_term_string}"},"query-input":{"@type":"PropertyValueSpecification","valueRequired":true,"valueName":"search_term_string"}}],"inLanguage":"pt-BR"}]}},"_links":{"self":[{"href":"https:\/\/pokerplanets1.com\/pt-br\/wp-json\/wp\/v2\/pages\/10234","targetHints":{"allow":["GET"]}}],"collection":[{"href":"https:\/\/pokerplanets1.com\/pt-br\/wp-json\/wp\/v2\/pages"}],"about":[{"href":"https:\/\/pokerplanets1.com\/pt-br\/wp-json\/wp\/v2\/types\/page"}],"author":[{"embeddable":true,"href":"https:\/\/pokerplanets1.com\/pt-br\/wp-json\/wp\/v2\/users\/1"}],"replies":[{"embeddable":true,"href":"https:\/\/pokerplanets1.com\/pt-br\/wp-json\/wp\/v2\/comments?post=10234"}],"version-history":[{"count":1,"href":"https:\/\/pokerplanets1.com\/pt-br\/wp-json\/wp\/v2\/pages\/10234\/revisions"}],"predecessor-version":[{"id":10235,"href":"https:\/\/pokerplanets1.com\/pt-br\/wp-json\/wp\/v2\/pages\/10234\/revisions\/10235"}],"up":[{"embeddable":true,"href":"https:\/\/pokerplanets1.com\/pt-br\/wp-json\/wp\/v2\/pages\/7185"}],"wp:attachment":[{"href":"https:\/\/pokerplanets1.com\/pt-br\/wp-json\/wp\/v2\/media?parent=10234"}],"curies":[{"name":"wp","href":"https:\/\/api.w.org\/{rel}","templated":true}]}}