{"id":10299,"date":"2025-12-30T15:33:46","date_gmt":"2025-12-30T12:33:46","guid":{"rendered":"https:\/\/pokerplanets1.com\/promotions\/comet-cup\/"},"modified":"2025-12-30T15:41:09","modified_gmt":"2025-12-30T12:41:09","slug":"comet-cup","status":"publish","type":"page","link":"https:\/\/pokerplanets1.com\/pt-br\/promotions\/comet-cup\/","title":{"rendered":"Comet Cup"},"content":{"rendered":"<p style=\"text-align: center;\"><span style=\"font-size: 14pt;\"><strong>Comet Cup: v\u00e1rios dias de jogo, uma grande vit\u00f3ria<\/strong><\/span><\/p>\r\n<p><span style=\"font-size: 10pt;\"><strong>De 2 a 11 de janeiro<\/strong>, <strong>o Comet Cup est\u00e1 de volta<\/strong>. Um formato conhecido, garantia s\u00f3lida e pr\u00eamios garantidos na final. O Comet Cup \u00e9 um evento de v\u00e1rios dias com m\u00faltiplos flights iniciais (Dia 1) e um Dia Final \u00fanico (Dia 2), disputando um prize pool garantido de <strong>$2 500<\/strong>.<\/span><\/p>\r\n<p><span style=\"font-size: 10pt;\"><strong>Detalhes do torneio<br \/>\r\n<\/strong><\/span><\/p>\r\n<ul>\r\n\t<li><span style=\"font-size: 10pt;\"><strong>Buy-in: $11<\/strong><\/span><\/li>\r\n\t<li><span style=\"font-size: 10pt;\"><strong>Garantia: $2 500<\/strong><\/span><\/li>\r\n\t<li><span style=\"font-size: 10pt;\">Cada flight inicial segue at\u00e9 restarem 15% dos jogadores; eles avan\u00e7am para o Dia 2.<\/span><\/li>\r\n\t<li><span style=\"font-size: 10pt;\">Todos que chegam ao Dia 2 entram com premia\u00e7\u00e3o garantida.<\/span><\/li>\r\n\t<li><span style=\"font-size: 10pt;\">\u00c9 poss\u00edvel jogar v\u00e1rios Dias 1 e levar para a final o maior stack.<\/span><\/li>\r\n<\/ul>\r\n<p><span style=\"font-size: 10pt;\"><strong>Cronograma<br \/>\r\n<\/strong><\/span><\/p>\r\n<p><span style=\"font-size: 10pt;\"><strong>Flights iniciais (Dia 1) \u2014 2 a 11 de janeiro:<\/strong><\/span><\/p>\r\n<ul>\r\n\t<li><span style=\"font-size: 10pt;\"><strong>2\u201310 de janeiro: 17:30, 21:30 MSK;<\/strong><\/span><\/li>\r\n\t<li><span style=\"font-size: 10pt;\"><strong>3\u201310 de janeiro: 12:30, 14:30 MSK;<\/strong><\/span><\/li>\r\n\t<li><span style=\"font-size: 10pt;\"><strong>11 de janeiro: 12:30 MSK.<\/strong><\/span><\/li>\r\n<\/ul>\r\n<p><span style=\"font-size: 10pt;\"><strong>Final (Dia 2)<\/strong><\/span><\/p>\r\n<ul>\r\n\t<li><span style=\"font-size: 10pt;\"><strong>Domingo, 11 de janeiro \u2014 18:30 MSK<\/strong><\/span><\/li>\r\n<\/ul>\r\n<p style=\"text-align: center;\"><span style=\"font-size: 10pt;\"><strong>O Comet Cup est\u00e1 esperando por voc\u00ea! Jogue, construa seu stack e conquiste o t\u00edtulo de campe\u00e3o.<\/strong><\/span><\/p>\r\n<div style=\"margin: 0 auto; text-align: center;\"><div id=\"detectButton5\" style=\"margin: 0 auto; text-align: center;\"><button class=\"button  button--red\" type=\"button\"><svg class=\"svg\">\r\n              <use xlink:href=\"\/wp-content\/uploads\/2024\/12\/sprite.svg#lock\"><\/use>\r\n             <\/svg>  BAIXAR O POKERPLANETS <\/button><\/div><\/div>\r\n<p>&nbsp;<\/p>","protected":false},"excerpt":{"rendered":"<p>Comet Cup: v\u00e1rios dias de jogo, uma grande vit\u00f3ria De 2 a 11 de janeiro, o Comet Cup est\u00e1 de volta. Um formato conhecido, garantia s\u00f3lida e pr\u00eamios garantidos na final. O Comet Cup \u00e9 um evento de v\u00e1rios dias com m\u00faltiplos flights iniciais (Dia 1) e um Dia Final \u00fanico (Dia 2), disputando um [&hellip;]<\/p>\n","protected":false},"author":1,"featured_media":0,"parent":7185,"menu_order":0,"comment_status":"closed","ping_status":"closed","template":"page-faq-nosidebar-promo.php","meta":{"_acf_changed":false,"inline_featured_image":false,"footnotes":""},"class_list":["post-10299","page","type-page","status-publish","hentry"],"acf":[],"yoast_head":"<!-- This site is optimized with the Yoast SEO plugin v24.4 - https:\/\/yoast.com\/wordpress\/plugins\/seo\/ -->\n<title>Comet Cup - PokerPlanets<\/title>\n<meta name=\"robots\" content=\"index, follow, max-snippet:-1, max-image-preview:large, max-video-preview:-1\" \/>\n<meta property=\"og:locale\" content=\"pt_BR\" \/>\n<meta property=\"og:type\" content=\"article\" \/>\n<meta property=\"og:title\" content=\"Comet Cup - PokerPlanets\" \/>\n<meta property=\"og:description\" content=\"Comet Cup: v\u00e1rios dias de jogo, uma grande vit\u00f3ria De 2 a 11 de janeiro, o Comet Cup est\u00e1 de volta. Um formato conhecido, garantia s\u00f3lida e pr\u00eamios garantidos na final. O Comet Cup \u00e9 um evento de v\u00e1rios dias com m\u00faltiplos flights iniciais (Dia 1) e um Dia Final \u00fanico (Dia 2), disputando um [&hellip;]\" \/>\n<meta property=\"og:url\" content=\"https:\/\/pokerplanets1.com\/pt-br\/promotions\/comet-cup\/\" \/>\n<meta property=\"og:site_name\" content=\"PokerPlanets\" \/>\n<meta property=\"article:modified_time\" content=\"2025-12-30T12:41:09+00:00\" \/>\n<meta name=\"twitter:card\" content=\"summary_large_image\" \/>\n<meta name=\"twitter:label1\" content=\"Est. tempo de leitura\" \/>\n\t<meta name=\"twitter:data1\" content=\"1 minuto\" \/>\n<script type=\"application\/ld+json\" class=\"yoast-schema-graph\">{\"@context\":\"https:\/\/schema.org\",\"@graph\":[{\"@type\":\"WebPage\",\"@id\":\"https:\/\/pokerplanets1.com\/pt-br\/promotions\/comet-cup\/\",\"url\":\"https:\/\/pokerplanets1.com\/pt-br\/promotions\/comet-cup\/\",\"name\":\"Comet Cup - PokerPlanets\",\"isPartOf\":{\"@id\":\"https:\/\/pokerplanets1.com\/pt-br\/#website\"},\"datePublished\":\"2025-12-30T12:33:46+00:00\",\"dateModified\":\"2025-12-30T12:41:09+00:00\",\"breadcrumb\":{\"@id\":\"https:\/\/pokerplanets1.com\/pt-br\/promotions\/comet-cup\/#breadcrumb\"},\"inLanguage\":\"pt-BR\",\"potentialAction\":[{\"@type\":\"ReadAction\",\"target\":[\"https:\/\/pokerplanets1.com\/pt-br\/promotions\/comet-cup\/\"]}]},{\"@type\":\"BreadcrumbList\",\"@id\":\"https:\/\/pokerplanets1.com\/pt-br\/promotions\/comet-cup\/#breadcrumb\",\"itemListElement\":[{\"@type\":\"ListItem\",\"position\":1,\"name\":\"Home\",\"item\":\"https:\/\/pokerplanets1.com\/pt-br\/\"},{\"@type\":\"ListItem\",\"position\":2,\"name\":\"Promo\u00e7\u00f5es\",\"item\":\"https:\/\/pokerplanets1.com\/pt-br\/promotions\/\"},{\"@type\":\"ListItem\",\"position\":3,\"name\":\"Comet Cup\"}]},{\"@type\":\"WebSite\",\"@id\":\"https:\/\/pokerplanets1.com\/pt-br\/#website\",\"url\":\"https:\/\/pokerplanets1.com\/pt-br\/\",\"name\":\"PokerPlanets\",\"description\":\"\",\"potentialAction\":[{\"@type\":\"SearchAction\",\"target\":{\"@type\":\"EntryPoint\",\"urlTemplate\":\"https:\/\/pokerplanets1.com\/pt-br\/?s={search_term_string}\"},\"query-input\":{\"@type\":\"PropertyValueSpecification\",\"valueRequired\":true,\"valueName\":\"search_term_string\"}}],\"inLanguage\":\"pt-BR\"}]}<\/script>\n<!-- \/ Yoast SEO plugin. -->","yoast_head_json":{"title":"Comet Cup - PokerPlanets","robots":{"index":"index","follow":"follow","max-snippet":"max-snippet:-1","max-image-preview":"max-image-preview:large","max-video-preview":"max-video-preview:-1"},"og_locale":"pt_BR","og_type":"article","og_title":"Comet Cup - PokerPlanets","og_description":"Comet Cup: v\u00e1rios dias de jogo, uma grande vit\u00f3ria De 2 a 11 de janeiro, o Comet Cup est\u00e1 de volta. Um formato conhecido, garantia s\u00f3lida e pr\u00eamios garantidos na final. O Comet Cup \u00e9 um evento de v\u00e1rios dias com m\u00faltiplos flights iniciais (Dia 1) e um Dia Final \u00fanico (Dia 2), disputando um [&hellip;]","og_url":"https:\/\/pokerplanets1.com\/pt-br\/promotions\/comet-cup\/","og_site_name":"PokerPlanets","article_modified_time":"2025-12-30T12:41:09+00:00","twitter_card":"summary_large_image","twitter_misc":{"Est. tempo de leitura":"1 minuto"},"schema":{"@context":"https:\/\/schema.org","@graph":[{"@type":"WebPage","@id":"https:\/\/pokerplanets1.com\/pt-br\/promotions\/comet-cup\/","url":"https:\/\/pokerplanets1.com\/pt-br\/promotions\/comet-cup\/","name":"Comet Cup - PokerPlanets","isPartOf":{"@id":"https:\/\/pokerplanets1.com\/pt-br\/#website"},"datePublished":"2025-12-30T12:33:46+00:00","dateModified":"2025-12-30T12:41:09+00:00","breadcrumb":{"@id":"https:\/\/pokerplanets1.com\/pt-br\/promotions\/comet-cup\/#breadcrumb"},"inLanguage":"pt-BR","potentialAction":[{"@type":"ReadAction","target":["https:\/\/pokerplanets1.com\/pt-br\/promotions\/comet-cup\/"]}]},{"@type":"BreadcrumbList","@id":"https:\/\/pokerplanets1.com\/pt-br\/promotions\/comet-cup\/#breadcrumb","itemListElement":[{"@type":"ListItem","position":1,"name":"Home","item":"https:\/\/pokerplanets1.com\/pt-br\/"},{"@type":"ListItem","position":2,"name":"Promo\u00e7\u00f5es","item":"https:\/\/pokerplanets1.com\/pt-br\/promotions\/"},{"@type":"ListItem","position":3,"name":"Comet Cup"}]},{"@type":"WebSite","@id":"https:\/\/pokerplanets1.com\/pt-br\/#website","url":"https:\/\/pokerplanets1.com\/pt-br\/","name":"PokerPlanets","description":"","potentialAction":[{"@type":"SearchAction","target":{"@type":"EntryPoint","urlTemplate":"https:\/\/pokerplanets1.com\/pt-br\/?s={search_term_string}"},"query-input":{"@type":"PropertyValueSpecification","valueRequired":true,"valueName":"search_term_string"}}],"inLanguage":"pt-BR"}]}},"_links":{"self":[{"href":"https:\/\/pokerplanets1.com\/pt-br\/wp-json\/wp\/v2\/pages\/10299","targetHints":{"allow":["GET"]}}],"collection":[{"href":"https:\/\/pokerplanets1.com\/pt-br\/wp-json\/wp\/v2\/pages"}],"about":[{"href":"https:\/\/pokerplanets1.com\/pt-br\/wp-json\/wp\/v2\/types\/page"}],"author":[{"embeddable":true,"href":"https:\/\/pokerplanets1.com\/pt-br\/wp-json\/wp\/v2\/users\/1"}],"replies":[{"embeddable":true,"href":"https:\/\/pokerplanets1.com\/pt-br\/wp-json\/wp\/v2\/comments?post=10299"}],"version-history":[{"count":1,"href":"https:\/\/pokerplanets1.com\/pt-br\/wp-json\/wp\/v2\/pages\/10299\/revisions"}],"predecessor-version":[{"id":10300,"href":"https:\/\/pokerplanets1.com\/pt-br\/wp-json\/wp\/v2\/pages\/10299\/revisions\/10300"}],"up":[{"embeddable":true,"href":"https:\/\/pokerplanets1.com\/pt-br\/wp-json\/wp\/v2\/pages\/7185"}],"wp:attachment":[{"href":"https:\/\/pokerplanets1.com\/pt-br\/wp-json\/wp\/v2\/media?parent=10299"}],"curies":[{"name":"wp","href":"https:\/\/api.w.org\/{rel}","templated":true}]}}