{"id":10446,"date":"2026-01-09T19:23:38","date_gmt":"2026-01-09T16:23:38","guid":{"rendered":"https:\/\/pokerplanets1.com\/promotions\/secret-combo-deposit-2\/"},"modified":"2026-01-09T19:28:09","modified_gmt":"2026-01-09T16:28:09","slug":"secret-combo-deposit-2","status":"publish","type":"page","link":"https:\/\/pokerplanets1.com\/pt-br\/promotions\/secret-combo-deposit-2\/","title":{"rendered":"Secret Combo Deposit"},"content":{"rendered":"<p style=\"text-align: center;\"><span style=\"font-size: 14pt;\"><strong>O Combo Secreto de Dep\u00f3sito est\u00e1 de volta \u2014 agora no estilo congelante do Sub-Zero!<\/strong><\/span><\/p>\r\n<p><span style=\"font-size: 10pt;\"><strong>De 9 a 11 de janeiro<\/strong>, seus dep\u00f3sitos se transformam em uma sequ\u00eancia de golpes precisos \u2014 cada um atinge o alvo e rende ingressos para os torneios do <strong>Sub-Zero Weekend.<\/strong><\/span><\/p>\r\n<p><span style=\"font-size: 10pt;\"><strong>Quatro n\u00edveis \u2014 quatro golpes:<\/strong><\/span><\/p>\r\n<ul>\r\n\t<li><span style=\"font-size: 10pt;\">Dep\u00f3sito de <strong>$30<\/strong> \u2014 ganha um ingresso de <strong>$5.5.<\/strong><\/span><\/li>\r\n\t<li><span style=\"font-size: 10pt;\">Dep\u00f3sito de <strong>$100<\/strong> \u2014 ganha um ingresso de <strong>$5.5<\/strong> + um de <strong>$11.<\/strong><\/span><\/li>\r\n\t<li><span style=\"font-size: 10pt;\">Dep\u00f3sito de <strong>$150<\/strong> \u2014 ganha <strong>dois ingressos de $11.<\/strong><\/span><\/li>\r\n\t<li><span style=\"font-size: 10pt;\">Dep\u00f3sito de <strong>$250<\/strong> \u2014 ganha um ingresso de <strong>$25.<\/strong><\/span><\/li>\r\n<\/ul>\r\n<p><span style=\"font-size: 10pt;\"><strong>Importante: <\/strong>cada ingresso pode ser obtido apenas uma vez. Dep\u00f3sitos repetidos dentro da mesma faixa n\u00e3o concedem ingressos adicionais. Os ingressos s\u00e3o v\u00e1lidos at\u00e9 11 de janeiro de 2026, \u00e0s 23:59 (MSK).<\/span><\/p>\r\n<p><span style=\"font-size: 10pt;\">Quer tudo? Fa\u00e7a os quatro dep\u00f3sitos e ative o combo completo \u2014 at\u00e9 <strong>$69 em ingressos<\/strong>!<\/span><\/p>\r\n<p style=\"text-align: center;\"><span style=\"font-size: 10pt;\"><strong>Corra \u2014 voc\u00ea s\u00f3 tem tr\u00eas dias!<\/strong><\/span><\/p>\r\n<p>&nbsp;<\/p>\r\n<div style=\"margin: 0 auto; text-align: center;\"><div id=\"detectButton5\" style=\"margin: 0 auto; text-align: center;\"><button class=\"button  button--red\" type=\"button\"><svg class=\"svg\">\r\n              <use xlink:href=\"\/wp-content\/uploads\/2024\/12\/sprite.svg#lock\"><\/use>\r\n             <\/svg>  BAIXAR O POKERPLANETS <\/button><\/div><\/div>\r\n<p>&nbsp;<\/p>","protected":false},"excerpt":{"rendered":"<p>O Combo Secreto de Dep\u00f3sito est\u00e1 de volta \u2014 agora no estilo congelante do Sub-Zero! De 9 a 11 de janeiro, seus dep\u00f3sitos se transformam em uma sequ\u00eancia de golpes precisos \u2014 cada um atinge o alvo e rende ingressos para os torneios do Sub-Zero Weekend. Quatro n\u00edveis \u2014 quatro golpes: Dep\u00f3sito de $30 \u2014 [&hellip;]<\/p>\n","protected":false},"author":1,"featured_media":0,"parent":7185,"menu_order":0,"comment_status":"closed","ping_status":"closed","template":"page-faq-nosidebar-promo.php","meta":{"_acf_changed":false,"inline_featured_image":false,"footnotes":""},"class_list":["post-10446","page","type-page","status-publish","hentry"],"acf":[],"yoast_head":"<!-- This site is optimized with the Yoast SEO plugin v24.4 - https:\/\/yoast.com\/wordpress\/plugins\/seo\/ -->\n<title>Secret Combo Deposit - PokerPlanets<\/title>\n<meta name=\"robots\" content=\"index, follow, max-snippet:-1, max-image-preview:large, max-video-preview:-1\" \/>\n<meta property=\"og:locale\" content=\"pt_BR\" \/>\n<meta property=\"og:type\" content=\"article\" \/>\n<meta property=\"og:title\" content=\"Secret Combo Deposit - PokerPlanets\" \/>\n<meta property=\"og:description\" content=\"O Combo Secreto de Dep\u00f3sito est\u00e1 de volta \u2014 agora no estilo congelante do Sub-Zero! De 9 a 11 de janeiro, seus dep\u00f3sitos se transformam em uma sequ\u00eancia de golpes precisos \u2014 cada um atinge o alvo e rende ingressos para os torneios do Sub-Zero Weekend. Quatro n\u00edveis \u2014 quatro golpes: Dep\u00f3sito de $30 \u2014 [&hellip;]\" \/>\n<meta property=\"og:url\" content=\"https:\/\/pokerplanets1.com\/pt-br\/promotions\/secret-combo-deposit-2\/\" \/>\n<meta property=\"og:site_name\" content=\"PokerPlanets\" \/>\n<meta property=\"article:modified_time\" content=\"2026-01-09T16:28:09+00:00\" \/>\n<meta name=\"twitter:card\" content=\"summary_large_image\" \/>\n<meta name=\"twitter:label1\" content=\"Est. tempo de leitura\" \/>\n\t<meta name=\"twitter:data1\" content=\"1 minuto\" \/>\n<script type=\"application\/ld+json\" class=\"yoast-schema-graph\">{\"@context\":\"https:\/\/schema.org\",\"@graph\":[{\"@type\":\"WebPage\",\"@id\":\"https:\/\/pokerplanets1.com\/pt-br\/promotions\/secret-combo-deposit-2\/\",\"url\":\"https:\/\/pokerplanets1.com\/pt-br\/promotions\/secret-combo-deposit-2\/\",\"name\":\"Secret Combo Deposit - PokerPlanets\",\"isPartOf\":{\"@id\":\"https:\/\/pokerplanets1.com\/pt-br\/#website\"},\"datePublished\":\"2026-01-09T16:23:38+00:00\",\"dateModified\":\"2026-01-09T16:28:09+00:00\",\"breadcrumb\":{\"@id\":\"https:\/\/pokerplanets1.com\/pt-br\/promotions\/secret-combo-deposit-2\/#breadcrumb\"},\"inLanguage\":\"pt-BR\",\"potentialAction\":[{\"@type\":\"ReadAction\",\"target\":[\"https:\/\/pokerplanets1.com\/pt-br\/promotions\/secret-combo-deposit-2\/\"]}]},{\"@type\":\"BreadcrumbList\",\"@id\":\"https:\/\/pokerplanets1.com\/pt-br\/promotions\/secret-combo-deposit-2\/#breadcrumb\",\"itemListElement\":[{\"@type\":\"ListItem\",\"position\":1,\"name\":\"Home\",\"item\":\"https:\/\/pokerplanets1.com\/pt-br\/\"},{\"@type\":\"ListItem\",\"position\":2,\"name\":\"Promo\u00e7\u00f5es\",\"item\":\"https:\/\/pokerplanets1.com\/pt-br\/promotions\/\"},{\"@type\":\"ListItem\",\"position\":3,\"name\":\"Secret Combo Deposit\"}]},{\"@type\":\"WebSite\",\"@id\":\"https:\/\/pokerplanets1.com\/pt-br\/#website\",\"url\":\"https:\/\/pokerplanets1.com\/pt-br\/\",\"name\":\"PokerPlanets\",\"description\":\"\",\"potentialAction\":[{\"@type\":\"SearchAction\",\"target\":{\"@type\":\"EntryPoint\",\"urlTemplate\":\"https:\/\/pokerplanets1.com\/pt-br\/?s={search_term_string}\"},\"query-input\":{\"@type\":\"PropertyValueSpecification\",\"valueRequired\":true,\"valueName\":\"search_term_string\"}}],\"inLanguage\":\"pt-BR\"}]}<\/script>\n<!-- \/ Yoast SEO plugin. -->","yoast_head_json":{"title":"Secret Combo Deposit - PokerPlanets","robots":{"index":"index","follow":"follow","max-snippet":"max-snippet:-1","max-image-preview":"max-image-preview:large","max-video-preview":"max-video-preview:-1"},"og_locale":"pt_BR","og_type":"article","og_title":"Secret Combo Deposit - PokerPlanets","og_description":"O Combo Secreto de Dep\u00f3sito est\u00e1 de volta \u2014 agora no estilo congelante do Sub-Zero! De 9 a 11 de janeiro, seus dep\u00f3sitos se transformam em uma sequ\u00eancia de golpes precisos \u2014 cada um atinge o alvo e rende ingressos para os torneios do Sub-Zero Weekend. Quatro n\u00edveis \u2014 quatro golpes: Dep\u00f3sito de $30 \u2014 [&hellip;]","og_url":"https:\/\/pokerplanets1.com\/pt-br\/promotions\/secret-combo-deposit-2\/","og_site_name":"PokerPlanets","article_modified_time":"2026-01-09T16:28:09+00:00","twitter_card":"summary_large_image","twitter_misc":{"Est. tempo de leitura":"1 minuto"},"schema":{"@context":"https:\/\/schema.org","@graph":[{"@type":"WebPage","@id":"https:\/\/pokerplanets1.com\/pt-br\/promotions\/secret-combo-deposit-2\/","url":"https:\/\/pokerplanets1.com\/pt-br\/promotions\/secret-combo-deposit-2\/","name":"Secret Combo Deposit - PokerPlanets","isPartOf":{"@id":"https:\/\/pokerplanets1.com\/pt-br\/#website"},"datePublished":"2026-01-09T16:23:38+00:00","dateModified":"2026-01-09T16:28:09+00:00","breadcrumb":{"@id":"https:\/\/pokerplanets1.com\/pt-br\/promotions\/secret-combo-deposit-2\/#breadcrumb"},"inLanguage":"pt-BR","potentialAction":[{"@type":"ReadAction","target":["https:\/\/pokerplanets1.com\/pt-br\/promotions\/secret-combo-deposit-2\/"]}]},{"@type":"BreadcrumbList","@id":"https:\/\/pokerplanets1.com\/pt-br\/promotions\/secret-combo-deposit-2\/#breadcrumb","itemListElement":[{"@type":"ListItem","position":1,"name":"Home","item":"https:\/\/pokerplanets1.com\/pt-br\/"},{"@type":"ListItem","position":2,"name":"Promo\u00e7\u00f5es","item":"https:\/\/pokerplanets1.com\/pt-br\/promotions\/"},{"@type":"ListItem","position":3,"name":"Secret Combo Deposit"}]},{"@type":"WebSite","@id":"https:\/\/pokerplanets1.com\/pt-br\/#website","url":"https:\/\/pokerplanets1.com\/pt-br\/","name":"PokerPlanets","description":"","potentialAction":[{"@type":"SearchAction","target":{"@type":"EntryPoint","urlTemplate":"https:\/\/pokerplanets1.com\/pt-br\/?s={search_term_string}"},"query-input":{"@type":"PropertyValueSpecification","valueRequired":true,"valueName":"search_term_string"}}],"inLanguage":"pt-BR"}]}},"_links":{"self":[{"href":"https:\/\/pokerplanets1.com\/pt-br\/wp-json\/wp\/v2\/pages\/10446","targetHints":{"allow":["GET"]}}],"collection":[{"href":"https:\/\/pokerplanets1.com\/pt-br\/wp-json\/wp\/v2\/pages"}],"about":[{"href":"https:\/\/pokerplanets1.com\/pt-br\/wp-json\/wp\/v2\/types\/page"}],"author":[{"embeddable":true,"href":"https:\/\/pokerplanets1.com\/pt-br\/wp-json\/wp\/v2\/users\/1"}],"replies":[{"embeddable":true,"href":"https:\/\/pokerplanets1.com\/pt-br\/wp-json\/wp\/v2\/comments?post=10446"}],"version-history":[{"count":1,"href":"https:\/\/pokerplanets1.com\/pt-br\/wp-json\/wp\/v2\/pages\/10446\/revisions"}],"predecessor-version":[{"id":10447,"href":"https:\/\/pokerplanets1.com\/pt-br\/wp-json\/wp\/v2\/pages\/10446\/revisions\/10447"}],"up":[{"embeddable":true,"href":"https:\/\/pokerplanets1.com\/pt-br\/wp-json\/wp\/v2\/pages\/7185"}],"wp:attachment":[{"href":"https:\/\/pokerplanets1.com\/pt-br\/wp-json\/wp\/v2\/media?parent=10446"}],"curies":[{"name":"wp","href":"https:\/\/api.w.org\/{rel}","templated":true}]}}