{"id":10781,"date":"2026-01-30T00:22:54","date_gmt":"2026-01-29T21:22:54","guid":{"rendered":"https:\/\/pokerplanets1.com\/promotions\/winter-games-comet\/"},"modified":"2026-01-30T00:23:36","modified_gmt":"2026-01-29T21:23:36","slug":"winter-games-comet","status":"publish","type":"page","link":"https:\/\/pokerplanets1.com\/pt-br\/promotions\/winter-games-comet\/","title":{"rendered":"Winter Games Comet"},"content":{"rendered":"<p style=\"text-align: center;\"><span style=\"font-size: 14pt;\"><strong>Winter Games Comet: a corrida de inverno p\u00f4r $5 000<\/strong><\/span><\/p>\r\n<p><span style=\"font-size: 10pt;\">Os Jogos de Poker de Inverno est\u00e3o oficialmente abertos! Participe do torneio multidi\u00e1rio <strong>Winter Games Comet<\/strong>. Jogue o Dia 1 nos n\u00edveis Bronze, Silver ou Gold, aumente seu stack e classifique-se para o Dia Final com $5 000 garantidos.<\/span><\/p>\r\n<p><span style=\"font-size: 10pt;\">Escolha seu ritmo \u2014 ou jogue todos:<\/span><\/p>\r\n<ul>\r\n\t<li><span style=\"font-size: 10pt;\"><strong>Bronze (buy-in $3.3)<\/strong> \u2014 5% dos jogadores avan\u00e7am para o Dia Final.<\/span><\/li>\r\n\t<li><span style=\"font-size: 10pt;\"><strong>Silver<\/strong> <strong>(buy-in $5.5)<\/strong> \u2014 8% dos jogadores avan\u00e7am para o Dia Final.<\/span><\/li>\r\n\t<li><span style=\"font-size: 10pt;\"><strong>Gold<\/strong> <strong>(buy-in $11) <\/strong>\u2014 16% dos jogadores avan\u00e7am para o Dia Final.<\/span><\/li>\r\n<\/ul>\r\n<p><span style=\"font-size: 10pt;\"><strong>Cronograma do Dia 1 (CET):<\/strong><\/span><\/p>\r\n<ul>\r\n\t<li><span style=\"font-size: 10pt;\"><strong>Bronze:<\/strong> 30 de janeiro a 7 de fevereiro \u00e0s 09:30, 13:30 e 20:30 | 8 de fevereiro \u00e0s 09:30.<\/span><\/li>\r\n\t<li><span style=\"font-size: 10pt;\"><strong>Silver:<\/strong> 30 de janeiro a 7 de fevereiro \u00e0s 10:30, 14:30 e 17:30 | 8 de fevereiro \u00e0s 10:30.<\/span><\/li>\r\n\t<li><span style=\"font-size: 10pt;\"><strong>Gold:<\/strong> 30 de janeiro a 7 de fevereiro \u00e0s 11:30, 16:30 e 19:30 | 8 de fevereiro \u00e0s 11:30.<\/span><\/li>\r\n<\/ul>\r\n<p><span style=\"font-size: 10pt;\">Voc\u00ea pode jogar v\u00e1rios Dias 1 \u2014 o maior stack ser\u00e1 levado para o Dia Final.<\/span><\/p>\r\n<p><span style=\"font-size: 10pt;\"><strong>Quer entrar pagando pouco \u2014 ou at\u00e9 de gra\u00e7a?<\/strong><\/span><\/p>\r\n<ul>\r\n\t<li><span style=\"font-size: 10pt;\"><strong>A partir de 28 de janeiro<\/strong>: ganhe entradas para o Dia 1 Silver ou Gold via freerolls e torneios freebuys.<\/span><\/li>\r\n\t<li><span style=\"font-size: 10pt;\"><strong>A partir de 29 de janeiro: <\/strong>classifique-se por meio de sat\u00e9lites com buy-ins a partir de $0.33 no Dia 1 de qualquer n\u00edvel.<\/span><\/li>\r\n<\/ul>\r\n<p><span style=\"font-size: 10pt;\"><strong>Dia Final:<\/strong><\/span><\/p>\r\n<ul>\r\n\t<li><span style=\"font-size: 10pt;\"><strong>8 de fevereiro \u00e0s 16:30 (CET)<\/strong><\/span><\/li>\r\n\t<li><span style=\"font-size: 10pt;\"><strong>$5 000 garantijos<\/strong><\/span><\/li>\r\n\t<li><span style=\"font-size: 10pt;\"><strong>Todos os finalistas j\u00e1 est\u00e3o no dinheiro!<\/strong><\/span><\/li>\r\n<\/ul>\r\n<p style=\"text-align: center;\"><span style=\"font-size: 10pt;\">Os Jogos de Poker de Inverno come\u00e7aram \u2014 entre agora! Jogue, chegue ao Final e lute pela sua parte dos $5 000.<\/span><\/p>\r\n<div style=\"margin: 0 auto; text-align: center;\"><div id=\"detectButton5\" style=\"margin: 0 auto; text-align: center;\"><button class=\"button  button--red\" type=\"button\"><svg class=\"svg\">\r\n              <use xlink:href=\"\/wp-content\/uploads\/2024\/12\/sprite.svg#lock\"><\/use>\r\n             <\/svg>  BAIXAR O POKERPLANETS <\/button><\/div><\/div>\r\n<p>&nbsp;<\/p>","protected":false},"excerpt":{"rendered":"<p>Winter Games Comet: a corrida de inverno p\u00f4r $5 000 Os Jogos de Poker de Inverno est\u00e3o oficialmente abertos! Participe do torneio multidi\u00e1rio Winter Games Comet. Jogue o Dia 1 nos n\u00edveis Bronze, Silver ou Gold, aumente seu stack e classifique-se para o Dia Final com $5 000 garantidos. Escolha seu ritmo \u2014 ou jogue [&hellip;]<\/p>\n","protected":false},"author":1,"featured_media":0,"parent":7185,"menu_order":0,"comment_status":"closed","ping_status":"closed","template":"page-faq-nosidebar-promo.php","meta":{"_acf_changed":false,"inline_featured_image":false,"footnotes":""},"class_list":["post-10781","page","type-page","status-publish","hentry"],"acf":[],"yoast_head":"<!-- This site is optimized with the Yoast SEO plugin v24.4 - https:\/\/yoast.com\/wordpress\/plugins\/seo\/ -->\n<title>Winter Games Comet - PokerPlanets<\/title>\n<meta name=\"robots\" content=\"index, follow, max-snippet:-1, max-image-preview:large, max-video-preview:-1\" \/>\n<meta property=\"og:locale\" content=\"pt_BR\" \/>\n<meta property=\"og:type\" content=\"article\" \/>\n<meta property=\"og:title\" content=\"Winter Games Comet - PokerPlanets\" \/>\n<meta property=\"og:description\" content=\"Winter Games Comet: a corrida de inverno p\u00f4r $5 000 Os Jogos de Poker de Inverno est\u00e3o oficialmente abertos! Participe do torneio multidi\u00e1rio Winter Games Comet. Jogue o Dia 1 nos n\u00edveis Bronze, Silver ou Gold, aumente seu stack e classifique-se para o Dia Final com $5 000 garantidos. Escolha seu ritmo \u2014 ou jogue [&hellip;]\" \/>\n<meta property=\"og:url\" content=\"https:\/\/pokerplanets1.com\/pt-br\/promotions\/winter-games-comet\/\" \/>\n<meta property=\"og:site_name\" content=\"PokerPlanets\" \/>\n<meta property=\"article:modified_time\" content=\"2026-01-29T21:23:36+00:00\" \/>\n<meta name=\"twitter:card\" content=\"summary_large_image\" \/>\n<meta name=\"twitter:label1\" content=\"Est. tempo de leitura\" \/>\n\t<meta name=\"twitter:data1\" content=\"1 minuto\" \/>\n<script type=\"application\/ld+json\" class=\"yoast-schema-graph\">{\"@context\":\"https:\/\/schema.org\",\"@graph\":[{\"@type\":\"WebPage\",\"@id\":\"https:\/\/pokerplanets1.com\/pt-br\/promotions\/winter-games-comet\/\",\"url\":\"https:\/\/pokerplanets1.com\/pt-br\/promotions\/winter-games-comet\/\",\"name\":\"Winter Games Comet - PokerPlanets\",\"isPartOf\":{\"@id\":\"https:\/\/pokerplanets1.com\/pt-br\/#website\"},\"datePublished\":\"2026-01-29T21:22:54+00:00\",\"dateModified\":\"2026-01-29T21:23:36+00:00\",\"breadcrumb\":{\"@id\":\"https:\/\/pokerplanets1.com\/pt-br\/promotions\/winter-games-comet\/#breadcrumb\"},\"inLanguage\":\"pt-BR\",\"potentialAction\":[{\"@type\":\"ReadAction\",\"target\":[\"https:\/\/pokerplanets1.com\/pt-br\/promotions\/winter-games-comet\/\"]}]},{\"@type\":\"BreadcrumbList\",\"@id\":\"https:\/\/pokerplanets1.com\/pt-br\/promotions\/winter-games-comet\/#breadcrumb\",\"itemListElement\":[{\"@type\":\"ListItem\",\"position\":1,\"name\":\"Home\",\"item\":\"https:\/\/pokerplanets1.com\/pt-br\/\"},{\"@type\":\"ListItem\",\"position\":2,\"name\":\"Promo\u00e7\u00f5es\",\"item\":\"https:\/\/pokerplanets1.com\/pt-br\/promotions\/\"},{\"@type\":\"ListItem\",\"position\":3,\"name\":\"Winter Games Comet\"}]},{\"@type\":\"WebSite\",\"@id\":\"https:\/\/pokerplanets1.com\/pt-br\/#website\",\"url\":\"https:\/\/pokerplanets1.com\/pt-br\/\",\"name\":\"PokerPlanets\",\"description\":\"\",\"potentialAction\":[{\"@type\":\"SearchAction\",\"target\":{\"@type\":\"EntryPoint\",\"urlTemplate\":\"https:\/\/pokerplanets1.com\/pt-br\/?s={search_term_string}\"},\"query-input\":{\"@type\":\"PropertyValueSpecification\",\"valueRequired\":true,\"valueName\":\"search_term_string\"}}],\"inLanguage\":\"pt-BR\"}]}<\/script>\n<!-- \/ Yoast SEO plugin. -->","yoast_head_json":{"title":"Winter Games Comet - PokerPlanets","robots":{"index":"index","follow":"follow","max-snippet":"max-snippet:-1","max-image-preview":"max-image-preview:large","max-video-preview":"max-video-preview:-1"},"og_locale":"pt_BR","og_type":"article","og_title":"Winter Games Comet - PokerPlanets","og_description":"Winter Games Comet: a corrida de inverno p\u00f4r $5 000 Os Jogos de Poker de Inverno est\u00e3o oficialmente abertos! Participe do torneio multidi\u00e1rio Winter Games Comet. Jogue o Dia 1 nos n\u00edveis Bronze, Silver ou Gold, aumente seu stack e classifique-se para o Dia Final com $5 000 garantidos. Escolha seu ritmo \u2014 ou jogue [&hellip;]","og_url":"https:\/\/pokerplanets1.com\/pt-br\/promotions\/winter-games-comet\/","og_site_name":"PokerPlanets","article_modified_time":"2026-01-29T21:23:36+00:00","twitter_card":"summary_large_image","twitter_misc":{"Est. tempo de leitura":"1 minuto"},"schema":{"@context":"https:\/\/schema.org","@graph":[{"@type":"WebPage","@id":"https:\/\/pokerplanets1.com\/pt-br\/promotions\/winter-games-comet\/","url":"https:\/\/pokerplanets1.com\/pt-br\/promotions\/winter-games-comet\/","name":"Winter Games Comet - PokerPlanets","isPartOf":{"@id":"https:\/\/pokerplanets1.com\/pt-br\/#website"},"datePublished":"2026-01-29T21:22:54+00:00","dateModified":"2026-01-29T21:23:36+00:00","breadcrumb":{"@id":"https:\/\/pokerplanets1.com\/pt-br\/promotions\/winter-games-comet\/#breadcrumb"},"inLanguage":"pt-BR","potentialAction":[{"@type":"ReadAction","target":["https:\/\/pokerplanets1.com\/pt-br\/promotions\/winter-games-comet\/"]}]},{"@type":"BreadcrumbList","@id":"https:\/\/pokerplanets1.com\/pt-br\/promotions\/winter-games-comet\/#breadcrumb","itemListElement":[{"@type":"ListItem","position":1,"name":"Home","item":"https:\/\/pokerplanets1.com\/pt-br\/"},{"@type":"ListItem","position":2,"name":"Promo\u00e7\u00f5es","item":"https:\/\/pokerplanets1.com\/pt-br\/promotions\/"},{"@type":"ListItem","position":3,"name":"Winter Games Comet"}]},{"@type":"WebSite","@id":"https:\/\/pokerplanets1.com\/pt-br\/#website","url":"https:\/\/pokerplanets1.com\/pt-br\/","name":"PokerPlanets","description":"","potentialAction":[{"@type":"SearchAction","target":{"@type":"EntryPoint","urlTemplate":"https:\/\/pokerplanets1.com\/pt-br\/?s={search_term_string}"},"query-input":{"@type":"PropertyValueSpecification","valueRequired":true,"valueName":"search_term_string"}}],"inLanguage":"pt-BR"}]}},"_links":{"self":[{"href":"https:\/\/pokerplanets1.com\/pt-br\/wp-json\/wp\/v2\/pages\/10781","targetHints":{"allow":["GET"]}}],"collection":[{"href":"https:\/\/pokerplanets1.com\/pt-br\/wp-json\/wp\/v2\/pages"}],"about":[{"href":"https:\/\/pokerplanets1.com\/pt-br\/wp-json\/wp\/v2\/types\/page"}],"author":[{"embeddable":true,"href":"https:\/\/pokerplanets1.com\/pt-br\/wp-json\/wp\/v2\/users\/1"}],"replies":[{"embeddable":true,"href":"https:\/\/pokerplanets1.com\/pt-br\/wp-json\/wp\/v2\/comments?post=10781"}],"version-history":[{"count":1,"href":"https:\/\/pokerplanets1.com\/pt-br\/wp-json\/wp\/v2\/pages\/10781\/revisions"}],"predecessor-version":[{"id":10782,"href":"https:\/\/pokerplanets1.com\/pt-br\/wp-json\/wp\/v2\/pages\/10781\/revisions\/10782"}],"up":[{"embeddable":true,"href":"https:\/\/pokerplanets1.com\/pt-br\/wp-json\/wp\/v2\/pages\/7185"}],"wp:attachment":[{"href":"https:\/\/pokerplanets1.com\/pt-br\/wp-json\/wp\/v2\/media?parent=10781"}],"curies":[{"name":"wp","href":"https:\/\/api.w.org\/{rel}","templated":true}]}}