{"id":10840,"date":"2026-01-30T15:53:50","date_gmt":"2026-01-30T12:53:50","guid":{"rendered":"https:\/\/pokerplanets1.com\/promotions\/snow-queen\/"},"modified":"2026-01-30T15:57:09","modified_gmt":"2026-01-30T12:57:09","slug":"snow-queen","status":"publish","type":"page","link":"https:\/\/pokerplanets1.com\/pt-br\/promotions\/snow-queen\/","title":{"rendered":"Snow Queen"},"content":{"rendered":"<p style=\"text-align: center;\"><span style=\"font-size: 14pt;\"><strong>Presentes da Rainha da Neve!<\/strong><\/span><\/p>\r\n<p><span style=\"font-size: 10pt;\">Precisa de ajuda na caca ao tesouro do Papai Noel? O tempo est\u00e1 acabando \u2014 em <strong>1 de fevereiro o Santa Bank fecha<\/strong>! Mas voc\u00ea ainda tem a chance de dar o empurr\u00e3o final e garantir a sua parte dos cofres do Papai Noel.<\/span><\/p>\r\n<p><span style=\"font-size: 10pt;\"><strong>De 30 de janeiro a 1 de fevereiro<\/strong>, a Rainha da Neve est\u00e1 compartilhando suas chaves \u2014 com at\u00e9 <strong>$68 em bilhetes para Spin&amp;Win<\/strong>! Escolha seu conjunto de chaves ou pegue todos de uma vez!<\/span><\/p>\r\n<p><span style=\"font-size: 10pt;\"><strong>Sem etapas extras:<\/strong><\/span><\/p>\r\n<ol>\r\n\t<li><span style=\"font-size: 10pt;\">Basta fazer um <strong>dep\u00f3sito de $10 \u00e0 $200.<\/strong>.<\/span><\/li>\r\n\t<li><span style=\"font-size: 10pt;\">Sua recompensa ser\u00e1 <strong>creditada automaticamente<\/strong>.<\/span><\/li>\r\n<\/ol>\r\n<p><span style=\"font-size: 10pt;\"><strong>Chaves da Rainha da Neve:<\/strong><\/span><\/p>\r\n<ul>\r\n\t<li><span style=\"font-size: 10pt;\">Dep\u00f3sito de $10 \u2014 3 tickets de $0,5 cada.<\/span><\/li>\r\n\t<li><span style=\"font-size: 10pt;\">Dep\u00f3sito de $30 \u2014 2 tickets de $3 + 1 ticket de $0,5.<\/span><\/li>\r\n\t<li><span style=\"font-size: 10pt;\">Dep\u00f3sito de $50 \u2014 3 tickets de $3 + 2 tickets de $0,5.<\/span><\/li>\r\n\t<li><span style=\"font-size: 10pt;\">Dep\u00f3sito de $100 \u2014 2 tickets de $10.<\/span><\/li>\r\n\t<li><span style=\"font-size: 10pt;\">Dep\u00f3sito de $200 \u2014 3 tickets de $10.<\/span><\/li>\r\n<\/ul>\r\n<p><span style=\"font-size: 10pt;\">Quer tudo? Fa\u00e7a <strong>5 dep\u00f3sitos <\/strong>(um de cada valor) e receba os <strong>$68 completos para jogar Spin&amp;Win<\/strong>.<\/span><\/p>\r\n<p><span style=\"font-size: 10pt;\"><strong>Um pr\u00eamio especial \u2014 um avatar da Rainha da Neve <\/strong>para os tr\u00eas jogadores mais ativos em cada buy-in ($0.5, $3, $10)! <strong>Jogue mais de 30 de janeiro a 1\u00ba de fevereiro e garanta seu avatar exclusivo at\u00e9 o fim do inverno.<\/strong><\/span><\/p>\r\n<p><span style=\"font-size: 10pt;\"><strong>Importante:<\/strong><\/span><\/p>\r\n<ul>\r\n\t<li><span style=\"font-size: 10pt;\">Dep\u00f3sitos repetidos no mesmo valor <strong>n\u00e3o concedem tickets extras<\/strong>.<\/span><\/li>\r\n\t<li><span style=\"font-size: 10pt;\">Os bilhetes s\u00e3o v\u00e1lidos at\u00e9 8 de fevereiro de 2026, \u00e0s 21:59 (\u0421ET).<\/span><\/li>\r\n<\/ul>\r\n<p style=\"text-align: center;\"><span style=\"font-size: 10pt;\"><strong>S\u00f3 por tr\u00eas dias \u2014 n\u00e3o perca a chance de garantir todos os pr\u00eamios da Rainha da Neve!<\/strong><\/span><\/p>\r\n<div style=\"margin: 0 auto; text-align: center;\"><div id=\"detectButton5\" style=\"margin: 0 auto; text-align: center;\"><button class=\"button  button--red\" type=\"button\"><svg class=\"svg\">\r\n              <use xlink:href=\"\/wp-content\/uploads\/2024\/12\/sprite.svg#lock\"><\/use>\r\n             <\/svg>  BAIXAR O POKERPLANETS <\/button><\/div><\/div>\r\n<p>&nbsp;<\/p>","protected":false},"excerpt":{"rendered":"<p>Presentes da Rainha da Neve! Precisa de ajuda na caca ao tesouro do Papai Noel? O tempo est\u00e1 acabando \u2014 em 1 de fevereiro o Santa Bank fecha! Mas voc\u00ea ainda tem a chance de dar o empurr\u00e3o final e garantir a sua parte dos cofres do Papai Noel. De 30 de janeiro a 1 [&hellip;]<\/p>\n","protected":false},"author":1,"featured_media":0,"parent":7185,"menu_order":0,"comment_status":"closed","ping_status":"closed","template":"page-faq-nosidebar-promo.php","meta":{"_acf_changed":false,"inline_featured_image":false,"footnotes":""},"class_list":["post-10840","page","type-page","status-publish","hentry"],"acf":[],"yoast_head":"<!-- This site is optimized with the Yoast SEO plugin v24.4 - https:\/\/yoast.com\/wordpress\/plugins\/seo\/ -->\n<title>Snow Queen - PokerPlanets<\/title>\n<meta name=\"robots\" content=\"index, follow, max-snippet:-1, max-image-preview:large, max-video-preview:-1\" \/>\n<meta property=\"og:locale\" content=\"pt_BR\" \/>\n<meta property=\"og:type\" content=\"article\" \/>\n<meta property=\"og:title\" content=\"Snow Queen - PokerPlanets\" \/>\n<meta property=\"og:description\" content=\"Presentes da Rainha da Neve! Precisa de ajuda na caca ao tesouro do Papai Noel? O tempo est\u00e1 acabando \u2014 em 1 de fevereiro o Santa Bank fecha! Mas voc\u00ea ainda tem a chance de dar o empurr\u00e3o final e garantir a sua parte dos cofres do Papai Noel. De 30 de janeiro a 1 [&hellip;]\" \/>\n<meta property=\"og:url\" content=\"https:\/\/pokerplanets1.com\/pt-br\/promotions\/snow-queen\/\" \/>\n<meta property=\"og:site_name\" content=\"PokerPlanets\" \/>\n<meta property=\"article:modified_time\" content=\"2026-01-30T12:57:09+00:00\" \/>\n<meta name=\"twitter:card\" content=\"summary_large_image\" \/>\n<meta name=\"twitter:label1\" content=\"Est. tempo de leitura\" \/>\n\t<meta name=\"twitter:data1\" content=\"1 minuto\" \/>\n<script type=\"application\/ld+json\" class=\"yoast-schema-graph\">{\"@context\":\"https:\/\/schema.org\",\"@graph\":[{\"@type\":\"WebPage\",\"@id\":\"https:\/\/pokerplanets1.com\/pt-br\/promotions\/snow-queen\/\",\"url\":\"https:\/\/pokerplanets1.com\/pt-br\/promotions\/snow-queen\/\",\"name\":\"Snow Queen - PokerPlanets\",\"isPartOf\":{\"@id\":\"https:\/\/pokerplanets1.com\/pt-br\/#website\"},\"datePublished\":\"2026-01-30T12:53:50+00:00\",\"dateModified\":\"2026-01-30T12:57:09+00:00\",\"breadcrumb\":{\"@id\":\"https:\/\/pokerplanets1.com\/pt-br\/promotions\/snow-queen\/#breadcrumb\"},\"inLanguage\":\"pt-BR\",\"potentialAction\":[{\"@type\":\"ReadAction\",\"target\":[\"https:\/\/pokerplanets1.com\/pt-br\/promotions\/snow-queen\/\"]}]},{\"@type\":\"BreadcrumbList\",\"@id\":\"https:\/\/pokerplanets1.com\/pt-br\/promotions\/snow-queen\/#breadcrumb\",\"itemListElement\":[{\"@type\":\"ListItem\",\"position\":1,\"name\":\"Home\",\"item\":\"https:\/\/pokerplanets1.com\/pt-br\/\"},{\"@type\":\"ListItem\",\"position\":2,\"name\":\"Promo\u00e7\u00f5es\",\"item\":\"https:\/\/pokerplanets1.com\/pt-br\/promotions\/\"},{\"@type\":\"ListItem\",\"position\":3,\"name\":\"Snow Queen\"}]},{\"@type\":\"WebSite\",\"@id\":\"https:\/\/pokerplanets1.com\/pt-br\/#website\",\"url\":\"https:\/\/pokerplanets1.com\/pt-br\/\",\"name\":\"PokerPlanets\",\"description\":\"\",\"potentialAction\":[{\"@type\":\"SearchAction\",\"target\":{\"@type\":\"EntryPoint\",\"urlTemplate\":\"https:\/\/pokerplanets1.com\/pt-br\/?s={search_term_string}\"},\"query-input\":{\"@type\":\"PropertyValueSpecification\",\"valueRequired\":true,\"valueName\":\"search_term_string\"}}],\"inLanguage\":\"pt-BR\"}]}<\/script>\n<!-- \/ Yoast SEO plugin. -->","yoast_head_json":{"title":"Snow Queen - PokerPlanets","robots":{"index":"index","follow":"follow","max-snippet":"max-snippet:-1","max-image-preview":"max-image-preview:large","max-video-preview":"max-video-preview:-1"},"og_locale":"pt_BR","og_type":"article","og_title":"Snow Queen - PokerPlanets","og_description":"Presentes da Rainha da Neve! Precisa de ajuda na caca ao tesouro do Papai Noel? O tempo est\u00e1 acabando \u2014 em 1 de fevereiro o Santa Bank fecha! Mas voc\u00ea ainda tem a chance de dar o empurr\u00e3o final e garantir a sua parte dos cofres do Papai Noel. De 30 de janeiro a 1 [&hellip;]","og_url":"https:\/\/pokerplanets1.com\/pt-br\/promotions\/snow-queen\/","og_site_name":"PokerPlanets","article_modified_time":"2026-01-30T12:57:09+00:00","twitter_card":"summary_large_image","twitter_misc":{"Est. tempo de leitura":"1 minuto"},"schema":{"@context":"https:\/\/schema.org","@graph":[{"@type":"WebPage","@id":"https:\/\/pokerplanets1.com\/pt-br\/promotions\/snow-queen\/","url":"https:\/\/pokerplanets1.com\/pt-br\/promotions\/snow-queen\/","name":"Snow Queen - PokerPlanets","isPartOf":{"@id":"https:\/\/pokerplanets1.com\/pt-br\/#website"},"datePublished":"2026-01-30T12:53:50+00:00","dateModified":"2026-01-30T12:57:09+00:00","breadcrumb":{"@id":"https:\/\/pokerplanets1.com\/pt-br\/promotions\/snow-queen\/#breadcrumb"},"inLanguage":"pt-BR","potentialAction":[{"@type":"ReadAction","target":["https:\/\/pokerplanets1.com\/pt-br\/promotions\/snow-queen\/"]}]},{"@type":"BreadcrumbList","@id":"https:\/\/pokerplanets1.com\/pt-br\/promotions\/snow-queen\/#breadcrumb","itemListElement":[{"@type":"ListItem","position":1,"name":"Home","item":"https:\/\/pokerplanets1.com\/pt-br\/"},{"@type":"ListItem","position":2,"name":"Promo\u00e7\u00f5es","item":"https:\/\/pokerplanets1.com\/pt-br\/promotions\/"},{"@type":"ListItem","position":3,"name":"Snow Queen"}]},{"@type":"WebSite","@id":"https:\/\/pokerplanets1.com\/pt-br\/#website","url":"https:\/\/pokerplanets1.com\/pt-br\/","name":"PokerPlanets","description":"","potentialAction":[{"@type":"SearchAction","target":{"@type":"EntryPoint","urlTemplate":"https:\/\/pokerplanets1.com\/pt-br\/?s={search_term_string}"},"query-input":{"@type":"PropertyValueSpecification","valueRequired":true,"valueName":"search_term_string"}}],"inLanguage":"pt-BR"}]}},"_links":{"self":[{"href":"https:\/\/pokerplanets1.com\/pt-br\/wp-json\/wp\/v2\/pages\/10840","targetHints":{"allow":["GET"]}}],"collection":[{"href":"https:\/\/pokerplanets1.com\/pt-br\/wp-json\/wp\/v2\/pages"}],"about":[{"href":"https:\/\/pokerplanets1.com\/pt-br\/wp-json\/wp\/v2\/types\/page"}],"author":[{"embeddable":true,"href":"https:\/\/pokerplanets1.com\/pt-br\/wp-json\/wp\/v2\/users\/1"}],"replies":[{"embeddable":true,"href":"https:\/\/pokerplanets1.com\/pt-br\/wp-json\/wp\/v2\/comments?post=10840"}],"version-history":[{"count":1,"href":"https:\/\/pokerplanets1.com\/pt-br\/wp-json\/wp\/v2\/pages\/10840\/revisions"}],"predecessor-version":[{"id":10841,"href":"https:\/\/pokerplanets1.com\/pt-br\/wp-json\/wp\/v2\/pages\/10840\/revisions\/10841"}],"up":[{"embeddable":true,"href":"https:\/\/pokerplanets1.com\/pt-br\/wp-json\/wp\/v2\/pages\/7185"}],"wp:attachment":[{"href":"https:\/\/pokerplanets1.com\/pt-br\/wp-json\/wp\/v2\/media?parent=10840"}],"curies":[{"name":"wp","href":"https:\/\/api.w.org\/{rel}","templated":true}]}}