{"id":10913,"date":"2026-02-03T14:43:47","date_gmt":"2026-02-03T11:43:47","guid":{"rendered":"https:\/\/pokerplanets1.com\/promotions\/sun-lite-cup-super-bounty\/"},"modified":"2026-02-03T16:13:31","modified_gmt":"2026-02-03T13:13:31","slug":"sun-lite-cup-super-bounty","status":"publish","type":"page","link":"https:\/\/pokerplanets1.com\/pt-br\/promotions\/sun-lite-cup-super-bounty\/","title":{"rendered":"Sun Lite Cup Super Bounty"},"content":{"rendered":"<p style=\"text-align: center;\"><span style=\"font-size: 14pt;\"><strong>Sun Lite Cup \u2014 o m\u00e1ximo valor por apenas $5.5!<\/strong><\/span><\/p>\r\n<p><span style=\"font-size: 10pt;\"><strong>No dia 14 de fevereiro, comemore o Dia dos Namorados <\/strong>com o <strong>Sun Lite Cup<\/strong> e sua garantia aumentada de <strong>$3 000<\/strong>! A\u00e7\u00e3o acelerada, bounties enormes e <strong>100% de rakeback <\/strong>\u2014 tudo para voc\u00ea, com carinho!<\/span><\/p>\r\n<p><span style=\"font-size: 10pt;\"><strong>Destaques do torneio:<\/strong><\/span><\/p>\r\n<ul>\r\n\t<li><span style=\"font-size: 10pt;\"><strong>In\u00edcio: 14 de fevereiro \u00e0s 17:30 CET<\/strong><\/span><\/li>\r\n\t<li><span style=\"font-size: 10pt;\"><strong>Buy-in: $5.5<\/strong><\/span><\/li>\r\n\t<li><span style=\"font-size: 10pt;\"><strong>Garantia: $3 000<\/strong><\/span><\/li>\r\n\t<li><span style=\"font-size: 10pt;\">Formato: 7-max<\/span><\/li>\r\n\t<li><span style=\"font-size: 10pt;\">Super Bounty: 70% do prize pool em recompensas por elimina\u00e7\u00f5es<\/span><\/li>\r\n\t<li><span style=\"font-size: 10pt;\">Pr\u00eamio extra para o <strong>Top 3 \u2014 100% de rakeback<\/strong> por um m\u00eas inteiro!<\/span><\/li>\r\n<\/ul>\r\n<p><strong><span style=\"font-size: 10pt;\">Classifique-se por:<\/span><\/strong><\/p>\r\n<ul>\r\n\t<li><span style=\"font-size: 10pt;\">Sat\u00e9lites com buy-in de $0.77: at\u00e9 13 de fevereiro \u00e0s 14:30 e 18:30 CET. No dia 14 de fevereiro \u2014 somente \u00e0s 14:30 CET.<\/span><\/li>\r\n<\/ul>\r\n<p><span style=\"font-size: 10pt;\">Voc\u00ea tamb\u00e9m pode ganhar um ticket em outros torneios do PokerPlanets!<\/span><\/p>\r\n<p><span style=\"font-size: 10pt;\"><em>Ingressos extras podem ser usados como reentradas ou trocados por T$.<\/em><\/span><\/p>\r\n<p style=\"font-size: 10pt; text-align: center;\"><span style=\"font-size: 10pt;\"><strong>Presenteie-se com uma noite realmente prazerosa \u2014 na mesa de p\u00f4quer.<\/strong><\/span><\/p>\r\n<p>&nbsp;<\/p>\r\n<div style=\"margin: 0 auto; text-align: center;\"><div id=\"detectButton5\" style=\"margin: 0 auto; text-align: center;\"><button class=\"button  button--red\" type=\"button\"><svg class=\"svg\">\r\n              <use xlink:href=\"\/wp-content\/uploads\/2024\/12\/sprite.svg#lock\"><\/use>\r\n             <\/svg>  BAIXAR O POKERPLANETS <\/button><\/div><\/div>\r\n<p>&nbsp;<\/p>","protected":false},"excerpt":{"rendered":"<p>Sun Lite Cup \u2014 o m\u00e1ximo valor por apenas $5.5! No dia 14 de fevereiro, comemore o Dia dos Namorados com o Sun Lite Cup e sua garantia aumentada de $3 000! A\u00e7\u00e3o acelerada, bounties enormes e 100% de rakeback \u2014 tudo para voc\u00ea, com carinho! Destaques do torneio: In\u00edcio: 14 de fevereiro \u00e0s 17:30 [&hellip;]<\/p>\n","protected":false},"author":1,"featured_media":0,"parent":7185,"menu_order":0,"comment_status":"closed","ping_status":"closed","template":"page-faq-nosidebar-promo.php","meta":{"_acf_changed":false,"inline_featured_image":false,"footnotes":""},"class_list":["post-10913","page","type-page","status-publish","hentry"],"acf":[],"yoast_head":"<!-- This site is optimized with the Yoast SEO plugin v24.4 - https:\/\/yoast.com\/wordpress\/plugins\/seo\/ -->\n<title>Sun Lite Cup Super Bounty - PokerPlanets<\/title>\n<meta name=\"robots\" content=\"index, follow, max-snippet:-1, max-image-preview:large, max-video-preview:-1\" \/>\n<meta property=\"og:locale\" content=\"pt_BR\" \/>\n<meta property=\"og:type\" content=\"article\" \/>\n<meta property=\"og:title\" content=\"Sun Lite Cup Super Bounty - PokerPlanets\" \/>\n<meta property=\"og:description\" content=\"Sun Lite Cup \u2014 o m\u00e1ximo valor por apenas $5.5! No dia 14 de fevereiro, comemore o Dia dos Namorados com o Sun Lite Cup e sua garantia aumentada de $3 000! A\u00e7\u00e3o acelerada, bounties enormes e 100% de rakeback \u2014 tudo para voc\u00ea, com carinho! Destaques do torneio: In\u00edcio: 14 de fevereiro \u00e0s 17:30 [&hellip;]\" \/>\n<meta property=\"og:url\" content=\"https:\/\/pokerplanets1.com\/pt-br\/promotions\/sun-lite-cup-super-bounty\/\" \/>\n<meta property=\"og:site_name\" content=\"PokerPlanets\" \/>\n<meta property=\"article:modified_time\" content=\"2026-02-03T13:13:31+00:00\" \/>\n<meta name=\"twitter:card\" content=\"summary_large_image\" \/>\n<meta name=\"twitter:label1\" content=\"Est. tempo de leitura\" \/>\n\t<meta name=\"twitter:data1\" content=\"1 minuto\" \/>\n<script type=\"application\/ld+json\" class=\"yoast-schema-graph\">{\"@context\":\"https:\/\/schema.org\",\"@graph\":[{\"@type\":\"WebPage\",\"@id\":\"https:\/\/pokerplanets1.com\/pt-br\/promotions\/sun-lite-cup-super-bounty\/\",\"url\":\"https:\/\/pokerplanets1.com\/pt-br\/promotions\/sun-lite-cup-super-bounty\/\",\"name\":\"Sun Lite Cup Super Bounty - PokerPlanets\",\"isPartOf\":{\"@id\":\"https:\/\/pokerplanets1.com\/pt-br\/#website\"},\"datePublished\":\"2026-02-03T11:43:47+00:00\",\"dateModified\":\"2026-02-03T13:13:31+00:00\",\"breadcrumb\":{\"@id\":\"https:\/\/pokerplanets1.com\/pt-br\/promotions\/sun-lite-cup-super-bounty\/#breadcrumb\"},\"inLanguage\":\"pt-BR\",\"potentialAction\":[{\"@type\":\"ReadAction\",\"target\":[\"https:\/\/pokerplanets1.com\/pt-br\/promotions\/sun-lite-cup-super-bounty\/\"]}]},{\"@type\":\"BreadcrumbList\",\"@id\":\"https:\/\/pokerplanets1.com\/pt-br\/promotions\/sun-lite-cup-super-bounty\/#breadcrumb\",\"itemListElement\":[{\"@type\":\"ListItem\",\"position\":1,\"name\":\"Home\",\"item\":\"https:\/\/pokerplanets1.com\/pt-br\/\"},{\"@type\":\"ListItem\",\"position\":2,\"name\":\"Promo\u00e7\u00f5es\",\"item\":\"https:\/\/pokerplanets1.com\/pt-br\/promotions\/\"},{\"@type\":\"ListItem\",\"position\":3,\"name\":\"Sun Lite Cup Super Bounty\"}]},{\"@type\":\"WebSite\",\"@id\":\"https:\/\/pokerplanets1.com\/pt-br\/#website\",\"url\":\"https:\/\/pokerplanets1.com\/pt-br\/\",\"name\":\"PokerPlanets\",\"description\":\"\",\"potentialAction\":[{\"@type\":\"SearchAction\",\"target\":{\"@type\":\"EntryPoint\",\"urlTemplate\":\"https:\/\/pokerplanets1.com\/pt-br\/?s={search_term_string}\"},\"query-input\":{\"@type\":\"PropertyValueSpecification\",\"valueRequired\":true,\"valueName\":\"search_term_string\"}}],\"inLanguage\":\"pt-BR\"}]}<\/script>\n<!-- \/ Yoast SEO plugin. -->","yoast_head_json":{"title":"Sun Lite Cup Super Bounty - PokerPlanets","robots":{"index":"index","follow":"follow","max-snippet":"max-snippet:-1","max-image-preview":"max-image-preview:large","max-video-preview":"max-video-preview:-1"},"og_locale":"pt_BR","og_type":"article","og_title":"Sun Lite Cup Super Bounty - PokerPlanets","og_description":"Sun Lite Cup \u2014 o m\u00e1ximo valor por apenas $5.5! No dia 14 de fevereiro, comemore o Dia dos Namorados com o Sun Lite Cup e sua garantia aumentada de $3 000! A\u00e7\u00e3o acelerada, bounties enormes e 100% de rakeback \u2014 tudo para voc\u00ea, com carinho! Destaques do torneio: In\u00edcio: 14 de fevereiro \u00e0s 17:30 [&hellip;]","og_url":"https:\/\/pokerplanets1.com\/pt-br\/promotions\/sun-lite-cup-super-bounty\/","og_site_name":"PokerPlanets","article_modified_time":"2026-02-03T13:13:31+00:00","twitter_card":"summary_large_image","twitter_misc":{"Est. tempo de leitura":"1 minuto"},"schema":{"@context":"https:\/\/schema.org","@graph":[{"@type":"WebPage","@id":"https:\/\/pokerplanets1.com\/pt-br\/promotions\/sun-lite-cup-super-bounty\/","url":"https:\/\/pokerplanets1.com\/pt-br\/promotions\/sun-lite-cup-super-bounty\/","name":"Sun Lite Cup Super Bounty - PokerPlanets","isPartOf":{"@id":"https:\/\/pokerplanets1.com\/pt-br\/#website"},"datePublished":"2026-02-03T11:43:47+00:00","dateModified":"2026-02-03T13:13:31+00:00","breadcrumb":{"@id":"https:\/\/pokerplanets1.com\/pt-br\/promotions\/sun-lite-cup-super-bounty\/#breadcrumb"},"inLanguage":"pt-BR","potentialAction":[{"@type":"ReadAction","target":["https:\/\/pokerplanets1.com\/pt-br\/promotions\/sun-lite-cup-super-bounty\/"]}]},{"@type":"BreadcrumbList","@id":"https:\/\/pokerplanets1.com\/pt-br\/promotions\/sun-lite-cup-super-bounty\/#breadcrumb","itemListElement":[{"@type":"ListItem","position":1,"name":"Home","item":"https:\/\/pokerplanets1.com\/pt-br\/"},{"@type":"ListItem","position":2,"name":"Promo\u00e7\u00f5es","item":"https:\/\/pokerplanets1.com\/pt-br\/promotions\/"},{"@type":"ListItem","position":3,"name":"Sun Lite Cup Super Bounty"}]},{"@type":"WebSite","@id":"https:\/\/pokerplanets1.com\/pt-br\/#website","url":"https:\/\/pokerplanets1.com\/pt-br\/","name":"PokerPlanets","description":"","potentialAction":[{"@type":"SearchAction","target":{"@type":"EntryPoint","urlTemplate":"https:\/\/pokerplanets1.com\/pt-br\/?s={search_term_string}"},"query-input":{"@type":"PropertyValueSpecification","valueRequired":true,"valueName":"search_term_string"}}],"inLanguage":"pt-BR"}]}},"_links":{"self":[{"href":"https:\/\/pokerplanets1.com\/pt-br\/wp-json\/wp\/v2\/pages\/10913","targetHints":{"allow":["GET"]}}],"collection":[{"href":"https:\/\/pokerplanets1.com\/pt-br\/wp-json\/wp\/v2\/pages"}],"about":[{"href":"https:\/\/pokerplanets1.com\/pt-br\/wp-json\/wp\/v2\/types\/page"}],"author":[{"embeddable":true,"href":"https:\/\/pokerplanets1.com\/pt-br\/wp-json\/wp\/v2\/users\/1"}],"replies":[{"embeddable":true,"href":"https:\/\/pokerplanets1.com\/pt-br\/wp-json\/wp\/v2\/comments?post=10913"}],"version-history":[{"count":1,"href":"https:\/\/pokerplanets1.com\/pt-br\/wp-json\/wp\/v2\/pages\/10913\/revisions"}],"predecessor-version":[{"id":10914,"href":"https:\/\/pokerplanets1.com\/pt-br\/wp-json\/wp\/v2\/pages\/10913\/revisions\/10914"}],"up":[{"embeddable":true,"href":"https:\/\/pokerplanets1.com\/pt-br\/wp-json\/wp\/v2\/pages\/7185"}],"wp:attachment":[{"href":"https:\/\/pokerplanets1.com\/pt-br\/wp-json\/wp\/v2\/media?parent=10913"}],"curies":[{"name":"wp","href":"https:\/\/api.w.org\/{rel}","templated":true}]}}