{"id":10974,"date":"2026-02-06T15:30:31","date_gmt":"2026-02-06T12:30:31","guid":{"rendered":"https:\/\/pokerplanets1.com\/promotions\/sun-lite-cup-on-february-28\/"},"modified":"2026-02-06T15:32:05","modified_gmt":"2026-02-06T12:32:05","slug":"sun-lite-cup-on-february-28","status":"publish","type":"page","link":"https:\/\/pokerplanets1.com\/pt-br\/promotions\/sun-lite-cup-on-february-28\/","title":{"rendered":"Sun Lite Cup on February 28"},"content":{"rendered":"<p style=\"text-align: center;\"><span style=\"font-size: 14pt;\"><strong>Sun Cup em 28 de fevereiro \u2014 sua nova chance de conquistar 100% de rakeback!<\/strong><\/span><\/p>\r\n<p><span style=\"font-size: 10pt;\">Mesmo formato, mesmo objetivo: chegue entre os 7 melhores e receba rakeback total durante todo o m\u00eas de mar\u00e7o.<\/span><\/p>\r\n<p><span style=\"font-size: 10pt;\"><strong>Principais detalhes do torneio: <\/strong><\/span><\/p>\r\n<ul>\r\n\t<li><span style=\"font-size: 10pt;\"><strong>Data e hora: 28 de fevereiro \u00e0s 17:30 CET<\/strong><\/span><\/li>\r\n\t<li><span style=\"font-size: 10pt;\"><strong>Buy-in: $11<\/strong><\/span><\/li>\r\n\t<li><span style=\"font-size: 10pt;\"><strong>Garantia: $5 000<\/strong><\/span><\/li>\r\n\t<li><span style=\"font-size: 10pt;\">Formato: 7-max<\/span><\/li>\r\n\t<li><span style=\"font-size: 10pt;\">Super Bounty: 70% do prize pool vai para recompensas por elimina\u00e7\u00f5es<\/span><\/li>\r\n\t<li><span style=\"font-size: 10pt;\"><strong>B\u00f4nus para os sete finalistas: 100% de rakeback por um m\u00eas<\/strong><\/span><\/li>\r\n<\/ul>\r\n<p><span style=\"font-size: 10pt;\"><strong>Classificat\u00f3rias:<\/strong><\/span><\/p>\r\n<ul>\r\n\t<li><span style=\"font-size: 10pt;\"><strong>Freerolls:<\/strong> 13:00 CET.<\/span><\/li>\r\n\t<li><span style=\"font-size: 10pt;\"><strong>Steps de $0.33:<\/strong> 15:05 e 17:05 CET.<\/span><\/li>\r\n\t<li><span style=\"font-size: 10pt;\"><strong>Sat\u00e9lites de $1.1 e $2.2: <\/strong>15:30 e 19:30 CET.<\/span><\/li>\r\n<\/ul>\r\n<p><span style=\"font-size: 10pt;\">Voc\u00ea tamb\u00e9m pode ganhar um ticket para o Sun Cup em outros torneios no PokerPlanets! Tickets extras podem ser usados como reentrada ou convertidos em T$ ap\u00f3s o evento.<\/span><\/p>\r\n<p style=\"text-align: center;\"><span style=\"font-size: 10pt;\"><strong>Sun Cup \u00e9 o seu melhor investimento. Chegue \u00e0 mesa final e transforme $11 em um mar\u00e7o sem rake.<\/strong><\/span><\/p>\r\n<div style=\"margin: 0 auto; text-align: center;\"><div id=\"detectButton5\" style=\"margin: 0 auto; text-align: center;\"><button class=\"button  button--red\" type=\"button\"><svg class=\"svg\">\r\n              <use xlink:href=\"\/wp-content\/uploads\/2024\/12\/sprite.svg#lock\"><\/use>\r\n             <\/svg>  BAIXAR O POKERPLANETS <\/button><\/div><\/div>\r\n<p>&nbsp;<\/p>","protected":false},"excerpt":{"rendered":"<p>Sun Cup em 28 de fevereiro \u2014 sua nova chance de conquistar 100% de rakeback! Mesmo formato, mesmo objetivo: chegue entre os 7 melhores e receba rakeback total durante todo o m\u00eas de mar\u00e7o. Principais detalhes do torneio: Data e hora: 28 de fevereiro \u00e0s 17:30 CET Buy-in: $11 Garantia: $5 000 Formato: 7-max Super [&hellip;]<\/p>\n","protected":false},"author":1,"featured_media":0,"parent":7185,"menu_order":0,"comment_status":"closed","ping_status":"closed","template":"page-faq-nosidebar-promo.php","meta":{"_acf_changed":false,"inline_featured_image":false,"footnotes":""},"class_list":["post-10974","page","type-page","status-publish","hentry"],"acf":[],"yoast_head":"<!-- This site is optimized with the Yoast SEO plugin v24.4 - https:\/\/yoast.com\/wordpress\/plugins\/seo\/ -->\n<title>Sun Lite Cup on February 28 - PokerPlanets<\/title>\n<meta name=\"robots\" content=\"index, follow, max-snippet:-1, max-image-preview:large, max-video-preview:-1\" \/>\n<meta property=\"og:locale\" content=\"pt_BR\" \/>\n<meta property=\"og:type\" content=\"article\" \/>\n<meta property=\"og:title\" content=\"Sun Lite Cup on February 28 - PokerPlanets\" \/>\n<meta property=\"og:description\" content=\"Sun Cup em 28 de fevereiro \u2014 sua nova chance de conquistar 100% de rakeback! Mesmo formato, mesmo objetivo: chegue entre os 7 melhores e receba rakeback total durante todo o m\u00eas de mar\u00e7o. Principais detalhes do torneio: Data e hora: 28 de fevereiro \u00e0s 17:30 CET Buy-in: $11 Garantia: $5 000 Formato: 7-max Super [&hellip;]\" \/>\n<meta property=\"og:url\" content=\"https:\/\/pokerplanets1.com\/pt-br\/promotions\/sun-lite-cup-on-february-28\/\" \/>\n<meta property=\"og:site_name\" content=\"PokerPlanets\" \/>\n<meta property=\"article:modified_time\" content=\"2026-02-06T12:32:05+00:00\" \/>\n<meta name=\"twitter:card\" content=\"summary_large_image\" \/>\n<meta name=\"twitter:label1\" content=\"Est. tempo de leitura\" \/>\n\t<meta name=\"twitter:data1\" content=\"1 minuto\" \/>\n<script type=\"application\/ld+json\" class=\"yoast-schema-graph\">{\"@context\":\"https:\/\/schema.org\",\"@graph\":[{\"@type\":\"WebPage\",\"@id\":\"https:\/\/pokerplanets1.com\/pt-br\/promotions\/sun-lite-cup-on-february-28\/\",\"url\":\"https:\/\/pokerplanets1.com\/pt-br\/promotions\/sun-lite-cup-on-february-28\/\",\"name\":\"Sun Lite Cup on February 28 - PokerPlanets\",\"isPartOf\":{\"@id\":\"https:\/\/pokerplanets1.com\/pt-br\/#website\"},\"datePublished\":\"2026-02-06T12:30:31+00:00\",\"dateModified\":\"2026-02-06T12:32:05+00:00\",\"breadcrumb\":{\"@id\":\"https:\/\/pokerplanets1.com\/pt-br\/promotions\/sun-lite-cup-on-february-28\/#breadcrumb\"},\"inLanguage\":\"pt-BR\",\"potentialAction\":[{\"@type\":\"ReadAction\",\"target\":[\"https:\/\/pokerplanets1.com\/pt-br\/promotions\/sun-lite-cup-on-february-28\/\"]}]},{\"@type\":\"BreadcrumbList\",\"@id\":\"https:\/\/pokerplanets1.com\/pt-br\/promotions\/sun-lite-cup-on-february-28\/#breadcrumb\",\"itemListElement\":[{\"@type\":\"ListItem\",\"position\":1,\"name\":\"Home\",\"item\":\"https:\/\/pokerplanets1.com\/pt-br\/\"},{\"@type\":\"ListItem\",\"position\":2,\"name\":\"Promo\u00e7\u00f5es\",\"item\":\"https:\/\/pokerplanets1.com\/pt-br\/promotions\/\"},{\"@type\":\"ListItem\",\"position\":3,\"name\":\"Sun Lite Cup on February 28\"}]},{\"@type\":\"WebSite\",\"@id\":\"https:\/\/pokerplanets1.com\/pt-br\/#website\",\"url\":\"https:\/\/pokerplanets1.com\/pt-br\/\",\"name\":\"PokerPlanets\",\"description\":\"\",\"potentialAction\":[{\"@type\":\"SearchAction\",\"target\":{\"@type\":\"EntryPoint\",\"urlTemplate\":\"https:\/\/pokerplanets1.com\/pt-br\/?s={search_term_string}\"},\"query-input\":{\"@type\":\"PropertyValueSpecification\",\"valueRequired\":true,\"valueName\":\"search_term_string\"}}],\"inLanguage\":\"pt-BR\"}]}<\/script>\n<!-- \/ Yoast SEO plugin. -->","yoast_head_json":{"title":"Sun Lite Cup on February 28 - PokerPlanets","robots":{"index":"index","follow":"follow","max-snippet":"max-snippet:-1","max-image-preview":"max-image-preview:large","max-video-preview":"max-video-preview:-1"},"og_locale":"pt_BR","og_type":"article","og_title":"Sun Lite Cup on February 28 - PokerPlanets","og_description":"Sun Cup em 28 de fevereiro \u2014 sua nova chance de conquistar 100% de rakeback! Mesmo formato, mesmo objetivo: chegue entre os 7 melhores e receba rakeback total durante todo o m\u00eas de mar\u00e7o. Principais detalhes do torneio: Data e hora: 28 de fevereiro \u00e0s 17:30 CET Buy-in: $11 Garantia: $5 000 Formato: 7-max Super [&hellip;]","og_url":"https:\/\/pokerplanets1.com\/pt-br\/promotions\/sun-lite-cup-on-february-28\/","og_site_name":"PokerPlanets","article_modified_time":"2026-02-06T12:32:05+00:00","twitter_card":"summary_large_image","twitter_misc":{"Est. tempo de leitura":"1 minuto"},"schema":{"@context":"https:\/\/schema.org","@graph":[{"@type":"WebPage","@id":"https:\/\/pokerplanets1.com\/pt-br\/promotions\/sun-lite-cup-on-february-28\/","url":"https:\/\/pokerplanets1.com\/pt-br\/promotions\/sun-lite-cup-on-february-28\/","name":"Sun Lite Cup on February 28 - PokerPlanets","isPartOf":{"@id":"https:\/\/pokerplanets1.com\/pt-br\/#website"},"datePublished":"2026-02-06T12:30:31+00:00","dateModified":"2026-02-06T12:32:05+00:00","breadcrumb":{"@id":"https:\/\/pokerplanets1.com\/pt-br\/promotions\/sun-lite-cup-on-february-28\/#breadcrumb"},"inLanguage":"pt-BR","potentialAction":[{"@type":"ReadAction","target":["https:\/\/pokerplanets1.com\/pt-br\/promotions\/sun-lite-cup-on-february-28\/"]}]},{"@type":"BreadcrumbList","@id":"https:\/\/pokerplanets1.com\/pt-br\/promotions\/sun-lite-cup-on-february-28\/#breadcrumb","itemListElement":[{"@type":"ListItem","position":1,"name":"Home","item":"https:\/\/pokerplanets1.com\/pt-br\/"},{"@type":"ListItem","position":2,"name":"Promo\u00e7\u00f5es","item":"https:\/\/pokerplanets1.com\/pt-br\/promotions\/"},{"@type":"ListItem","position":3,"name":"Sun Lite Cup on February 28"}]},{"@type":"WebSite","@id":"https:\/\/pokerplanets1.com\/pt-br\/#website","url":"https:\/\/pokerplanets1.com\/pt-br\/","name":"PokerPlanets","description":"","potentialAction":[{"@type":"SearchAction","target":{"@type":"EntryPoint","urlTemplate":"https:\/\/pokerplanets1.com\/pt-br\/?s={search_term_string}"},"query-input":{"@type":"PropertyValueSpecification","valueRequired":true,"valueName":"search_term_string"}}],"inLanguage":"pt-BR"}]}},"_links":{"self":[{"href":"https:\/\/pokerplanets1.com\/pt-br\/wp-json\/wp\/v2\/pages\/10974","targetHints":{"allow":["GET"]}}],"collection":[{"href":"https:\/\/pokerplanets1.com\/pt-br\/wp-json\/wp\/v2\/pages"}],"about":[{"href":"https:\/\/pokerplanets1.com\/pt-br\/wp-json\/wp\/v2\/types\/page"}],"author":[{"embeddable":true,"href":"https:\/\/pokerplanets1.com\/pt-br\/wp-json\/wp\/v2\/users\/1"}],"replies":[{"embeddable":true,"href":"https:\/\/pokerplanets1.com\/pt-br\/wp-json\/wp\/v2\/comments?post=10974"}],"version-history":[{"count":2,"href":"https:\/\/pokerplanets1.com\/pt-br\/wp-json\/wp\/v2\/pages\/10974\/revisions"}],"predecessor-version":[{"id":10976,"href":"https:\/\/pokerplanets1.com\/pt-br\/wp-json\/wp\/v2\/pages\/10974\/revisions\/10976"}],"up":[{"embeddable":true,"href":"https:\/\/pokerplanets1.com\/pt-br\/wp-json\/wp\/v2\/pages\/7185"}],"wp:attachment":[{"href":"https:\/\/pokerplanets1.com\/pt-br\/wp-json\/wp\/v2\/media?parent=10974"}],"curies":[{"name":"wp","href":"https:\/\/api.w.org\/{rel}","templated":true}]}}