{"id":11042,"date":"2026-02-11T13:04:27","date_gmt":"2026-02-11T10:04:27","guid":{"rendered":"https:\/\/pokerplanets1.com\/promotions\/heartbreaker-freeroll\/"},"modified":"2026-02-11T13:16:34","modified_gmt":"2026-02-11T10:16:34","slug":"heartbreaker-freeroll","status":"publish","type":"page","link":"https:\/\/pokerplanets1.com\/pt-br\/promotions\/heartbreaker-freeroll\/","title":{"rendered":"Heartbreaker Freeroll"},"content":{"rendered":"<p style=\"text-align: center;\"><span style=\"font-size: 14pt;\"><strong>$2 500 para verdadeiros conquistadores<\/strong><\/span><\/p>\r\n<p><span style=\"font-size: 10pt;\">Sabemos que sua agenda no Dia dos Namorados est\u00e1 lotada \u2014 como deve ser para um verdadeiro conquistador. Tudo bem, a gente espera\u2026 at\u00e9 voc\u00ea voltar para as mesas e mostrar que tamb\u00e9m sabe ganhar no p\u00f4quer.<\/span><\/p>\r\n<p><span style=\"font-size: 10pt;\"><strong>15 de fevereiro \u00e0s 16:00 CET <\/strong>\u2014 <strong>Heartbreaker Freeroll com $2.500 garantidos!<\/strong> Esse n\u00e3o \u00e9 um torneio qualquer \u2014 aqui voc\u00ea pode jogar com m\u00faltiplos stacks ao mesmo tempo! Sim, \u00e9 isso mesmo:<strong> stacks diferentes em mesas diferentes, o que significa quatro vezes mais chances de vencer.<\/strong><\/span><\/p>\r\n<p><span style=\"font-size: 10pt;\">De 11 a 15 de fevereiro (16:00 CET), ganhe at\u00e9 4 ingressos para o Heartbreaker Freeroll:<\/span><\/p>\r\n<ul>\r\n\t<li><span style=\"font-size: 10pt;\"><strong>1 ingresso <\/strong>por gerar <strong>$10 de rake em jogos cash.<\/strong><\/span><\/li>\r\n\t<li><span style=\"font-size: 10pt;\"><strong>1 ingresso<\/strong> por gerar <strong>$10 de rake em torneios.<\/strong><\/span><\/li>\r\n\t<li><span style=\"font-size: 10pt;\"><strong>1 ingresso<\/strong> por um<strong> dep\u00f3sito exato de $20.<\/strong><\/span><\/li>\r\n\t<li><span style=\"font-size: 10pt;\"><strong>1 ingresso<\/strong> por um<strong> dep\u00f3sito exato de $30.<\/strong><\/span><\/li>\r\n<\/ul>\r\n<p><span style=\"font-size: 10pt;\"><strong>Importante:<\/strong><\/span><\/p>\r\n<ul>\r\n\t<li><span style=\"font-size: 10pt;\">Os ingressos s\u00e3o concedidos apenas para dep\u00f3sitos de $20 e $30. Outros valores n\u00e3o s\u00e3o v\u00e1lidos.<\/span><\/li>\r\n\t<li><span style=\"font-size: 10pt;\"><strong>A inscri\u00e7\u00e3o no torneio \u00e9 feita automaticamente <\/strong>ap\u00f3s a conclus\u00e3o da tarefa.<\/span><\/li>\r\n\t<li><span style=\"font-size: 10pt;\">Voc\u00ea pode verificar sua inscri\u00e7\u00e3o na aba <strong>\u201cMeus torneios\u201d<\/strong>, localizada no canto inferior direito do cliente de jogo.<\/span><\/li>\r\n<\/ul>\r\n<p style=\"text-align: center;\"><span style=\"font-size: 10pt;\"><strong>Um torneio, quatro ingressos, quatro stacks \u2014 quatro vezes mais chances de ser campe\u00e3o! Pegue todos e jogue para vencer.<\/strong><\/span><\/p>\r\n<div style=\"margin: 0 auto; text-align: center;\"><div id=\"detectButton5\" style=\"margin: 0 auto; text-align: center;\"><button class=\"button  button--red\" type=\"button\"><svg class=\"svg\">\r\n              <use xlink:href=\"\/wp-content\/uploads\/2024\/12\/sprite.svg#lock\"><\/use>\r\n             <\/svg>  BAIXAR O POKERPLANETS <\/button><\/div><\/div>\r\n<p>&nbsp;<\/p>","protected":false},"excerpt":{"rendered":"<p>$2 500 para verdadeiros conquistadores Sabemos que sua agenda no Dia dos Namorados est\u00e1 lotada \u2014 como deve ser para um verdadeiro conquistador. Tudo bem, a gente espera\u2026 at\u00e9 voc\u00ea voltar para as mesas e mostrar que tamb\u00e9m sabe ganhar no p\u00f4quer. 15 de fevereiro \u00e0s 16:00 CET \u2014 Heartbreaker Freeroll com $2.500 garantidos! Esse [&hellip;]<\/p>\n","protected":false},"author":1,"featured_media":0,"parent":7185,"menu_order":0,"comment_status":"closed","ping_status":"closed","template":"page-faq-nosidebar-promo.php","meta":{"_acf_changed":false,"inline_featured_image":false,"footnotes":""},"class_list":["post-11042","page","type-page","status-publish","hentry"],"acf":[],"yoast_head":"<!-- This site is optimized with the Yoast SEO plugin v24.4 - https:\/\/yoast.com\/wordpress\/plugins\/seo\/ -->\n<title>Heartbreaker Freeroll - PokerPlanets<\/title>\n<meta name=\"robots\" content=\"index, follow, max-snippet:-1, max-image-preview:large, max-video-preview:-1\" \/>\n<meta property=\"og:locale\" content=\"pt_BR\" \/>\n<meta property=\"og:type\" content=\"article\" \/>\n<meta property=\"og:title\" content=\"Heartbreaker Freeroll - PokerPlanets\" \/>\n<meta property=\"og:description\" content=\"$2 500 para verdadeiros conquistadores Sabemos que sua agenda no Dia dos Namorados est\u00e1 lotada \u2014 como deve ser para um verdadeiro conquistador. Tudo bem, a gente espera\u2026 at\u00e9 voc\u00ea voltar para as mesas e mostrar que tamb\u00e9m sabe ganhar no p\u00f4quer. 15 de fevereiro \u00e0s 16:00 CET \u2014 Heartbreaker Freeroll com $2.500 garantidos! Esse [&hellip;]\" \/>\n<meta property=\"og:url\" content=\"https:\/\/pokerplanets1.com\/pt-br\/promotions\/heartbreaker-freeroll\/\" \/>\n<meta property=\"og:site_name\" content=\"PokerPlanets\" \/>\n<meta property=\"article:modified_time\" content=\"2026-02-11T10:16:34+00:00\" \/>\n<meta name=\"twitter:card\" content=\"summary_large_image\" \/>\n<meta name=\"twitter:label1\" content=\"Est. tempo de leitura\" \/>\n\t<meta name=\"twitter:data1\" content=\"1 minuto\" \/>\n<script type=\"application\/ld+json\" class=\"yoast-schema-graph\">{\"@context\":\"https:\/\/schema.org\",\"@graph\":[{\"@type\":\"WebPage\",\"@id\":\"https:\/\/pokerplanets1.com\/pt-br\/promotions\/heartbreaker-freeroll\/\",\"url\":\"https:\/\/pokerplanets1.com\/pt-br\/promotions\/heartbreaker-freeroll\/\",\"name\":\"Heartbreaker Freeroll - PokerPlanets\",\"isPartOf\":{\"@id\":\"https:\/\/pokerplanets1.com\/pt-br\/#website\"},\"datePublished\":\"2026-02-11T10:04:27+00:00\",\"dateModified\":\"2026-02-11T10:16:34+00:00\",\"breadcrumb\":{\"@id\":\"https:\/\/pokerplanets1.com\/pt-br\/promotions\/heartbreaker-freeroll\/#breadcrumb\"},\"inLanguage\":\"pt-BR\",\"potentialAction\":[{\"@type\":\"ReadAction\",\"target\":[\"https:\/\/pokerplanets1.com\/pt-br\/promotions\/heartbreaker-freeroll\/\"]}]},{\"@type\":\"BreadcrumbList\",\"@id\":\"https:\/\/pokerplanets1.com\/pt-br\/promotions\/heartbreaker-freeroll\/#breadcrumb\",\"itemListElement\":[{\"@type\":\"ListItem\",\"position\":1,\"name\":\"Home\",\"item\":\"https:\/\/pokerplanets1.com\/pt-br\/\"},{\"@type\":\"ListItem\",\"position\":2,\"name\":\"Promo\u00e7\u00f5es\",\"item\":\"https:\/\/pokerplanets1.com\/pt-br\/promotions\/\"},{\"@type\":\"ListItem\",\"position\":3,\"name\":\"Heartbreaker Freeroll\"}]},{\"@type\":\"WebSite\",\"@id\":\"https:\/\/pokerplanets1.com\/pt-br\/#website\",\"url\":\"https:\/\/pokerplanets1.com\/pt-br\/\",\"name\":\"PokerPlanets\",\"description\":\"\",\"potentialAction\":[{\"@type\":\"SearchAction\",\"target\":{\"@type\":\"EntryPoint\",\"urlTemplate\":\"https:\/\/pokerplanets1.com\/pt-br\/?s={search_term_string}\"},\"query-input\":{\"@type\":\"PropertyValueSpecification\",\"valueRequired\":true,\"valueName\":\"search_term_string\"}}],\"inLanguage\":\"pt-BR\"}]}<\/script>\n<!-- \/ Yoast SEO plugin. -->","yoast_head_json":{"title":"Heartbreaker Freeroll - PokerPlanets","robots":{"index":"index","follow":"follow","max-snippet":"max-snippet:-1","max-image-preview":"max-image-preview:large","max-video-preview":"max-video-preview:-1"},"og_locale":"pt_BR","og_type":"article","og_title":"Heartbreaker Freeroll - PokerPlanets","og_description":"$2 500 para verdadeiros conquistadores Sabemos que sua agenda no Dia dos Namorados est\u00e1 lotada \u2014 como deve ser para um verdadeiro conquistador. Tudo bem, a gente espera\u2026 at\u00e9 voc\u00ea voltar para as mesas e mostrar que tamb\u00e9m sabe ganhar no p\u00f4quer. 15 de fevereiro \u00e0s 16:00 CET \u2014 Heartbreaker Freeroll com $2.500 garantidos! Esse [&hellip;]","og_url":"https:\/\/pokerplanets1.com\/pt-br\/promotions\/heartbreaker-freeroll\/","og_site_name":"PokerPlanets","article_modified_time":"2026-02-11T10:16:34+00:00","twitter_card":"summary_large_image","twitter_misc":{"Est. tempo de leitura":"1 minuto"},"schema":{"@context":"https:\/\/schema.org","@graph":[{"@type":"WebPage","@id":"https:\/\/pokerplanets1.com\/pt-br\/promotions\/heartbreaker-freeroll\/","url":"https:\/\/pokerplanets1.com\/pt-br\/promotions\/heartbreaker-freeroll\/","name":"Heartbreaker Freeroll - PokerPlanets","isPartOf":{"@id":"https:\/\/pokerplanets1.com\/pt-br\/#website"},"datePublished":"2026-02-11T10:04:27+00:00","dateModified":"2026-02-11T10:16:34+00:00","breadcrumb":{"@id":"https:\/\/pokerplanets1.com\/pt-br\/promotions\/heartbreaker-freeroll\/#breadcrumb"},"inLanguage":"pt-BR","potentialAction":[{"@type":"ReadAction","target":["https:\/\/pokerplanets1.com\/pt-br\/promotions\/heartbreaker-freeroll\/"]}]},{"@type":"BreadcrumbList","@id":"https:\/\/pokerplanets1.com\/pt-br\/promotions\/heartbreaker-freeroll\/#breadcrumb","itemListElement":[{"@type":"ListItem","position":1,"name":"Home","item":"https:\/\/pokerplanets1.com\/pt-br\/"},{"@type":"ListItem","position":2,"name":"Promo\u00e7\u00f5es","item":"https:\/\/pokerplanets1.com\/pt-br\/promotions\/"},{"@type":"ListItem","position":3,"name":"Heartbreaker Freeroll"}]},{"@type":"WebSite","@id":"https:\/\/pokerplanets1.com\/pt-br\/#website","url":"https:\/\/pokerplanets1.com\/pt-br\/","name":"PokerPlanets","description":"","potentialAction":[{"@type":"SearchAction","target":{"@type":"EntryPoint","urlTemplate":"https:\/\/pokerplanets1.com\/pt-br\/?s={search_term_string}"},"query-input":{"@type":"PropertyValueSpecification","valueRequired":true,"valueName":"search_term_string"}}],"inLanguage":"pt-BR"}]}},"_links":{"self":[{"href":"https:\/\/pokerplanets1.com\/pt-br\/wp-json\/wp\/v2\/pages\/11042","targetHints":{"allow":["GET"]}}],"collection":[{"href":"https:\/\/pokerplanets1.com\/pt-br\/wp-json\/wp\/v2\/pages"}],"about":[{"href":"https:\/\/pokerplanets1.com\/pt-br\/wp-json\/wp\/v2\/types\/page"}],"author":[{"embeddable":true,"href":"https:\/\/pokerplanets1.com\/pt-br\/wp-json\/wp\/v2\/users\/1"}],"replies":[{"embeddable":true,"href":"https:\/\/pokerplanets1.com\/pt-br\/wp-json\/wp\/v2\/comments?post=11042"}],"version-history":[{"count":1,"href":"https:\/\/pokerplanets1.com\/pt-br\/wp-json\/wp\/v2\/pages\/11042\/revisions"}],"predecessor-version":[{"id":11043,"href":"https:\/\/pokerplanets1.com\/pt-br\/wp-json\/wp\/v2\/pages\/11042\/revisions\/11043"}],"up":[{"embeddable":true,"href":"https:\/\/pokerplanets1.com\/pt-br\/wp-json\/wp\/v2\/pages\/7185"}],"wp:attachment":[{"href":"https:\/\/pokerplanets1.com\/pt-br\/wp-json\/wp\/v2\/media?parent=11042"}],"curies":[{"name":"wp","href":"https:\/\/api.w.org\/{rel}","templated":true}]}}