{"id":11102,"date":"2026-02-12T16:33:32","date_gmt":"2026-02-12T13:33:32","guid":{"rendered":"https:\/\/pokerplanets1.com\/promotions\/triple-comet-cup-new-format\/"},"modified":"2026-02-12T16:39:55","modified_gmt":"2026-02-12T13:39:55","slug":"triple-comet-cup-new-format","status":"publish","type":"page","link":"https:\/\/pokerplanets1.com\/pt-br\/promotions\/triple-comet-cup-new-format\/","title":{"rendered":"Triple Comet Cup"},"content":{"rendered":"<p style=\"text-align: center;\"><span style=\"font-size: 14pt;\"><strong>Triple Comet Cup<\/strong><\/span><\/p>\r\n<p><span style=\"font-size: 10pt;\"><strong>Triple Comet Cup: um torneio, tr\u00eas velocidades e um s\u00f3 objetivo! <\/strong>Jogue os <strong>Dias 1 por $3.3, $5.5 ou $11<\/strong>, avance para a Final e dispute um pr\u00eamio a partir <strong>de $5 000<\/strong>!<\/span><\/p>\r\n<p><span style=\"font-size: 10pt;\"><strong>Escolha sua velocidade no Dia 1:<\/strong><\/span><\/p>\r\n<ul>\r\n\t<li><strong>Lite ($3.30)<\/strong> \u2014 <strong>5%<\/strong> dos jogadores avan\u00e7am <strong>para a Final<\/strong><\/li>\r\n\t<li><strong>Medium ($5.50)<\/strong> \u2014 <strong>8%<\/strong> avan\u00e7am<\/li>\r\n\t<li><strong>Classic ($11)<\/strong> \u2014 <strong>16%<\/strong> avan\u00e7am<\/li>\r\n<\/ul>\r\n<p><span style=\"font-size: 10pt;\"><strong>Horario do Dia 1 (CET):<\/strong><\/span><\/p>\r\n<ul>\r\n\t<li><span style=\"font-size: 10pt;\"><strong>Lite: <\/strong>13\u201321 de fevereiro \u00e0s 09:30, 13:30 e 20:30 CET | 22 de fevereiro \u00e0s 09:30 CET<\/span><\/li>\r\n\t<li><span style=\"font-size: 10pt;\"><strong>Medium: <\/strong>13\u201321 de fevereiro \u00e0s 10:30, 14:30 e 17:30 CET | 22 de fevereiro \u00e0s 10:30 CET<\/span><\/li>\r\n\t<li><span style=\"font-size: 10pt;\"><strong>Classic: <\/strong>13\u201321 de fevereiro \u00e0s 11:30, 16:30 e 19:30 CET | 22 de fevereiro \u00e0s 11:30 CET<\/span><\/li>\r\n<\/ul>\r\n<p><span style=\"font-size: 10pt;\">Voc\u00ea pode entrar nos Dias 1 por meio de sat\u00e9lites cl\u00e1ssicos ou All-In Flip com buy-ins a partir de $0.33.<\/span><\/p>\r\n<p><span style=\"font-size: 10pt;\"><strong>Dia Final:<\/strong><\/span><\/p>\r\n<ul>\r\n\t<li><span style=\"font-size: 10pt;\"><strong>22 de fevereiro \u00e0s 16:30 CET<\/strong><\/span><\/li>\r\n\t<li><span style=\"font-size: 10pt;\"><strong>$5.000 garantijos<\/strong><\/span><\/li>\r\n\t<li><span style=\"font-size: 10pt;\"><strong>Todos os jogadores j\u00e1 est\u00e3o premiados!<\/strong><\/span><\/li>\r\n<\/ul>\r\n<p><span style=\"font-size: 10pt;\">Voc\u00ea pode jogar v\u00e1rios Dias 1 \u2014 apenas o seu maior stack seguir\u00e1 para a Final.<\/span><\/p>\r\n<p style=\"text-align: center;\"><span style=\"font-size: 10pt;\"><strong>Escolha seu ritmo, classifique-se e lute pela sua parte dos $5 000!<\/strong><\/span><\/p>\r\n<div style=\"margin: 0 auto; text-align: center;\"><div id=\"detectButton5\" style=\"margin: 0 auto; text-align: center;\"><button class=\"button  button--red\" type=\"button\"><svg class=\"svg\">\r\n              <use xlink:href=\"\/wp-content\/uploads\/2024\/12\/sprite.svg#lock\"><\/use>\r\n             <\/svg>  BAIXAR O POKERPLANETS <\/button><\/div><\/div>\r\n<p>&nbsp;<\/p>","protected":false},"excerpt":{"rendered":"<p>Triple Comet Cup Triple Comet Cup: um torneio, tr\u00eas velocidades e um s\u00f3 objetivo! Jogue os Dias 1 por $3.3, $5.5 ou $11, avance para a Final e dispute um pr\u00eamio a partir de $5 000! Escolha sua velocidade no Dia 1: Lite ($3.30) \u2014 5% dos jogadores avan\u00e7am para a Final Medium ($5.50) \u2014 [&hellip;]<\/p>\n","protected":false},"author":1,"featured_media":0,"parent":7185,"menu_order":0,"comment_status":"closed","ping_status":"closed","template":"page-faq-nosidebar-promo.php","meta":{"_acf_changed":false,"inline_featured_image":false,"footnotes":""},"class_list":["post-11102","page","type-page","status-publish","hentry"],"acf":[],"yoast_head":"<!-- This site is optimized with the Yoast SEO plugin v24.4 - https:\/\/yoast.com\/wordpress\/plugins\/seo\/ -->\n<title>Triple Comet Cup - PokerPlanets<\/title>\n<meta name=\"robots\" content=\"index, follow, max-snippet:-1, max-image-preview:large, max-video-preview:-1\" \/>\n<meta property=\"og:locale\" content=\"pt_BR\" \/>\n<meta property=\"og:type\" content=\"article\" \/>\n<meta property=\"og:title\" content=\"Triple Comet Cup - PokerPlanets\" \/>\n<meta property=\"og:description\" content=\"Triple Comet Cup Triple Comet Cup: um torneio, tr\u00eas velocidades e um s\u00f3 objetivo! Jogue os Dias 1 por $3.3, $5.5 ou $11, avance para a Final e dispute um pr\u00eamio a partir de $5 000! Escolha sua velocidade no Dia 1: Lite ($3.30) \u2014 5% dos jogadores avan\u00e7am para a Final Medium ($5.50) \u2014 [&hellip;]\" \/>\n<meta property=\"og:url\" content=\"https:\/\/pokerplanets1.com\/pt-br\/promotions\/triple-comet-cup-new-format\/\" \/>\n<meta property=\"og:site_name\" content=\"PokerPlanets\" \/>\n<meta property=\"article:modified_time\" content=\"2026-02-12T13:39:55+00:00\" \/>\n<meta name=\"twitter:card\" content=\"summary_large_image\" \/>\n<meta name=\"twitter:label1\" content=\"Est. tempo de leitura\" \/>\n\t<meta name=\"twitter:data1\" content=\"1 minuto\" \/>\n<script type=\"application\/ld+json\" class=\"yoast-schema-graph\">{\"@context\":\"https:\/\/schema.org\",\"@graph\":[{\"@type\":\"WebPage\",\"@id\":\"https:\/\/pokerplanets1.com\/pt-br\/promotions\/triple-comet-cup-new-format\/\",\"url\":\"https:\/\/pokerplanets1.com\/pt-br\/promotions\/triple-comet-cup-new-format\/\",\"name\":\"Triple Comet Cup - PokerPlanets\",\"isPartOf\":{\"@id\":\"https:\/\/pokerplanets1.com\/pt-br\/#website\"},\"datePublished\":\"2026-02-12T13:33:32+00:00\",\"dateModified\":\"2026-02-12T13:39:55+00:00\",\"breadcrumb\":{\"@id\":\"https:\/\/pokerplanets1.com\/pt-br\/promotions\/triple-comet-cup-new-format\/#breadcrumb\"},\"inLanguage\":\"pt-BR\",\"potentialAction\":[{\"@type\":\"ReadAction\",\"target\":[\"https:\/\/pokerplanets1.com\/pt-br\/promotions\/triple-comet-cup-new-format\/\"]}]},{\"@type\":\"BreadcrumbList\",\"@id\":\"https:\/\/pokerplanets1.com\/pt-br\/promotions\/triple-comet-cup-new-format\/#breadcrumb\",\"itemListElement\":[{\"@type\":\"ListItem\",\"position\":1,\"name\":\"Home\",\"item\":\"https:\/\/pokerplanets1.com\/pt-br\/\"},{\"@type\":\"ListItem\",\"position\":2,\"name\":\"Promo\u00e7\u00f5es\",\"item\":\"https:\/\/pokerplanets1.com\/pt-br\/promotions\/\"},{\"@type\":\"ListItem\",\"position\":3,\"name\":\"Triple Comet Cup\"}]},{\"@type\":\"WebSite\",\"@id\":\"https:\/\/pokerplanets1.com\/pt-br\/#website\",\"url\":\"https:\/\/pokerplanets1.com\/pt-br\/\",\"name\":\"PokerPlanets\",\"description\":\"\",\"potentialAction\":[{\"@type\":\"SearchAction\",\"target\":{\"@type\":\"EntryPoint\",\"urlTemplate\":\"https:\/\/pokerplanets1.com\/pt-br\/?s={search_term_string}\"},\"query-input\":{\"@type\":\"PropertyValueSpecification\",\"valueRequired\":true,\"valueName\":\"search_term_string\"}}],\"inLanguage\":\"pt-BR\"}]}<\/script>\n<!-- \/ Yoast SEO plugin. -->","yoast_head_json":{"title":"Triple Comet Cup - PokerPlanets","robots":{"index":"index","follow":"follow","max-snippet":"max-snippet:-1","max-image-preview":"max-image-preview:large","max-video-preview":"max-video-preview:-1"},"og_locale":"pt_BR","og_type":"article","og_title":"Triple Comet Cup - PokerPlanets","og_description":"Triple Comet Cup Triple Comet Cup: um torneio, tr\u00eas velocidades e um s\u00f3 objetivo! Jogue os Dias 1 por $3.3, $5.5 ou $11, avance para a Final e dispute um pr\u00eamio a partir de $5 000! Escolha sua velocidade no Dia 1: Lite ($3.30) \u2014 5% dos jogadores avan\u00e7am para a Final Medium ($5.50) \u2014 [&hellip;]","og_url":"https:\/\/pokerplanets1.com\/pt-br\/promotions\/triple-comet-cup-new-format\/","og_site_name":"PokerPlanets","article_modified_time":"2026-02-12T13:39:55+00:00","twitter_card":"summary_large_image","twitter_misc":{"Est. tempo de leitura":"1 minuto"},"schema":{"@context":"https:\/\/schema.org","@graph":[{"@type":"WebPage","@id":"https:\/\/pokerplanets1.com\/pt-br\/promotions\/triple-comet-cup-new-format\/","url":"https:\/\/pokerplanets1.com\/pt-br\/promotions\/triple-comet-cup-new-format\/","name":"Triple Comet Cup - PokerPlanets","isPartOf":{"@id":"https:\/\/pokerplanets1.com\/pt-br\/#website"},"datePublished":"2026-02-12T13:33:32+00:00","dateModified":"2026-02-12T13:39:55+00:00","breadcrumb":{"@id":"https:\/\/pokerplanets1.com\/pt-br\/promotions\/triple-comet-cup-new-format\/#breadcrumb"},"inLanguage":"pt-BR","potentialAction":[{"@type":"ReadAction","target":["https:\/\/pokerplanets1.com\/pt-br\/promotions\/triple-comet-cup-new-format\/"]}]},{"@type":"BreadcrumbList","@id":"https:\/\/pokerplanets1.com\/pt-br\/promotions\/triple-comet-cup-new-format\/#breadcrumb","itemListElement":[{"@type":"ListItem","position":1,"name":"Home","item":"https:\/\/pokerplanets1.com\/pt-br\/"},{"@type":"ListItem","position":2,"name":"Promo\u00e7\u00f5es","item":"https:\/\/pokerplanets1.com\/pt-br\/promotions\/"},{"@type":"ListItem","position":3,"name":"Triple Comet Cup"}]},{"@type":"WebSite","@id":"https:\/\/pokerplanets1.com\/pt-br\/#website","url":"https:\/\/pokerplanets1.com\/pt-br\/","name":"PokerPlanets","description":"","potentialAction":[{"@type":"SearchAction","target":{"@type":"EntryPoint","urlTemplate":"https:\/\/pokerplanets1.com\/pt-br\/?s={search_term_string}"},"query-input":{"@type":"PropertyValueSpecification","valueRequired":true,"valueName":"search_term_string"}}],"inLanguage":"pt-BR"}]}},"_links":{"self":[{"href":"https:\/\/pokerplanets1.com\/pt-br\/wp-json\/wp\/v2\/pages\/11102","targetHints":{"allow":["GET"]}}],"collection":[{"href":"https:\/\/pokerplanets1.com\/pt-br\/wp-json\/wp\/v2\/pages"}],"about":[{"href":"https:\/\/pokerplanets1.com\/pt-br\/wp-json\/wp\/v2\/types\/page"}],"author":[{"embeddable":true,"href":"https:\/\/pokerplanets1.com\/pt-br\/wp-json\/wp\/v2\/users\/1"}],"replies":[{"embeddable":true,"href":"https:\/\/pokerplanets1.com\/pt-br\/wp-json\/wp\/v2\/comments?post=11102"}],"version-history":[{"count":2,"href":"https:\/\/pokerplanets1.com\/pt-br\/wp-json\/wp\/v2\/pages\/11102\/revisions"}],"predecessor-version":[{"id":11104,"href":"https:\/\/pokerplanets1.com\/pt-br\/wp-json\/wp\/v2\/pages\/11102\/revisions\/11104"}],"up":[{"embeddable":true,"href":"https:\/\/pokerplanets1.com\/pt-br\/wp-json\/wp\/v2\/pages\/7185"}],"wp:attachment":[{"href":"https:\/\/pokerplanets1.com\/pt-br\/wp-json\/wp\/v2\/media?parent=11102"}],"curies":[{"name":"wp","href":"https:\/\/api.w.org\/{rel}","templated":true}]}}