{"id":11372,"date":"2026-03-02T05:19:53","date_gmt":"2026-03-02T02:19:53","guid":{"rendered":"https:\/\/pokerplanets1.com\/promotions\/diamond-freeroll\/"},"modified":"2026-03-02T05:23:54","modified_gmt":"2026-03-02T02:23:54","slug":"diamond-freeroll","status":"publish","type":"page","link":"https:\/\/pokerplanets1.com\/pt-br\/promotions\/diamond-freeroll\/","title":{"rendered":"Diamond Freeroll"},"content":{"rendered":"<p style=\"text-align: center;\"><span style=\"font-size: 14pt;\"><strong>Diamond Freeroll: um torneio para todo mundo, mas o destaque aqui e das mulheres<\/strong><\/span><\/p>\r\n<p><span style=\"font-size: 10pt;\">Voc\u00ea pode verificar sua inscri\u00e7\u00e3o na aba <strong><strong>No dia 8 de mar\u00e7o \u00e0s 18:00 CET<\/strong>: um torneio especial de comemora\u00e7\u00e3o com <strong>garantia de<\/strong> <strong>$2 500<\/strong> e <a href=\"https:\/\/pokerplanets.com\/pt-br\/poker\/torneios\/\"><strong>[multi-entries]<\/strong><\/a>. Jogue com stacks diferentes em mesas diferentes ao mesmo tempo e aumente suas chances de vencer.<\/strong><\/span><\/p>\r\n<p><span style=\"font-size: 10pt;\">Voc\u00ea pode verificar sua inscri\u00e7\u00e3o na aba <strong><strong>De 2 a 8 de mar\u00e7o<\/strong>, garanta <strong>at\u00e9 4 entradas<\/strong> no Diamond Freeroll.<\/strong><\/span><\/p>\r\n<p><span style=\"font-size: 10pt;\">Voc\u00ea pode verificar sua inscri\u00e7\u00e3o na aba <strong><strong>Mulheres ganham 1 ticket de presente.<\/strong> Basta entrar na sua conta durante o per\u00edodo da promo\u00e7\u00e3o. Depois disso, voc\u00ea escolhe. Voc\u00ea j\u00e1 tem um stack: consiga at\u00e9 mais tres completando as miss\u00f5es que preferir:<\/strong><\/span><\/p>\r\n<ul>\r\n\t<li><span style=\"font-size: 10pt;\">Voc\u00ea pode verificar sua inscri\u00e7\u00e3o na aba <strong><strong>1 ticket<\/strong> por <strong>$10 de rake em jogos de cash.<\/strong><\/strong><\/span><\/li>\r\n\t<li><span style=\"font-size: 10pt;\">Voc\u00ea pode verificar sua inscri\u00e7\u00e3o na aba <strong><strong>1 ticket <\/strong>por <strong>$10 de rake em torneios.<\/strong><\/strong><\/span><\/li>\r\n\t<li><span style=\"font-size: 10pt;\">Voc\u00ea pode verificar sua inscri\u00e7\u00e3o na aba <strong><strong>1 ticket<\/strong> por um <strong>dep\u00f3sito de $20.<\/strong><\/strong><\/span><\/li>\r\n\t<li><span style=\"font-size: 10pt;\">Voc\u00ea pode verificar sua inscri\u00e7\u00e3o na aba <strong><strong>1 ticket <\/strong>por um <strong>dep\u00f3sito de $50.<\/strong><\/strong><\/span><\/li>\r\n<\/ul>\r\n<p><span style=\"font-size: 10pt;\">Voc\u00ea pode verificar sua inscri\u00e7\u00e3o na aba <strong><strong>Women\u2019s Last Longer valendo um modelador Dyson<\/strong><\/strong><\/span><\/p>\r\n<p><span style=\"font-size: 10pt;\">Voc\u00ea pode verificar sua inscri\u00e7\u00e3o na aba <strong>As tr\u00eas mulheres que ficarem mais tempo no torneio v\u00e3o receber pr\u00eamios especiais:<\/strong><\/span><\/p>\r\n<p><span style=\"font-size: 10pt;\">Voc\u00ea pode verificar sua inscri\u00e7\u00e3o na aba <strong>1 lugar: <strong>modelador Dyson<\/strong> + avatar exclusivo<\/strong><\/span><\/p>\r\n<p><span style=\"font-size: 10pt;\">Voc\u00ea pode verificar sua inscri\u00e7\u00e3o na aba <strong>2-3 lugares: <strong>ticket de $165 para o Ladies Event RPC Sochi <\/strong>(transmiss\u00e3o na TV em 25 de mar\u00e7o) + avatar exclusivo<\/strong><\/span><\/p>\r\n<p><span style=\"font-size: 10pt;\">Voc\u00ea pode verificar sua inscri\u00e7\u00e3o na aba <strong>Mais tickets significam mais chances. Garanta o m\u00e1ximo e jogue para vencer.<\/strong><\/span><\/p>\r\n<p><span style=\"font-size: 10pt;\">Voc\u00ea pode verificar sua inscri\u00e7\u00e3o na aba <strong><strong>Importante:<\/strong><\/strong><\/span><\/p>\r\n<ul>\r\n\t<li><span style=\"font-size: 10pt;\">Voc\u00ea pode verificar sua inscri\u00e7\u00e3o na aba <strong><strong>Cada jogador pode receber no m\u00e1ximo 4 bilhetes.<\/strong><\/strong><\/span><\/li>\r\n\t<li><span style=\"font-size: 10pt;\">Voc\u00ea pode verificar sua inscri\u00e7\u00e3o na aba <strong>O ticket b\u00f4nus para mulheres s\u00f3 \u00e9 concedido se a conta estiver verificada. <strong>Voc\u00ea pode concluir a verifica\u00e7\u00e3o durante a promo\u00e7\u00e3o e ainda assim receber a entrada de presente.<\/strong><\/strong><\/span><\/li>\r\n\t<li><span style=\"font-size: 10pt;\">Voc\u00ea pode verificar sua inscri\u00e7\u00e3o na aba <strong>Os bilhetes s\u00e3o concedidos apenas para dep\u00f3sitos de $20 e $50. Outros valores nao contam. <strong>Dep\u00f3sitos repetidos n\u00e3o concedem tickets adicionais.<\/strong><\/strong><\/span><\/li>\r\n\t<li><span style=\"font-size: 10pt;\">Voc\u00ea pode verificar sua inscri\u00e7\u00e3o na aba <strong><strong>A inscri\u00e7\u00e3o no torneio \u00e9 autom\u00e1tica<\/strong> assim que a miss\u00e3o for conclu\u00edda.<\/strong><\/span><\/li>\r\n<\/ul>\r\n<p><span style=\"font-size: 10pt;\">Voc\u00ea pode verificar sua inscri\u00e7\u00e3o na aba <strong>\u201cMy Tournaments\u201d<\/strong>, no canto inferior direito do cliente do jogo.<\/span><\/p>\r\n<div style=\"margin: 0 auto; text-align: center;\"><div id=\"detectButton5\" style=\"margin: 0 auto; text-align: center;\"><button class=\"button  button--red\" type=\"button\"><svg class=\"svg\">\r\n              <use xlink:href=\"\/wp-content\/uploads\/2024\/12\/sprite.svg#lock\"><\/use>\r\n             <\/svg>  BAIXAR O POKERPLANETS <\/button><\/div><\/div>\r\n<p>&nbsp;<\/p>","protected":false},"excerpt":{"rendered":"<p>Diamond Freeroll: um torneio para todo mundo, mas o destaque aqui e das mulheres Voc\u00ea pode verificar sua inscri\u00e7\u00e3o na aba No dia 8 de mar\u00e7o \u00e0s 18:00 CET: um torneio especial de comemora\u00e7\u00e3o com garantia de $2 500 e [multi-entries]. Jogue com stacks diferentes em mesas diferentes ao mesmo tempo e aumente suas chances [&hellip;]<\/p>\n","protected":false},"author":1,"featured_media":0,"parent":7185,"menu_order":0,"comment_status":"closed","ping_status":"closed","template":"page-faq-nosidebar-promo.php","meta":{"_acf_changed":false,"inline_featured_image":false,"footnotes":""},"class_list":["post-11372","page","type-page","status-publish","hentry"],"acf":[],"yoast_head":"<!-- This site is optimized with the Yoast SEO plugin v24.4 - https:\/\/yoast.com\/wordpress\/plugins\/seo\/ -->\n<title>Diamond Freeroll - PokerPlanets<\/title>\n<meta name=\"robots\" content=\"index, follow, max-snippet:-1, max-image-preview:large, max-video-preview:-1\" \/>\n<meta property=\"og:locale\" content=\"pt_BR\" \/>\n<meta property=\"og:type\" content=\"article\" \/>\n<meta property=\"og:title\" content=\"Diamond Freeroll - PokerPlanets\" \/>\n<meta property=\"og:description\" content=\"Diamond Freeroll: um torneio para todo mundo, mas o destaque aqui e das mulheres Voc\u00ea pode verificar sua inscri\u00e7\u00e3o na aba No dia 8 de mar\u00e7o \u00e0s 18:00 CET: um torneio especial de comemora\u00e7\u00e3o com garantia de $2 500 e [multi-entries]. Jogue com stacks diferentes em mesas diferentes ao mesmo tempo e aumente suas chances [&hellip;]\" \/>\n<meta property=\"og:url\" content=\"https:\/\/pokerplanets1.com\/pt-br\/promotions\/diamond-freeroll\/\" \/>\n<meta property=\"og:site_name\" content=\"PokerPlanets\" \/>\n<meta property=\"article:modified_time\" content=\"2026-03-02T02:23:54+00:00\" \/>\n<meta name=\"twitter:card\" content=\"summary_large_image\" \/>\n<meta name=\"twitter:label1\" content=\"Est. tempo de leitura\" \/>\n\t<meta name=\"twitter:data1\" content=\"2 minutos\" \/>\n<script type=\"application\/ld+json\" class=\"yoast-schema-graph\">{\"@context\":\"https:\/\/schema.org\",\"@graph\":[{\"@type\":\"WebPage\",\"@id\":\"https:\/\/pokerplanets1.com\/pt-br\/promotions\/diamond-freeroll\/\",\"url\":\"https:\/\/pokerplanets1.com\/pt-br\/promotions\/diamond-freeroll\/\",\"name\":\"Diamond Freeroll - PokerPlanets\",\"isPartOf\":{\"@id\":\"https:\/\/pokerplanets1.com\/pt-br\/#website\"},\"datePublished\":\"2026-03-02T02:19:53+00:00\",\"dateModified\":\"2026-03-02T02:23:54+00:00\",\"breadcrumb\":{\"@id\":\"https:\/\/pokerplanets1.com\/pt-br\/promotions\/diamond-freeroll\/#breadcrumb\"},\"inLanguage\":\"pt-BR\",\"potentialAction\":[{\"@type\":\"ReadAction\",\"target\":[\"https:\/\/pokerplanets1.com\/pt-br\/promotions\/diamond-freeroll\/\"]}]},{\"@type\":\"BreadcrumbList\",\"@id\":\"https:\/\/pokerplanets1.com\/pt-br\/promotions\/diamond-freeroll\/#breadcrumb\",\"itemListElement\":[{\"@type\":\"ListItem\",\"position\":1,\"name\":\"Home\",\"item\":\"https:\/\/pokerplanets1.com\/pt-br\/\"},{\"@type\":\"ListItem\",\"position\":2,\"name\":\"Promo\u00e7\u00f5es\",\"item\":\"https:\/\/pokerplanets1.com\/pt-br\/promotions\/\"},{\"@type\":\"ListItem\",\"position\":3,\"name\":\"Diamond Freeroll\"}]},{\"@type\":\"WebSite\",\"@id\":\"https:\/\/pokerplanets1.com\/pt-br\/#website\",\"url\":\"https:\/\/pokerplanets1.com\/pt-br\/\",\"name\":\"PokerPlanets\",\"description\":\"\",\"potentialAction\":[{\"@type\":\"SearchAction\",\"target\":{\"@type\":\"EntryPoint\",\"urlTemplate\":\"https:\/\/pokerplanets1.com\/pt-br\/?s={search_term_string}\"},\"query-input\":{\"@type\":\"PropertyValueSpecification\",\"valueRequired\":true,\"valueName\":\"search_term_string\"}}],\"inLanguage\":\"pt-BR\"}]}<\/script>\n<!-- \/ Yoast SEO plugin. -->","yoast_head_json":{"title":"Diamond Freeroll - PokerPlanets","robots":{"index":"index","follow":"follow","max-snippet":"max-snippet:-1","max-image-preview":"max-image-preview:large","max-video-preview":"max-video-preview:-1"},"og_locale":"pt_BR","og_type":"article","og_title":"Diamond Freeroll - PokerPlanets","og_description":"Diamond Freeroll: um torneio para todo mundo, mas o destaque aqui e das mulheres Voc\u00ea pode verificar sua inscri\u00e7\u00e3o na aba No dia 8 de mar\u00e7o \u00e0s 18:00 CET: um torneio especial de comemora\u00e7\u00e3o com garantia de $2 500 e [multi-entries]. Jogue com stacks diferentes em mesas diferentes ao mesmo tempo e aumente suas chances [&hellip;]","og_url":"https:\/\/pokerplanets1.com\/pt-br\/promotions\/diamond-freeroll\/","og_site_name":"PokerPlanets","article_modified_time":"2026-03-02T02:23:54+00:00","twitter_card":"summary_large_image","twitter_misc":{"Est. tempo de leitura":"2 minutos"},"schema":{"@context":"https:\/\/schema.org","@graph":[{"@type":"WebPage","@id":"https:\/\/pokerplanets1.com\/pt-br\/promotions\/diamond-freeroll\/","url":"https:\/\/pokerplanets1.com\/pt-br\/promotions\/diamond-freeroll\/","name":"Diamond Freeroll - PokerPlanets","isPartOf":{"@id":"https:\/\/pokerplanets1.com\/pt-br\/#website"},"datePublished":"2026-03-02T02:19:53+00:00","dateModified":"2026-03-02T02:23:54+00:00","breadcrumb":{"@id":"https:\/\/pokerplanets1.com\/pt-br\/promotions\/diamond-freeroll\/#breadcrumb"},"inLanguage":"pt-BR","potentialAction":[{"@type":"ReadAction","target":["https:\/\/pokerplanets1.com\/pt-br\/promotions\/diamond-freeroll\/"]}]},{"@type":"BreadcrumbList","@id":"https:\/\/pokerplanets1.com\/pt-br\/promotions\/diamond-freeroll\/#breadcrumb","itemListElement":[{"@type":"ListItem","position":1,"name":"Home","item":"https:\/\/pokerplanets1.com\/pt-br\/"},{"@type":"ListItem","position":2,"name":"Promo\u00e7\u00f5es","item":"https:\/\/pokerplanets1.com\/pt-br\/promotions\/"},{"@type":"ListItem","position":3,"name":"Diamond Freeroll"}]},{"@type":"WebSite","@id":"https:\/\/pokerplanets1.com\/pt-br\/#website","url":"https:\/\/pokerplanets1.com\/pt-br\/","name":"PokerPlanets","description":"","potentialAction":[{"@type":"SearchAction","target":{"@type":"EntryPoint","urlTemplate":"https:\/\/pokerplanets1.com\/pt-br\/?s={search_term_string}"},"query-input":{"@type":"PropertyValueSpecification","valueRequired":true,"valueName":"search_term_string"}}],"inLanguage":"pt-BR"}]}},"_links":{"self":[{"href":"https:\/\/pokerplanets1.com\/pt-br\/wp-json\/wp\/v2\/pages\/11372","targetHints":{"allow":["GET"]}}],"collection":[{"href":"https:\/\/pokerplanets1.com\/pt-br\/wp-json\/wp\/v2\/pages"}],"about":[{"href":"https:\/\/pokerplanets1.com\/pt-br\/wp-json\/wp\/v2\/types\/page"}],"author":[{"embeddable":true,"href":"https:\/\/pokerplanets1.com\/pt-br\/wp-json\/wp\/v2\/users\/1"}],"replies":[{"embeddable":true,"href":"https:\/\/pokerplanets1.com\/pt-br\/wp-json\/wp\/v2\/comments?post=11372"}],"version-history":[{"count":1,"href":"https:\/\/pokerplanets1.com\/pt-br\/wp-json\/wp\/v2\/pages\/11372\/revisions"}],"predecessor-version":[{"id":11373,"href":"https:\/\/pokerplanets1.com\/pt-br\/wp-json\/wp\/v2\/pages\/11372\/revisions\/11373"}],"up":[{"embeddable":true,"href":"https:\/\/pokerplanets1.com\/pt-br\/wp-json\/wp\/v2\/pages\/7185"}],"wp:attachment":[{"href":"https:\/\/pokerplanets1.com\/pt-br\/wp-json\/wp\/v2\/media?parent=11372"}],"curies":[{"name":"wp","href":"https:\/\/api.w.org\/{rel}","templated":true}]}}