{"id":11458,"date":"2026-03-11T06:36:04","date_gmt":"2026-03-11T03:36:04","guid":{"rendered":"https:\/\/pokerplanets1.com\/promotions\/spring-giveaway\/"},"modified":"2026-03-11T06:46:34","modified_gmt":"2026-03-11T03:46:34","slug":"spring-giveaway","status":"publish","type":"page","link":"https:\/\/pokerplanets1.com\/pt-br\/promotions\/spring-giveaway\/","title":{"rendered":"Spring Giveaway"},"content":{"rendered":"<p style=\"text-align: center;\"><span style=\"font-size: 14pt;\"><strong>$5 000 por jogar cash!<\/strong><\/span><\/p>\r\n<p><span style=\"font-size: 10pt;\">Temporada de presentes de primavera para jogadores de cash! <strong>De 11 de mar\u00e7o a 10 de abril<\/strong>, <strong>jogue cash<\/strong> em qualquer limite, receba tickets para torneios all-in shootout e participe de sorteios semanais com <strong>premia\u00e7\u00e3o total de $5 000<\/strong>.<\/span><\/p>\r\n<p><span style=\"font-size: 10pt;\"><strong>Mec\u00e2nica simples:<\/strong><\/span><\/p>\r\n<ol>\r\n\t<li><span style=\"font-size: 10pt;\">Jogue <strong>cash com dinheiro real <\/strong>em qualquer limite.<\/span><\/li>\r\n\t<li><span style=\"font-size: 10pt;\">A cada <strong>50 m\u00e3os com rake, receba 1 ticket <\/strong>para um torneio. <strong>At\u00e9 4 tickets por semana!<\/strong><\/span><\/li>\r\n\t<li><span style=\"font-size: 10pt;\"><strong>N\u00e3o \u00e9 necess\u00e1rio estar presente: os pr\u00eamios v\u00e3o encontrar voc\u00ea!<\/strong><\/span><\/li>\r\n<\/ol>\r\n<p><span style=\"font-size: 10pt;\">Cada ticket \u00e9 um stack separado no torneio. Pegue o m\u00e1ximo poss\u00edvel e aumente suas chances de ganhar um pr\u00eamio.<\/span><\/p>\r\n<p><span style=\"font-size: 10pt;\"><strong>Torneios finais:<\/strong><\/span><\/p>\r\n<ul>\r\n\t<li><span style=\"font-size: 10pt;\"><strong>20 de mar\u00e7o, 14:30 CET \u2014 $1 500 GTD.<\/strong><\/span><\/li>\r\n\t<li><span style=\"font-size: 10pt;\"><strong>27 de mar\u00e7o, 14:30 CET \u2014 $1 000 GTD.<\/strong><\/span><\/li>\r\n\t<li><span style=\"font-size: 10pt;\"><strong>3 de abril, 14:30 CET \u2014 $1 000 GTD.<\/strong><\/span><\/li>\r\n\t<li><span style=\"font-size: 10pt;\"><strong>10 de abril, 14:30 CET \u2014 $1 500 GTD.<\/strong><\/span><\/li>\r\n<\/ul>\r\n<div style=\"margin: 0 auto; text-align: center;\"><div id=\"detectButton5\" style=\"margin: 0 auto; text-align: center;\"><button class=\"button  button--red\" type=\"button\"><svg class=\"svg\">\r\n              <use xlink:href=\"\/wp-content\/uploads\/2024\/12\/sprite.svg#lock\"><\/use>\r\n             <\/svg>  BAIXAR O POKERPLANETS <\/button><\/div><\/div>\r\n<p>&nbsp;<\/p>","protected":false},"excerpt":{"rendered":"<p>$5 000 por jogar cash! Temporada de presentes de primavera para jogadores de cash! De 11 de mar\u00e7o a 10 de abril, jogue cash em qualquer limite, receba tickets para torneios all-in shootout e participe de sorteios semanais com premia\u00e7\u00e3o total de $5 000. Mec\u00e2nica simples: Jogue cash com dinheiro real em qualquer limite. A [&hellip;]<\/p>\n","protected":false},"author":1,"featured_media":0,"parent":7185,"menu_order":0,"comment_status":"closed","ping_status":"closed","template":"page-faq-nosidebar-promo.php","meta":{"_acf_changed":false,"inline_featured_image":false,"footnotes":""},"class_list":["post-11458","page","type-page","status-publish","hentry"],"acf":[],"yoast_head":"<!-- This site is optimized with the Yoast SEO plugin v24.4 - https:\/\/yoast.com\/wordpress\/plugins\/seo\/ -->\n<title>Spring Giveaway - PokerPlanets<\/title>\n<meta name=\"robots\" content=\"index, follow, max-snippet:-1, max-image-preview:large, max-video-preview:-1\" \/>\n<meta property=\"og:locale\" content=\"pt_BR\" \/>\n<meta property=\"og:type\" content=\"article\" \/>\n<meta property=\"og:title\" content=\"Spring Giveaway - PokerPlanets\" \/>\n<meta property=\"og:description\" content=\"$5 000 por jogar cash! Temporada de presentes de primavera para jogadores de cash! De 11 de mar\u00e7o a 10 de abril, jogue cash em qualquer limite, receba tickets para torneios all-in shootout e participe de sorteios semanais com premia\u00e7\u00e3o total de $5 000. Mec\u00e2nica simples: Jogue cash com dinheiro real em qualquer limite. A [&hellip;]\" \/>\n<meta property=\"og:url\" content=\"https:\/\/pokerplanets1.com\/pt-br\/promotions\/spring-giveaway\/\" \/>\n<meta property=\"og:site_name\" content=\"PokerPlanets\" \/>\n<meta property=\"article:modified_time\" content=\"2026-03-11T03:46:34+00:00\" \/>\n<meta name=\"twitter:card\" content=\"summary_large_image\" \/>\n<meta name=\"twitter:label1\" content=\"Est. tempo de leitura\" \/>\n\t<meta name=\"twitter:data1\" content=\"1 minuto\" \/>\n<script type=\"application\/ld+json\" class=\"yoast-schema-graph\">{\"@context\":\"https:\/\/schema.org\",\"@graph\":[{\"@type\":\"WebPage\",\"@id\":\"https:\/\/pokerplanets1.com\/pt-br\/promotions\/spring-giveaway\/\",\"url\":\"https:\/\/pokerplanets1.com\/pt-br\/promotions\/spring-giveaway\/\",\"name\":\"Spring Giveaway - PokerPlanets\",\"isPartOf\":{\"@id\":\"https:\/\/pokerplanets1.com\/pt-br\/#website\"},\"datePublished\":\"2026-03-11T03:36:04+00:00\",\"dateModified\":\"2026-03-11T03:46:34+00:00\",\"breadcrumb\":{\"@id\":\"https:\/\/pokerplanets1.com\/pt-br\/promotions\/spring-giveaway\/#breadcrumb\"},\"inLanguage\":\"pt-BR\",\"potentialAction\":[{\"@type\":\"ReadAction\",\"target\":[\"https:\/\/pokerplanets1.com\/pt-br\/promotions\/spring-giveaway\/\"]}]},{\"@type\":\"BreadcrumbList\",\"@id\":\"https:\/\/pokerplanets1.com\/pt-br\/promotions\/spring-giveaway\/#breadcrumb\",\"itemListElement\":[{\"@type\":\"ListItem\",\"position\":1,\"name\":\"Home\",\"item\":\"https:\/\/pokerplanets1.com\/pt-br\/\"},{\"@type\":\"ListItem\",\"position\":2,\"name\":\"Promo\u00e7\u00f5es\",\"item\":\"https:\/\/pokerplanets1.com\/pt-br\/promotions\/\"},{\"@type\":\"ListItem\",\"position\":3,\"name\":\"Spring Giveaway\"}]},{\"@type\":\"WebSite\",\"@id\":\"https:\/\/pokerplanets1.com\/pt-br\/#website\",\"url\":\"https:\/\/pokerplanets1.com\/pt-br\/\",\"name\":\"PokerPlanets\",\"description\":\"\",\"potentialAction\":[{\"@type\":\"SearchAction\",\"target\":{\"@type\":\"EntryPoint\",\"urlTemplate\":\"https:\/\/pokerplanets1.com\/pt-br\/?s={search_term_string}\"},\"query-input\":{\"@type\":\"PropertyValueSpecification\",\"valueRequired\":true,\"valueName\":\"search_term_string\"}}],\"inLanguage\":\"pt-BR\"}]}<\/script>\n<!-- \/ Yoast SEO plugin. -->","yoast_head_json":{"title":"Spring Giveaway - PokerPlanets","robots":{"index":"index","follow":"follow","max-snippet":"max-snippet:-1","max-image-preview":"max-image-preview:large","max-video-preview":"max-video-preview:-1"},"og_locale":"pt_BR","og_type":"article","og_title":"Spring Giveaway - PokerPlanets","og_description":"$5 000 por jogar cash! Temporada de presentes de primavera para jogadores de cash! De 11 de mar\u00e7o a 10 de abril, jogue cash em qualquer limite, receba tickets para torneios all-in shootout e participe de sorteios semanais com premia\u00e7\u00e3o total de $5 000. Mec\u00e2nica simples: Jogue cash com dinheiro real em qualquer limite. A [&hellip;]","og_url":"https:\/\/pokerplanets1.com\/pt-br\/promotions\/spring-giveaway\/","og_site_name":"PokerPlanets","article_modified_time":"2026-03-11T03:46:34+00:00","twitter_card":"summary_large_image","twitter_misc":{"Est. tempo de leitura":"1 minuto"},"schema":{"@context":"https:\/\/schema.org","@graph":[{"@type":"WebPage","@id":"https:\/\/pokerplanets1.com\/pt-br\/promotions\/spring-giveaway\/","url":"https:\/\/pokerplanets1.com\/pt-br\/promotions\/spring-giveaway\/","name":"Spring Giveaway - PokerPlanets","isPartOf":{"@id":"https:\/\/pokerplanets1.com\/pt-br\/#website"},"datePublished":"2026-03-11T03:36:04+00:00","dateModified":"2026-03-11T03:46:34+00:00","breadcrumb":{"@id":"https:\/\/pokerplanets1.com\/pt-br\/promotions\/spring-giveaway\/#breadcrumb"},"inLanguage":"pt-BR","potentialAction":[{"@type":"ReadAction","target":["https:\/\/pokerplanets1.com\/pt-br\/promotions\/spring-giveaway\/"]}]},{"@type":"BreadcrumbList","@id":"https:\/\/pokerplanets1.com\/pt-br\/promotions\/spring-giveaway\/#breadcrumb","itemListElement":[{"@type":"ListItem","position":1,"name":"Home","item":"https:\/\/pokerplanets1.com\/pt-br\/"},{"@type":"ListItem","position":2,"name":"Promo\u00e7\u00f5es","item":"https:\/\/pokerplanets1.com\/pt-br\/promotions\/"},{"@type":"ListItem","position":3,"name":"Spring Giveaway"}]},{"@type":"WebSite","@id":"https:\/\/pokerplanets1.com\/pt-br\/#website","url":"https:\/\/pokerplanets1.com\/pt-br\/","name":"PokerPlanets","description":"","potentialAction":[{"@type":"SearchAction","target":{"@type":"EntryPoint","urlTemplate":"https:\/\/pokerplanets1.com\/pt-br\/?s={search_term_string}"},"query-input":{"@type":"PropertyValueSpecification","valueRequired":true,"valueName":"search_term_string"}}],"inLanguage":"pt-BR"}]}},"_links":{"self":[{"href":"https:\/\/pokerplanets1.com\/pt-br\/wp-json\/wp\/v2\/pages\/11458","targetHints":{"allow":["GET"]}}],"collection":[{"href":"https:\/\/pokerplanets1.com\/pt-br\/wp-json\/wp\/v2\/pages"}],"about":[{"href":"https:\/\/pokerplanets1.com\/pt-br\/wp-json\/wp\/v2\/types\/page"}],"author":[{"embeddable":true,"href":"https:\/\/pokerplanets1.com\/pt-br\/wp-json\/wp\/v2\/users\/1"}],"replies":[{"embeddable":true,"href":"https:\/\/pokerplanets1.com\/pt-br\/wp-json\/wp\/v2\/comments?post=11458"}],"version-history":[{"count":2,"href":"https:\/\/pokerplanets1.com\/pt-br\/wp-json\/wp\/v2\/pages\/11458\/revisions"}],"predecessor-version":[{"id":11460,"href":"https:\/\/pokerplanets1.com\/pt-br\/wp-json\/wp\/v2\/pages\/11458\/revisions\/11460"}],"up":[{"embeddable":true,"href":"https:\/\/pokerplanets1.com\/pt-br\/wp-json\/wp\/v2\/pages\/7185"}],"wp:attachment":[{"href":"https:\/\/pokerplanets1.com\/pt-br\/wp-json\/wp\/v2\/media?parent=11458"}],"curies":[{"name":"wp","href":"https:\/\/api.w.org\/{rel}","templated":true}]}}