{"id":11519,"date":"2026-03-12T17:13:35","date_gmt":"2026-03-12T14:13:35","guid":{"rendered":"https:\/\/pokerplanets1.com\/promotions\/triple-comet-cup-2\/"},"modified":"2026-03-12T17:17:23","modified_gmt":"2026-03-12T14:17:23","slug":"triple-comet-cup-2","status":"publish","type":"page","link":"https:\/\/pokerplanets1.com\/pt-br\/promotions\/triple-comet-cup-2\/","title":{"rendered":"Triple Comet Cup"},"content":{"rendered":"<p style=\"text-align: center;\"><span style=\"font-size: 14pt;\"><strong>Triple Comet Cup \u2014 de 13 a 22 de mar\u00e7o.<\/strong><\/span><\/p>\r\n<p><span style=\"font-size: 10pt;\">Olhe para o c\u00e9u! <strong>De 13 a 22 de mar\u00e7o<\/strong>, o <strong>Cometa Triplo<\/strong> volta a cruzar o c\u00e9u de PokerPlanets. Tr\u00eas n\u00edveis de buy-in, tr\u00eas velocidades e apenas uma final.<\/span><\/p>\r\n<p><span style=\"font-size: 10pt;\"><strong>Escolha o seu modo do Dia 1:<\/strong><\/span><\/p>\r\n<ul>\r\n\t<li><span style=\"font-size: 10pt;\"><strong>Lite (buy-in $3.3)<\/strong> \u2014 <strong>5%<\/strong> dos jogadores avan\u00e7am para a <strong>Final<\/strong>.<\/span><\/li>\r\n\t<li><span style=\"font-size: 10pt;\"><strong>Medium (buy-in $5.5)<\/strong> \u2014 <strong>8%<\/strong> dos jogadores avan\u00e7am para a <strong>Final<\/strong>.<\/span><\/li>\r\n\t<li><span style=\"font-size: 10pt;\"><strong>Classic (buy-in $11)<\/strong> \u2014 <strong>16%<\/strong> dos jogadores avan\u00e7am para a <strong>Final<\/strong>.<\/span><\/li>\r\n<\/ul>\r\n<p><span style=\"font-size: 10pt;\"><strong>Cronograma dos Dias 1 (CET):<\/strong><\/span><\/p>\r\n<p><span style=\"font-size: 10pt;\"><strong>Lite: <\/strong>13 a 21 de mar\u00e7o \u00e0s 09:30, 13:30, 15:30, 18:30, 20:30 | 22 de mar\u00e7o \u00e0s 09:30<br \/>\r\n<strong>Medium:<\/strong> 13 a 21 de mar\u00e7o \u00e0s 10:30, 12:30, 14:30, 17:30 | 22 de mar\u00e7o \u00e0s 10:30<br \/>\r\n<strong>Classic:<\/strong> 13 a 21 de mar\u00e7o \u00e0s 11:30, 16:30, 19:30 | 22 de mar\u00e7o \u00e0s 11:30<\/span><\/p>\r\n<p><span style=\"font-size: 10pt;\">Voc\u00ea pode entrar no Dia 1 pelo All-In Flip, por sat\u00e9lites cl\u00e1ssicos a partir de $0.33 ou por torneios freebuy.<\/span><\/p>\r\n<p><span style=\"font-size: 10pt;\"><strong>Final:<\/strong><\/span><\/p>\r\n<ul>\r\n\t<li><span style=\"font-size: 10pt;\"><strong>Data e hor\u00e1rio: 22 de mar\u00e7o \u00e0s 17:30 CET<\/strong><\/span><\/li>\r\n\t<li><span style=\"font-size: 10pt;\"><strong>Garantia: $5 000<\/strong><\/span><\/li>\r\n\t<li><span style=\"font-size: 10pt;\"><strong>Todos os jogadores j\u00e1 come\u00e7am ITM.<\/strong><\/span><\/li>\r\n<\/ul>\r\n<p><span style=\"font-size: 10pt;\">Voc\u00ea pode jogar v\u00e1rios Dias 1 e levar seu maior stack para a Final.<\/span><\/p>\r\n<p style=\"text-align: center;\"><span style=\"font-size: 10pt;\"><strong>Escolha o buy-in e comece agora o caminho at\u00e9 a Final com garantia de $5 000.<\/strong><\/span><\/p>\r\n<div style=\"margin: 0 auto; text-align: center;\"><div id=\"detectButton5\" style=\"margin: 0 auto; text-align: center;\"><button class=\"button  button--red\" type=\"button\"><svg class=\"svg\">\r\n              <use xlink:href=\"\/wp-content\/uploads\/2024\/12\/sprite.svg#lock\"><\/use>\r\n             <\/svg>  BAIXAR O POKERPLANETS <\/button><\/div><\/div>\r\n<p>&nbsp;<\/p>","protected":false},"excerpt":{"rendered":"<p>Triple Comet Cup \u2014 de 13 a 22 de mar\u00e7o. Olhe para o c\u00e9u! De 13 a 22 de mar\u00e7o, o Cometa Triplo volta a cruzar o c\u00e9u de PokerPlanets. Tr\u00eas n\u00edveis de buy-in, tr\u00eas velocidades e apenas uma final. Escolha o seu modo do Dia 1: Lite (buy-in $3.3) \u2014 5% dos jogadores avan\u00e7am [&hellip;]<\/p>\n","protected":false},"author":1,"featured_media":0,"parent":7185,"menu_order":0,"comment_status":"closed","ping_status":"closed","template":"page-faq-nosidebar-promo.php","meta":{"_acf_changed":false,"inline_featured_image":false,"footnotes":""},"class_list":["post-11519","page","type-page","status-publish","hentry"],"acf":[],"yoast_head":"<!-- This site is optimized with the Yoast SEO plugin v24.4 - https:\/\/yoast.com\/wordpress\/plugins\/seo\/ -->\n<title>Triple Comet Cup - PokerPlanets<\/title>\n<meta name=\"robots\" content=\"index, follow, max-snippet:-1, max-image-preview:large, max-video-preview:-1\" \/>\n<meta property=\"og:locale\" content=\"pt_BR\" \/>\n<meta property=\"og:type\" content=\"article\" \/>\n<meta property=\"og:title\" content=\"Triple Comet Cup - PokerPlanets\" \/>\n<meta property=\"og:description\" content=\"Triple Comet Cup \u2014 de 13 a 22 de mar\u00e7o. Olhe para o c\u00e9u! De 13 a 22 de mar\u00e7o, o Cometa Triplo volta a cruzar o c\u00e9u de PokerPlanets. Tr\u00eas n\u00edveis de buy-in, tr\u00eas velocidades e apenas uma final. Escolha o seu modo do Dia 1: Lite (buy-in $3.3) \u2014 5% dos jogadores avan\u00e7am [&hellip;]\" \/>\n<meta property=\"og:url\" content=\"https:\/\/pokerplanets1.com\/pt-br\/promotions\/triple-comet-cup-2\/\" \/>\n<meta property=\"og:site_name\" content=\"PokerPlanets\" \/>\n<meta property=\"article:modified_time\" content=\"2026-03-12T14:17:23+00:00\" \/>\n<meta name=\"twitter:card\" content=\"summary_large_image\" \/>\n<meta name=\"twitter:label1\" content=\"Est. tempo de leitura\" \/>\n\t<meta name=\"twitter:data1\" content=\"1 minuto\" \/>\n<script type=\"application\/ld+json\" class=\"yoast-schema-graph\">{\"@context\":\"https:\/\/schema.org\",\"@graph\":[{\"@type\":\"WebPage\",\"@id\":\"https:\/\/pokerplanets1.com\/pt-br\/promotions\/triple-comet-cup-2\/\",\"url\":\"https:\/\/pokerplanets1.com\/pt-br\/promotions\/triple-comet-cup-2\/\",\"name\":\"Triple Comet Cup - PokerPlanets\",\"isPartOf\":{\"@id\":\"https:\/\/pokerplanets1.com\/pt-br\/#website\"},\"datePublished\":\"2026-03-12T14:13:35+00:00\",\"dateModified\":\"2026-03-12T14:17:23+00:00\",\"breadcrumb\":{\"@id\":\"https:\/\/pokerplanets1.com\/pt-br\/promotions\/triple-comet-cup-2\/#breadcrumb\"},\"inLanguage\":\"pt-BR\",\"potentialAction\":[{\"@type\":\"ReadAction\",\"target\":[\"https:\/\/pokerplanets1.com\/pt-br\/promotions\/triple-comet-cup-2\/\"]}]},{\"@type\":\"BreadcrumbList\",\"@id\":\"https:\/\/pokerplanets1.com\/pt-br\/promotions\/triple-comet-cup-2\/#breadcrumb\",\"itemListElement\":[{\"@type\":\"ListItem\",\"position\":1,\"name\":\"Home\",\"item\":\"https:\/\/pokerplanets1.com\/pt-br\/\"},{\"@type\":\"ListItem\",\"position\":2,\"name\":\"Promo\u00e7\u00f5es\",\"item\":\"https:\/\/pokerplanets1.com\/pt-br\/promotions\/\"},{\"@type\":\"ListItem\",\"position\":3,\"name\":\"Triple Comet Cup\"}]},{\"@type\":\"WebSite\",\"@id\":\"https:\/\/pokerplanets1.com\/pt-br\/#website\",\"url\":\"https:\/\/pokerplanets1.com\/pt-br\/\",\"name\":\"PokerPlanets\",\"description\":\"\",\"potentialAction\":[{\"@type\":\"SearchAction\",\"target\":{\"@type\":\"EntryPoint\",\"urlTemplate\":\"https:\/\/pokerplanets1.com\/pt-br\/?s={search_term_string}\"},\"query-input\":{\"@type\":\"PropertyValueSpecification\",\"valueRequired\":true,\"valueName\":\"search_term_string\"}}],\"inLanguage\":\"pt-BR\"}]}<\/script>\n<!-- \/ Yoast SEO plugin. -->","yoast_head_json":{"title":"Triple Comet Cup - PokerPlanets","robots":{"index":"index","follow":"follow","max-snippet":"max-snippet:-1","max-image-preview":"max-image-preview:large","max-video-preview":"max-video-preview:-1"},"og_locale":"pt_BR","og_type":"article","og_title":"Triple Comet Cup - PokerPlanets","og_description":"Triple Comet Cup \u2014 de 13 a 22 de mar\u00e7o. Olhe para o c\u00e9u! De 13 a 22 de mar\u00e7o, o Cometa Triplo volta a cruzar o c\u00e9u de PokerPlanets. Tr\u00eas n\u00edveis de buy-in, tr\u00eas velocidades e apenas uma final. Escolha o seu modo do Dia 1: Lite (buy-in $3.3) \u2014 5% dos jogadores avan\u00e7am [&hellip;]","og_url":"https:\/\/pokerplanets1.com\/pt-br\/promotions\/triple-comet-cup-2\/","og_site_name":"PokerPlanets","article_modified_time":"2026-03-12T14:17:23+00:00","twitter_card":"summary_large_image","twitter_misc":{"Est. tempo de leitura":"1 minuto"},"schema":{"@context":"https:\/\/schema.org","@graph":[{"@type":"WebPage","@id":"https:\/\/pokerplanets1.com\/pt-br\/promotions\/triple-comet-cup-2\/","url":"https:\/\/pokerplanets1.com\/pt-br\/promotions\/triple-comet-cup-2\/","name":"Triple Comet Cup - PokerPlanets","isPartOf":{"@id":"https:\/\/pokerplanets1.com\/pt-br\/#website"},"datePublished":"2026-03-12T14:13:35+00:00","dateModified":"2026-03-12T14:17:23+00:00","breadcrumb":{"@id":"https:\/\/pokerplanets1.com\/pt-br\/promotions\/triple-comet-cup-2\/#breadcrumb"},"inLanguage":"pt-BR","potentialAction":[{"@type":"ReadAction","target":["https:\/\/pokerplanets1.com\/pt-br\/promotions\/triple-comet-cup-2\/"]}]},{"@type":"BreadcrumbList","@id":"https:\/\/pokerplanets1.com\/pt-br\/promotions\/triple-comet-cup-2\/#breadcrumb","itemListElement":[{"@type":"ListItem","position":1,"name":"Home","item":"https:\/\/pokerplanets1.com\/pt-br\/"},{"@type":"ListItem","position":2,"name":"Promo\u00e7\u00f5es","item":"https:\/\/pokerplanets1.com\/pt-br\/promotions\/"},{"@type":"ListItem","position":3,"name":"Triple Comet Cup"}]},{"@type":"WebSite","@id":"https:\/\/pokerplanets1.com\/pt-br\/#website","url":"https:\/\/pokerplanets1.com\/pt-br\/","name":"PokerPlanets","description":"","potentialAction":[{"@type":"SearchAction","target":{"@type":"EntryPoint","urlTemplate":"https:\/\/pokerplanets1.com\/pt-br\/?s={search_term_string}"},"query-input":{"@type":"PropertyValueSpecification","valueRequired":true,"valueName":"search_term_string"}}],"inLanguage":"pt-BR"}]}},"_links":{"self":[{"href":"https:\/\/pokerplanets1.com\/pt-br\/wp-json\/wp\/v2\/pages\/11519","targetHints":{"allow":["GET"]}}],"collection":[{"href":"https:\/\/pokerplanets1.com\/pt-br\/wp-json\/wp\/v2\/pages"}],"about":[{"href":"https:\/\/pokerplanets1.com\/pt-br\/wp-json\/wp\/v2\/types\/page"}],"author":[{"embeddable":true,"href":"https:\/\/pokerplanets1.com\/pt-br\/wp-json\/wp\/v2\/users\/1"}],"replies":[{"embeddable":true,"href":"https:\/\/pokerplanets1.com\/pt-br\/wp-json\/wp\/v2\/comments?post=11519"}],"version-history":[{"count":1,"href":"https:\/\/pokerplanets1.com\/pt-br\/wp-json\/wp\/v2\/pages\/11519\/revisions"}],"predecessor-version":[{"id":11520,"href":"https:\/\/pokerplanets1.com\/pt-br\/wp-json\/wp\/v2\/pages\/11519\/revisions\/11520"}],"up":[{"embeddable":true,"href":"https:\/\/pokerplanets1.com\/pt-br\/wp-json\/wp\/v2\/pages\/7185"}],"wp:attachment":[{"href":"https:\/\/pokerplanets1.com\/pt-br\/wp-json\/wp\/v2\/media?parent=11519"}],"curies":[{"name":"wp","href":"https:\/\/api.w.org\/{rel}","templated":true}]}}