{"id":11678,"date":"2026-03-24T02:09:30","date_gmt":"2026-03-23T23:09:30","guid":{"rendered":"https:\/\/pokerplanets1.com\/promotions\/sun-cup-2\/"},"modified":"2026-03-24T02:13:38","modified_gmt":"2026-03-23T23:13:38","slug":"sun-cup-2","status":"publish","type":"page","link":"https:\/\/pokerplanets1.com\/pt-br\/promotions\/sun-cup-2\/","title":{"rendered":"Sun Cup"},"content":{"rendered":"<p style=\"text-align: center;\"><span style=\"font-size: 14pt;\"><strong>Sun Cup: todo m\u00eas \u2014 uma chance de 100% de rakeback<\/strong><\/span><\/p>\r\n<p><span style=\"font-size: 10pt;\">Sun Cup \u00e9 um torneio que pode tornar lucrativo n\u00e3o apenas o seu s\u00e1bado \u00e0 noite, mas tamb\u00e9m todo o m\u00eas seguinte.<\/span><\/p>\r\n<p><span style=\"font-size: 10pt;\">Formato din\u00e2mico <strong>7-max<\/strong>, buy-in acess\u00edvel, garantia s\u00f3lida de <strong>$5 000<\/strong> e uma recompensa especial para os finalistas fazem deste um evento que voc\u00ea n\u00e3o pode perder.<\/span><\/p>\r\n<p><span style=\"font-size: 10pt;\"><strong>Principais informa\u00e7\u00f5es do pr\u00f3ximo torneio:<\/strong><\/span><\/p>\r\n<ul>\r\n\t<li><span style=\"font-size: 10pt;\"><strong>Data e hora: 28 de mar\u00e7o \u00e0s 17:30 CET<\/strong><\/span><\/li>\r\n\t<li><span style=\"font-size: 10pt;\"><strong>Buy-in: $11<\/strong><\/span><\/li>\r\n\t<li><span style=\"font-size: 10pt;\"><strong>Garantia: $5 000<\/strong><\/span><\/li>\r\n\t<li><span style=\"font-size: 10pt;\">Formato: 7-max<\/span><\/li>\r\n\t<li><span style=\"font-size: 10pt;\">Super Bounty: 70% do prize pool em recompensas por elimina\u00e7\u00f5es<\/span><\/li>\r\n\t<li><span style=\"font-size: 10pt;\"><strong>B\u00f4nus para os sete finalistas: 100% de rakeback por um m\u00eas<\/strong><\/span><\/li>\r\n<\/ul>\r\n<p><span style=\"font-size: 10pt;\"><strong>Como entrar no Sun Cup?<\/strong><\/span><\/p>\r\n<p><span style=\"font-size: 10pt;\">Voc\u00ea pode se registrar diretamente, ganhar um ticket em outros torneios do PokerPlanet ou se classificar atrav\u00e9s de:<\/span><\/p>\r\n<ul>\r\n\t<li><span style=\"font-size: 10pt;\">Freebuys;<\/span><\/li>\r\n\t<li><span style=\"font-size: 10pt;\">Steps por $0.33;<\/span><\/li>\r\n\t<li><span style=\"font-size: 10pt;\">Sat\u00e9lites cl\u00e1ssicos por $1.1 e $2.2;<\/span><\/li>\r\n\t<li><span style=\"font-size: 10pt;\">All-in Flip por $0.77.<\/span><\/li>\r\n<\/ul>\r\n<p><span style=\"font-size: 10pt;\">Tickets adicionais podem ser usados como re-entry ou convertidos em dinheiro de torneio (T$).<\/span><\/p>\r\n<p style=\"text-align: center;\"><span style=\"font-size: 10pt;\"><strong>Sun Cup \u00e9 o seu investimento mais lucrativo. Chegue \u00e0 mesa final e transforme $11 em um m\u00eas sem rake.<\/strong><\/span><\/p>\r\n<div style=\"margin: 0 auto; text-align: center;\"><div id=\"detectButton5\" style=\"margin: 0 auto; text-align: center;\"><button class=\"button  button--red\" type=\"button\"><svg class=\"svg\">\r\n              <use xlink:href=\"\/wp-content\/uploads\/2024\/12\/sprite.svg#lock\"><\/use>\r\n             <\/svg>  BAIXAR O POKERPLANETS <\/button><\/div><\/div>\r\n<p>&nbsp;<\/p>","protected":false},"excerpt":{"rendered":"<p>Sun Cup: todo m\u00eas \u2014 uma chance de 100% de rakeback Sun Cup \u00e9 um torneio que pode tornar lucrativo n\u00e3o apenas o seu s\u00e1bado \u00e0 noite, mas tamb\u00e9m todo o m\u00eas seguinte. Formato din\u00e2mico 7-max, buy-in acess\u00edvel, garantia s\u00f3lida de $5 000 e uma recompensa especial para os finalistas fazem deste um evento que [&hellip;]<\/p>\n","protected":false},"author":1,"featured_media":0,"parent":7185,"menu_order":0,"comment_status":"closed","ping_status":"closed","template":"page-faq-nosidebar-promo.php","meta":{"_acf_changed":false,"inline_featured_image":false,"footnotes":""},"class_list":["post-11678","page","type-page","status-publish","hentry"],"acf":[],"yoast_head":"<!-- This site is optimized with the Yoast SEO plugin v24.4 - https:\/\/yoast.com\/wordpress\/plugins\/seo\/ -->\n<title>Sun Cup - PokerPlanets<\/title>\n<meta name=\"robots\" content=\"index, follow, max-snippet:-1, max-image-preview:large, max-video-preview:-1\" \/>\n<meta property=\"og:locale\" content=\"pt_BR\" \/>\n<meta property=\"og:type\" content=\"article\" \/>\n<meta property=\"og:title\" content=\"Sun Cup - PokerPlanets\" \/>\n<meta property=\"og:description\" content=\"Sun Cup: todo m\u00eas \u2014 uma chance de 100% de rakeback Sun Cup \u00e9 um torneio que pode tornar lucrativo n\u00e3o apenas o seu s\u00e1bado \u00e0 noite, mas tamb\u00e9m todo o m\u00eas seguinte. Formato din\u00e2mico 7-max, buy-in acess\u00edvel, garantia s\u00f3lida de $5 000 e uma recompensa especial para os finalistas fazem deste um evento que [&hellip;]\" \/>\n<meta property=\"og:url\" content=\"https:\/\/pokerplanets1.com\/pt-br\/promotions\/sun-cup-2\/\" \/>\n<meta property=\"og:site_name\" content=\"PokerPlanets\" \/>\n<meta property=\"article:modified_time\" content=\"2026-03-23T23:13:38+00:00\" \/>\n<meta name=\"twitter:card\" content=\"summary_large_image\" \/>\n<meta name=\"twitter:label1\" content=\"Est. tempo de leitura\" \/>\n\t<meta name=\"twitter:data1\" content=\"1 minuto\" \/>\n<script type=\"application\/ld+json\" class=\"yoast-schema-graph\">{\"@context\":\"https:\/\/schema.org\",\"@graph\":[{\"@type\":\"WebPage\",\"@id\":\"https:\/\/pokerplanets1.com\/pt-br\/promotions\/sun-cup-2\/\",\"url\":\"https:\/\/pokerplanets1.com\/pt-br\/promotions\/sun-cup-2\/\",\"name\":\"Sun Cup - PokerPlanets\",\"isPartOf\":{\"@id\":\"https:\/\/pokerplanets1.com\/pt-br\/#website\"},\"datePublished\":\"2026-03-23T23:09:30+00:00\",\"dateModified\":\"2026-03-23T23:13:38+00:00\",\"breadcrumb\":{\"@id\":\"https:\/\/pokerplanets1.com\/pt-br\/promotions\/sun-cup-2\/#breadcrumb\"},\"inLanguage\":\"pt-BR\",\"potentialAction\":[{\"@type\":\"ReadAction\",\"target\":[\"https:\/\/pokerplanets1.com\/pt-br\/promotions\/sun-cup-2\/\"]}]},{\"@type\":\"BreadcrumbList\",\"@id\":\"https:\/\/pokerplanets1.com\/pt-br\/promotions\/sun-cup-2\/#breadcrumb\",\"itemListElement\":[{\"@type\":\"ListItem\",\"position\":1,\"name\":\"Home\",\"item\":\"https:\/\/pokerplanets1.com\/pt-br\/\"},{\"@type\":\"ListItem\",\"position\":2,\"name\":\"Promo\u00e7\u00f5es\",\"item\":\"https:\/\/pokerplanets1.com\/pt-br\/promotions\/\"},{\"@type\":\"ListItem\",\"position\":3,\"name\":\"Sun Cup\"}]},{\"@type\":\"WebSite\",\"@id\":\"https:\/\/pokerplanets1.com\/pt-br\/#website\",\"url\":\"https:\/\/pokerplanets1.com\/pt-br\/\",\"name\":\"PokerPlanets\",\"description\":\"\",\"potentialAction\":[{\"@type\":\"SearchAction\",\"target\":{\"@type\":\"EntryPoint\",\"urlTemplate\":\"https:\/\/pokerplanets1.com\/pt-br\/?s={search_term_string}\"},\"query-input\":{\"@type\":\"PropertyValueSpecification\",\"valueRequired\":true,\"valueName\":\"search_term_string\"}}],\"inLanguage\":\"pt-BR\"}]}<\/script>\n<!-- \/ Yoast SEO plugin. -->","yoast_head_json":{"title":"Sun Cup - PokerPlanets","robots":{"index":"index","follow":"follow","max-snippet":"max-snippet:-1","max-image-preview":"max-image-preview:large","max-video-preview":"max-video-preview:-1"},"og_locale":"pt_BR","og_type":"article","og_title":"Sun Cup - PokerPlanets","og_description":"Sun Cup: todo m\u00eas \u2014 uma chance de 100% de rakeback Sun Cup \u00e9 um torneio que pode tornar lucrativo n\u00e3o apenas o seu s\u00e1bado \u00e0 noite, mas tamb\u00e9m todo o m\u00eas seguinte. Formato din\u00e2mico 7-max, buy-in acess\u00edvel, garantia s\u00f3lida de $5 000 e uma recompensa especial para os finalistas fazem deste um evento que [&hellip;]","og_url":"https:\/\/pokerplanets1.com\/pt-br\/promotions\/sun-cup-2\/","og_site_name":"PokerPlanets","article_modified_time":"2026-03-23T23:13:38+00:00","twitter_card":"summary_large_image","twitter_misc":{"Est. tempo de leitura":"1 minuto"},"schema":{"@context":"https:\/\/schema.org","@graph":[{"@type":"WebPage","@id":"https:\/\/pokerplanets1.com\/pt-br\/promotions\/sun-cup-2\/","url":"https:\/\/pokerplanets1.com\/pt-br\/promotions\/sun-cup-2\/","name":"Sun Cup - PokerPlanets","isPartOf":{"@id":"https:\/\/pokerplanets1.com\/pt-br\/#website"},"datePublished":"2026-03-23T23:09:30+00:00","dateModified":"2026-03-23T23:13:38+00:00","breadcrumb":{"@id":"https:\/\/pokerplanets1.com\/pt-br\/promotions\/sun-cup-2\/#breadcrumb"},"inLanguage":"pt-BR","potentialAction":[{"@type":"ReadAction","target":["https:\/\/pokerplanets1.com\/pt-br\/promotions\/sun-cup-2\/"]}]},{"@type":"BreadcrumbList","@id":"https:\/\/pokerplanets1.com\/pt-br\/promotions\/sun-cup-2\/#breadcrumb","itemListElement":[{"@type":"ListItem","position":1,"name":"Home","item":"https:\/\/pokerplanets1.com\/pt-br\/"},{"@type":"ListItem","position":2,"name":"Promo\u00e7\u00f5es","item":"https:\/\/pokerplanets1.com\/pt-br\/promotions\/"},{"@type":"ListItem","position":3,"name":"Sun Cup"}]},{"@type":"WebSite","@id":"https:\/\/pokerplanets1.com\/pt-br\/#website","url":"https:\/\/pokerplanets1.com\/pt-br\/","name":"PokerPlanets","description":"","potentialAction":[{"@type":"SearchAction","target":{"@type":"EntryPoint","urlTemplate":"https:\/\/pokerplanets1.com\/pt-br\/?s={search_term_string}"},"query-input":{"@type":"PropertyValueSpecification","valueRequired":true,"valueName":"search_term_string"}}],"inLanguage":"pt-BR"}]}},"_links":{"self":[{"href":"https:\/\/pokerplanets1.com\/pt-br\/wp-json\/wp\/v2\/pages\/11678","targetHints":{"allow":["GET"]}}],"collection":[{"href":"https:\/\/pokerplanets1.com\/pt-br\/wp-json\/wp\/v2\/pages"}],"about":[{"href":"https:\/\/pokerplanets1.com\/pt-br\/wp-json\/wp\/v2\/types\/page"}],"author":[{"embeddable":true,"href":"https:\/\/pokerplanets1.com\/pt-br\/wp-json\/wp\/v2\/users\/1"}],"replies":[{"embeddable":true,"href":"https:\/\/pokerplanets1.com\/pt-br\/wp-json\/wp\/v2\/comments?post=11678"}],"version-history":[{"count":1,"href":"https:\/\/pokerplanets1.com\/pt-br\/wp-json\/wp\/v2\/pages\/11678\/revisions"}],"predecessor-version":[{"id":11679,"href":"https:\/\/pokerplanets1.com\/pt-br\/wp-json\/wp\/v2\/pages\/11678\/revisions\/11679"}],"up":[{"embeddable":true,"href":"https:\/\/pokerplanets1.com\/pt-br\/wp-json\/wp\/v2\/pages\/7185"}],"wp:attachment":[{"href":"https:\/\/pokerplanets1.com\/pt-br\/wp-json\/wp\/v2\/media?parent=11678"}],"curies":[{"name":"wp","href":"https:\/\/api.w.org\/{rel}","templated":true}]}}