{"id":11749,"date":"2026-04-02T01:50:45","date_gmt":"2026-04-01T22:50:45","guid":{"rendered":"https:\/\/pokerplanets1.com\/promotions\/spinwin-pulse\/"},"modified":"2026-04-02T02:10:30","modified_gmt":"2026-04-01T23:10:30","slug":"spinwin-pulse","status":"publish","type":"page","link":"https:\/\/pokerplanets1.com\/pt-br\/promotions\/spinwin-pulse\/","title":{"rendered":"Spin&#038;Win Pulse"},"content":{"rendered":"<p style=\"text-align: center;\"><span style=\"font-size: 14pt;\"><strong>Pronto para jogar em velocidade m\u00e1xima?<\/strong><\/span><\/p>\r\n<p><span style=\"font-size: 10pt;\"><strong>De 3 a 6 de abril<\/strong>, o PokerPlanets apresenta o<strong> novo formato Spin&amp;Win Pulse.<\/strong> Menos espera, mais din\u00e2mica e mais emo\u00e7\u00e3o em cada jogo!<\/span><\/p>\r\n<p><span style=\"font-size: 10pt;\">Encontrar os torneios \u00e9 simples:<\/span><\/p>\r\n<ol>\r\n\t<li><span style=\"font-size: 10pt;\"><strong>Acesse a aba Spin&amp;Win.<\/strong><\/span><\/li>\r\n\t<li><span style=\"font-size: 10pt;\">Escolha seu buy-in: $0.5, $3 ou $10.<\/span><\/li>\r\n\t<li><span style=\"font-size: 10pt;\">Registre-se e jogue em uma nova velocidade!<\/span><\/li>\r\n<\/ol>\r\n<p style=\"text-align: center;\"><span style=\"font-size: 10pt;\"><strong>Apenas 4 dias para experimentar o Spin&amp;Win Pulse. N\u00e3o perca!<\/strong><\/span><\/p>\r\n<div style=\"margin: 0 auto; text-align: center;\"><div id=\"detectButton5\" style=\"margin: 0 auto; text-align: center;\"><button class=\"button  button--red\" type=\"button\"><svg class=\"svg\">\r\n              <use xlink:href=\"\/wp-content\/uploads\/2024\/12\/sprite.svg#lock\"><\/use>\r\n             <\/svg>  BAIXAR O POKERPLANETS <\/button><\/div><\/div>\r\n<p>&nbsp;<\/p>","protected":false},"excerpt":{"rendered":"<p>Pronto para jogar em velocidade m\u00e1xima? De 3 a 6 de abril, o PokerPlanets apresenta o novo formato Spin&amp;Win Pulse. Menos espera, mais din\u00e2mica e mais emo\u00e7\u00e3o em cada jogo! Encontrar os torneios \u00e9 simples: Acesse a aba Spin&amp;Win. Escolha seu buy-in: $0.5, $3 ou $10. Registre-se e jogue em uma nova velocidade! Apenas 4 [&hellip;]<\/p>\n","protected":false},"author":1,"featured_media":0,"parent":7185,"menu_order":0,"comment_status":"closed","ping_status":"closed","template":"page-faq-nosidebar-promo.php","meta":{"_acf_changed":false,"inline_featured_image":false,"footnotes":""},"class_list":["post-11749","page","type-page","status-publish","hentry"],"acf":[],"yoast_head":"<!-- This site is optimized with the Yoast SEO plugin v24.4 - https:\/\/yoast.com\/wordpress\/plugins\/seo\/ -->\n<title>Spin&amp;Win Pulse - PokerPlanets<\/title>\n<meta name=\"robots\" content=\"index, follow, max-snippet:-1, max-image-preview:large, max-video-preview:-1\" \/>\n<meta property=\"og:locale\" content=\"pt_BR\" \/>\n<meta property=\"og:type\" content=\"article\" \/>\n<meta property=\"og:title\" content=\"Spin&amp;Win Pulse - PokerPlanets\" \/>\n<meta property=\"og:description\" content=\"Pronto para jogar em velocidade m\u00e1xima? De 3 a 6 de abril, o PokerPlanets apresenta o novo formato Spin&amp;Win Pulse. Menos espera, mais din\u00e2mica e mais emo\u00e7\u00e3o em cada jogo! Encontrar os torneios \u00e9 simples: Acesse a aba Spin&amp;Win. Escolha seu buy-in: $0.5, $3 ou $10. Registre-se e jogue em uma nova velocidade! Apenas 4 [&hellip;]\" \/>\n<meta property=\"og:url\" content=\"https:\/\/pokerplanets1.com\/pt-br\/promotions\/spinwin-pulse\/\" \/>\n<meta property=\"og:site_name\" content=\"PokerPlanets\" \/>\n<meta property=\"article:modified_time\" content=\"2026-04-01T23:10:30+00:00\" \/>\n<meta name=\"twitter:card\" content=\"summary_large_image\" \/>\n<meta name=\"twitter:label1\" content=\"Est. tempo de leitura\" \/>\n\t<meta name=\"twitter:data1\" content=\"1 minuto\" \/>\n<script type=\"application\/ld+json\" class=\"yoast-schema-graph\">{\"@context\":\"https:\/\/schema.org\",\"@graph\":[{\"@type\":\"WebPage\",\"@id\":\"https:\/\/pokerplanets1.com\/pt-br\/promotions\/spinwin-pulse\/\",\"url\":\"https:\/\/pokerplanets1.com\/pt-br\/promotions\/spinwin-pulse\/\",\"name\":\"Spin&Win Pulse - PokerPlanets\",\"isPartOf\":{\"@id\":\"https:\/\/pokerplanets1.com\/pt-br\/#website\"},\"datePublished\":\"2026-04-01T22:50:45+00:00\",\"dateModified\":\"2026-04-01T23:10:30+00:00\",\"breadcrumb\":{\"@id\":\"https:\/\/pokerplanets1.com\/pt-br\/promotions\/spinwin-pulse\/#breadcrumb\"},\"inLanguage\":\"pt-BR\",\"potentialAction\":[{\"@type\":\"ReadAction\",\"target\":[\"https:\/\/pokerplanets1.com\/pt-br\/promotions\/spinwin-pulse\/\"]}]},{\"@type\":\"BreadcrumbList\",\"@id\":\"https:\/\/pokerplanets1.com\/pt-br\/promotions\/spinwin-pulse\/#breadcrumb\",\"itemListElement\":[{\"@type\":\"ListItem\",\"position\":1,\"name\":\"Home\",\"item\":\"https:\/\/pokerplanets1.com\/pt-br\/\"},{\"@type\":\"ListItem\",\"position\":2,\"name\":\"Promo\u00e7\u00f5es\",\"item\":\"https:\/\/pokerplanets1.com\/pt-br\/promotions\/\"},{\"@type\":\"ListItem\",\"position\":3,\"name\":\"Spin&#038;Win Pulse\"}]},{\"@type\":\"WebSite\",\"@id\":\"https:\/\/pokerplanets1.com\/pt-br\/#website\",\"url\":\"https:\/\/pokerplanets1.com\/pt-br\/\",\"name\":\"PokerPlanets\",\"description\":\"\",\"potentialAction\":[{\"@type\":\"SearchAction\",\"target\":{\"@type\":\"EntryPoint\",\"urlTemplate\":\"https:\/\/pokerplanets1.com\/pt-br\/?s={search_term_string}\"},\"query-input\":{\"@type\":\"PropertyValueSpecification\",\"valueRequired\":true,\"valueName\":\"search_term_string\"}}],\"inLanguage\":\"pt-BR\"}]}<\/script>\n<!-- \/ Yoast SEO plugin. -->","yoast_head_json":{"title":"Spin&Win Pulse - PokerPlanets","robots":{"index":"index","follow":"follow","max-snippet":"max-snippet:-1","max-image-preview":"max-image-preview:large","max-video-preview":"max-video-preview:-1"},"og_locale":"pt_BR","og_type":"article","og_title":"Spin&Win Pulse - PokerPlanets","og_description":"Pronto para jogar em velocidade m\u00e1xima? De 3 a 6 de abril, o PokerPlanets apresenta o novo formato Spin&amp;Win Pulse. Menos espera, mais din\u00e2mica e mais emo\u00e7\u00e3o em cada jogo! Encontrar os torneios \u00e9 simples: Acesse a aba Spin&amp;Win. Escolha seu buy-in: $0.5, $3 ou $10. Registre-se e jogue em uma nova velocidade! Apenas 4 [&hellip;]","og_url":"https:\/\/pokerplanets1.com\/pt-br\/promotions\/spinwin-pulse\/","og_site_name":"PokerPlanets","article_modified_time":"2026-04-01T23:10:30+00:00","twitter_card":"summary_large_image","twitter_misc":{"Est. tempo de leitura":"1 minuto"},"schema":{"@context":"https:\/\/schema.org","@graph":[{"@type":"WebPage","@id":"https:\/\/pokerplanets1.com\/pt-br\/promotions\/spinwin-pulse\/","url":"https:\/\/pokerplanets1.com\/pt-br\/promotions\/spinwin-pulse\/","name":"Spin&Win Pulse - PokerPlanets","isPartOf":{"@id":"https:\/\/pokerplanets1.com\/pt-br\/#website"},"datePublished":"2026-04-01T22:50:45+00:00","dateModified":"2026-04-01T23:10:30+00:00","breadcrumb":{"@id":"https:\/\/pokerplanets1.com\/pt-br\/promotions\/spinwin-pulse\/#breadcrumb"},"inLanguage":"pt-BR","potentialAction":[{"@type":"ReadAction","target":["https:\/\/pokerplanets1.com\/pt-br\/promotions\/spinwin-pulse\/"]}]},{"@type":"BreadcrumbList","@id":"https:\/\/pokerplanets1.com\/pt-br\/promotions\/spinwin-pulse\/#breadcrumb","itemListElement":[{"@type":"ListItem","position":1,"name":"Home","item":"https:\/\/pokerplanets1.com\/pt-br\/"},{"@type":"ListItem","position":2,"name":"Promo\u00e7\u00f5es","item":"https:\/\/pokerplanets1.com\/pt-br\/promotions\/"},{"@type":"ListItem","position":3,"name":"Spin&#038;Win Pulse"}]},{"@type":"WebSite","@id":"https:\/\/pokerplanets1.com\/pt-br\/#website","url":"https:\/\/pokerplanets1.com\/pt-br\/","name":"PokerPlanets","description":"","potentialAction":[{"@type":"SearchAction","target":{"@type":"EntryPoint","urlTemplate":"https:\/\/pokerplanets1.com\/pt-br\/?s={search_term_string}"},"query-input":{"@type":"PropertyValueSpecification","valueRequired":true,"valueName":"search_term_string"}}],"inLanguage":"pt-BR"}]}},"_links":{"self":[{"href":"https:\/\/pokerplanets1.com\/pt-br\/wp-json\/wp\/v2\/pages\/11749","targetHints":{"allow":["GET"]}}],"collection":[{"href":"https:\/\/pokerplanets1.com\/pt-br\/wp-json\/wp\/v2\/pages"}],"about":[{"href":"https:\/\/pokerplanets1.com\/pt-br\/wp-json\/wp\/v2\/types\/page"}],"author":[{"embeddable":true,"href":"https:\/\/pokerplanets1.com\/pt-br\/wp-json\/wp\/v2\/users\/1"}],"replies":[{"embeddable":true,"href":"https:\/\/pokerplanets1.com\/pt-br\/wp-json\/wp\/v2\/comments?post=11749"}],"version-history":[{"count":1,"href":"https:\/\/pokerplanets1.com\/pt-br\/wp-json\/wp\/v2\/pages\/11749\/revisions"}],"predecessor-version":[{"id":11750,"href":"https:\/\/pokerplanets1.com\/pt-br\/wp-json\/wp\/v2\/pages\/11749\/revisions\/11750"}],"up":[{"embeddable":true,"href":"https:\/\/pokerplanets1.com\/pt-br\/wp-json\/wp\/v2\/pages\/7185"}],"wp:attachment":[{"href":"https:\/\/pokerplanets1.com\/pt-br\/wp-json\/wp\/v2\/media?parent=11749"}],"curies":[{"name":"wp","href":"https:\/\/api.w.org\/{rel}","templated":true}]}}