{"id":6971,"date":"2024-12-21T19:16:08","date_gmt":"2024-12-21T16:16:08","guid":{"rendered":"https:\/\/pokerplanets1.com\/spin-win\/"},"modified":"2025-08-19T07:39:10","modified_gmt":"2025-08-19T04:39:10","slug":"spin-win","status":"publish","type":"page","link":"https:\/\/pokerplanets1.com\/pt-br\/poker\/spin-win\/","title":{"rendered":"Spin&#038;Win"},"content":{"rendered":"<p style=\"text-align: center;\"><span style=\"font-size: 14pt;\"><b>Spin&Win \u2014 o formato ideal para quem gosta de velocidade!<\/b><\/span><\/p>\r\n<p><span style=\"font-weight: 400; font-size: 10pt;\">Tempo m\u00ednimo \u2014 emo\u00e7\u00e3o m\u00e1xima. O Spin&Win traz torneios r\u00e1pidos com tr\u00eas jogadores, jogabilidade din\u00e2mica e pr\u00eamios generosos!<\/span><\/p>\r\n<p><span style=\"font-size: 10pt;\"><b>Regras simples \u2014 recompensas impressionantes:<\/b><\/span><\/p>\r\n<ul>\r\n\t<li style=\"font-weight: 400;\" aria-level=\"1\"><span style=\"font-size: 10pt;\"><span style=\"font-weight: 400;\">Escolha um buy-in entre <strong>US$0,50 e US$10<\/strong> e sente-se \u00e0 mesa.<\/span><\/span><\/li>\r\n\t<li style=\"font-weight: 400;\" aria-level=\"1\"><span style=\"font-weight: 400; font-size: 10pt;\">Um multiplicador aleat\u00f3rio define o prize pool antes do torneio come\u00e7ar.<\/span><\/li>\r\n\t<li style=\"font-weight: 400;\" aria-level=\"1\"><span style=\"font-size: 10pt;\"><span style=\"font-weight: 400;\">Com multiplicador de <strong>x25 ou mais<\/strong>, os <strong>tr\u00eas jogadores saem premiados.<\/strong><\/span><\/span><\/li>\r\n\t<li style=\"font-weight: 400;\" aria-level=\"1\"><span style=\"font-size: 10pt;\"><span style=\"font-weight: 400;\">O <strong>pr\u00eamio m\u00e1ximo<\/strong> \u00e9 de <strong>US$120.000<\/strong>, alcan\u00e7\u00e1vel em apenas alguns minutos.<\/span><\/span><\/li>\r\n<\/ul>\r\n<p><span style=\"font-size: 10pt;\"><b>Por que esperar pela sorte? Crie a sua.<\/b><\/span><\/p>\r\n<p style=\"text-align: center;\" data-start=\"677\" data-end=\"778\" data-is-last-node=\"\" data-is-only-node=\"\"><strong><span style=\"font-size: 10pt;\">Clica em \u201cJogar\u201d e conquista grandes pr\u00eamios no Spin&Win da PokerPlanets!<\/span><\/strong><\/p>\r\n<div style=\"margin: 0 auto; text-align: center;\"><div id=\"detectButton5\" style=\"margin: 0 auto; text-align: center;\"><button class=\"button  button--red\" type=\"button\"><svg class=\"svg\">\r\n              <use xlink:href=\"\/wp-content\/uploads\/2024\/12\/sprite.svg#lock\"><\/use>\r\n             <\/svg>  BAIXAR O POKERPLANETS <\/button><\/div><\/div>\r\n<p>&nbsp;<\/p>\r\n<div class=\"table-overflow\">\r\n<div class=\"table-dinamic\" data-table-dinamic=\"\">\r\n<div class=\"table-dinamic__title\" style=\"text-align: center;\">Probabilidades para um buy-in de $0,50<\/div>\r\n<button class=\"table-dinamic__button button--null\" data-table-dinamic-button=\"close\" data-less=\"Esconder tabela\" data-unless=\"Mostrar mais\"><\/button>\r\n<table cellspacing=\"0\" cellpadding=\"0\">\r\n<tbody>\r\n<tr>\r\n<td colspan=\"6\"><strong>Jogadores: 3<\/strong><\/td>\r\n<\/tr>\r\n<tr>\r\n<td><strong>Multiplicador<\/strong><\/td>\r\n<td><strong>Pagamento 1\u00ba lugar<\/strong><\/td>\r\n<td><strong>Pagamento 2\u00ba lugar<\/strong><\/td>\r\n<td><strong>Pagamento 3\u00ba lugar<\/strong><\/td>\r\n<td><strong>Premia\u00e7\u00e3o total<\/strong><\/td>\r\n<td><strong>Probabilidade<\/strong><\/td>\r\n<\/tr>\r\n<tr>\r\n<td>12 000X<\/td>\r\n<td>$4 800<\/td>\r\n<td>$720<\/td>\r\n<td>$480<\/td>\r\n<td>$6 000<\/td>\r\n<td align=\"right\">1 em 10 000 000<\/td>\r\n<\/tr>\r\n<tr>\r\n<td>100X<\/td>\r\n<td>$40<\/td>\r\n<td>$6<\/td>\r\n<td>$4<\/td>\r\n<td>$50<\/td>\r\n<td align=\"right\">432 em 10 000 000<\/td>\r\n<\/tr>\r\n<tr>\r\n<td>50X<\/td>\r\n<td>$20<\/td>\r\n<td>$3\u00a0<\/td>\r\n<td>$2<\/td>\r\n<td>$25<\/td>\r\n<td align=\"right\">770 em 10 000 000<\/td>\r\n<\/tr>\r\n<tr>\r\n<td>25X<\/td>\r\n<td>$10<\/td>\r\n<td>$1.5<\/td>\r\n<td>$1<\/td>\r\n<td>$12.5<\/td>\r\n<td align=\"right\">6 764 em 10 000 000<\/td>\r\n<\/tr>\r\n<tr>\r\n<td>10X<\/td>\r\n<td>$5<\/td>\r\n<td>&nbsp;<\/td>\r\n<td>&nbsp;<\/td>\r\n<td>$5<\/td>\r\n<td align=\"right\">72 463 em 10 000 000<\/td>\r\n<\/tr>\r\n<tr>\r\n<td>5X<\/td>\r\n<td>$2.5<\/td>\r\n<td>&nbsp;<\/td>\r\n<td>&nbsp;<\/td>\r\n<td>$2.5<\/td>\r\n<td align=\"right\">193 237 em 10 000 000<\/td>\r\n<\/tr>\r\n<tr>\r\n<td>4X<\/td>\r\n<td>$2<\/td>\r\n<td>&nbsp;<\/td>\r\n<td>&nbsp;<\/td>\r\n<td>$2<\/td>\r\n<td align=\"right\">676 328 em 10 000 000<\/td>\r\n<\/tr>\r\n<tr style=\"height: 23px;\">\r\n<td>3X<\/td>\r\n<td>$1.5<\/td>\r\n<td>&nbsp;<\/td>\r\n<td>&nbsp;<\/td>\r\n<td>$1.5<\/td>\r\n<td align=\"right\">4 541 062 em 10 000 000<\/td>\r\n<\/tr>\r\n<tr>\r\n<td>2X<\/td>\r\n<td>$1<\/td>\r\n<td>&nbsp;<\/td>\r\n<td>&nbsp;<\/td>\r\n<td>$1<\/td>\r\n<td align=\"right\">4 508 943 em 10 000 000<\/td>\r\n<\/tr>\r\n<\/tbody>\r\n<\/table>\r\n<\/div>\r\n<\/div>\r\n<p>&nbsp;<\/p>\r\n<div class=\"table-overflow\">\r\n<div class=\"table-dinamic\" data-table-dinamic=\"\">\r\n<div class=\"table-dinamic__title\" style=\"text-align: center;\">Probabilidades para um buy-in de $1<\/div>\r\n<button class=\"table-dinamic__button button--null\" data-table-dinamic-button=\"close\" data-less=\"Esconder tabela\" data-unless=\"Mostrar mais\"><\/button>\r\n<table cellspacing=\"0\" cellpadding=\"0\">\r\n<tbody>\r\n<tr>\r\n<td colspan=\"6\"><strong>Jogadores: 3<\/strong><\/td>\r\n<\/tr>\r\n<tr>\r\n<td><strong>Multiplicador<\/strong><\/td>\r\n<td><strong>Pagamento 1\u00ba lugar<\/strong><\/td>\r\n<td><strong>Pagamento 2\u00ba lugar<\/strong><\/td>\r\n<td><strong>Pagamento 3\u00ba lugar<\/strong><\/td>\r\n<td><strong>Premia\u00e7\u00e3o total<\/strong><\/td>\r\n<td><strong>Probabilidade<\/strong><\/td>\r\n<\/tr>\r\n<tr>\r\n<td>12 000X<\/td>\r\n<td>$9 600<\/td>\r\n<td>$1 440<\/td>\r\n<td>$960<\/td>\r\n<td>$12 000<\/td>\r\n<td align=\"right\">1 em 10 000 000<\/td>\r\n<\/tr>\r\n<tr>\r\n<td>100X<\/td>\r\n<td>$80<\/td>\r\n<td>$12<\/td>\r\n<td>$8<\/td>\r\n<td>$100<\/td>\r\n<td align=\"right\">432 em 10 000 000<\/td>\r\n<\/tr>\r\n<tr>\r\n<td>50X<\/td>\r\n<td>$40<\/td>\r\n<td>$6\u00a0<\/td>\r\n<td>$4<\/td>\r\n<td>$50<\/td>\r\n<td align=\"right\">770 em 10 000 000<\/td>\r\n<\/tr>\r\n<tr>\r\n<td>25X<\/td>\r\n<td>$20<\/td>\r\n<td>$3<\/td>\r\n<td>$2<\/td>\r\n<td>$25<\/td>\r\n<td align=\"right\">6 764 em 10 000 000<\/td>\r\n<\/tr>\r\n<tr>\r\n<td>10X<\/td>\r\n<td>$10<\/td>\r\n<td>&nbsp;<\/td>\r\n<td>&nbsp;<\/td>\r\n<td>$10<\/td>\r\n<td align=\"right\">72 463 em 10 000 000<\/td>\r\n<\/tr>\r\n<tr>\r\n<td>5X<\/td>\r\n<td>$5<\/td>\r\n<td>&nbsp;<\/td>\r\n<td>&nbsp;<\/td>\r\n<td>$5<\/td>\r\n<td align=\"right\">193 237 em 10 000 000<\/td>\r\n<\/tr>\r\n<tr>\r\n<td>4X<\/td>\r\n<td>$4<\/td>\r\n<td>&nbsp;<\/td>\r\n<td>&nbsp;<\/td>\r\n<td>$4<\/td>\r\n<td align=\"right\">676 328 em 10 000 000<\/td>\r\n<\/tr>\r\n<tr style=\"height: 23px;\">\r\n<td>3X<\/td>\r\n<td>$3<\/td>\r\n<td>&nbsp;<\/td>\r\n<td>&nbsp;<\/td>\r\n<td>$3<\/td>\r\n<td align=\"right\">4 541 062 em 10 000 000<\/td>\r\n<\/tr>\r\n<tr>\r\n<td>2X<\/td>\r\n<td>$2<\/td>\r\n<td>&nbsp;<\/td>\r\n<td>&nbsp;<\/td>\r\n<td>$2<\/td>\r\n<td align=\"right\">4 508 943 em 10 000 000<\/td>\r\n<\/tr>\r\n<\/tbody>\r\n<\/table>\r\n<\/div>\r\n<\/div>\r\n<p>&nbsp;<\/p>\r\n<div class=\"table-overflow\">\r\n<div class=\"table-dinamic\" data-table-dinamic=\"\">\r\n<div class=\"table-dinamic__title\" style=\"text-align: center;\">Probabilidades para um buy-in de $3<\/div>\r\n<button class=\"table-dinamic__button button--null\" data-table-dinamic-button=\"close\" data-less=\"Esconder tabela\" data-unless=\"Mostrar mais\"><\/button>\r\n<table cellspacing=\"0\" cellpadding=\"0\">\r\n<tbody>\r\n<tr>\r\n<td colspan=\"6\"><strong>Jogadores: 3<\/strong><\/td>\r\n<\/tr>\r\n<tr>\r\n<td><strong>Multiplicador<\/strong><\/td>\r\n<td><strong>Pagamento 1\u00ba lugar<\/strong><\/td>\r\n<td><strong>Pagamento 2\u00ba lugar<\/strong><\/td>\r\n<td><strong>Pagamento 3\u00ba lugar<\/strong><\/td>\r\n<td><strong>Premia\u00e7\u00e3o total<\/strong><\/td>\r\n<td><strong>Probabilidade<\/strong><\/td>\r\n<\/tr>\r\n<tr>\r\n<td>12 000X<\/td>\r\n<td>$28 800<\/td>\r\n<td>$4 320<\/td>\r\n<td>$2 880<\/td>\r\n<td>$36 000<\/td>\r\n<td align=\"right\">1 em 10 000 000<\/td>\r\n<\/tr>\r\n<tr>\r\n<td>100X<\/td>\r\n<td>$240<\/td>\r\n<td>$36<\/td>\r\n<td>$24<\/td>\r\n<td>$300<\/td>\r\n<td align=\"right\">432 em 10 000 000<\/td>\r\n<\/tr>\r\n<tr>\r\n<td>50X<\/td>\r\n<td>$120<\/td>\r\n<td>$18<\/td>\r\n<td>$12<\/td>\r\n<td>$150<\/td>\r\n<td align=\"right\">770 em 10 000 000<\/td>\r\n<\/tr>\r\n<tr>\r\n<td>25X<\/td>\r\n<td>$60<\/td>\r\n<td>$9<\/td>\r\n<td>$6<\/td>\r\n<td>$75<\/td>\r\n<td align=\"right\">6 764 em 10 000 000<\/td>\r\n<\/tr>\r\n<tr>\r\n<td>10X<\/td>\r\n<td>$30<\/td>\r\n<td>&nbsp;<\/td>\r\n<td>&nbsp;<\/td>\r\n<td>$30<\/td>\r\n<td align=\"right\">72 463 em 10 000 000<\/td>\r\n<\/tr>\r\n<tr>\r\n<td>5X<\/td>\r\n<td>$15<\/td>\r\n<td>&nbsp;<\/td>\r\n<td>&nbsp;<\/td>\r\n<td>$15<\/td>\r\n<td align=\"right\">193 237 em 10 000 000<\/td>\r\n<\/tr>\r\n<tr>\r\n<td>4X<\/td>\r\n<td>$12<\/td>\r\n<td>&nbsp;<\/td>\r\n<td>&nbsp;<\/td>\r\n<td>$12<\/td>\r\n<td align=\"right\">676 328 em 10 000 000<\/td>\r\n<\/tr>\r\n<tr style=\"height: 23px;\">\r\n<td>3X<\/td>\r\n<td>$9<\/td>\r\n<td>&nbsp;<\/td>\r\n<td>&nbsp;<\/td>\r\n<td>$9<\/td>\r\n<td align=\"right\">4 541 062 em 10 000 000<\/td>\r\n<\/tr>\r\n<tr>\r\n<td>2X<\/td>\r\n<td>$6<\/td>\r\n<td>&nbsp;<\/td>\r\n<td>&nbsp;<\/td>\r\n<td>$6<\/td>\r\n<td align=\"right\">4 508 943 em 10 000 000<\/td>\r\n<\/tr>\r\n<\/tbody>\r\n<\/table>\r\n<\/div>\r\n<\/div>\r\n<p>&nbsp;<\/p>\r\n<div class=\"table-overflow\">\r\n<div class=\"table-dinamic\" data-table-dinamic=\"\">\r\n<div class=\"table-dinamic__title\" style=\"text-align: center;\">Probabilidades para um buy-in de $5<\/div>\r\n<button class=\"table-dinamic__button button--null\" data-table-dinamic-button=\"close\" data-less=\"Esconder tabela\" data-unless=\"Mostrar mais\"><\/button>\r\n<table cellspacing=\"0\" cellpadding=\"0\">\r\n<tbody>\r\n<tr>\r\n<td style=\"width: 786px;\" colspan=\"6\"><strong>Jogadores: 3<\/strong><\/td>\r\n<\/tr>\r\n<tr>\r\n<td><strong>Multiplicador<\/strong><\/td>\r\n<td><strong>Pagamento 1\u00ba lugar<\/strong><\/td>\r\n<td><strong>Pagamento 2\u00ba lugar<\/strong><\/td>\r\n<td><strong>Pagamento 3\u00ba lugar<\/strong><\/td>\r\n<td><strong>Premia\u00e7\u00e3o total<\/strong><\/td>\r\n<td><strong>Probabilidade<\/strong><\/td>\r\n<\/tr>\r\n<tr>\r\n<td>12 000X<\/td>\r\n<td>$48 000<\/td>\r\n<td>$7 200<\/td>\r\n<td>$4 800<\/td>\r\n<td>$60 000<\/td>\r\n<td style=\"text-align: right;\">1 em 10 000 000<\/td>\r\n<\/tr>\r\n<tr>\r\n<td>100X<\/td>\r\n<td>$400<\/td>\r\n<td>$60<\/td>\r\n<td>$40<\/td>\r\n<td>$500<\/td>\r\n<td style=\"text-align: right;\" align=\"right\">432 em 10 000 000<\/td>\r\n<\/tr>\r\n<tr>\r\n<td>50X<\/td>\r\n<td>$200<\/td>\r\n<td>$30\u00a0<\/td>\r\n<td>$20<\/td>\r\n<td>$250<\/td>\r\n<td style=\"text-align: right;\" align=\"right\">770 em 10 000 000<\/td>\r\n<\/tr>\r\n<tr>\r\n<td>25X<\/td>\r\n<td>$100<\/td>\r\n<td>$15<\/td>\r\n<td>$10<\/td>\r\n<td>$125<\/td>\r\n<td style=\"text-align: right;\">6 841 em 10 000 000<\/td>\r\n<\/tr>\r\n<tr>\r\n<td>10X<\/td>\r\n<td>$50<\/td>\r\n<td>&nbsp;<\/td>\r\n<td>&nbsp;<\/td>\r\n<td>$50<\/td>\r\n<td style=\"text-align: right;\" align=\"right\">72 463 em 10 000 000<\/td>\r\n<\/tr>\r\n<tr>\r\n<td>5X<\/td>\r\n<td>$25<\/td>\r\n<td>&nbsp;<\/td>\r\n<td>&nbsp;<\/td>\r\n<td>$25<\/td>\r\n<td style=\"text-align: right;\" align=\"right\">193 237 em 10 000 000<\/td>\r\n<\/tr>\r\n<tr>\r\n<td>4X<\/td>\r\n<td>$20<\/td>\r\n<td>&nbsp;<\/td>\r\n<td>&nbsp;<\/td>\r\n<td>$20<\/td>\r\n<td style=\"text-align: right;\" align=\"right\">676 328 em 10 000 000<\/td>\r\n<\/tr>\r\n<tr>\r\n<td>3X<\/td>\r\n<td>$15<\/td>\r\n<td>&nbsp;<\/td>\r\n<td>&nbsp;<\/td>\r\n<td>$15<\/td>\r\n<td style=\"text-align: right;\">4 541 062 em 10 000 000<\/td>\r\n<\/tr>\r\n<tr>\r\n<td>2X<\/td>\r\n<td>$10<\/td>\r\n<td>&nbsp;<\/td>\r\n<td>&nbsp;<\/td>\r\n<td>$10<\/td>\r\n<td style=\"text-align: right;\" align=\"right\">4 508 943 em 10 000 000<\/td>\r\n<\/tr>\r\n<\/tbody>\r\n<\/table>\r\n<\/div>\r\n<\/div>\r\n<p>&nbsp;<\/p>\r\n<div class=\"table-overflow\">\r\n<div class=\"table-dinamic\" data-table-dinamic=\"\">\r\n<div class=\"table-dinamic__title\" style=\"text-align: center;\">Probabilidades para um buy-in de $10<\/div>\r\n<button class=\"table-dinamic__button button--null\" data-table-dinamic-button=\"close\" data-less=\"Esconder tabela\" data-unless=\"Mostrar mais\"><\/button>\r\n<table cellspacing=\"0\" cellpadding=\"0\">\r\n<tbody>\r\n<tr>\r\n<td colspan=\"6\"><strong>Jogadores: 3<\/strong><\/td>\r\n<\/tr>\r\n<tr>\r\n<td><strong>Multiplicador<\/strong><\/td>\r\n<td><strong>Pagamento 1\u00ba lugar<\/strong><\/td>\r\n<td><strong>Pagamento 2\u00ba lugar<\/strong><\/td>\r\n<td><strong>Pagamento 3\u00ba lugar<\/strong><\/td>\r\n<td><strong>Premia\u00e7\u00e3o total<\/strong><\/td>\r\n<td><strong>Probabilidade<\/strong><\/td>\r\n<\/tr>\r\n<tr>\r\n<td>12 000X<\/td>\r\n<td>$96 000<\/td>\r\n<td>$14 400<\/td>\r\n<td>$9 600<\/td>\r\n<td>$120 000<\/td>\r\n<td align=\"right\">2 em 10 000 000<\/td>\r\n<\/tr>\r\n<tr>\r\n<td>100X<\/td>\r\n<td>$800<\/td>\r\n<td>$120<\/td>\r\n<td>$80<\/td>\r\n<td>$1 000<\/td>\r\n<td align=\"right\">485 em 10 000 000<\/td>\r\n<\/tr>\r\n<tr>\r\n<td>50X<\/td>\r\n<td>$400<\/td>\r\n<td>$60\u00a0<\/td>\r\n<td>$40<\/td>\r\n<td>$500<\/td>\r\n<td align=\"right\">875 em 10 000 000<\/td>\r\n<\/tr>\r\n<tr>\r\n<td>25X<\/td>\r\n<td>$200<\/td>\r\n<td>$30<\/td>\r\n<td>$20<\/td>\r\n<td>$250<\/td>\r\n<td align=\"right\">6 841 em 10 000 000<\/td>\r\n<\/tr>\r\n<tr>\r\n<td>10X<\/td>\r\n<td>$100<\/td>\r\n<td>&nbsp;<\/td>\r\n<td>&nbsp;<\/td>\r\n<td>$100<\/td>\r\n<td align=\"right\">73 291 em 10 000 000<\/td>\r\n<\/tr>\r\n<tr>\r\n<td>5X<\/td>\r\n<td>$50<\/td>\r\n<td>&nbsp;<\/td>\r\n<td>&nbsp;<\/td>\r\n<td>$50<\/td>\r\n<td align=\"right\">195 443 em 10 000 000<\/td>\r\n<\/tr>\r\n<tr>\r\n<td>4X<\/td>\r\n<td>$40<\/td>\r\n<td>&nbsp;<\/td>\r\n<td>&nbsp;<\/td>\r\n<td>$40<\/td>\r\n<td align=\"right\">781 776 em 10 000 000<\/td>\r\n<\/tr>\r\n<tr style=\"height: 23px;\">\r\n<td>3X<\/td>\r\n<td>$30<\/td>\r\n<td>&nbsp;<\/td>\r\n<td>&nbsp;<\/td>\r\n<td>$30<\/td>\r\n<td align=\"right\">4 592 921 em 10 000 000<\/td>\r\n<\/tr>\r\n<tr>\r\n<td>2X<\/td>\r\n<td>$20<\/td>\r\n<td>&nbsp;<\/td>\r\n<td>&nbsp;<\/td>\r\n<td>$20<\/td>\r\n<td align=\"right\">4 348 366 em 10 000 000<\/td>\r\n<\/tr>\r\n<\/tbody>\r\n<\/table>\r\n<\/div>\r\n<\/div>\r\n<p>&nbsp;<\/p>\r\n<div class=\"table-overflow\">\r\n<div class=\"table-dinamic\" data-table-dinamic=\"\">\r\n<div class=\"table-dinamic__title\" style=\"text-align: center;\">Probabilidades para um buy-in de $25<\/div>\r\n<button class=\"table-dinamic__button button--null\" data-table-dinamic-button=\"close\" data-less=\"Esconder tabela\" data-unless=\"Mostrar mais\"><\/button>\r\n<table cellspacing=\"0\" cellpadding=\"0\">\r\n<tbody>\r\n<tr>\r\n<td colspan=\"6\"><strong>Jogadores: 3<\/strong><\/td>\r\n<\/tr>\r\n<tr>\r\n<td><strong>Multiplicador<\/strong><\/td>\r\n<td><strong>Pagamento 1\u00ba lugar<\/strong><\/td>\r\n<td><strong>Pagamento 2\u00ba lugar<\/strong><\/td>\r\n<td><strong>Pagamento 3\u00ba lugar<\/strong><\/td>\r\n<td><strong>Premia\u00e7\u00e3o total<\/strong><\/td>\r\n<td><strong>Probabilidade<\/strong><\/td>\r\n<\/tr>\r\n<tr>\r\n<td>12 000X<\/td>\r\n<td>$240 000<\/td>\r\n<td>$36 000<\/td>\r\n<td>$24 000<\/td>\r\n<td>$300 000<\/td>\r\n<td align=\"right\">2 em 10 000 000<\/td>\r\n<\/tr>\r\n<tr>\r\n<td>100X<\/td>\r\n<td>$2 000<\/td>\r\n<td>$300<\/td>\r\n<td>$200<\/td>\r\n<td>$2 500<\/td>\r\n<td align=\"right\">485 em 10 000 000<\/td>\r\n<\/tr>\r\n<tr>\r\n<td>50X<\/td>\r\n<td>$1 000<\/td>\r\n<td>$150\u00a0<\/td>\r\n<td>$100<\/td>\r\n<td>$1 250<\/td>\r\n<td align=\"right\">875 em 10 000 000<\/td>\r\n<\/tr>\r\n<tr>\r\n<td>25X<\/td>\r\n<td>$500<\/td>\r\n<td>$75<\/td>\r\n<td>$50<\/td>\r\n<td>$625<\/td>\r\n<td align=\"right\">6 841 em 10 000 000<\/td>\r\n<\/tr>\r\n<tr>\r\n<td>10X<\/td>\r\n<td>$250<\/td>\r\n<td>&nbsp;<\/td>\r\n<td>&nbsp;<\/td>\r\n<td>$250<\/td>\r\n<td align=\"right\">73 291 em 10 000 000<\/td>\r\n<\/tr>\r\n<tr>\r\n<td>5X<\/td>\r\n<td>$125<\/td>\r\n<td>&nbsp;<\/td>\r\n<td>&nbsp;<\/td>\r\n<td>$125<\/td>\r\n<td align=\"right\">195 443 em 10 000 000<\/td>\r\n<\/tr>\r\n<tr>\r\n<td>4X<\/td>\r\n<td>$100<\/td>\r\n<td>&nbsp;<\/td>\r\n<td>&nbsp;<\/td>\r\n<td>$100<\/td>\r\n<td align=\"right\">781 776 em 10 000 000<\/td>\r\n<\/tr>\r\n<tr style=\"height: 23px;\">\r\n<td>3X<\/td>\r\n<td>$75<\/td>\r\n<td>&nbsp;<\/td>\r\n<td>&nbsp;<\/td>\r\n<td>$75<\/td>\r\n<td align=\"right\">4 592 921 em 10 000 000<\/td>\r\n<\/tr>\r\n<tr>\r\n<td>2X<\/td>\r\n<td>$50<\/td>\r\n<td>&nbsp;<\/td>\r\n<td>&nbsp;<\/td>\r\n<td>$50<\/td>\r\n<td align=\"right\">4 348 366 em 10 000 000<\/td>\r\n<\/tr>\r\n<\/tbody>\r\n<\/table>\r\n<\/div>\r\n<\/div>\r\n<p>&nbsp;<\/p>\r\n<p><span style=\"font-size: 10pt;\">\u2022 Este jogo utiliza um \u00fanico baralho com 52 cartas, embaralhado ap\u00f3s cada m\u00e3o.<\/span><br \/>\r\n<span style=\"font-size: 10pt;\">\u2022 Uma taxa de torneio de 7% ou 9% \u00e9 deduzida de cada buy-in.<\/span><br \/>\r\n<span style=\"font-size: 10pt;\">\u2022 Quando dois ou mais jogadores s\u00e3o eliminados na mesma m\u00e3o, aquele que come\u00e7ou a rodada com mais fichas ser\u00e1 classificado em uma posi\u00e7\u00e3o superior.<\/span><\/p>\r\n<div class=\"table-overflow\">\r\n<div class=\"table-dinamic\" data-table-dinamic=\"\">\u00a0<\/div>\r\n<\/div>\r\n<div class=\"table-overflow\">\r\n<div class=\"table-dinamic\" data-table-dinamic=\"\">\r\n<p>&nbsp;<\/p>\r\n<p>&nbsp;<\/p>\r\n<\/div>\r\n<\/div>","protected":false},"excerpt":{"rendered":"<p>Spin&#038;Win \u2014 o formato ideal para quem gosta de velocidade! Tempo m\u00ednimo \u2014 emo\u00e7\u00e3o m\u00e1xima. O Spin&#038;Win traz torneios r\u00e1pidos com tr\u00eas jogadores, jogabilidade din\u00e2mica e pr\u00eamios generosos! Regras simples \u2014 recompensas impressionantes: Escolha um buy-in entre US$0,50 e US$10 e sente-se \u00e0 mesa. Um multiplicador aleat\u00f3rio define o prize pool antes do torneio come\u00e7ar. [&hellip;]<\/p>\n","protected":false},"author":1,"featured_media":0,"parent":7275,"menu_order":0,"comment_status":"closed","ping_status":"closed","template":"page-faq-nosidebar.php","meta":{"_acf_changed":false,"inline_featured_image":false,"footnotes":""},"class_list":["post-6971","page","type-page","status-publish","hentry"],"acf":[],"yoast_head":"<!-- This site is optimized with the Yoast SEO plugin v24.4 - https:\/\/yoast.com\/wordpress\/plugins\/seo\/ -->\n<title>Spin&amp;Win Poker \u2014 Fast Tournaments with Random Prizes<\/title>\n<meta name=\"description\" content=\"Spin the wheel \ud83c\udd93 Spin and win format for those who love speed\" \/>\n<meta name=\"robots\" content=\"index, follow, max-snippet:-1, max-image-preview:large, max-video-preview:-1\" \/>\n<meta property=\"og:locale\" content=\"pt_BR\" \/>\n<meta property=\"og:type\" content=\"article\" \/>\n<meta property=\"og:title\" content=\"Spin&amp;Win \u2013 Fast Poker with Prizes up to $120K\" \/>\n<meta property=\"og:description\" content=\"Pick a $0.50\u2013$10 buy-in, play 3-handed, and win up to $120 000 in lightning-fast Spin&amp;Win games!\" \/>\n<meta property=\"og:url\" content=\"https:\/\/pokerplanets1.com\/pt-br\/poker\/spin-win\/\" \/>\n<meta property=\"og:site_name\" content=\"PokerPlanets\" \/>\n<meta property=\"article:modified_time\" content=\"2025-08-19T04:39:10+00:00\" \/>\n<meta name=\"twitter:card\" content=\"summary_large_image\" \/>\n<meta name=\"twitter:label1\" content=\"Est. tempo de leitura\" \/>\n\t<meta name=\"twitter:data1\" content=\"4 minutos\" \/>\n<script type=\"application\/ld+json\" class=\"yoast-schema-graph\">{\"@context\":\"https:\/\/schema.org\",\"@graph\":[{\"@type\":\"WebPage\",\"@id\":\"https:\/\/pokerplanets1.com\/pt-br\/poker\/spin-win\/\",\"url\":\"https:\/\/pokerplanets1.com\/pt-br\/poker\/spin-win\/\",\"name\":\"Spin&Win Poker \u2014 Fast Tournaments with Random Prizes\",\"isPartOf\":{\"@id\":\"https:\/\/pokerplanets1.com\/pt-br\/#website\"},\"datePublished\":\"2024-12-21T16:16:08+00:00\",\"dateModified\":\"2025-08-19T04:39:10+00:00\",\"description\":\"Spin the wheel \ud83c\udd93 Spin and win format for those who love speed\",\"breadcrumb\":{\"@id\":\"https:\/\/pokerplanets1.com\/pt-br\/poker\/spin-win\/#breadcrumb\"},\"inLanguage\":\"pt-BR\",\"potentialAction\":[{\"@type\":\"ReadAction\",\"target\":[\"https:\/\/pokerplanets1.com\/pt-br\/poker\/spin-win\/\"]}]},{\"@type\":\"BreadcrumbList\",\"@id\":\"https:\/\/pokerplanets1.com\/pt-br\/poker\/spin-win\/#breadcrumb\",\"itemListElement\":[{\"@type\":\"ListItem\",\"position\":1,\"name\":\"Home\",\"item\":\"https:\/\/pokerplanets1.com\/pt-br\/\"},{\"@type\":\"ListItem\",\"position\":2,\"name\":\"Poker\",\"item\":\"https:\/\/pokerplanets1.com\/pt-br\/poker\/\"},{\"@type\":\"ListItem\",\"position\":3,\"name\":\"Spin&#038;Win\"}]},{\"@type\":\"WebSite\",\"@id\":\"https:\/\/pokerplanets1.com\/pt-br\/#website\",\"url\":\"https:\/\/pokerplanets1.com\/pt-br\/\",\"name\":\"PokerPlanets\",\"description\":\"\",\"potentialAction\":[{\"@type\":\"SearchAction\",\"target\":{\"@type\":\"EntryPoint\",\"urlTemplate\":\"https:\/\/pokerplanets1.com\/pt-br\/?s={search_term_string}\"},\"query-input\":{\"@type\":\"PropertyValueSpecification\",\"valueRequired\":true,\"valueName\":\"search_term_string\"}}],\"inLanguage\":\"pt-BR\"}]}<\/script>\n<!-- \/ Yoast SEO plugin. -->","yoast_head_json":{"title":"Spin&Win Poker \u2014 Fast Tournaments with Random Prizes","description":"Spin the wheel \ud83c\udd93 Spin and win format for those who love speed","robots":{"index":"index","follow":"follow","max-snippet":"max-snippet:-1","max-image-preview":"max-image-preview:large","max-video-preview":"max-video-preview:-1"},"og_locale":"pt_BR","og_type":"article","og_title":"Spin&Win \u2013 Fast Poker with Prizes up to $120K","og_description":"Pick a $0.50\u2013$10 buy-in, play 3-handed, and win up to $120 000 in lightning-fast Spin&Win games!","og_url":"https:\/\/pokerplanets1.com\/pt-br\/poker\/spin-win\/","og_site_name":"PokerPlanets","article_modified_time":"2025-08-19T04:39:10+00:00","twitter_card":"summary_large_image","twitter_misc":{"Est. tempo de leitura":"4 minutos"},"schema":{"@context":"https:\/\/schema.org","@graph":[{"@type":"WebPage","@id":"https:\/\/pokerplanets1.com\/pt-br\/poker\/spin-win\/","url":"https:\/\/pokerplanets1.com\/pt-br\/poker\/spin-win\/","name":"Spin&Win Poker \u2014 Fast Tournaments with Random Prizes","isPartOf":{"@id":"https:\/\/pokerplanets1.com\/pt-br\/#website"},"datePublished":"2024-12-21T16:16:08+00:00","dateModified":"2025-08-19T04:39:10+00:00","description":"Spin the wheel \ud83c\udd93 Spin and win format for those who love speed","breadcrumb":{"@id":"https:\/\/pokerplanets1.com\/pt-br\/poker\/spin-win\/#breadcrumb"},"inLanguage":"pt-BR","potentialAction":[{"@type":"ReadAction","target":["https:\/\/pokerplanets1.com\/pt-br\/poker\/spin-win\/"]}]},{"@type":"BreadcrumbList","@id":"https:\/\/pokerplanets1.com\/pt-br\/poker\/spin-win\/#breadcrumb","itemListElement":[{"@type":"ListItem","position":1,"name":"Home","item":"https:\/\/pokerplanets1.com\/pt-br\/"},{"@type":"ListItem","position":2,"name":"Poker","item":"https:\/\/pokerplanets1.com\/pt-br\/poker\/"},{"@type":"ListItem","position":3,"name":"Spin&#038;Win"}]},{"@type":"WebSite","@id":"https:\/\/pokerplanets1.com\/pt-br\/#website","url":"https:\/\/pokerplanets1.com\/pt-br\/","name":"PokerPlanets","description":"","potentialAction":[{"@type":"SearchAction","target":{"@type":"EntryPoint","urlTemplate":"https:\/\/pokerplanets1.com\/pt-br\/?s={search_term_string}"},"query-input":{"@type":"PropertyValueSpecification","valueRequired":true,"valueName":"search_term_string"}}],"inLanguage":"pt-BR"}]}},"_links":{"self":[{"href":"https:\/\/pokerplanets1.com\/pt-br\/wp-json\/wp\/v2\/pages\/6971","targetHints":{"allow":["GET"]}}],"collection":[{"href":"https:\/\/pokerplanets1.com\/pt-br\/wp-json\/wp\/v2\/pages"}],"about":[{"href":"https:\/\/pokerplanets1.com\/pt-br\/wp-json\/wp\/v2\/types\/page"}],"author":[{"embeddable":true,"href":"https:\/\/pokerplanets1.com\/pt-br\/wp-json\/wp\/v2\/users\/1"}],"replies":[{"embeddable":true,"href":"https:\/\/pokerplanets1.com\/pt-br\/wp-json\/wp\/v2\/comments?post=6971"}],"version-history":[{"count":2,"href":"https:\/\/pokerplanets1.com\/pt-br\/wp-json\/wp\/v2\/pages\/6971\/revisions"}],"predecessor-version":[{"id":6979,"href":"https:\/\/pokerplanets1.com\/pt-br\/wp-json\/wp\/v2\/pages\/6971\/revisions\/6979"}],"up":[{"embeddable":true,"href":"https:\/\/pokerplanets1.com\/pt-br\/wp-json\/wp\/v2\/pages\/7275"}],"wp:attachment":[{"href":"https:\/\/pokerplanets1.com\/pt-br\/wp-json\/wp\/v2\/media?parent=6971"}],"curies":[{"name":"wp","href":"https:\/\/api.w.org\/{rel}","templated":true}]}}