{"id":6985,"date":"2025-01-28T23:21:27","date_gmt":"2025-01-28T20:21:27","guid":{"rendered":"https:\/\/pokerplanets1.com\/fairness-and-rng\/"},"modified":"2025-08-19T07:57:20","modified_gmt":"2025-08-19T04:57:20","slug":"fairness-and-rng","status":"publish","type":"page","link":"https:\/\/pokerplanets1.com\/pt-br\/terms-conditions\/fairness-and-rng\/","title":{"rendered":"JUSTI\u00c7A E GERADOR DE N\u00daMEROS ALEAT\u00d3RIOS (RNG)"},"content":{"rendered":"<div>\r\n<ul>\r\n\t<li style=\"text-align: left;\"><span style=\"font-size: 10pt;\">Os produtos apresentados em nosso site s\u00e3o fornecidos por empresas que cumprem integralmente as normas e regulamenta\u00e7\u00f5es vigentes no setor de jogos online. Para garantir a justi\u00e7a dos nossos jogos, todos eles passam por testes rigorosos, e um Gerador de N\u00fameros Aleat\u00f3rios (RNG) \u00e9 constantemente utilizado para produzir resultados imprevis\u00edveis.\r\n<\/span><\/li>\r\n\t<li style=\"text-align: left;\"><span style=\"font-size: 10pt;\">Nossos parceiros s\u00e3o totalmente certificados e seguem os mais altos padr\u00f5es de seguran\u00e7a, imparcialidade e integridade nos jogos. Este site \u00e9 operado pela Entertainment Planets B.V., em colabora\u00e7\u00e3o com fornecedores de software confi\u00e1veis do setor de jogos online.<\/span><\/li>\r\n\t<li style=\"text-align: left;\"><span style=\"font-size: 10pt;\">O nosso RNG assegura resultados verdadeiramente aleat\u00f3rios, tendo sido cuidadosamente testado por meio de simula\u00e7\u00f5es e an\u00e1lises de milhares de sess\u00f5es de jogo. O Gerador de N\u00fameros Aleat\u00f3rios garante uma experi\u00eancia de jogo confi\u00e1vel, transparente e justa.<\/span><\/li>\r\n\t<li style=\"text-align: left;\"><span style=\"font-size: 10pt;\">A qualidade do nosso RNG \u00e9 certificada pela iTech Labs, uma das principais empresas de testes e certifica\u00e7\u00e3o da ind\u00fastria.<\/span><\/li>\r\n<\/ul>\r\n<\/div>\r\n<div style=\"text-align: center; display: block; margin: 0 auto;\"><a href=\"https:\/\/www.itechlabs.com\/certificates\/evenbet\/RNG_Certificate_UK_EvenbetGamingLtd_05Aug24.pdf\"><img loading=\"lazy\" decoding=\"async\" class=\"aligncenter wp-image-282 size-small\" src=\"\/wp-content\/uploads\/2025\/03\/itech-labs-300x113.png\" alt=\"\" width=\"150\" height=\"57\" \/><\/a><\/div>","protected":false},"excerpt":{"rendered":"<p>Os produtos apresentados em nosso site s\u00e3o fornecidos por empresas que cumprem integralmente as normas e regulamenta\u00e7\u00f5es vigentes no setor de jogos online. Para garantir a justi\u00e7a dos nossos jogos, todos eles passam por testes rigorosos, e um Gerador de N\u00fameros Aleat\u00f3rios (RNG) \u00e9 constantemente utilizado para produzir resultados imprevis\u00edveis. Nossos parceiros s\u00e3o totalmente certificados [&hellip;]<\/p>\n","protected":false},"author":1,"featured_media":0,"parent":7071,"menu_order":0,"comment_status":"closed","ping_status":"closed","template":"page-simple3.php","meta":{"_acf_changed":false,"inline_featured_image":false,"footnotes":""},"class_list":["post-6985","page","type-page","status-publish","hentry"],"acf":[],"yoast_head":"<!-- This site is optimized with the Yoast SEO plugin v24.4 - https:\/\/yoast.com\/wordpress\/plugins\/seo\/ -->\n<title>Fairness and RNG \u2014 PokerPlanets Game Integrity<\/title>\n<meta name=\"description\" content=\"Read about RNG certification \ud83c\udfaf Play by the rules with full transparency\" \/>\n<meta name=\"robots\" content=\"index, follow, max-snippet:-1, max-image-preview:large, max-video-preview:-1\" \/>\n<meta property=\"og:locale\" content=\"pt_BR\" \/>\n<meta property=\"og:type\" content=\"article\" \/>\n<meta property=\"og:title\" content=\"Fairness and RNG \u2014 PokerPlanets Game Integrity\" \/>\n<meta property=\"og:description\" content=\"Read about RNG certification \ud83c\udfaf Play by the rules with full transparency\" \/>\n<meta property=\"og:url\" content=\"https:\/\/pokerplanets1.com\/pt-br\/terms-conditions\/fairness-and-rng\/\" \/>\n<meta property=\"og:site_name\" content=\"PokerPlanets\" \/>\n<meta property=\"article:modified_time\" content=\"2025-08-19T04:57:20+00:00\" \/>\n<meta name=\"twitter:card\" content=\"summary_large_image\" \/>\n<meta name=\"twitter:label1\" content=\"Est. tempo de leitura\" \/>\n\t<meta name=\"twitter:data1\" content=\"1 minuto\" \/>\n<script type=\"application\/ld+json\" class=\"yoast-schema-graph\">{\"@context\":\"https:\/\/schema.org\",\"@graph\":[{\"@type\":\"WebPage\",\"@id\":\"https:\/\/pokerplanets1.com\/pt-br\/terms-conditions\/fairness-and-rng\/\",\"url\":\"https:\/\/pokerplanets1.com\/pt-br\/terms-conditions\/fairness-and-rng\/\",\"name\":\"Fairness and RNG \u2014 PokerPlanets Game Integrity\",\"isPartOf\":{\"@id\":\"https:\/\/pokerplanets1.com\/pt-br\/#website\"},\"datePublished\":\"2025-01-28T20:21:27+00:00\",\"dateModified\":\"2025-08-19T04:57:20+00:00\",\"description\":\"Read about RNG certification \ud83c\udfaf Play by the rules with full transparency\",\"breadcrumb\":{\"@id\":\"https:\/\/pokerplanets1.com\/pt-br\/terms-conditions\/fairness-and-rng\/#breadcrumb\"},\"inLanguage\":\"pt-BR\",\"potentialAction\":[{\"@type\":\"ReadAction\",\"target\":[\"https:\/\/pokerplanets1.com\/pt-br\/terms-conditions\/fairness-and-rng\/\"]}]},{\"@type\":\"BreadcrumbList\",\"@id\":\"https:\/\/pokerplanets1.com\/pt-br\/terms-conditions\/fairness-and-rng\/#breadcrumb\",\"itemListElement\":[{\"@type\":\"ListItem\",\"position\":1,\"name\":\"Home\",\"item\":\"https:\/\/pokerplanets1.com\/pt-br\/\"},{\"@type\":\"ListItem\",\"position\":2,\"name\":\"TERMOS E CONDI\u00c7\u00d5ES GERAIS\",\"item\":\"https:\/\/pokerplanets1.com\/pt-br\/terms-conditions\/\"},{\"@type\":\"ListItem\",\"position\":3,\"name\":\"JUSTI\u00c7A E GERADOR DE N\u00daMEROS ALEAT\u00d3RIOS (RNG)\"}]},{\"@type\":\"WebSite\",\"@id\":\"https:\/\/pokerplanets1.com\/pt-br\/#website\",\"url\":\"https:\/\/pokerplanets1.com\/pt-br\/\",\"name\":\"PokerPlanets\",\"description\":\"\",\"potentialAction\":[{\"@type\":\"SearchAction\",\"target\":{\"@type\":\"EntryPoint\",\"urlTemplate\":\"https:\/\/pokerplanets1.com\/pt-br\/?s={search_term_string}\"},\"query-input\":{\"@type\":\"PropertyValueSpecification\",\"valueRequired\":true,\"valueName\":\"search_term_string\"}}],\"inLanguage\":\"pt-BR\"}]}<\/script>\n<!-- \/ Yoast SEO plugin. -->","yoast_head_json":{"title":"Fairness and RNG \u2014 PokerPlanets Game Integrity","description":"Read about RNG certification \ud83c\udfaf Play by the rules with full transparency","robots":{"index":"index","follow":"follow","max-snippet":"max-snippet:-1","max-image-preview":"max-image-preview:large","max-video-preview":"max-video-preview:-1"},"og_locale":"pt_BR","og_type":"article","og_title":"Fairness and RNG \u2014 PokerPlanets Game Integrity","og_description":"Read about RNG certification \ud83c\udfaf Play by the rules with full transparency","og_url":"https:\/\/pokerplanets1.com\/pt-br\/terms-conditions\/fairness-and-rng\/","og_site_name":"PokerPlanets","article_modified_time":"2025-08-19T04:57:20+00:00","twitter_card":"summary_large_image","twitter_misc":{"Est. tempo de leitura":"1 minuto"},"schema":{"@context":"https:\/\/schema.org","@graph":[{"@type":"WebPage","@id":"https:\/\/pokerplanets1.com\/pt-br\/terms-conditions\/fairness-and-rng\/","url":"https:\/\/pokerplanets1.com\/pt-br\/terms-conditions\/fairness-and-rng\/","name":"Fairness and RNG \u2014 PokerPlanets Game Integrity","isPartOf":{"@id":"https:\/\/pokerplanets1.com\/pt-br\/#website"},"datePublished":"2025-01-28T20:21:27+00:00","dateModified":"2025-08-19T04:57:20+00:00","description":"Read about RNG certification \ud83c\udfaf Play by the rules with full transparency","breadcrumb":{"@id":"https:\/\/pokerplanets1.com\/pt-br\/terms-conditions\/fairness-and-rng\/#breadcrumb"},"inLanguage":"pt-BR","potentialAction":[{"@type":"ReadAction","target":["https:\/\/pokerplanets1.com\/pt-br\/terms-conditions\/fairness-and-rng\/"]}]},{"@type":"BreadcrumbList","@id":"https:\/\/pokerplanets1.com\/pt-br\/terms-conditions\/fairness-and-rng\/#breadcrumb","itemListElement":[{"@type":"ListItem","position":1,"name":"Home","item":"https:\/\/pokerplanets1.com\/pt-br\/"},{"@type":"ListItem","position":2,"name":"TERMOS E CONDI\u00c7\u00d5ES GERAIS","item":"https:\/\/pokerplanets1.com\/pt-br\/terms-conditions\/"},{"@type":"ListItem","position":3,"name":"JUSTI\u00c7A E GERADOR DE N\u00daMEROS ALEAT\u00d3RIOS (RNG)"}]},{"@type":"WebSite","@id":"https:\/\/pokerplanets1.com\/pt-br\/#website","url":"https:\/\/pokerplanets1.com\/pt-br\/","name":"PokerPlanets","description":"","potentialAction":[{"@type":"SearchAction","target":{"@type":"EntryPoint","urlTemplate":"https:\/\/pokerplanets1.com\/pt-br\/?s={search_term_string}"},"query-input":{"@type":"PropertyValueSpecification","valueRequired":true,"valueName":"search_term_string"}}],"inLanguage":"pt-BR"}]}},"_links":{"self":[{"href":"https:\/\/pokerplanets1.com\/pt-br\/wp-json\/wp\/v2\/pages\/6985","targetHints":{"allow":["GET"]}}],"collection":[{"href":"https:\/\/pokerplanets1.com\/pt-br\/wp-json\/wp\/v2\/pages"}],"about":[{"href":"https:\/\/pokerplanets1.com\/pt-br\/wp-json\/wp\/v2\/types\/page"}],"author":[{"embeddable":true,"href":"https:\/\/pokerplanets1.com\/pt-br\/wp-json\/wp\/v2\/users\/1"}],"replies":[{"embeddable":true,"href":"https:\/\/pokerplanets1.com\/pt-br\/wp-json\/wp\/v2\/comments?post=6985"}],"version-history":[{"count":1,"href":"https:\/\/pokerplanets1.com\/pt-br\/wp-json\/wp\/v2\/pages\/6985\/revisions"}],"predecessor-version":[{"id":6987,"href":"https:\/\/pokerplanets1.com\/pt-br\/wp-json\/wp\/v2\/pages\/6985\/revisions\/6987"}],"up":[{"embeddable":true,"href":"https:\/\/pokerplanets1.com\/pt-br\/wp-json\/wp\/v2\/pages\/7071"}],"wp:attachment":[{"href":"https:\/\/pokerplanets1.com\/pt-br\/wp-json\/wp\/v2\/media?parent=6985"}],"curies":[{"name":"wp","href":"https:\/\/api.w.org\/{rel}","templated":true}]}}