{"id":6989,"date":"2025-02-28T17:49:36","date_gmt":"2025-02-28T14:49:36","guid":{"rendered":"https:\/\/pokerplanets1.com\/pokerstars-sochi\/"},"modified":"2025-08-19T08:08:59","modified_gmt":"2025-08-19T05:08:59","slug":"pokerstars-sochi","status":"publish","type":"page","link":"https:\/\/pokerplanets1.com\/pt-br\/poker\/pokerstars-sochi\/","title":{"rendered":"PokerStars Sochi"},"content":{"rendered":"<h2 style=\"text-align: center;\">INFORMA\u00c7\u00c3O IMPORTANTE E \u00daLTIMAS NOT\u00cdCIAS PARA JOGADORES DO POKERSTARS SOCHI \u2013 LEIA COM ATEN\u00c7\u00c3O<\/h2>\r\n<p>Devido ao vencimento da licen\u00e7a do PokerStars Sochi e ao encerramento do cliente PokerStars Sochi, os usu\u00e1rios n\u00e3o poder\u00e3o mais acessar suas contas a partir de 6 de abril de 2025. Al\u00e9m disso, o PokerStars Sochi deixar\u00e1 de armazenar fundos nas contas dos usu\u00e1rios.<\/p>\r\n<p>Diante dessa situa\u00e7\u00e3o, o PokerStars decidiu transferir a base de dados e os saldos dos usu\u00e1rios do PokerStars Sochi para a operadora PokerPlanets, respeitando determinadas restri\u00e7\u00f5es \u2014 incluindo o direito dos usu\u00e1rios de sacar seus fundos e a possibilidade de recusar a transfer\u00eancia.\r\n<\/p>\r\n<p style=\"text-align: center;\"><strong>Perguntas & Respostas<\/strong><\/p>","protected":false},"excerpt":{"rendered":"<p>INFORMA\u00c7\u00c3O IMPORTANTE E \u00daLTIMAS NOT\u00cdCIAS PARA JOGADORES DO POKERSTARS SOCHI \u2013 LEIA COM ATEN\u00c7\u00c3O Devido ao vencimento da licen\u00e7a do PokerStars Sochi e ao encerramento do cliente PokerStars Sochi, os usu\u00e1rios n\u00e3o poder\u00e3o mais acessar suas contas a partir de 6 de abril de 2025. Al\u00e9m disso, o PokerStars Sochi deixar\u00e1 de armazenar fundos nas [&hellip;]<\/p>\n","protected":false},"author":1,"featured_media":0,"parent":7275,"menu_order":0,"comment_status":"closed","ping_status":"closed","template":"page-faq-nosidebar-sochi.php","meta":{"_acf_changed":false,"inline_featured_image":false,"footnotes":""},"class_list":["post-6989","page","type-page","status-publish","hentry"],"acf":[],"yoast_head":"<!-- This site is optimized with the Yoast SEO plugin v24.4 - https:\/\/yoast.com\/wordpress\/plugins\/seo\/ -->\n<title>PokerStars Sochi: Important Updates<\/title>\n<meta name=\"description\" content=\"Important information and latest news for Pokerstars Sochi players. Stay informed about all events\" \/>\n<meta name=\"robots\" content=\"index, follow, max-snippet:-1, max-image-preview:large, max-video-preview:-1\" \/>\n<meta property=\"og:locale\" content=\"pt_BR\" \/>\n<meta property=\"og:type\" content=\"article\" \/>\n<meta property=\"og:title\" content=\"PokerStars Sochi: Important Updates\" \/>\n<meta property=\"og:description\" content=\"Important information and latest news for Pokerstars Sochi players. Stay informed about all events\" \/>\n<meta property=\"og:url\" content=\"https:\/\/pokerplanets1.com\/pt-br\/poker\/pokerstars-sochi\/\" \/>\n<meta property=\"og:site_name\" content=\"PokerPlanets\" \/>\n<meta property=\"article:modified_time\" content=\"2025-08-19T05:08:59+00:00\" \/>\n<meta name=\"twitter:card\" content=\"summary_large_image\" \/>\n<meta name=\"twitter:label1\" content=\"Est. tempo de leitura\" \/>\n\t<meta name=\"twitter:data1\" content=\"1 minuto\" \/>\n<script type=\"application\/ld+json\" class=\"yoast-schema-graph\">{\"@context\":\"https:\/\/schema.org\",\"@graph\":[{\"@type\":\"WebPage\",\"@id\":\"https:\/\/pokerplanets1.com\/pt-br\/poker\/pokerstars-sochi\/\",\"url\":\"https:\/\/pokerplanets1.com\/pt-br\/poker\/pokerstars-sochi\/\",\"name\":\"PokerStars Sochi: Important Updates\",\"isPartOf\":{\"@id\":\"https:\/\/pokerplanets1.com\/pt-br\/#website\"},\"datePublished\":\"2025-02-28T14:49:36+00:00\",\"dateModified\":\"2025-08-19T05:08:59+00:00\",\"description\":\"Important information and latest news for Pokerstars Sochi players. Stay informed about all events\",\"breadcrumb\":{\"@id\":\"https:\/\/pokerplanets1.com\/pt-br\/poker\/pokerstars-sochi\/#breadcrumb\"},\"inLanguage\":\"pt-BR\",\"potentialAction\":[{\"@type\":\"ReadAction\",\"target\":[\"https:\/\/pokerplanets1.com\/pt-br\/poker\/pokerstars-sochi\/\"]}]},{\"@type\":\"BreadcrumbList\",\"@id\":\"https:\/\/pokerplanets1.com\/pt-br\/poker\/pokerstars-sochi\/#breadcrumb\",\"itemListElement\":[{\"@type\":\"ListItem\",\"position\":1,\"name\":\"Home\",\"item\":\"https:\/\/pokerplanets1.com\/pt-br\/\"},{\"@type\":\"ListItem\",\"position\":2,\"name\":\"Poker\",\"item\":\"https:\/\/pokerplanets1.com\/pt-br\/poker\/\"},{\"@type\":\"ListItem\",\"position\":3,\"name\":\"PokerStars Sochi\"}]},{\"@type\":\"WebSite\",\"@id\":\"https:\/\/pokerplanets1.com\/pt-br\/#website\",\"url\":\"https:\/\/pokerplanets1.com\/pt-br\/\",\"name\":\"PokerPlanets\",\"description\":\"\",\"potentialAction\":[{\"@type\":\"SearchAction\",\"target\":{\"@type\":\"EntryPoint\",\"urlTemplate\":\"https:\/\/pokerplanets1.com\/pt-br\/?s={search_term_string}\"},\"query-input\":{\"@type\":\"PropertyValueSpecification\",\"valueRequired\":true,\"valueName\":\"search_term_string\"}}],\"inLanguage\":\"pt-BR\"}]}<\/script>\n<!-- \/ Yoast SEO plugin. -->","yoast_head_json":{"title":"PokerStars Sochi: Important Updates","description":"Important information and latest news for Pokerstars Sochi players. Stay informed about all events","robots":{"index":"index","follow":"follow","max-snippet":"max-snippet:-1","max-image-preview":"max-image-preview:large","max-video-preview":"max-video-preview:-1"},"og_locale":"pt_BR","og_type":"article","og_title":"PokerStars Sochi: Important Updates","og_description":"Important information and latest news for Pokerstars Sochi players. Stay informed about all events","og_url":"https:\/\/pokerplanets1.com\/pt-br\/poker\/pokerstars-sochi\/","og_site_name":"PokerPlanets","article_modified_time":"2025-08-19T05:08:59+00:00","twitter_card":"summary_large_image","twitter_misc":{"Est. tempo de leitura":"1 minuto"},"schema":{"@context":"https:\/\/schema.org","@graph":[{"@type":"WebPage","@id":"https:\/\/pokerplanets1.com\/pt-br\/poker\/pokerstars-sochi\/","url":"https:\/\/pokerplanets1.com\/pt-br\/poker\/pokerstars-sochi\/","name":"PokerStars Sochi: Important Updates","isPartOf":{"@id":"https:\/\/pokerplanets1.com\/pt-br\/#website"},"datePublished":"2025-02-28T14:49:36+00:00","dateModified":"2025-08-19T05:08:59+00:00","description":"Important information and latest news for Pokerstars Sochi players. Stay informed about all events","breadcrumb":{"@id":"https:\/\/pokerplanets1.com\/pt-br\/poker\/pokerstars-sochi\/#breadcrumb"},"inLanguage":"pt-BR","potentialAction":[{"@type":"ReadAction","target":["https:\/\/pokerplanets1.com\/pt-br\/poker\/pokerstars-sochi\/"]}]},{"@type":"BreadcrumbList","@id":"https:\/\/pokerplanets1.com\/pt-br\/poker\/pokerstars-sochi\/#breadcrumb","itemListElement":[{"@type":"ListItem","position":1,"name":"Home","item":"https:\/\/pokerplanets1.com\/pt-br\/"},{"@type":"ListItem","position":2,"name":"Poker","item":"https:\/\/pokerplanets1.com\/pt-br\/poker\/"},{"@type":"ListItem","position":3,"name":"PokerStars Sochi"}]},{"@type":"WebSite","@id":"https:\/\/pokerplanets1.com\/pt-br\/#website","url":"https:\/\/pokerplanets1.com\/pt-br\/","name":"PokerPlanets","description":"","potentialAction":[{"@type":"SearchAction","target":{"@type":"EntryPoint","urlTemplate":"https:\/\/pokerplanets1.com\/pt-br\/?s={search_term_string}"},"query-input":{"@type":"PropertyValueSpecification","valueRequired":true,"valueName":"search_term_string"}}],"inLanguage":"pt-BR"}]}},"_links":{"self":[{"href":"https:\/\/pokerplanets1.com\/pt-br\/wp-json\/wp\/v2\/pages\/6989","targetHints":{"allow":["GET"]}}],"collection":[{"href":"https:\/\/pokerplanets1.com\/pt-br\/wp-json\/wp\/v2\/pages"}],"about":[{"href":"https:\/\/pokerplanets1.com\/pt-br\/wp-json\/wp\/v2\/types\/page"}],"author":[{"embeddable":true,"href":"https:\/\/pokerplanets1.com\/pt-br\/wp-json\/wp\/v2\/users\/1"}],"replies":[{"embeddable":true,"href":"https:\/\/pokerplanets1.com\/pt-br\/wp-json\/wp\/v2\/comments?post=6989"}],"version-history":[{"count":2,"href":"https:\/\/pokerplanets1.com\/pt-br\/wp-json\/wp\/v2\/pages\/6989\/revisions"}],"predecessor-version":[{"id":6996,"href":"https:\/\/pokerplanets1.com\/pt-br\/wp-json\/wp\/v2\/pages\/6989\/revisions\/6996"}],"up":[{"embeddable":true,"href":"https:\/\/pokerplanets1.com\/pt-br\/wp-json\/wp\/v2\/pages\/7275"}],"wp:attachment":[{"href":"https:\/\/pokerplanets1.com\/pt-br\/wp-json\/wp\/v2\/media?parent=6989"}],"curies":[{"name":"wp","href":"https:\/\/api.w.org\/{rel}","templated":true}]}}