{"id":7156,"date":"2024-12-20T22:58:34","date_gmt":"2024-12-20T19:58:34","guid":{"rendered":"https:\/\/pokerplanets1.com\/5-card-omaha-poker\/"},"modified":"2025-08-21T12:59:37","modified_gmt":"2025-08-21T09:59:37","slug":"5-card-omaha-poker","status":"publish","type":"page","link":"https:\/\/pokerplanets1.com\/pt-br\/poker\/5-card-omaha-poker\/","title":{"rendered":"5 Card Omaha Poker"},"content":{"rendered":"<p style=\"text-align: center;\"><span style=\"font-size: 14pt;\"><b>Five-Card Omaha: Regras e Principais Caracter\u00edsticas<\/b><\/span><\/p>\r\n<p><span style=\"font-size: 10pt;\"><span style=\"font-size: 12pt;\"><b>Regras B\u00e1sicas<\/b><\/span><b><br \/>\r\n<\/b><span style=\"font-weight: 400;\">O Five-Card Omaha (ou Omaha de 5 cartas) \u00e9 uma varia\u00e7\u00e3o do Omaha cl\u00e1ssico. A diferen\u00e7a principal? Em vez de quatro, cada jogador recebe cinco cartas fechadas (pocket cards). As cinco cartas comunit\u00e1rias ainda s\u00e3o reveladas normalmente na mesa.<\/span><\/span><\/p>\r\n<p><span style=\"font-size: 10pt;\"><b>Regra-chave:<\/b><span style=\"font-weight: 400;\"> para formar sua m\u00e3o final, o jogador deve usar exatamente duas das suas cartas fechadas e tr\u00eas cartas comunit\u00e1rias.<\/b><span style=\"font-weight: 400;\"> <\/span><span style=\"font-weight: 400;\"><a href=\"https:\/\/pokerplanets1.com\/pt-br\/poker-hands\/\">Quer aprender a montar a melhor m\u00e3o? Confira a hierarquia de m\u00e3os de p\u00f4quer para entender qual combina\u00e7\u00e3o vence<\/a>.<\/span><\/span><\/p>\r\n<p><span style=\"font-size: 10pt;\"><b>Principais Tipos de Five-Card Omaha<\/b><\/span><\/p>\r\n<ul>\r\n\t<li style=\"font-weight: 400;\" aria-level=\"1\"><span style=\"font-size: 10pt;\"><b>Pot-Limit Omaha<\/b><span style=\"font-weight: 400;\">: O valor m\u00e1ximo de aposta \u00e9 limitado ao tamanho do pote. Isso cria partidas mais tensas, estrat\u00e9gicas e muito populares entre jogadores experientes.<\/span><\/span><\/li>\r\n\t<li style=\"font-weight: 400;\" aria-level=\"1\"><span style=\"font-size: 10pt;\"><b>No-Limit Omaha<\/b><span style=\"font-weight: 400;\">: Aqui n\u00e3o h\u00e1 limite para o valor das apostas. \u00c9 o formato ideal para quem gosta de blefes ousados e decis\u00f5es intensas.<\/span><\/span><\/li>\r\n<\/ul>\r\n<p><span style=\"font-size: 10pt;\"><span style=\"font-weight: 400;\">Como Jogar Five-Card Omaha?<\/span><span style=\"font-weight: 400;\"><br \/>\r\n<\/span><span style=\"font-weight: 400;\">Nos jogos de Pot-Limit Five-Card Omaha, os valores variam conforme o tamanho das blinds. Por exemplo, num jogo $1\/$2, a small blind \u00e9 $1 e a big blind \u00e9 $2. Cada jogador recebe cinco cartas fechadas, e as apostas seguem no sentido hor\u00e1rio, come\u00e7ando pelo jogador \u00e0 esquerda do big blind.<\/span><\/span><\/p>\r\n<p><span style=\"font-size: 10pt;\"><b>Etapas do Jogo<\/b><\/span><\/p>\r\n<ol>\r\n\t<li style=\"font-weight: 400;\" aria-level=\"1\"><span style=\"font-size: 10pt;\"><b>Preflop<\/b><span style=\"font-weight: 400;\">: Jogadores recebem as 5 cartas fechadas. Primeira rodada de apostas.<\/span><\/span><\/li>\r\n\t<li style=\"font-weight: 400;\" aria-level=\"1\"><span style=\"font-size: 10pt;\"><b>Flop<\/b><span style=\"font-weight: 400;\">: Tr\u00eas cartas comunit\u00e1rias s\u00e3o reveladas. Segunda rodada de apostas.<\/span><\/span><\/li>\r\n\t<li style=\"font-weight: 400;\" aria-level=\"1\"><span style=\"font-size: 10pt;\"><b>Turn<\/b><span style=\"font-weight: 400;\">: Uma quarta carta comunit\u00e1ria aparece. Terceira rodada de apostas.<\/span><\/span><\/li>\r\n\t<li style=\"font-weight: 400;\" aria-level=\"1\"><span style=\"font-size: 10pt;\"><b>River<\/b><span style=\"font-weight: 400;\">: Quinta e \u00faltima carta comunit\u00e1ria. Rodada final de apostas.<\/span><\/span><\/li>\r\n\t<li style=\"font-weight: 400;\" aria-level=\"1\"><span style=\"font-size: 10pt;\"><b>Showdown<\/b><span style=\"font-weight: 400;\">: Hora de revelar as cartas! Vence quem formar a melhor m\u00e3o com duas cartas da m\u00e3o e tr\u00eas da mesa.<\/span><\/span><\/li>\r\n<\/ol>\r\n<p><span style=\"font-size: 10pt;\"><b>Regras de Aposta no Pot-Limit e No-Limit Five-Card Omaha<\/b><\/span><\/p>\r\n<p><span style=\"font-weight: 400; font-size: 10pt;\">As regras b\u00e1sicas de apostas seguem o mesmo padr\u00e3o do Omaha tradicional, com algumas diferen\u00e7as entre os formatos:<\/span><\/p>\r\n<h3><span style=\"font-size: 10pt;\"><b>Pot-Limit Five-Card Omaha<\/b><\/span><\/h3>\r\n<ul>\r\n\t<li style=\"font-weight: 400;\" aria-level=\"1\"><span style=\"font-size: 10pt;\"><b>Aposta m\u00ednima:<\/b><span style=\"font-weight: 400;\"> igual ao valor da big blind.<\/span><\/span><\/li>\r\n\t<li style=\"font-weight: 400;\" aria-level=\"1\"><span style=\"font-size: 10pt;\"><b>Aumento m\u00ednimo:<\/b><span style=\"font-weight: 400;\"> deve ser igual ao \u00faltimo aumento feito.<\/span><\/span><\/li>\r\n\t<li style=\"font-weight: 400;\" aria-level=\"1\"><span style=\"font-size: 10pt;\"><b>Aposta m\u00e1xima:<\/b><span style=\"font-weight: 400;\"> limitada ao valor total do pote.<\/span><\/span><\/li>\r\n\t<li style=\"font-weight: 400;\" aria-level=\"1\"><span style=\"font-size: 10pt;\"><b>N\u00famero de aumentos:<\/b><span style=\"font-weight: 400;\"> ilimitado.<\/span><\/span><\/li>\r\n<\/ul>\r\n<h4><span style=\"font-size: 10pt;\"><b>Exemplo de aumento m\u00ednimo:<\/b><\/span><\/h4>\r\n<p><span style=\"font-size: 10pt;\"><span style=\"font-weight: 400;\">Se um jogador aposta $5, o pr\u00f3ximo deve aumentar no m\u00ednimo mais $5 (total de $10).<\/span><\/span><\/p>\r\n<h4><span style=\"font-size: 10pt;\"><b>Exemplo de c\u00e1lculo da aposta m\u00e1xima:<\/b><\/span><\/h4>\r\n<p><span style=\"font-weight: 400; font-size: 10pt;\">O pote tem $100 e ainda n\u00e3o houve apostas na rodada.<\/span><\/p>\r\n<p><span style=\"font-weight: 400; font-size: 10pt;\">O jogador pode apostar at\u00e9 $100.<\/span><\/p>\r\n<p><span style=\"font-weight: 400; font-size: 10pt;\">Se ele apostar $100, o pr\u00f3ximo jogador pode:<\/span><\/p>\r\n<ul>\r\n\t<li style=\"font-weight: 400;\" aria-level=\"1\"><span style=\"font-weight: 400; font-size: 10pt;\">Dar fold,<\/span><\/li>\r\n\t<li style=\"font-weight: 400;\" aria-level=\"1\"><span style=\"font-weight: 400; font-size: 10pt;\">Pagar $100, ou<\/span><\/li>\r\n\t<li style=\"font-weight: 400;\" aria-level=\"1\"><span style=\"font-weight: 400; font-size: 10pt;\">Aumentar at\u00e9 $400 (pagar $100 + aumentar $300).<\/span><\/li>\r\n<\/ul>\r\n<h3><span style=\"font-size: 10pt;\"><b>No-Limit Five-Card Omaha<\/b><\/span><\/h3>\r\n<ul>\r\n\t<li style=\"font-weight: 400;\" aria-level=\"1\"><span style=\"font-size: 10pt;\"><b>Aposta m\u00ednima: <\/b><span style=\"font-weight: 400;\"> tamb\u00e9m igual \u00e0 big blind.<\/span><\/span><\/li>\r\n\t<li style=\"font-weight: 400;\" aria-level=\"1\"><span style=\"font-size: 10pt;\"><b>Aumento m\u00ednimo:<\/b><span style=\"font-weight: 400;\"> deve igualar o \u00faltimo aumento.<\/span><\/span><\/li>\r\n\t<li style=\"font-weight: 400;\" aria-level=\"1\"><span style=\"font-size: 10pt;\"><b>Aposta m\u00e1xima:<\/b><span style=\"font-weight: 400;\"> todo o stack do jogador.<\/span><\/span><\/li>\r\n\t<li style=\"font-weight: 400;\" aria-level=\"1\"><span style=\"font-size: 10pt;\"><b>N\u00famero de aumentos:<\/b><span style=\"font-weight: 400;\"> ilimitado.<\/span><\/span><\/li>\r\n<\/ul>\r\n<h4><span style=\"font-size: 10pt;\"><b>Exemplo de aumento m\u00ednimo:<\/b><\/span><\/h4>\r\n<p><span style=\"font-size: 10pt;\"><span style=\"font-weight: 400;\">Se um jogador aposta $5, o pr\u00f3ximo deve aumentar pelo menos $5 (total de $10).<\/span><\/span><\/p>\r\n<p style=\"text-align: center;\"><span style=\"font-size: 10pt;\"><b>Pronto para Dominar o Five-Card Omaha? Jogue Gr\u00e1tis!<\/b><\/span><\/p>\r\n<p style=\"text-align: center;\"><span style=\"font-weight: 400; font-size: 10pt;\">Baixe agora o app do PokerPlanets e comece a jogar gratuitamente ou com dinheiro real. Explore o universo do Omaha com diferentes formatos de mesa, jogadas emocionantes e um ambiente justo para todos os n\u00edveis de habilidade. Junte-se \u00e0 comunidade PokerPlanets e descubra todas as possibilidades do Five-Card Omaha!<\/span><\/p>\r\n<p style=\"text-align: center;\"><div id=\"detectButton5\" style=\"margin: 0 auto; text-align: center;\"><button class=\"button  button--red\" type=\"button\"><svg class=\"svg\">\r\n              <use xlink:href=\"\/wp-content\/uploads\/2024\/12\/sprite.svg#lock\"><\/use>\r\n             <\/svg>  BAIXAR O POKERPLANETS <\/button><\/div>","protected":false},"excerpt":{"rendered":"<p>Five-Card Omaha: Regras e Principais Caracter\u00edsticas Regras B\u00e1sicas O Five-Card Omaha (ou Omaha de 5 cartas) \u00e9 uma varia\u00e7\u00e3o do Omaha cl\u00e1ssico. A diferen\u00e7a principal? Em vez de quatro, cada jogador recebe cinco cartas fechadas (pocket cards). As cinco cartas comunit\u00e1rias ainda s\u00e3o reveladas normalmente na mesa. Regra-chave: para formar sua m\u00e3o final, o jogador [&hellip;]<\/p>\n","protected":false},"author":1,"featured_media":0,"parent":7275,"menu_order":0,"comment_status":"closed","ping_status":"closed","template":"page-faq-nosidebar.php","meta":{"_acf_changed":false,"inline_featured_image":false,"footnotes":""},"class_list":["post-7156","page","type-page","status-publish","hentry"],"acf":[],"yoast_head":"<!-- This site is optimized with the Yoast SEO plugin v24.4 - https:\/\/yoast.com\/wordpress\/plugins\/seo\/ -->\n<title>5 Card Omaha Poker Rules - Poker Planets<\/title>\n<meta name=\"description\" content=\"Master 5 Card Omaha at PokerPlanets \u2705 Learn Omaha and join live cash games \u2705 Learn and Play Online\" \/>\n<meta name=\"robots\" content=\"index, follow, max-snippet:-1, max-image-preview:large, max-video-preview:-1\" \/>\n<meta property=\"og:locale\" content=\"pt_BR\" \/>\n<meta property=\"og:type\" content=\"article\" \/>\n<meta property=\"og:title\" content=\"5 Card Omaha Poker Rules - Poker Planets\" \/>\n<meta property=\"og:description\" content=\"Master 5 Card Omaha at PokerPlanets \u2705 Learn Omaha and join live cash games \u2705 Learn and Play Online\" \/>\n<meta property=\"og:url\" content=\"https:\/\/pokerplanets1.com\/pt-br\/poker\/5-card-omaha-poker\/\" \/>\n<meta property=\"og:site_name\" content=\"PokerPlanets\" \/>\n<meta property=\"article:modified_time\" content=\"2025-08-21T09:59:37+00:00\" \/>\n<meta name=\"twitter:card\" content=\"summary_large_image\" \/>\n<meta name=\"twitter:label1\" content=\"Est. tempo de leitura\" \/>\n\t<meta name=\"twitter:data1\" content=\"3 minutos\" \/>\n<script type=\"application\/ld+json\" class=\"yoast-schema-graph\">{\"@context\":\"https:\/\/schema.org\",\"@graph\":[{\"@type\":\"WebPage\",\"@id\":\"https:\/\/pokerplanets1.com\/pt-br\/poker\/5-card-omaha-poker\/\",\"url\":\"https:\/\/pokerplanets1.com\/pt-br\/poker\/5-card-omaha-poker\/\",\"name\":\"5 Card Omaha Poker Rules - Poker Planets\",\"isPartOf\":{\"@id\":\"https:\/\/pokerplanets1.com\/pt-br\/#website\"},\"datePublished\":\"2024-12-20T19:58:34+00:00\",\"dateModified\":\"2025-08-21T09:59:37+00:00\",\"description\":\"Master 5 Card Omaha at PokerPlanets \u2705 Learn Omaha and join live cash games \u2705 Learn and Play Online\",\"breadcrumb\":{\"@id\":\"https:\/\/pokerplanets1.com\/pt-br\/poker\/5-card-omaha-poker\/#breadcrumb\"},\"inLanguage\":\"pt-BR\",\"potentialAction\":[{\"@type\":\"ReadAction\",\"target\":[\"https:\/\/pokerplanets1.com\/pt-br\/poker\/5-card-omaha-poker\/\"]}]},{\"@type\":\"BreadcrumbList\",\"@id\":\"https:\/\/pokerplanets1.com\/pt-br\/poker\/5-card-omaha-poker\/#breadcrumb\",\"itemListElement\":[{\"@type\":\"ListItem\",\"position\":1,\"name\":\"Home\",\"item\":\"https:\/\/pokerplanets1.com\/pt-br\/\"},{\"@type\":\"ListItem\",\"position\":2,\"name\":\"Poker\",\"item\":\"https:\/\/pokerplanets1.com\/pt-br\/poker\/\"},{\"@type\":\"ListItem\",\"position\":3,\"name\":\"5 Card Omaha Poker\"}]},{\"@type\":\"WebSite\",\"@id\":\"https:\/\/pokerplanets1.com\/pt-br\/#website\",\"url\":\"https:\/\/pokerplanets1.com\/pt-br\/\",\"name\":\"PokerPlanets\",\"description\":\"\",\"potentialAction\":[{\"@type\":\"SearchAction\",\"target\":{\"@type\":\"EntryPoint\",\"urlTemplate\":\"https:\/\/pokerplanets1.com\/pt-br\/?s={search_term_string}\"},\"query-input\":{\"@type\":\"PropertyValueSpecification\",\"valueRequired\":true,\"valueName\":\"search_term_string\"}}],\"inLanguage\":\"pt-BR\"}]}<\/script>\n<!-- \/ Yoast SEO plugin. -->","yoast_head_json":{"title":"5 Card Omaha Poker Rules - Poker Planets","description":"Master 5 Card Omaha at PokerPlanets \u2705 Learn Omaha and join live cash games \u2705 Learn and Play Online","robots":{"index":"index","follow":"follow","max-snippet":"max-snippet:-1","max-image-preview":"max-image-preview:large","max-video-preview":"max-video-preview:-1"},"og_locale":"pt_BR","og_type":"article","og_title":"5 Card Omaha Poker Rules - Poker Planets","og_description":"Master 5 Card Omaha at PokerPlanets \u2705 Learn Omaha and join live cash games \u2705 Learn and Play Online","og_url":"https:\/\/pokerplanets1.com\/pt-br\/poker\/5-card-omaha-poker\/","og_site_name":"PokerPlanets","article_modified_time":"2025-08-21T09:59:37+00:00","twitter_card":"summary_large_image","twitter_misc":{"Est. tempo de leitura":"3 minutos"},"schema":{"@context":"https:\/\/schema.org","@graph":[{"@type":"WebPage","@id":"https:\/\/pokerplanets1.com\/pt-br\/poker\/5-card-omaha-poker\/","url":"https:\/\/pokerplanets1.com\/pt-br\/poker\/5-card-omaha-poker\/","name":"5 Card Omaha Poker Rules - Poker Planets","isPartOf":{"@id":"https:\/\/pokerplanets1.com\/pt-br\/#website"},"datePublished":"2024-12-20T19:58:34+00:00","dateModified":"2025-08-21T09:59:37+00:00","description":"Master 5 Card Omaha at PokerPlanets \u2705 Learn Omaha and join live cash games \u2705 Learn and Play Online","breadcrumb":{"@id":"https:\/\/pokerplanets1.com\/pt-br\/poker\/5-card-omaha-poker\/#breadcrumb"},"inLanguage":"pt-BR","potentialAction":[{"@type":"ReadAction","target":["https:\/\/pokerplanets1.com\/pt-br\/poker\/5-card-omaha-poker\/"]}]},{"@type":"BreadcrumbList","@id":"https:\/\/pokerplanets1.com\/pt-br\/poker\/5-card-omaha-poker\/#breadcrumb","itemListElement":[{"@type":"ListItem","position":1,"name":"Home","item":"https:\/\/pokerplanets1.com\/pt-br\/"},{"@type":"ListItem","position":2,"name":"Poker","item":"https:\/\/pokerplanets1.com\/pt-br\/poker\/"},{"@type":"ListItem","position":3,"name":"5 Card Omaha Poker"}]},{"@type":"WebSite","@id":"https:\/\/pokerplanets1.com\/pt-br\/#website","url":"https:\/\/pokerplanets1.com\/pt-br\/","name":"PokerPlanets","description":"","potentialAction":[{"@type":"SearchAction","target":{"@type":"EntryPoint","urlTemplate":"https:\/\/pokerplanets1.com\/pt-br\/?s={search_term_string}"},"query-input":{"@type":"PropertyValueSpecification","valueRequired":true,"valueName":"search_term_string"}}],"inLanguage":"pt-BR"}]}},"_links":{"self":[{"href":"https:\/\/pokerplanets1.com\/pt-br\/wp-json\/wp\/v2\/pages\/7156","targetHints":{"allow":["GET"]}}],"collection":[{"href":"https:\/\/pokerplanets1.com\/pt-br\/wp-json\/wp\/v2\/pages"}],"about":[{"href":"https:\/\/pokerplanets1.com\/pt-br\/wp-json\/wp\/v2\/types\/page"}],"author":[{"embeddable":true,"href":"https:\/\/pokerplanets1.com\/pt-br\/wp-json\/wp\/v2\/users\/1"}],"replies":[{"embeddable":true,"href":"https:\/\/pokerplanets1.com\/pt-br\/wp-json\/wp\/v2\/comments?post=7156"}],"version-history":[{"count":3,"href":"https:\/\/pokerplanets1.com\/pt-br\/wp-json\/wp\/v2\/pages\/7156\/revisions"}],"predecessor-version":[{"id":7177,"href":"https:\/\/pokerplanets1.com\/pt-br\/wp-json\/wp\/v2\/pages\/7156\/revisions\/7177"}],"up":[{"embeddable":true,"href":"https:\/\/pokerplanets1.com\/pt-br\/wp-json\/wp\/v2\/pages\/7275"}],"wp:attachment":[{"href":"https:\/\/pokerplanets1.com\/pt-br\/wp-json\/wp\/v2\/media?parent=7156"}],"curies":[{"name":"wp","href":"https:\/\/api.w.org\/{rel}","templated":true}]}}