{"id":7581,"date":"2025-01-28T23:10:48","date_gmt":"2025-01-28T20:10:48","guid":{"rendered":"https:\/\/pokerplanets1.com\/terms-conditions\/game-integrity-policy\/"},"modified":"2025-08-25T17:52:29","modified_gmt":"2025-08-25T14:52:29","slug":"game-integrity-policy","status":"publish","type":"page","link":"https:\/\/pokerplanets1.com\/pt-br\/terms-conditions\/game-integrity-policy\/","title":{"rendered":"Pol\u00edtica de integridade do game"},"content":{"rendered":"<p><span style=\"font-size: 10pt;\"><em>Vers\u00e3o 1.0. <\/em><\/span><br \/>\r\n<span style=\"font-size: 10pt;\"><em>\u00daltima atualiza\u00e7\u00e3o: 01 de mar\u00e7o de 2025<\/em><\/span><\/p>\r\n<div><span style=\"font-size: 10pt;\"><strong>1. INTRODU\u00c7\u00c3O<\/strong><\/span>\r\n<ul>\r\n\t<li><span style=\"font-size: 10pt;\">Estamos comprometidos em oferecer aos nossos usu\u00e1rios um ambiente seguro, confi\u00e1vel e confort\u00e1vel para jogar com jogadores reais de todo o mundo. Acreditamos que todo jogador tem o direito a um jogo justo e a iguais oportunidades. Quaisquer tentativas de burlar as regras ou obter vantagem indevida ser\u00e3o analisadas e prevenidas.<\/span><\/li>\r\n\t<li><span style=\"font-size: 10pt;\">A Pol\u00edtica de Integridade do Game deste site, aplicativo cliente desktop e aplicativo m\u00f3vel (o \u201cWebsite\u201d) \u00e9 um acordo entre voc\u00ea e a Entertainment Planets B.V., empresa registrada sob as leis de Cura\u00e7ao, com n\u00famero de registro 166486 e endere\u00e7o Kaya Richard J. Beaujon Z\/N, Cura\u00e7ao (doravante referida como \u201cn\u00f3s\u201d, \u201cnosso\u201d ou \u201ca Empresa\u201d).<\/span><\/li>\r\n\t<li><span style=\"font-size: 10pt;\">A opera\u00e7\u00e3o do Website \u00e9 regulamentada sob a licen\u00e7a n\u00ba OGL\/2024\/1469\/0855, emitida pela Cura\u00e7ao Gaming Control Board.<\/span><\/li>\r\n\t<li><span style=\"font-size: 10pt;\">Os termos \u201cusu\u00e1rio\u201d, \u201cjogador\u201d ou \u201cvoc\u00ea\u201d referem-se a qualquer pessoa que tenha registrado ou pretenda registrar uma Conta no Website.<\/span><\/li>\r\n\t<li><span style=\"font-size: 10pt;\">Esta Pol\u00edtica de Integridade do Game \u00e9 parte integrante dos Termos e Condi\u00e7\u00f5es Gerais do Website.<\/span><\/li>\r\n\t<li><span style=\"font-size: 10pt;\">Reservamo-nos o direito de alterar periodicamente esta Pol\u00edtica de Integridade do Game sem aviso pr\u00e9vio aos usu\u00e1rios. A vers\u00e3o atual est\u00e1 sempre dispon\u00edvel no Website com a data de vig\u00eancia indicada. Quaisquer altera\u00e7\u00f5es entrar\u00e3o em vigor sete (7) dias ap\u00f3s a publica\u00e7\u00e3o no Website ou dentro do prazo espec\u00edfico exigido por lei ou por disposi\u00e7\u00f5es regulat\u00f3rias.<\/span><\/li>\r\n<li><span style=\"font-size: 10pt;\">Se voc\u00ea n\u00e3o concorda com esta Pol\u00edtica de Integridade do Game ou com quaisquer de suas altera\u00e7\u00f5es, por favor n\u00e3o abra uma Conta e\/ou n\u00e3o continue a usar o Website. O uso cont\u00ednuo do Website constitui aceita\u00e7\u00e3o desta Pol\u00edtica.<\/span><\/li>\r\n<\/ul>\r\n<\/div>\r\n<div><span style=\"font-size: 10pt;\"><strong>2. VERIFICA\u00c7\u00d5ES DE SEGURAN\u00c7A<\/strong><\/span>\r\n<ul>\r\n\t<li><span style=\"font-size: 10pt;\">Empregamos procedimentos e verifica\u00e7\u00f5es de seguran\u00e7a para proteger nossos jogadores e a n\u00f3s mesmos contra diferentes tipos de fraude e comportamentos ilegais. Estamos confiantes de que nossos processos de seguran\u00e7a servem aos melhores interesses dos usu\u00e1rios.<\/span><\/li>\r\n\t<li><span style=\"font-size: 10pt;\">De tempos em tempos, como parte dos procedimentos de seguran\u00e7a, reservamo-nos o direito de realizar verifica\u00e7\u00f5es na Conta e no gameplay. Essas verifica\u00e7\u00f5es podem resultar em suspens\u00e3o ou restri\u00e7\u00e3o do uso da Conta (incluindo, mas n\u00e3o se limitando, a bloqueio de saques, dep\u00f3sitos, transfer\u00eancias entre jogadores, restri\u00e7\u00f5es de participa\u00e7\u00e3o etc.) durante o per\u00edodo da an\u00e1lise.<\/span><\/li>\r\n\t<li><span style=\"font-size: 10pt;\">Reservamo-nos o direito de n\u00e3o divulgar ou compartilhar detalhes de qualquer verifica\u00e7\u00e3o realizada ou informa\u00e7\u00f5es obtidas, inclusive com o usu\u00e1rio cuja Conta foi analisada.<\/span><\/li>\r\n\t<li><span style=\"font-size: 10pt;\">Se, como resultado da verifica\u00e7\u00e3o, houver ind\u00edcios de que voc\u00ea praticou a\u00e7\u00f5es proibidas ou violou nossas regras, temos o direito de aplicar uma ou mais das seguintes medidas:<\/span><br \/>\r\n<span style=\"font-size: 10pt;\">\u2022 <strong>Advert\u00eancia<\/strong>;<\/span><br \/>\r\n<span style=\"font-size: 10pt;\">\u2022 <strong>Nega\u00e7\u00e3o de servi\u00e7o<\/strong>, ou seja, restri\u00e7\u00e3o de acesso a todos ou a determinados produtos e recursos do Website;<\/span><br \/>\r\n<span style=\"font-size: 10pt;\">\u2022 <strong>Suspens\u00e3o tempor\u00e1ria da Conta<\/strong> <strong>por um per\u00edodo determinado;<\/strong>;<\/span><br \/>\r\n<span style=\"font-size: 10pt;\">\u2022 <strong>Encerramento permanente da Conta sem possibilidade de reativa\u00e7\u00e3o;<\/strong>;<\/span><br \/>\r\n<span style=\"font-size: 10pt;\">\u2022 <strong>Confisco de fundos<\/strong> (n\u00e3o obtemos lucro com fundos confiscados; todos os valores s\u00e3o redistribu\u00eddos aos afetados pelo jogo injusto).<\/span><\/li>\r\n\t<li><span style=\"font-size: 10pt;\">Mantemos o direito exclusivo de determinar viola\u00e7\u00f5es, e todas as decis\u00f5es sobre as medidas listadas acima s\u00e3o finais.<\/span><\/li>\r\n\t<li><span style=\"font-size: 10pt;\">Voc\u00ea deve nos indenizar integralmente por quaisquer reclama\u00e7\u00f5es, responsabilidades, despesas (incluindo honor\u00e1rios advocat\u00edcios) ou outros custos decorrentes da sua viola\u00e7\u00e3o.<\/span><\/li>\r\n<\/ul>\r\n<\/div>\r\n<div><span style=\"font-size: 10pt;\"><strong>3. ATIVIDADES PROIBIDAS<\/strong><\/span>\r\n<ul>\r\n\t<li><span style=\"font-size: 10pt;\">3.1. Jogo Injusto (Unfair Play)<\/span><br \/>\r\n<span style=\"font-size: 10pt;\">S\u00e3o proibidas todas as formas de jogo injusto, incluindo, mas n\u00e3o se limitando a:<\/span><br \/>\r\n<span style=\"font-size: 10pt;\">\u2022 <strong>Cheating (trapacear): <\/strong><\/span><br \/>\r\n<span style=\"font-size: 10pt;\">uso de engano ou informa\u00e7\u00f5es falsas para obter vantagem.<\/span><br \/>\r\n<span style=\"font-size: 10pt;\">\u2022 <strong>Collusion (conluio): <\/strong><\/span><br \/>\r\n<span style=\"font-size: 10pt;\">comportamento coordenado de dois ou mais usu\u00e1rios para obter vantagem indevida sobre outros jogadores. Cada jogador deve jogar suas m\u00e3os de forma independente. \u00c9 estritamente proibido compartilhar informa\u00e7\u00f5es de cartas em tempo real.<\/span><br \/>\r\n<span style=\"font-size: 10pt;\">\u2022 <strong>Team Play (jogo em equipe): <\/strong><\/span><br \/>\r\n<span style=\"font-size: 10pt;\">organizar e participar de a\u00e7\u00f5es colaborativas entre v\u00e1rios usu\u00e1rios para criar vantagem.<\/span><br \/>\r\n<span style=\"font-size: 10pt;\">\u2022 <strong>Multi-Accounting:<\/strong><\/span><br \/>\r\n<span style=\"font-size: 10pt;\">criar ou usar mais de uma Conta de forma deliberada \u00e9 estritamente proibido. Cada jogador pode registrar apenas uma Conta no Website. Participar de jogos a partir de Contas diferentes ou registrar v\u00e1rias Contas em um torneio constitui viola\u00e7\u00e3o grave.<\/span><br \/>\r\n<span style=\"font-size: 10pt;\">\u2022 <strong>Account Sharing:<\/strong><\/span><br \/>\r\n<span style=\"font-size: 10pt;\">ocorre quando um usu\u00e1rio fornece acesso da sua Conta a outra pessoa ou utiliza uma Conta registrada em nome de outra. Essa pr\u00e1tica \u00e9 estritamente proibida. O usu\u00e1rio \u00e9 respons\u00e1vel por todas as a\u00e7\u00f5es em sua Conta, independentemente da autoriza\u00e7\u00e3o, exceto quando a atividade resultar de erro do Website.<\/span><br \/>\r\n<span style=\"font-size: 10pt;\">\u2022 <strong>Ghosting:<\/strong><\/span><br \/>\r\n<span style=\"font-size: 10pt;\">quando um jogador recebe ajuda externa em tempo real durante o jogo ou transfere o controle da Conta a outra pessoa. Inclui consultas em tempo real, recebendo dicas de outros jogadores ou softwares. \u00c9 proibido usar programas ou ferramentas para transmitir dados de cartas e situa\u00e7\u00f5es em tempo real.<\/span><br \/>\r\n<span style=\"font-size: 10pt;\">\u2022 <strong>Bum Hunting<\/strong><\/span><br \/>\r\n<span style=\"font-size: 10pt;\">comportamento anti\u00e9tico em que um jogador procura apenas oponentes mais fracos para enfrent\u00e1-los. Isso inclui recusar-se a jogar contra jogadores fortes, entrar seletivamente em mesas com jogadores fracos ou sair quando oponente mais fraco deixar a mesa.<\/span><br \/>\r\n<span style=\"font-size: 10pt;\">\u2022 <strong>Chip Dumping:<\/strong><\/span><br \/>\r\n<span style=\"font-size: 10pt;\">forma de trapa\u00e7a em que um ou mais jogadores perdem fichas de prop\u00f3sito para beneficiar outro jogador ou transferir fundos.<\/span><br \/>\r\n<span style=\"font-size: 10pt;\">\u2022 <strong>Data Mining:<\/strong><\/span><br \/>\r\n<span style=\"font-size: 10pt;\">coleta e an\u00e1lise de grandes volumes de dados sobre m\u00e3os, jogadores e padr\u00f5es de jogo sem participa\u00e7\u00e3o ativa. Usado para obter vantagem indevida.<\/span><\/li>\r\n\t<li><span style=\"font-size: 10pt;\">3.2. Outras Atividades Proibidas<\/span><br \/>\r\n<span style=\"font-size: 10pt;\">\u2022 Explorar bugs, falhas ou erros em nosso software.<\/span><br \/>\r\n<span style=\"font-size: 10pt;\">\u2022 Usar softwares maliciosos.<\/span><br \/>\r\n<span style=\"font-size: 10pt;\">\u2022 Adotar padr\u00f5es ou estrat\u00e9gias de apostas injustas que explorem o sistema.<\/span><br \/>\r\n<span style=\"font-size: 10pt;\">\u2022 Usar cart\u00f5es banc\u00e1rios, contas e\/ou carteiras roubados, clonados ou n\u00e3o autorizados.<\/span><br \/>\r\n<span style=\"font-size: 10pt;\">\u2022 Envolver-se em atividades criminosas, incluindo lavagem de dinheiro e financiamento ao terrorismo.<\/span><\/li>\r\n\t<li><span style=\"font-size: 10pt;\">Tomaremos todas as medidas razo\u00e1veis para prevenir, detectar e agir contra tais atividades, incluindo compartilhar informa\u00e7\u00f5es com autoridades competentes e organiza\u00e7\u00f5es relevantes.<\/span><\/li>\r\n\t<li><span style=\"font-size: 10pt;\">Se voc\u00ea suspeitar que algu\u00e9m esteja em conluio, trapaceando ou envolvido em atividades proibidas, informe-nos imediatamente.<\/span><\/li>\r\n\t<li><span style=\"font-size: 10pt;\">Reservamo-nos o direito de informar \u00f3rg\u00e3os competentes, outros operadores de jogos online, prestadores de servi\u00e7o, bancos e institui\u00e7\u00f5es financeiras sobre a identidade de infratores e atividades ilegais ou suspeitas. Voc\u00ea concorda em cooperar plenamente conosco em investiga\u00e7\u00f5es.<\/span><\/li>\r\n\t<li><span style=\"font-size: 10pt;\">N\u00e3o nos responsabilizamos por quaisquer perdas ou danos que voc\u00ea ou outros jogadores venham a sofrer como resultado dessas a\u00e7\u00f5es.<\/span><\/li>\r\n<\/ul>\r\n<\/div>\r\n<div><span style=\"font-size: 10pt;\"><strong>4. PROGRAMAS, FERRAMENTAS E SERVI\u00c7OS PROIBIDOS<\/strong><\/span>\r\n<ul>\r\n\t<li><span style=\"font-size: 10pt;\">Jogadores est\u00e3o proibidos de usar qualquer programa, ferramenta de terceiros ou servi\u00e7o que ofere\u00e7a vantagem indevida.<\/span><\/li>\r\n\t<li><span style=\"font-size: 10pt;\">The following are prohibited, including but not limited to:<\/span><\/li>\r\n\t<li><span style=\"font-size: 10pt;\">4.1. Ferramentas e Servi\u00e7os de Terceiros<\/span><br \/>\r\n<span style=\"font-size: 10pt;\">\u2022 <strong>Bots (programas autom\u00e1ticos)<\/strong>:<\/span><br \/>\r\n<span style=\"font-size: 10pt;\">detectamos softwares que automatizam total ou parcialmente o jogo. Todas as decis\u00f5es devem ser tomadas pelo jogador, inclusive tamanho das apostas.<\/span><br \/>\r\n<span style=\"font-size: 10pt;\">\u2022 <strong>RTA (Real-Time Assistance)<\/strong>:<\/span><br \/>\r\n<span style=\"font-size: 10pt;\">decis\u00f5es devem ser feitas exclusivamente pelo jogador, sem assist\u00eancia externa em tempo real. Ferramentas que influenciem ou automatizem decis\u00f5es s\u00e3o proibidas.<\/span><br \/>\r\n<span style=\"font-size: 10pt;\">\u2022 <strong>Poker trackers (HUDs)<\/strong><\/span><br \/>\r\n<span style=\"font-size: 10pt;\">\u2022 <strong>Poker charts<\/strong><\/span><br \/>\r\n<span style=\"font-size: 10pt;\">\u2022 <strong>Poker solvers<\/strong><\/span><\/li>\r\n\t<li><span style=\"font-size: 10pt;\">4.2. Ferramentas que Facilitam Data Mining, incluindo, mas n\u00e3o se limitando a:<\/span><br \/>\r\n<span style=\"font-size: 10pt;\">\u2022 <strong>Holdem Manager<\/strong><\/span><br \/>\r\n<span style=\"font-size: 10pt;\">\u2022 <strong>Hand2Note<\/strong><\/span><br \/>\r\n<span style=\"font-size: 10pt;\">\u2022 <strong>PokerTracker<\/strong><\/span><\/li>\r\n\t<li><span style=\"font-size: 10pt;\">4.3. Ferramentas de Acesso Remoto, incluindo, mas n\u00e3o se limitando a:<\/span><br \/>\r\n<span style=\"font-size: 10pt;\">\u2022 <strong>AnyDesk<\/strong><\/span><br \/>\r\n<span style=\"font-size: 10pt;\">\u2022 <strong>ChromeRDP<\/strong><\/span><br \/>\r\n<span style=\"font-size: 10pt;\">\u2022 <strong>TeamViewer<\/strong><\/span><br \/>\r\n<span style=\"font-size: 10pt;\">\u2022 <strong>Microsoft Remote Desktop<\/strong><\/span><\/li>\r\n\t<li><span style=\"font-size: 10pt;\">4.4. Emuladores ou M\u00e1quinas Virtuais, incluindo mas n\u00e3o se limitando a:<\/span><br \/>\r\n<span style=\"font-size: 10pt;\">\u2022\u00a0<strong>VMware<\/strong><\/span><br \/>\r\n<span style=\"font-size: 10pt;\">\u2022 <strong>Microsoft Hyper-V<\/strong><\/span><br \/>\r\n<span style=\"font-size: 10pt;\">\u2022 <strong>Oracle VM VirtualBox<\/strong><\/span><\/li>\r\n\t<li><span style=\"font-size: 10pt;\">4.5. Outros Programas, Ferramentas e Servi\u00e7os<\/span><br \/>\r\n<span style=\"font-size: 10pt;\">Qualquer outro programa, ferramenta ou servi\u00e7o que ofere\u00e7a vantagem indevida ou comprometa a integridade do jogo.<\/span><\/li>\r\n<\/ul>\r\n<\/div>","protected":false},"excerpt":{"rendered":"<p>Vers\u00e3o 1.0. \u00daltima atualiza\u00e7\u00e3o: 01 de mar\u00e7o de 2025 1. INTRODU\u00c7\u00c3O Estamos comprometidos em oferecer aos nossos usu\u00e1rios um ambiente seguro, confi\u00e1vel e confort\u00e1vel para jogar com jogadores reais de todo o mundo. Acreditamos que todo jogador tem o direito a um jogo justo e a iguais oportunidades. Quaisquer tentativas de burlar as regras ou [&hellip;]<\/p>\n","protected":false},"author":1,"featured_media":0,"parent":7071,"menu_order":0,"comment_status":"closed","ping_status":"closed","template":"page-simple3.php","meta":{"_acf_changed":false,"inline_featured_image":false,"footnotes":""},"class_list":["post-7581","page","type-page","status-publish","hentry"],"acf":[],"yoast_head":"<!-- This site is optimized with the Yoast SEO plugin v24.4 - https:\/\/yoast.com\/wordpress\/plugins\/seo\/ -->\n<title>Game Integrity Policy: Secure and Fair Play<\/title>\n<meta name=\"description\" content=\"Read how we ensure fair play \ud83c\udfaf Play by the rules with full transparency\" \/>\n<meta name=\"robots\" content=\"index, follow, max-snippet:-1, max-image-preview:large, max-video-preview:-1\" \/>\n<meta property=\"og:locale\" content=\"pt_BR\" \/>\n<meta property=\"og:type\" content=\"article\" \/>\n<meta property=\"og:title\" content=\"Game Integrity Policy: Secure and Fair Play\" \/>\n<meta property=\"og:description\" content=\"Read how we ensure fair play \ud83c\udfaf Play by the rules with full transparency\" \/>\n<meta property=\"og:url\" content=\"https:\/\/pokerplanets1.com\/pt-br\/terms-conditions\/game-integrity-policy\/\" \/>\n<meta property=\"og:site_name\" content=\"PokerPlanets\" \/>\n<meta property=\"article:modified_time\" content=\"2025-08-25T14:52:29+00:00\" \/>\n<meta name=\"twitter:card\" content=\"summary_large_image\" \/>\n<meta name=\"twitter:label1\" content=\"Est. tempo de leitura\" \/>\n\t<meta name=\"twitter:data1\" content=\"6 minutos\" \/>\n<script type=\"application\/ld+json\" class=\"yoast-schema-graph\">{\"@context\":\"https:\/\/schema.org\",\"@graph\":[{\"@type\":\"WebPage\",\"@id\":\"https:\/\/pokerplanets1.com\/pt-br\/terms-conditions\/game-integrity-policy\/\",\"url\":\"https:\/\/pokerplanets1.com\/pt-br\/terms-conditions\/game-integrity-policy\/\",\"name\":\"Game Integrity Policy: Secure and Fair Play\",\"isPartOf\":{\"@id\":\"https:\/\/pokerplanets1.com\/pt-br\/#website\"},\"datePublished\":\"2025-01-28T20:10:48+00:00\",\"dateModified\":\"2025-08-25T14:52:29+00:00\",\"description\":\"Read how we ensure fair play \ud83c\udfaf Play by the rules with full transparency\",\"breadcrumb\":{\"@id\":\"https:\/\/pokerplanets1.com\/pt-br\/terms-conditions\/game-integrity-policy\/#breadcrumb\"},\"inLanguage\":\"pt-BR\",\"potentialAction\":[{\"@type\":\"ReadAction\",\"target\":[\"https:\/\/pokerplanets1.com\/pt-br\/terms-conditions\/game-integrity-policy\/\"]}]},{\"@type\":\"BreadcrumbList\",\"@id\":\"https:\/\/pokerplanets1.com\/pt-br\/terms-conditions\/game-integrity-policy\/#breadcrumb\",\"itemListElement\":[{\"@type\":\"ListItem\",\"position\":1,\"name\":\"Home\",\"item\":\"https:\/\/pokerplanets1.com\/pt-br\/\"},{\"@type\":\"ListItem\",\"position\":2,\"name\":\"TERMOS E CONDI\u00c7\u00d5ES GERAIS\",\"item\":\"https:\/\/pokerplanets1.com\/pt-br\/terms-conditions\/\"},{\"@type\":\"ListItem\",\"position\":3,\"name\":\"Pol\u00edtica de integridade do game\"}]},{\"@type\":\"WebSite\",\"@id\":\"https:\/\/pokerplanets1.com\/pt-br\/#website\",\"url\":\"https:\/\/pokerplanets1.com\/pt-br\/\",\"name\":\"PokerPlanets\",\"description\":\"\",\"potentialAction\":[{\"@type\":\"SearchAction\",\"target\":{\"@type\":\"EntryPoint\",\"urlTemplate\":\"https:\/\/pokerplanets1.com\/pt-br\/?s={search_term_string}\"},\"query-input\":{\"@type\":\"PropertyValueSpecification\",\"valueRequired\":true,\"valueName\":\"search_term_string\"}}],\"inLanguage\":\"pt-BR\"}]}<\/script>\n<!-- \/ Yoast SEO plugin. -->","yoast_head_json":{"title":"Game Integrity Policy: Secure and Fair Play","description":"Read how we ensure fair play \ud83c\udfaf Play by the rules with full transparency","robots":{"index":"index","follow":"follow","max-snippet":"max-snippet:-1","max-image-preview":"max-image-preview:large","max-video-preview":"max-video-preview:-1"},"og_locale":"pt_BR","og_type":"article","og_title":"Game Integrity Policy: Secure and Fair Play","og_description":"Read how we ensure fair play \ud83c\udfaf Play by the rules with full transparency","og_url":"https:\/\/pokerplanets1.com\/pt-br\/terms-conditions\/game-integrity-policy\/","og_site_name":"PokerPlanets","article_modified_time":"2025-08-25T14:52:29+00:00","twitter_card":"summary_large_image","twitter_misc":{"Est. tempo de leitura":"6 minutos"},"schema":{"@context":"https:\/\/schema.org","@graph":[{"@type":"WebPage","@id":"https:\/\/pokerplanets1.com\/pt-br\/terms-conditions\/game-integrity-policy\/","url":"https:\/\/pokerplanets1.com\/pt-br\/terms-conditions\/game-integrity-policy\/","name":"Game Integrity Policy: Secure and Fair Play","isPartOf":{"@id":"https:\/\/pokerplanets1.com\/pt-br\/#website"},"datePublished":"2025-01-28T20:10:48+00:00","dateModified":"2025-08-25T14:52:29+00:00","description":"Read how we ensure fair play \ud83c\udfaf Play by the rules with full transparency","breadcrumb":{"@id":"https:\/\/pokerplanets1.com\/pt-br\/terms-conditions\/game-integrity-policy\/#breadcrumb"},"inLanguage":"pt-BR","potentialAction":[{"@type":"ReadAction","target":["https:\/\/pokerplanets1.com\/pt-br\/terms-conditions\/game-integrity-policy\/"]}]},{"@type":"BreadcrumbList","@id":"https:\/\/pokerplanets1.com\/pt-br\/terms-conditions\/game-integrity-policy\/#breadcrumb","itemListElement":[{"@type":"ListItem","position":1,"name":"Home","item":"https:\/\/pokerplanets1.com\/pt-br\/"},{"@type":"ListItem","position":2,"name":"TERMOS E CONDI\u00c7\u00d5ES GERAIS","item":"https:\/\/pokerplanets1.com\/pt-br\/terms-conditions\/"},{"@type":"ListItem","position":3,"name":"Pol\u00edtica de integridade do game"}]},{"@type":"WebSite","@id":"https:\/\/pokerplanets1.com\/pt-br\/#website","url":"https:\/\/pokerplanets1.com\/pt-br\/","name":"PokerPlanets","description":"","potentialAction":[{"@type":"SearchAction","target":{"@type":"EntryPoint","urlTemplate":"https:\/\/pokerplanets1.com\/pt-br\/?s={search_term_string}"},"query-input":{"@type":"PropertyValueSpecification","valueRequired":true,"valueName":"search_term_string"}}],"inLanguage":"pt-BR"}]}},"_links":{"self":[{"href":"https:\/\/pokerplanets1.com\/pt-br\/wp-json\/wp\/v2\/pages\/7581","targetHints":{"allow":["GET"]}}],"collection":[{"href":"https:\/\/pokerplanets1.com\/pt-br\/wp-json\/wp\/v2\/pages"}],"about":[{"href":"https:\/\/pokerplanets1.com\/pt-br\/wp-json\/wp\/v2\/types\/page"}],"author":[{"embeddable":true,"href":"https:\/\/pokerplanets1.com\/pt-br\/wp-json\/wp\/v2\/users\/1"}],"replies":[{"embeddable":true,"href":"https:\/\/pokerplanets1.com\/pt-br\/wp-json\/wp\/v2\/comments?post=7581"}],"version-history":[{"count":3,"href":"https:\/\/pokerplanets1.com\/pt-br\/wp-json\/wp\/v2\/pages\/7581\/revisions"}],"predecessor-version":[{"id":7584,"href":"https:\/\/pokerplanets1.com\/pt-br\/wp-json\/wp\/v2\/pages\/7581\/revisions\/7584"}],"up":[{"embeddable":true,"href":"https:\/\/pokerplanets1.com\/pt-br\/wp-json\/wp\/v2\/pages\/7071"}],"wp:attachment":[{"href":"https:\/\/pokerplanets1.com\/pt-br\/wp-json\/wp\/v2\/media?parent=7581"}],"curies":[{"name":"wp","href":"https:\/\/api.w.org\/{rel}","templated":true}]}}