{"id":8603,"date":"2025-10-27T14:14:07","date_gmt":"2025-10-27T11:14:07","guid":{"rendered":"https:\/\/pokerplanets1.com\/promotions\/bountality-saturday\/"},"modified":"2026-01-27T16:17:38","modified_gmt":"2026-01-27T13:17:38","slug":"bountality-saturday","status":"publish","type":"page","link":"https:\/\/pokerplanets1.com\/pt-br\/promotions\/bountality-saturday\/","title":{"rendered":"Bountality Saturday"},"content":{"rendered":"<p style=\"text-align: center;\"><span style=\"font-size: 14pt;\"><strong>Que a batalha ao estilo Mortal Kombat continue \u2014 com novas regras!<\/strong><\/span><\/p>\r\n<p><span style=\"font-size: 10pt;\"><span style=\"font-weight: 400;\">No torneio semanal <\/span><b>100% Bountality Sirius<\/b><span style=\"font-weight: 400;\">, agora voc\u00ea pode ganhar at\u00e9 <\/span><b>US$10 extras<\/b><span style=\"font-weight: 400;\"> por eliminar oponentes. <\/span><span style=\"font-weight: 400;\"> De janeiro, elimine <\/span><b>tres oponentes <\/b><span style=\"font-weight: 400;\">para ganhar<strong> $5<\/strong>, e<strong> cinco ou mais para receber $10<\/strong>!<\/span><\/span><\/p>\r\n<p><span style=\"font-size: 10pt;\"><b>Informa\u00e7\u00f5es do torneio:<\/b><\/span><\/p>\r\n<p><span style=\"font-size: 10pt;\"><b>Nome: 100% Bountality Sirius<\/b><b><br \/>\r\n<\/b><b>In\u00edcio: todo s\u00e1bado \u00e0s 20:15 (MSK)<\/b><span style=\"font-weight: 400;\"><br \/>\r\n<\/span><b>Buy-in:<\/b><span style=\"font-weight: 400;\"> $11<\/span><span style=\"font-weight: 400;\"><br \/>\r\n<\/span><b>Garantia:<\/b><span style=\"font-weight: 400;\"> $1 000<\/span><\/span><\/p>\r\n<p><span style=\"font-size: 10pt;\"><span style=\"font-weight: 400;\">E claro, recompensa extra por elimina\u00e7\u00f5es da PokerPlanets: <\/span><b>3 ou 4 elimina\u00e7\u00f5es = $5, 5 elimina\u00e7\u00f5es = $10.<\/b><\/span><\/p>\r\n<p><em><span style=\"font-weight: 400; font-size: 10pt;\">O b\u00f4nus ser\u00e1 creditado uma \u00fanica vez dentro de 24 horas ap\u00f3s o fim do torneio.<\/span><\/em><\/p>\r\n<p style=\"text-align: center;\"><strong><span style=\"font-size: 10pt;\">Aproveite ao m\u00e1ximo cada confronto de s\u00e1bado \u2014 at\u00e9 $10 extras por elimina\u00e7\u00f5es!<\/span><\/strong><\/p>\r\n<p style=\"text-align: center;\"><div id=\"detectButton5\" style=\"margin: 0 auto; text-align: center;\"><button class=\"button  button--red\" type=\"button\"><svg class=\"svg\">\r\n              <use xlink:href=\"\/wp-content\/uploads\/2024\/12\/sprite.svg#lock\"><\/use>\r\n             <\/svg>  BAIXAR O POKERPLANETS <\/button><\/div>\r\n<p>&nbsp;<\/p>","protected":false},"excerpt":{"rendered":"<p>Que a batalha ao estilo Mortal Kombat continue \u2014 com novas regras! No torneio semanal 100% Bountality Sirius, agora voc\u00ea pode ganhar at\u00e9 US$10 extras por eliminar oponentes. De janeiro, elimine tres oponentes para ganhar $5, e cinco ou mais para receber $10! Informa\u00e7\u00f5es do torneio: Nome: 100% Bountality Sirius In\u00edcio: todo s\u00e1bado \u00e0s 20:15 [&hellip;]<\/p>\n","protected":false},"author":1,"featured_media":0,"parent":7185,"menu_order":0,"comment_status":"closed","ping_status":"closed","template":"page-faq-nosidebar-promo.php","meta":{"_acf_changed":false,"inline_featured_image":false,"footnotes":""},"class_list":["post-8603","page","type-page","status-publish","hentry"],"acf":[],"yoast_head":"<!-- This site is optimized with the Yoast SEO plugin v24.4 - https:\/\/yoast.com\/wordpress\/plugins\/seo\/ -->\n<title>Bountality Saturday - PokerPlanets<\/title>\n<meta name=\"robots\" content=\"index, follow, max-snippet:-1, max-image-preview:large, max-video-preview:-1\" \/>\n<meta property=\"og:locale\" content=\"pt_BR\" \/>\n<meta property=\"og:type\" content=\"article\" \/>\n<meta property=\"og:title\" content=\"Bountality Saturday - PokerPlanets\" \/>\n<meta property=\"og:description\" content=\"Que a batalha ao estilo Mortal Kombat continue \u2014 com novas regras! No torneio semanal 100% Bountality Sirius, agora voc\u00ea pode ganhar at\u00e9 US$10 extras por eliminar oponentes. De janeiro, elimine tres oponentes para ganhar $5, e cinco ou mais para receber $10! Informa\u00e7\u00f5es do torneio: Nome: 100% Bountality Sirius In\u00edcio: todo s\u00e1bado \u00e0s 20:15 [&hellip;]\" \/>\n<meta property=\"og:url\" content=\"https:\/\/pokerplanets1.com\/pt-br\/promotions\/bountality-saturday\/\" \/>\n<meta property=\"og:site_name\" content=\"PokerPlanets\" \/>\n<meta property=\"article:modified_time\" content=\"2026-01-27T13:17:38+00:00\" \/>\n<meta name=\"twitter:card\" content=\"summary_large_image\" \/>\n<meta name=\"twitter:label1\" content=\"Est. tempo de leitura\" \/>\n\t<meta name=\"twitter:data1\" content=\"1 minuto\" \/>\n<script type=\"application\/ld+json\" class=\"yoast-schema-graph\">{\"@context\":\"https:\/\/schema.org\",\"@graph\":[{\"@type\":\"WebPage\",\"@id\":\"https:\/\/pokerplanets1.com\/pt-br\/promotions\/bountality-saturday\/\",\"url\":\"https:\/\/pokerplanets1.com\/pt-br\/promotions\/bountality-saturday\/\",\"name\":\"Bountality Saturday - PokerPlanets\",\"isPartOf\":{\"@id\":\"https:\/\/pokerplanets1.com\/pt-br\/#website\"},\"datePublished\":\"2025-10-27T11:14:07+00:00\",\"dateModified\":\"2026-01-27T13:17:38+00:00\",\"breadcrumb\":{\"@id\":\"https:\/\/pokerplanets1.com\/pt-br\/promotions\/bountality-saturday\/#breadcrumb\"},\"inLanguage\":\"pt-BR\",\"potentialAction\":[{\"@type\":\"ReadAction\",\"target\":[\"https:\/\/pokerplanets1.com\/pt-br\/promotions\/bountality-saturday\/\"]}]},{\"@type\":\"BreadcrumbList\",\"@id\":\"https:\/\/pokerplanets1.com\/pt-br\/promotions\/bountality-saturday\/#breadcrumb\",\"itemListElement\":[{\"@type\":\"ListItem\",\"position\":1,\"name\":\"Home\",\"item\":\"https:\/\/pokerplanets1.com\/pt-br\/\"},{\"@type\":\"ListItem\",\"position\":2,\"name\":\"Promo\u00e7\u00f5es\",\"item\":\"https:\/\/pokerplanets1.com\/pt-br\/promotions\/\"},{\"@type\":\"ListItem\",\"position\":3,\"name\":\"Bountality Saturday\"}]},{\"@type\":\"WebSite\",\"@id\":\"https:\/\/pokerplanets1.com\/pt-br\/#website\",\"url\":\"https:\/\/pokerplanets1.com\/pt-br\/\",\"name\":\"PokerPlanets\",\"description\":\"\",\"potentialAction\":[{\"@type\":\"SearchAction\",\"target\":{\"@type\":\"EntryPoint\",\"urlTemplate\":\"https:\/\/pokerplanets1.com\/pt-br\/?s={search_term_string}\"},\"query-input\":{\"@type\":\"PropertyValueSpecification\",\"valueRequired\":true,\"valueName\":\"search_term_string\"}}],\"inLanguage\":\"pt-BR\"}]}<\/script>\n<!-- \/ Yoast SEO plugin. -->","yoast_head_json":{"title":"Bountality Saturday - PokerPlanets","robots":{"index":"index","follow":"follow","max-snippet":"max-snippet:-1","max-image-preview":"max-image-preview:large","max-video-preview":"max-video-preview:-1"},"og_locale":"pt_BR","og_type":"article","og_title":"Bountality Saturday - PokerPlanets","og_description":"Que a batalha ao estilo Mortal Kombat continue \u2014 com novas regras! No torneio semanal 100% Bountality Sirius, agora voc\u00ea pode ganhar at\u00e9 US$10 extras por eliminar oponentes. De janeiro, elimine tres oponentes para ganhar $5, e cinco ou mais para receber $10! Informa\u00e7\u00f5es do torneio: Nome: 100% Bountality Sirius In\u00edcio: todo s\u00e1bado \u00e0s 20:15 [&hellip;]","og_url":"https:\/\/pokerplanets1.com\/pt-br\/promotions\/bountality-saturday\/","og_site_name":"PokerPlanets","article_modified_time":"2026-01-27T13:17:38+00:00","twitter_card":"summary_large_image","twitter_misc":{"Est. tempo de leitura":"1 minuto"},"schema":{"@context":"https:\/\/schema.org","@graph":[{"@type":"WebPage","@id":"https:\/\/pokerplanets1.com\/pt-br\/promotions\/bountality-saturday\/","url":"https:\/\/pokerplanets1.com\/pt-br\/promotions\/bountality-saturday\/","name":"Bountality Saturday - PokerPlanets","isPartOf":{"@id":"https:\/\/pokerplanets1.com\/pt-br\/#website"},"datePublished":"2025-10-27T11:14:07+00:00","dateModified":"2026-01-27T13:17:38+00:00","breadcrumb":{"@id":"https:\/\/pokerplanets1.com\/pt-br\/promotions\/bountality-saturday\/#breadcrumb"},"inLanguage":"pt-BR","potentialAction":[{"@type":"ReadAction","target":["https:\/\/pokerplanets1.com\/pt-br\/promotions\/bountality-saturday\/"]}]},{"@type":"BreadcrumbList","@id":"https:\/\/pokerplanets1.com\/pt-br\/promotions\/bountality-saturday\/#breadcrumb","itemListElement":[{"@type":"ListItem","position":1,"name":"Home","item":"https:\/\/pokerplanets1.com\/pt-br\/"},{"@type":"ListItem","position":2,"name":"Promo\u00e7\u00f5es","item":"https:\/\/pokerplanets1.com\/pt-br\/promotions\/"},{"@type":"ListItem","position":3,"name":"Bountality Saturday"}]},{"@type":"WebSite","@id":"https:\/\/pokerplanets1.com\/pt-br\/#website","url":"https:\/\/pokerplanets1.com\/pt-br\/","name":"PokerPlanets","description":"","potentialAction":[{"@type":"SearchAction","target":{"@type":"EntryPoint","urlTemplate":"https:\/\/pokerplanets1.com\/pt-br\/?s={search_term_string}"},"query-input":{"@type":"PropertyValueSpecification","valueRequired":true,"valueName":"search_term_string"}}],"inLanguage":"pt-BR"}]}},"_links":{"self":[{"href":"https:\/\/pokerplanets1.com\/pt-br\/wp-json\/wp\/v2\/pages\/8603","targetHints":{"allow":["GET"]}}],"collection":[{"href":"https:\/\/pokerplanets1.com\/pt-br\/wp-json\/wp\/v2\/pages"}],"about":[{"href":"https:\/\/pokerplanets1.com\/pt-br\/wp-json\/wp\/v2\/types\/page"}],"author":[{"embeddable":true,"href":"https:\/\/pokerplanets1.com\/pt-br\/wp-json\/wp\/v2\/users\/1"}],"replies":[{"embeddable":true,"href":"https:\/\/pokerplanets1.com\/pt-br\/wp-json\/wp\/v2\/comments?post=8603"}],"version-history":[{"count":7,"href":"https:\/\/pokerplanets1.com\/pt-br\/wp-json\/wp\/v2\/pages\/8603\/revisions"}],"predecessor-version":[{"id":10736,"href":"https:\/\/pokerplanets1.com\/pt-br\/wp-json\/wp\/v2\/pages\/8603\/revisions\/10736"}],"up":[{"embeddable":true,"href":"https:\/\/pokerplanets1.com\/pt-br\/wp-json\/wp\/v2\/pages\/7185"}],"wp:attachment":[{"href":"https:\/\/pokerplanets1.com\/pt-br\/wp-json\/wp\/v2\/media?parent=8603"}],"curies":[{"name":"wp","href":"https:\/\/api.w.org\/{rel}","templated":true}]}}