{"id":8975,"date":"2025-11-05T15:42:17","date_gmt":"2025-11-05T12:42:17","guid":{"rendered":"https:\/\/pokerplanets1.com\/promotions\/early-bird\/"},"modified":"2025-11-07T23:37:58","modified_gmt":"2025-11-07T20:37:58","slug":"early-bird","status":"publish","type":"page","link":"https:\/\/pokerplanets1.com\/pt-br\/promotions\/early-bird\/","title":{"rendered":"Early Bird"},"content":{"rendered":"<p style=\"text-align: center;\"><span style=\"font-size: 14pt;\"><strong>Early Bird \u2014 a sua vantagem desde as primeiras m\u00e3os!<\/strong><\/span><\/p>\r\n<p><span style=\"font-size: 10pt;\">Registe-se no torneio antes do in\u00edcio e receba <strong>+10%<\/strong> no seu stack inicial. Mais fichas significam mais hip\u00f3teses de vencer os seus advers\u00e1rios desde os primeiros minutos.<\/span><\/p>\r\n<p><span style=\"font-size: 10pt;\">Se o torneio estiver marcado com o estado <strong>\u201cRegisto\u201d<\/strong> a verde, ainda vai a tempo de aproveitar o benef\u00edcio do <strong>Early Bird<\/strong>.<\/span><\/p>\r\n<p><span style=\"font-size: 10pt;\"><em>O <strong>Early Bird<\/strong> est\u00e1 dispon\u00edvel em todos os torneios, exceto nos freerolls.<\/em><\/span><\/p>\r\n<p style=\"text-align: center;\"><span style=\"font-size: 10pt;\"><strong>Registe-se com anteced\u00eancia e receba <strong>+10%<\/strong> no seu stack inicial!<\/strong><\/span><\/p>\r\n<div style=\"margin: 0 auto; text-align: center;\"><div id=\"detectButton5\" style=\"margin: 0 auto; text-align: center;\"><button class=\"button  button--red\" type=\"button\"><svg class=\"svg\">\r\n              <use xlink:href=\"\/wp-content\/uploads\/2024\/12\/sprite.svg#lock\"><\/use>\r\n             <\/svg>  BAIXAR O POKERPLANETS <\/button><\/div><\/div>\r\n<p>&nbsp;<\/p>","protected":false},"excerpt":{"rendered":"<p>Early Bird \u2014 a sua vantagem desde as primeiras m\u00e3os! Registe-se no torneio antes do in\u00edcio e receba +10% no seu stack inicial. Mais fichas significam mais hip\u00f3teses de vencer os seus advers\u00e1rios desde os primeiros minutos. Se o torneio estiver marcado com o estado \u201cRegisto\u201d a verde, ainda vai a tempo de aproveitar o [&hellip;]<\/p>\n","protected":false},"author":1,"featured_media":0,"parent":7185,"menu_order":0,"comment_status":"closed","ping_status":"closed","template":"page-faq-nosidebar-promo.php","meta":{"_acf_changed":false,"inline_featured_image":false,"footnotes":""},"class_list":["post-8975","page","type-page","status-publish","hentry"],"acf":[],"yoast_head":"<!-- This site is optimized with the Yoast SEO plugin v24.4 - https:\/\/yoast.com\/wordpress\/plugins\/seo\/ -->\n<title>Early Bird - PokerPlanets<\/title>\n<meta name=\"robots\" content=\"index, follow, max-snippet:-1, max-image-preview:large, max-video-preview:-1\" \/>\n<meta property=\"og:locale\" content=\"pt_BR\" \/>\n<meta property=\"og:type\" content=\"article\" \/>\n<meta property=\"og:title\" content=\"Early Bird - PokerPlanets\" \/>\n<meta property=\"og:description\" content=\"Early Bird \u2014 a sua vantagem desde as primeiras m\u00e3os! Registe-se no torneio antes do in\u00edcio e receba +10% no seu stack inicial. Mais fichas significam mais hip\u00f3teses de vencer os seus advers\u00e1rios desde os primeiros minutos. Se o torneio estiver marcado com o estado \u201cRegisto\u201d a verde, ainda vai a tempo de aproveitar o [&hellip;]\" \/>\n<meta property=\"og:url\" content=\"https:\/\/pokerplanets1.com\/pt-br\/promotions\/early-bird\/\" \/>\n<meta property=\"og:site_name\" content=\"PokerPlanets\" \/>\n<meta property=\"article:modified_time\" content=\"2025-11-07T20:37:58+00:00\" \/>\n<meta name=\"twitter:card\" content=\"summary_large_image\" \/>\n<meta name=\"twitter:label1\" content=\"Est. tempo de leitura\" \/>\n\t<meta name=\"twitter:data1\" content=\"1 minuto\" \/>\n<script type=\"application\/ld+json\" class=\"yoast-schema-graph\">{\"@context\":\"https:\/\/schema.org\",\"@graph\":[{\"@type\":\"WebPage\",\"@id\":\"https:\/\/pokerplanets1.com\/pt-br\/promotions\/early-bird\/\",\"url\":\"https:\/\/pokerplanets1.com\/pt-br\/promotions\/early-bird\/\",\"name\":\"Early Bird - PokerPlanets\",\"isPartOf\":{\"@id\":\"https:\/\/pokerplanets1.com\/pt-br\/#website\"},\"datePublished\":\"2025-11-05T12:42:17+00:00\",\"dateModified\":\"2025-11-07T20:37:58+00:00\",\"breadcrumb\":{\"@id\":\"https:\/\/pokerplanets1.com\/pt-br\/promotions\/early-bird\/#breadcrumb\"},\"inLanguage\":\"pt-BR\",\"potentialAction\":[{\"@type\":\"ReadAction\",\"target\":[\"https:\/\/pokerplanets1.com\/pt-br\/promotions\/early-bird\/\"]}]},{\"@type\":\"BreadcrumbList\",\"@id\":\"https:\/\/pokerplanets1.com\/pt-br\/promotions\/early-bird\/#breadcrumb\",\"itemListElement\":[{\"@type\":\"ListItem\",\"position\":1,\"name\":\"Home\",\"item\":\"https:\/\/pokerplanets1.com\/pt-br\/\"},{\"@type\":\"ListItem\",\"position\":2,\"name\":\"Promo\u00e7\u00f5es\",\"item\":\"https:\/\/pokerplanets1.com\/pt-br\/promotions\/\"},{\"@type\":\"ListItem\",\"position\":3,\"name\":\"Early Bird\"}]},{\"@type\":\"WebSite\",\"@id\":\"https:\/\/pokerplanets1.com\/pt-br\/#website\",\"url\":\"https:\/\/pokerplanets1.com\/pt-br\/\",\"name\":\"PokerPlanets\",\"description\":\"\",\"potentialAction\":[{\"@type\":\"SearchAction\",\"target\":{\"@type\":\"EntryPoint\",\"urlTemplate\":\"https:\/\/pokerplanets1.com\/pt-br\/?s={search_term_string}\"},\"query-input\":{\"@type\":\"PropertyValueSpecification\",\"valueRequired\":true,\"valueName\":\"search_term_string\"}}],\"inLanguage\":\"pt-BR\"}]}<\/script>\n<!-- \/ Yoast SEO plugin. -->","yoast_head_json":{"title":"Early Bird - PokerPlanets","robots":{"index":"index","follow":"follow","max-snippet":"max-snippet:-1","max-image-preview":"max-image-preview:large","max-video-preview":"max-video-preview:-1"},"og_locale":"pt_BR","og_type":"article","og_title":"Early Bird - PokerPlanets","og_description":"Early Bird \u2014 a sua vantagem desde as primeiras m\u00e3os! Registe-se no torneio antes do in\u00edcio e receba +10% no seu stack inicial. Mais fichas significam mais hip\u00f3teses de vencer os seus advers\u00e1rios desde os primeiros minutos. Se o torneio estiver marcado com o estado \u201cRegisto\u201d a verde, ainda vai a tempo de aproveitar o [&hellip;]","og_url":"https:\/\/pokerplanets1.com\/pt-br\/promotions\/early-bird\/","og_site_name":"PokerPlanets","article_modified_time":"2025-11-07T20:37:58+00:00","twitter_card":"summary_large_image","twitter_misc":{"Est. tempo de leitura":"1 minuto"},"schema":{"@context":"https:\/\/schema.org","@graph":[{"@type":"WebPage","@id":"https:\/\/pokerplanets1.com\/pt-br\/promotions\/early-bird\/","url":"https:\/\/pokerplanets1.com\/pt-br\/promotions\/early-bird\/","name":"Early Bird - PokerPlanets","isPartOf":{"@id":"https:\/\/pokerplanets1.com\/pt-br\/#website"},"datePublished":"2025-11-05T12:42:17+00:00","dateModified":"2025-11-07T20:37:58+00:00","breadcrumb":{"@id":"https:\/\/pokerplanets1.com\/pt-br\/promotions\/early-bird\/#breadcrumb"},"inLanguage":"pt-BR","potentialAction":[{"@type":"ReadAction","target":["https:\/\/pokerplanets1.com\/pt-br\/promotions\/early-bird\/"]}]},{"@type":"BreadcrumbList","@id":"https:\/\/pokerplanets1.com\/pt-br\/promotions\/early-bird\/#breadcrumb","itemListElement":[{"@type":"ListItem","position":1,"name":"Home","item":"https:\/\/pokerplanets1.com\/pt-br\/"},{"@type":"ListItem","position":2,"name":"Promo\u00e7\u00f5es","item":"https:\/\/pokerplanets1.com\/pt-br\/promotions\/"},{"@type":"ListItem","position":3,"name":"Early Bird"}]},{"@type":"WebSite","@id":"https:\/\/pokerplanets1.com\/pt-br\/#website","url":"https:\/\/pokerplanets1.com\/pt-br\/","name":"PokerPlanets","description":"","potentialAction":[{"@type":"SearchAction","target":{"@type":"EntryPoint","urlTemplate":"https:\/\/pokerplanets1.com\/pt-br\/?s={search_term_string}"},"query-input":{"@type":"PropertyValueSpecification","valueRequired":true,"valueName":"search_term_string"}}],"inLanguage":"pt-BR"}]}},"_links":{"self":[{"href":"https:\/\/pokerplanets1.com\/pt-br\/wp-json\/wp\/v2\/pages\/8975","targetHints":{"allow":["GET"]}}],"collection":[{"href":"https:\/\/pokerplanets1.com\/pt-br\/wp-json\/wp\/v2\/pages"}],"about":[{"href":"https:\/\/pokerplanets1.com\/pt-br\/wp-json\/wp\/v2\/types\/page"}],"author":[{"embeddable":true,"href":"https:\/\/pokerplanets1.com\/pt-br\/wp-json\/wp\/v2\/users\/1"}],"replies":[{"embeddable":true,"href":"https:\/\/pokerplanets1.com\/pt-br\/wp-json\/wp\/v2\/comments?post=8975"}],"version-history":[{"count":3,"href":"https:\/\/pokerplanets1.com\/pt-br\/wp-json\/wp\/v2\/pages\/8975\/revisions"}],"predecessor-version":[{"id":9077,"href":"https:\/\/pokerplanets1.com\/pt-br\/wp-json\/wp\/v2\/pages\/8975\/revisions\/9077"}],"up":[{"embeddable":true,"href":"https:\/\/pokerplanets1.com\/pt-br\/wp-json\/wp\/v2\/pages\/7185"}],"wp:attachment":[{"href":"https:\/\/pokerplanets1.com\/pt-br\/wp-json\/wp\/v2\/media?parent=8975"}],"curies":[{"name":"wp","href":"https:\/\/api.w.org\/{rel}","templated":true}]}}