{"id":9940,"date":"2025-12-12T17:23:59","date_gmt":"2025-12-12T14:23:59","guid":{"rendered":"https:\/\/pokerplanets1.com\/promotions\/the-secret-combo-deposit\/"},"modified":"2025-12-12T17:26:42","modified_gmt":"2025-12-12T14:26:42","slug":"the-secret-combo-deposit","status":"publish","type":"page","link":"https:\/\/pokerplanets1.com\/pt-br\/promotions\/the-secret-combo-deposit\/","title":{"rendered":"Combo Secreto de Dep\u00f3sito"},"content":{"rendered":"<p style=\"text-align: center;\"><span style=\"font-size: 14pt;\"><strong>O Combo Secreto de Dep\u00f3sito est\u00e1 de volta \u2014 agora no estilo congelante do Sub-Zero!<\/strong><\/span><\/p>\r\n<p><span style=\"font-size: 10pt;\"><strong>De 12 a 14 de dezembro<\/strong>, seus dep\u00f3sitos se transformam em uma sequ\u00eancia de golpes precisos \u2014 cada um atinge o alvo e rende ingressos para os torneios do <strong>Sub-Zero Weekend.<\/strong><\/span><\/p>\r\n<p><span style=\"font-size: 10pt;\"><strong>Quatro n\u00edveis \u2014 quatro golpes:<\/strong><\/span><\/p>\r\n<ul>\r\n\t<li><span style=\"font-size: 10pt;\">Dep\u00f3sito de <strong>$30<\/strong> \u2014 ganha um ingresso de <strong>$5.5.<\/strong><\/span><\/li>\r\n\t<li><span style=\"font-size: 10pt;\">Dep\u00f3sito de <strong>$100<\/strong> \u2014 ganha um ingresso de <strong>$5.5<\/strong> + um de <strong>$11.<\/strong><\/span><\/li>\r\n\t<li><span style=\"font-size: 10pt;\">Dep\u00f3sito de <strong>$150<\/strong> \u2014 ganha <strong>dois ingressos de $11.<\/strong><\/span><\/li>\r\n\t<li><span style=\"font-size: 10pt;\">Dep\u00f3sito de <strong>$250<\/strong> \u2014 ganha um ingresso de <strong>$25.<\/strong><\/span><\/li>\r\n<\/ul>\r\n<p><span style=\"font-size: 10pt;\"><strong>Importante: <\/strong>cada ticket se puede reclamar solo una vez. Los dep\u00f3sitos repetidos en el mismo rango no otorgan tickets adicionales. Los tickets son v\u00e1lidos hasta el 14 de diciembre de 2025.<\/span><\/p>\r\n<p><span style=\"font-size: 10pt;\">Quer tudo? Fa\u00e7a os quatro dep\u00f3sitos e ative o combo completo \u2014 at\u00e9 <strong>$69 em ingressos<\/strong>!<\/span><\/p>\r\n<div style=\"margin: 0 auto; text-align: center;\"><div id=\"detectButton5\" style=\"margin: 0 auto; text-align: center;\"><button class=\"button  button--red\" type=\"button\"><svg class=\"svg\">\r\n              <use xlink:href=\"\/wp-content\/uploads\/2024\/12\/sprite.svg#lock\"><\/use>\r\n             <\/svg>  BAIXAR O POKERPLANETS <\/button><\/div><\/div>\r\n<p>&nbsp;<\/p>","protected":false},"excerpt":{"rendered":"<p>O Combo Secreto de Dep\u00f3sito est\u00e1 de volta \u2014 agora no estilo congelante do Sub-Zero! De 12 a 14 de dezembro, seus dep\u00f3sitos se transformam em uma sequ\u00eancia de golpes precisos \u2014 cada um atinge o alvo e rende ingressos para os torneios do Sub-Zero Weekend. Quatro n\u00edveis \u2014 quatro golpes: Dep\u00f3sito de $30 \u2014 [&hellip;]<\/p>\n","protected":false},"author":1,"featured_media":0,"parent":7185,"menu_order":0,"comment_status":"closed","ping_status":"closed","template":"page-faq-nosidebar-promo.php","meta":{"_acf_changed":false,"inline_featured_image":false,"footnotes":""},"class_list":["post-9940","page","type-page","status-publish","hentry"],"acf":[],"yoast_head":"<!-- This site is optimized with the Yoast SEO plugin v24.4 - https:\/\/yoast.com\/wordpress\/plugins\/seo\/ -->\n<title>Combo Secreto de Dep\u00f3sito - PokerPlanets<\/title>\n<meta name=\"robots\" content=\"index, follow, max-snippet:-1, max-image-preview:large, max-video-preview:-1\" \/>\n<meta property=\"og:locale\" content=\"pt_BR\" \/>\n<meta property=\"og:type\" content=\"article\" \/>\n<meta property=\"og:title\" content=\"Combo Secreto de Dep\u00f3sito - PokerPlanets\" \/>\n<meta property=\"og:description\" content=\"O Combo Secreto de Dep\u00f3sito est\u00e1 de volta \u2014 agora no estilo congelante do Sub-Zero! De 12 a 14 de dezembro, seus dep\u00f3sitos se transformam em uma sequ\u00eancia de golpes precisos \u2014 cada um atinge o alvo e rende ingressos para os torneios do Sub-Zero Weekend. Quatro n\u00edveis \u2014 quatro golpes: Dep\u00f3sito de $30 \u2014 [&hellip;]\" \/>\n<meta property=\"og:url\" content=\"https:\/\/pokerplanets1.com\/pt-br\/promotions\/the-secret-combo-deposit\/\" \/>\n<meta property=\"og:site_name\" content=\"PokerPlanets\" \/>\n<meta property=\"article:modified_time\" content=\"2025-12-12T14:26:42+00:00\" \/>\n<meta name=\"twitter:card\" content=\"summary_large_image\" \/>\n<meta name=\"twitter:label1\" content=\"Est. tempo de leitura\" \/>\n\t<meta name=\"twitter:data1\" content=\"1 minuto\" \/>\n<script type=\"application\/ld+json\" class=\"yoast-schema-graph\">{\"@context\":\"https:\/\/schema.org\",\"@graph\":[{\"@type\":\"WebPage\",\"@id\":\"https:\/\/pokerplanets1.com\/pt-br\/promotions\/the-secret-combo-deposit\/\",\"url\":\"https:\/\/pokerplanets1.com\/pt-br\/promotions\/the-secret-combo-deposit\/\",\"name\":\"Combo Secreto de Dep\u00f3sito - PokerPlanets\",\"isPartOf\":{\"@id\":\"https:\/\/pokerplanets1.com\/pt-br\/#website\"},\"datePublished\":\"2025-12-12T14:23:59+00:00\",\"dateModified\":\"2025-12-12T14:26:42+00:00\",\"breadcrumb\":{\"@id\":\"https:\/\/pokerplanets1.com\/pt-br\/promotions\/the-secret-combo-deposit\/#breadcrumb\"},\"inLanguage\":\"pt-BR\",\"potentialAction\":[{\"@type\":\"ReadAction\",\"target\":[\"https:\/\/pokerplanets1.com\/pt-br\/promotions\/the-secret-combo-deposit\/\"]}]},{\"@type\":\"BreadcrumbList\",\"@id\":\"https:\/\/pokerplanets1.com\/pt-br\/promotions\/the-secret-combo-deposit\/#breadcrumb\",\"itemListElement\":[{\"@type\":\"ListItem\",\"position\":1,\"name\":\"Home\",\"item\":\"https:\/\/pokerplanets1.com\/pt-br\/\"},{\"@type\":\"ListItem\",\"position\":2,\"name\":\"Promo\u00e7\u00f5es\",\"item\":\"https:\/\/pokerplanets1.com\/pt-br\/promotions\/\"},{\"@type\":\"ListItem\",\"position\":3,\"name\":\"Combo Secreto de Dep\u00f3sito\"}]},{\"@type\":\"WebSite\",\"@id\":\"https:\/\/pokerplanets1.com\/pt-br\/#website\",\"url\":\"https:\/\/pokerplanets1.com\/pt-br\/\",\"name\":\"PokerPlanets\",\"description\":\"\",\"potentialAction\":[{\"@type\":\"SearchAction\",\"target\":{\"@type\":\"EntryPoint\",\"urlTemplate\":\"https:\/\/pokerplanets1.com\/pt-br\/?s={search_term_string}\"},\"query-input\":{\"@type\":\"PropertyValueSpecification\",\"valueRequired\":true,\"valueName\":\"search_term_string\"}}],\"inLanguage\":\"pt-BR\"}]}<\/script>\n<!-- \/ Yoast SEO plugin. -->","yoast_head_json":{"title":"Combo Secreto de Dep\u00f3sito - PokerPlanets","robots":{"index":"index","follow":"follow","max-snippet":"max-snippet:-1","max-image-preview":"max-image-preview:large","max-video-preview":"max-video-preview:-1"},"og_locale":"pt_BR","og_type":"article","og_title":"Combo Secreto de Dep\u00f3sito - PokerPlanets","og_description":"O Combo Secreto de Dep\u00f3sito est\u00e1 de volta \u2014 agora no estilo congelante do Sub-Zero! De 12 a 14 de dezembro, seus dep\u00f3sitos se transformam em uma sequ\u00eancia de golpes precisos \u2014 cada um atinge o alvo e rende ingressos para os torneios do Sub-Zero Weekend. Quatro n\u00edveis \u2014 quatro golpes: Dep\u00f3sito de $30 \u2014 [&hellip;]","og_url":"https:\/\/pokerplanets1.com\/pt-br\/promotions\/the-secret-combo-deposit\/","og_site_name":"PokerPlanets","article_modified_time":"2025-12-12T14:26:42+00:00","twitter_card":"summary_large_image","twitter_misc":{"Est. tempo de leitura":"1 minuto"},"schema":{"@context":"https:\/\/schema.org","@graph":[{"@type":"WebPage","@id":"https:\/\/pokerplanets1.com\/pt-br\/promotions\/the-secret-combo-deposit\/","url":"https:\/\/pokerplanets1.com\/pt-br\/promotions\/the-secret-combo-deposit\/","name":"Combo Secreto de Dep\u00f3sito - PokerPlanets","isPartOf":{"@id":"https:\/\/pokerplanets1.com\/pt-br\/#website"},"datePublished":"2025-12-12T14:23:59+00:00","dateModified":"2025-12-12T14:26:42+00:00","breadcrumb":{"@id":"https:\/\/pokerplanets1.com\/pt-br\/promotions\/the-secret-combo-deposit\/#breadcrumb"},"inLanguage":"pt-BR","potentialAction":[{"@type":"ReadAction","target":["https:\/\/pokerplanets1.com\/pt-br\/promotions\/the-secret-combo-deposit\/"]}]},{"@type":"BreadcrumbList","@id":"https:\/\/pokerplanets1.com\/pt-br\/promotions\/the-secret-combo-deposit\/#breadcrumb","itemListElement":[{"@type":"ListItem","position":1,"name":"Home","item":"https:\/\/pokerplanets1.com\/pt-br\/"},{"@type":"ListItem","position":2,"name":"Promo\u00e7\u00f5es","item":"https:\/\/pokerplanets1.com\/pt-br\/promotions\/"},{"@type":"ListItem","position":3,"name":"Combo Secreto de Dep\u00f3sito"}]},{"@type":"WebSite","@id":"https:\/\/pokerplanets1.com\/pt-br\/#website","url":"https:\/\/pokerplanets1.com\/pt-br\/","name":"PokerPlanets","description":"","potentialAction":[{"@type":"SearchAction","target":{"@type":"EntryPoint","urlTemplate":"https:\/\/pokerplanets1.com\/pt-br\/?s={search_term_string}"},"query-input":{"@type":"PropertyValueSpecification","valueRequired":true,"valueName":"search_term_string"}}],"inLanguage":"pt-BR"}]}},"_links":{"self":[{"href":"https:\/\/pokerplanets1.com\/pt-br\/wp-json\/wp\/v2\/pages\/9940","targetHints":{"allow":["GET"]}}],"collection":[{"href":"https:\/\/pokerplanets1.com\/pt-br\/wp-json\/wp\/v2\/pages"}],"about":[{"href":"https:\/\/pokerplanets1.com\/pt-br\/wp-json\/wp\/v2\/types\/page"}],"author":[{"embeddable":true,"href":"https:\/\/pokerplanets1.com\/pt-br\/wp-json\/wp\/v2\/users\/1"}],"replies":[{"embeddable":true,"href":"https:\/\/pokerplanets1.com\/pt-br\/wp-json\/wp\/v2\/comments?post=9940"}],"version-history":[{"count":3,"href":"https:\/\/pokerplanets1.com\/pt-br\/wp-json\/wp\/v2\/pages\/9940\/revisions"}],"predecessor-version":[{"id":9943,"href":"https:\/\/pokerplanets1.com\/pt-br\/wp-json\/wp\/v2\/pages\/9940\/revisions\/9943"}],"up":[{"embeddable":true,"href":"https:\/\/pokerplanets1.com\/pt-br\/wp-json\/wp\/v2\/pages\/7185"}],"wp:attachment":[{"href":"https:\/\/pokerplanets1.com\/pt-br\/wp-json\/wp\/v2\/media?parent=9940"}],"curies":[{"name":"wp","href":"https:\/\/api.w.org\/{rel}","templated":true}]}}